{"id":13312,"date":"2025-06-13T16:40:12","date_gmt":"2025-06-13T14:40:12","guid":{"rendered":"https:\/\/keluvo.com\/se\/product\/riktiga-ansiktsmasker\/"},"modified":"2025-06-13T16:40:24","modified_gmt":"2025-06-13T14:40:24","slug":"riktiga-ansiktsmasker","status":"publish","type":"product","link":"https:\/\/keluvo.com\/se\/product\/riktiga-ansiktsmasker\/","title":{"rendered":"Riktiga ansiktsmasker"},"content":{"rendered":"<p style=\"text-align: center\"><strong>F\u00f6r\u00e4ndra din look p\u00e5 nolltid! V\u00e5ra h\u00f6gkvalitativa, realistiska masker, tillverkade av 100% naturlatex, \u00e4r perfekta f\u00f6r Halloween, maskeradbaler, temafester eller of\u00f6rgl\u00f6mliga uppt\u00e5g med v\u00e4nner.<\/strong><\/p>\n<p><img decoding=\"async\" class=\"size-full wp-image-23569 aligncenter\" src=\"https:\/\/keluvo.com\/template\/wp-content\/uploads\/sites\/5\/2025\/06\/0612-ezgif.com-video-to-gif-converter.gif\" alt=\"\" \/><\/p>\n<p style=\"text-align: center\"><strong>\u2714 F\u00f6rstklassigt Material<\/strong><\/p>\n<p style=\"text-align: center\">H\u00e4r tillverkade av helt flexibel och l\u00e4tt naturlatex, dessa masker lovar h\u00e5llbarhet och komfort.<\/p>\n<p style=\"text-align: center\"><strong>\u2714 Bekv\u00e4m Passform<\/strong><\/p>\n<p style=\"text-align: center\">Designade f\u00f6r att enkelt forma sig efter ditt ansikte, vilket s\u00e4kerst\u00e4ller att du kan b\u00e4ra dem under l\u00e4ngre perioder utan obehag.<\/p>\n<p><img decoding=\"async\" class=\"size-full wp-image-23572 aligncenter\" src=\"https:\/\/keluvo.com\/template\/wp-content\/uploads\/sites\/5\/2025\/06\/1.6.jpg\" alt=\"\" \/><\/p>\n<p style=\"text-align: center\"><strong>\u2714 Otrolig Realism<\/strong><\/p>\n<p style=\"text-align: center\">Med verklighetstrogna hudstrukturer och exakta ansiktsdrag ger dessa masker maximal effekt och \u00f6verraskning.<\/p>\n<p style=\"text-align: center\"><strong>\u2714 Enkel Sk\u00f6tsel<\/strong><\/p>\n<p style=\"text-align: center\">Reng\u00f6ring \u00e4r en barnlek! Tv\u00e4tta bara med mild tv\u00e5l och ljummet vatten, s\u00e5 torkar de snabbt inf\u00f6r n\u00e4sta \u00e4ventyr.<\/p>\n<p><img decoding=\"async\" class=\"size-full wp-image-23571 aligncenter\" src=\"https:\/\/keluvo.com\/template\/wp-content\/uploads\/sites\/5\/2025\/06\/1.4-2.jpg\" alt=\"\" \/><\/p>\n<p style=\"text-align: center\"><strong>\u2714 Of\u00f6rgl\u00f6mligt Kul<\/strong><\/p>\n<p style=\"text-align: center\">Oavsett om du vill bl\u00e4nda dina v\u00e4nner, underh\u00e5lla din familj eller stj\u00e4la showen p\u00e5 en fest, garanterar dessa masker en minnesv\u00e4rd upplevelse.<\/p>\n<p style=\"text-align: center\"><strong>\u2714 M\u00e5ngsidiga och Bekv\u00e4ma<\/strong><\/p>\n<p style=\"text-align: center\">Tack vare det mjuka, stretchiga materialet passar dessa masker alla ansiktsformer utan behov av justeringar. De kommer inte att kl\u00e4mma eller irritera, vilket g\u00f6r dem perfekta f\u00f6r hela dagen.<\/p>\n<p><img decoding=\"async\" class=\"size-full wp-image-23570 aligncenter\" src=\"https:\/\/keluvo.com\/template\/wp-content\/uploads\/sites\/5\/2025\/06\/0-02-05-55028bfabe31d4d3710d542afdb1b83bd83d7e78e8fd0b78182570c0a7fd90a6_ae02bbb0d5b70368.jpg\" alt=\"\" \/><\/p>\n<p style=\"text-align: center\"><strong>\u2714 Autentiska Reaktioner<\/strong><\/p>\n<p style=\"text-align: center\">V\u00e4nta dig spontana reaktioner som \u00f6verraskning, skratt och till och med lite f\u00f6rvirring! Dessa masker \u00e4r perfekta f\u00f6r fester, uppt\u00e5g och sociala medier &#8211; vart du \u00e4n g\u00e5r kommer du att vara i fokus.<\/p>\n<p style=\"text-align: center\"><strong>\u2714 Imponerande Hantverk<\/strong><\/p>\n<p style=\"text-align: center\">Varje mask \u00e4r noggrant utformad med uppm\u00e4rksamhet p\u00e5 detaljer, fr\u00e5n realistiska hudtexturer till invecklade rynkor och uttryck, vilket resulterar i ett fantastiskt verklighetstroget utseende som kommer att g\u00f6ra alla f\u00f6rv\u00e5nade.<\/p>\n","protected":false},"excerpt":{"rendered":"<p>F\u00f6r\u00e4ndra din look p\u00e5 nolltid! V\u00e5ra h\u00f6gkvalitativa, realistiska masker, tillverkade av 100% naturlatex, \u00e4r perfekta f\u00f6r Halloween, maskeradbaler, temafester eller [&hellip;]<\/p>\n","protected":false},"featured_media":13308,"comment_status":"open","ping_status":"closed","template":"","meta":{"site-sidebar-layout":"default","site-content-layout":"","ast-site-content-layout":"default","site-content-style":"default","site-sidebar-style":"default","ast-global-header-display":"","ast-banner-title-visibility":"","ast-main-header-display":"","ast-hfb-above-header-display":"","ast-hfb-below-header-display":"","ast-hfb-mobile-header-display":"","site-post-title":"","ast-breadcrumbs-content":"","ast-featured-img":"","footer-sml-layout":"","theme-transparent-header-meta":"default","adv-header-id-meta":"","stick-header-meta":"","header-above-stick-meta":"","header-main-stick-meta":"","header-below-stick-meta":"","astra-migrate-meta-layouts":"set","ast-page-background-enabled":"default","ast-page-background-meta":{"desktop":{"background-color":"var(--ast-global-color-4)","background-image":"","background-repeat":"repeat","background-position":"center center","background-size":"auto","background-attachment":"scroll","background-type":"","background-media":"","overlay-type":"","overlay-color":"","overlay-opacity":"","overlay-gradient":""},"tablet":{"background-color":"","background-image":"","background-repeat":"repeat","background-position":"center center","background-size":"auto","background-attachment":"scroll","background-type":"","background-media":"","overlay-type":"","overlay-color":"","overlay-opacity":"","overlay-gradient":""},"mobile":{"background-color":"","background-image":"","background-repeat":"repeat","background-position":"center center","background-size":"auto","background-attachment":"scroll","background-type":"","background-media":"","overlay-type":"","overlay-color":"","overlay-opacity":"","overlay-gradient":""}},"ast-content-background-meta":{"desktop":{"background-color":"var(--ast-global-color-5)","background-image":"","background-repeat":"repeat","background-position":"center center","background-size":"auto","background-attachment":"scroll","background-type":"","background-media":"","overlay-type":"","overlay-color":"","overlay-opacity":"","overlay-gradient":""},"tablet":{"background-color":"var(--ast-global-color-5)","background-image":"","background-repeat":"repeat","background-position":"center center","background-size":"auto","background-attachment":"scroll","background-type":"","background-media":"","overlay-type":"","overlay-color":"","overlay-opacity":"","overlay-gradient":""},"mobile":{"background-color":"var(--ast-global-color-5)","background-image":"","background-repeat":"repeat","background-position":"center center","background-size":"auto","background-attachment":"scroll","background-type":"","background-media":"","overlay-type":"","overlay-color":"","overlay-opacity":"","overlay-gradient":""}}},"product_brand":[],"product_cat":[992],"product_tag":[],"class_list":{"0":"post-13312","1":"product","2":"type-product","3":"status-publish","4":"has-post-thumbnail","6":"product_cat-beauty-and-hygiene-products","7":"pa_48198_e322q760-a","8":"pa_48198_e322q760-b","9":"pa_48198_e322q760-c","10":"pa_48198_e322q760-d","11":"pa_48198_e322q760-e","12":"pa_48198_e322q760-f","13":"desktop-align-left","14":"tablet-align-left","15":"mobile-align-left","17":"first","18":"instock","19":"shipping-taxable","20":"purchasable","21":"product-type-variable"},"_links":{"self":[{"href":"https:\/\/keluvo.com\/se\/wp-json\/wp\/v2\/product\/13312","targetHints":{"allow":["GET"]}}],"collection":[{"href":"https:\/\/keluvo.com\/se\/wp-json\/wp\/v2\/product"}],"about":[{"href":"https:\/\/keluvo.com\/se\/wp-json\/wp\/v2\/types\/product"}],"replies":[{"embeddable":true,"href":"https:\/\/keluvo.com\/se\/wp-json\/wp\/v2\/comments?post=13312"}],"wp:featuredmedia":[{"embeddable":true,"href":"https:\/\/keluvo.com\/se\/wp-json\/wp\/v2\/media\/13308"}],"wp:attachment":[{"href":"https:\/\/keluvo.com\/se\/wp-json\/wp\/v2\/media?parent=13312"}],"wp:term":[{"taxonomy":"product_brand","embeddable":true,"href":"https:\/\/keluvo.com\/se\/wp-json\/wp\/v2\/product_brand?post=13312"},{"taxonomy":"product_cat","embeddable":true,"href":"https:\/\/keluvo.com\/se\/wp-json\/wp\/v2\/product_cat?post=13312"},{"taxonomy":"product_tag","embeddable":true,"href":"https:\/\/keluvo.com\/se\/wp-json\/wp\/v2\/product_tag?post=13312"}],"curies":[{"name":"wp","href":"https:\/\/api.w.org\/{rel}","templated":true}]}}