{"id":13227,"date":"2025-06-13T16:38:26","date_gmt":"2025-06-13T14:38:26","guid":{"rendered":"https:\/\/keluvo.com\/se\/product\/slip-on-sandaler-for-kvinnor-med-stangd-ta\/"},"modified":"2025-06-13T16:39:34","modified_gmt":"2025-06-13T14:39:34","slug":"slip-on-sandaler-for-kvinnor-med-stangd-ta","status":"publish","type":"product","link":"https:\/\/keluvo.com\/se\/product\/slip-on-sandaler-for-kvinnor-med-stangd-ta\/","title":{"rendered":"Slip-on-sandaler f\u00f6r kvinnor med st\u00e4ngd t\u00e5"},"content":{"rendered":"<h2><img decoding=\"async\" class=\"size-full wp-image-23471 aligncenter\" src=\"https:\/\/keluvo.com\/template\/wp-content\/uploads\/sites\/5\/2025\/06\/Screenshot_4.png\" alt=\"\" \/><\/h2>\n<h2><\/h2>\n<h2 style=\"text-align: center\">Egenskaper<\/h2>\n<p><strong>Enkel Slip-On-Design<\/strong>: Bara glida in och du \u00e4r redo att g\u00e5. Dessa sandaler \u00e4r perfekta f\u00f6r hektiska morgnar eller resdagar n\u00e4r du vill se bra ut utan kr\u00e5ngel.<\/p>\n<p><strong>Andningsbar Ovandel Med St\u00e4ngd T\u00e5<\/strong>: Den st\u00e4ngda designen \u00e4r tillverkad av l\u00e4ttviktigt, andningsbart material och h\u00e5ller f\u00f6tterna svala och bekv\u00e4ma samtidigt som t\u00e5rna skyddas.<\/p>\n<p><strong>Stabil Klumpig H\u00e4l<\/strong>: Den breda, grova klacken ger stabilitet och st\u00f6d &#8211; f\u00e5 den d\u00e4r snygga h\u00f6jden utan att f\u00f6rlora komforten f\u00f6r varje steg du tar.<\/p>\n<p><strong>Bekv\u00e4m D\u00e4mpning<\/strong>: Med en mjuk fotb\u00e4dd och skonsamt foder hj\u00e4lper dessa sandaler till att minska trycket p\u00e5 f\u00f6tterna, vilket g\u00f6r dem perfekta f\u00f6r l\u00e5nga promenader eller timmar av slitage.<\/p>\n<p><strong>Snygga Och M\u00e5ngsidiga<\/strong>: Dessa sandaler ger en modern touch till alla kl\u00e4der, oavsett om du b\u00e4r dem med jeans, kjolar eller kl\u00e4nningar. Perfekta f\u00f6r stranddagar, bruncher eller avslappnade utflykter.<\/p>\n<h2 style=\"text-align: center\">Specifikationer<\/h2>\n<p>&#8211; Material: PU<\/p>\n<h2 style=\"text-align: center\">Paketet Inneh\u00e5ller<\/h2>\n<p>1 x <span data-sheets-root=\"1\">damsandaler med st\u00e4ngd t\u00e5 och slip-on.<\/span><\/p>\n","protected":false},"excerpt":{"rendered":"<p>Egenskaper Enkel Slip-On-Design: Bara glida in och du \u00e4r redo att g\u00e5. Dessa sandaler \u00e4r perfekta f\u00f6r hektiska morgnar eller [&hellip;]<\/p>\n","protected":false},"featured_media":13223,"comment_status":"open","ping_status":"closed","template":"","meta":{"site-sidebar-layout":"default","site-content-layout":"","ast-site-content-layout":"default","site-content-style":"default","site-sidebar-style":"default","ast-global-header-display":"","ast-banner-title-visibility":"","ast-main-header-display":"","ast-hfb-above-header-display":"","ast-hfb-below-header-display":"","ast-hfb-mobile-header-display":"","site-post-title":"","ast-breadcrumbs-content":"","ast-featured-img":"","footer-sml-layout":"","theme-transparent-header-meta":"default","adv-header-id-meta":"","stick-header-meta":"","header-above-stick-meta":"","header-main-stick-meta":"","header-below-stick-meta":"","astra-migrate-meta-layouts":"set","ast-page-background-enabled":"default","ast-page-background-meta":{"desktop":{"background-color":"var(--ast-global-color-4)","background-image":"","background-repeat":"repeat","background-position":"center center","background-size":"auto","background-attachment":"scroll","background-type":"","background-media":"","overlay-type":"","overlay-color":"","overlay-opacity":"","overlay-gradient":""},"tablet":{"background-color":"","background-image":"","background-repeat":"repeat","background-position":"center center","background-size":"auto","background-attachment":"scroll","background-type":"","background-media":"","overlay-type":"","overlay-color":"","overlay-opacity":"","overlay-gradient":""},"mobile":{"background-color":"","background-image":"","background-repeat":"repeat","background-position":"center center","background-size":"auto","background-attachment":"scroll","background-type":"","background-media":"","overlay-type":"","overlay-color":"","overlay-opacity":"","overlay-gradient":""}},"ast-content-background-meta":{"desktop":{"background-color":"var(--ast-global-color-5)","background-image":"","background-repeat":"repeat","background-position":"center center","background-size":"auto","background-attachment":"scroll","background-type":"","background-media":"","overlay-type":"","overlay-color":"","overlay-opacity":"","overlay-gradient":""},"tablet":{"background-color":"var(--ast-global-color-5)","background-image":"","background-repeat":"repeat","background-position":"center center","background-size":"auto","background-attachment":"scroll","background-type":"","background-media":"","overlay-type":"","overlay-color":"","overlay-opacity":"","overlay-gradient":""},"mobile":{"background-color":"var(--ast-global-color-5)","background-image":"","background-repeat":"repeat","background-position":"center center","background-size":"auto","background-attachment":"scroll","background-type":"","background-media":"","overlay-type":"","overlay-color":"","overlay-opacity":"","overlay-gradient":""}}},"product_brand":[],"product_cat":[993],"product_tag":[],"class_list":{"0":"post-13227","1":"product","2":"type-product","3":"status-publish","4":"has-post-thumbnail","6":"product_cat-footwear-accessories","7":"pa_48196_8fbyzfxc-bla","8":"pa_48196_8fbyzfxc-rod","9":"pa_48196_8fbyzfxc-rosa","10":"pa_48196_8fbyzfxc-svart","11":"pa_48196_8fbyzfxc-vit","12":"pa_48196_erxqiiwn-2364","13":"pa_48196_erxqiiwn-2365","14":"pa_48196_erxqiiwn-2366","15":"pa_48196_erxqiiwn-2367","16":"pa_48196_erxqiiwn-2368","17":"pa_48196_erxqiiwn-2369","18":"pa_48196_erxqiiwn-2370","19":"pa_48196_erxqiiwn-2371","20":"desktop-align-left","21":"tablet-align-left","22":"mobile-align-left","24":"first","25":"instock","26":"shipping-taxable","27":"purchasable","28":"product-type-variable","29":"has-default-attributes"},"_links":{"self":[{"href":"https:\/\/keluvo.com\/se\/wp-json\/wp\/v2\/product\/13227","targetHints":{"allow":["GET"]}}],"collection":[{"href":"https:\/\/keluvo.com\/se\/wp-json\/wp\/v2\/product"}],"about":[{"href":"https:\/\/keluvo.com\/se\/wp-json\/wp\/v2\/types\/product"}],"replies":[{"embeddable":true,"href":"https:\/\/keluvo.com\/se\/wp-json\/wp\/v2\/comments?post=13227"}],"wp:featuredmedia":[{"embeddable":true,"href":"https:\/\/keluvo.com\/se\/wp-json\/wp\/v2\/media\/13223"}],"wp:attachment":[{"href":"https:\/\/keluvo.com\/se\/wp-json\/wp\/v2\/media?parent=13227"}],"wp:term":[{"taxonomy":"product_brand","embeddable":true,"href":"https:\/\/keluvo.com\/se\/wp-json\/wp\/v2\/product_brand?post=13227"},{"taxonomy":"product_cat","embeddable":true,"href":"https:\/\/keluvo.com\/se\/wp-json\/wp\/v2\/product_cat?post=13227"},{"taxonomy":"product_tag","embeddable":true,"href":"https:\/\/keluvo.com\/se\/wp-json\/wp\/v2\/product_tag?post=13227"}],"curies":[{"name":"wp","href":"https:\/\/api.w.org\/{rel}","templated":true}]}}