{"id":13172,"date":"2025-06-13T16:36:44","date_gmt":"2025-06-13T14:36:44","guid":{"rendered":"https:\/\/keluvo.com\/se\/product\/coastal-ease-linnebyxor\/"},"modified":"2025-06-13T16:50:32","modified_gmt":"2025-06-13T14:50:32","slug":"coastal-ease-linnebyxor","status":"publish","type":"product","link":"https:\/\/keluvo.com\/se\/product\/coastal-ease-linnebyxor\/","title":{"rendered":"Coastal ease linnebyxor"},"content":{"rendered":"<p style=\"text-align: center;\">\u00a0Kliv in i komforten med dessa l\u00e4tta byxor i linne-bomullsblandning. De \u00e4r designade f\u00f6r en avslappnad passform, vilket g\u00f6r dem perfekta f\u00f6r allt fr\u00e5n avslappnade utflykter till enkla helger.<\/p>\n<p><img fetchpriority=\"high\" decoding=\"async\" class=\"aligncenter wp-image-23469 size-full\" src=\"https:\/\/keluvo.com\/template\/wp-content\/uploads\/sites\/5\/2025\/06\/Screenshot_3-e1749816435837.png\" alt=\"\" width=\"786\" height=\"545\" \/><\/p>\n<p style=\"text-align: center;\">&#8211; Mjuk linne-bomullsblandning f\u00f6r en sk\u00f6n k\u00e4nsla<br \/>\n&#8211; Avslappnad form med en skarp look<br \/>\n&#8211; Justerbar dragsko f\u00f6r din komfort.<\/p>\n","protected":false},"excerpt":{"rendered":"<p>\u00a0Kliv in i komforten med dessa l\u00e4tta byxor i linne-bomullsblandning. De \u00e4r designade f\u00f6r en avslappnad passform, vilket g\u00f6r dem [&hellip;]<\/p>\n","protected":false},"featured_media":13168,"comment_status":"open","ping_status":"closed","template":"","meta":{"site-sidebar-layout":"default","site-content-layout":"","ast-site-content-layout":"default","site-content-style":"default","site-sidebar-style":"default","ast-global-header-display":"","ast-banner-title-visibility":"","ast-main-header-display":"","ast-hfb-above-header-display":"","ast-hfb-below-header-display":"","ast-hfb-mobile-header-display":"","site-post-title":"","ast-breadcrumbs-content":"","ast-featured-img":"","footer-sml-layout":"","theme-transparent-header-meta":"default","adv-header-id-meta":"","stick-header-meta":"","header-above-stick-meta":"","header-main-stick-meta":"","header-below-stick-meta":"","astra-migrate-meta-layouts":"set","ast-page-background-enabled":"default","ast-page-background-meta":{"desktop":{"background-color":"var(--ast-global-color-4)","background-image":"","background-repeat":"repeat","background-position":"center center","background-size":"auto","background-attachment":"scroll","background-type":"","background-media":"","overlay-type":"","overlay-color":"","overlay-opacity":"","overlay-gradient":""},"tablet":{"background-color":"","background-image":"","background-repeat":"repeat","background-position":"center center","background-size":"auto","background-attachment":"scroll","background-type":"","background-media":"","overlay-type":"","overlay-color":"","overlay-opacity":"","overlay-gradient":""},"mobile":{"background-color":"","background-image":"","background-repeat":"repeat","background-position":"center center","background-size":"auto","background-attachment":"scroll","background-type":"","background-media":"","overlay-type":"","overlay-color":"","overlay-opacity":"","overlay-gradient":""}},"ast-content-background-meta":{"desktop":{"background-color":"var(--ast-global-color-5)","background-image":"","background-repeat":"repeat","background-position":"center center","background-size":"auto","background-attachment":"scroll","background-type":"","background-media":"","overlay-type":"","overlay-color":"","overlay-opacity":"","overlay-gradient":""},"tablet":{"background-color":"var(--ast-global-color-5)","background-image":"","background-repeat":"repeat","background-position":"center center","background-size":"auto","background-attachment":"scroll","background-type":"","background-media":"","overlay-type":"","overlay-color":"","overlay-opacity":"","overlay-gradient":""},"mobile":{"background-color":"var(--ast-global-color-5)","background-image":"","background-repeat":"repeat","background-position":"center center","background-size":"auto","background-attachment":"scroll","background-type":"","background-media":"","overlay-type":"","overlay-color":"","overlay-opacity":"","overlay-gradient":""}}},"product_brand":[],"product_cat":[995],"product_tag":[],"class_list":{"0":"post-13172","1":"product","2":"type-product","3":"status-publish","4":"has-post-thumbnail","6":"product_cat-clothing-for-men","7":"pa_48195_4fynx0bd-beige","8":"pa_48195_4fynx0bd-bla","9":"pa_48195_4fynx0bd-gra","10":"pa_48195_4fynx0bd-svart","11":"pa_48195_4fynx0bd-vit","12":"pa_48195_mimvvyvt-s","13":"pa_48195_mimvvyvt-m","14":"pa_48195_mimvvyvt-l","15":"pa_48195_mimvvyvt-xl","16":"pa_48195_mimvvyvt-xxl","17":"desktop-align-left","18":"tablet-align-left","19":"mobile-align-left","21":"first","22":"instock","23":"shipping-taxable","24":"purchasable","25":"product-type-variable","26":"has-default-attributes"},"_links":{"self":[{"href":"https:\/\/keluvo.com\/se\/wp-json\/wp\/v2\/product\/13172","targetHints":{"allow":["GET"]}}],"collection":[{"href":"https:\/\/keluvo.com\/se\/wp-json\/wp\/v2\/product"}],"about":[{"href":"https:\/\/keluvo.com\/se\/wp-json\/wp\/v2\/types\/product"}],"replies":[{"embeddable":true,"href":"https:\/\/keluvo.com\/se\/wp-json\/wp\/v2\/comments?post=13172"}],"wp:featuredmedia":[{"embeddable":true,"href":"https:\/\/keluvo.com\/se\/wp-json\/wp\/v2\/media\/13168"}],"wp:attachment":[{"href":"https:\/\/keluvo.com\/se\/wp-json\/wp\/v2\/media?parent=13172"}],"wp:term":[{"taxonomy":"product_brand","embeddable":true,"href":"https:\/\/keluvo.com\/se\/wp-json\/wp\/v2\/product_brand?post=13172"},{"taxonomy":"product_cat","embeddable":true,"href":"https:\/\/keluvo.com\/se\/wp-json\/wp\/v2\/product_cat?post=13172"},{"taxonomy":"product_tag","embeddable":true,"href":"https:\/\/keluvo.com\/se\/wp-json\/wp\/v2\/product_tag?post=13172"}],"curies":[{"name":"wp","href":"https:\/\/api.w.org\/{rel}","templated":true}]}}