{"id":13067,"date":"2025-06-12T15:41:27","date_gmt":"2025-06-12T13:41:27","guid":{"rendered":"https:\/\/keluvo.com\/se\/product\/mobil-forvaringssticka\/"},"modified":"2025-06-12T15:42:26","modified_gmt":"2025-06-12T13:42:26","slug":"mobil-forvaringssticka","status":"publish","type":"product","link":"https:\/\/keluvo.com\/se\/product\/mobil-forvaringssticka\/","title":{"rendered":"Mobil f\u00f6rvaringssticka"},"content":{"rendered":"<p style=\"text-align: center\"><strong>L\u00e5s Upp Extra Lagringsutrymme Med Det Mobila Lagringsminnet<\/strong><\/p>\n<p style=\"text-align: center\">Detta praktiska USB-minne \u00e4r utformat f\u00f6r att \u00f6ka din smartphones minne, s\u00e5 att du kan lagra alla dina viktiga foton, videor och dokument p\u00e5 ett s\u00e4kert s\u00e4tt. Den levereras med en Lightning-, mikro-USB- och USB-C-port, vilket g\u00f6r den kompatibel med alla telefoner!<\/p>\n<p><img decoding=\"async\" class=\"size-full wp-image-23396 aligncenter\" src=\"https:\/\/keluvo.com\/template\/wp-content\/uploads\/sites\/5\/2025\/06\/ezgif.com-video-to-webp-converter-5.webp\" alt=\"\" \/><\/p>\n<h2 style=\"text-align: center\">F\u00f6rdelar<\/h2>\n<ul>\n<li>Skydda dina data med kryptering eller ett l\u00f6senord<\/li>\n<li>Lagra foton och videor p\u00e5 ett s\u00e4kert s\u00e4tt<\/li>\n<li>Fungerar med alla typer av telefoner<\/li>\n<li>Snabb data\u00f6verf\u00f6ring med USB 3.0<\/li>\n<li>Enkel plug &amp; play-installation<\/li>\n<li>Kompakt och b\u00e4rbar<\/li>\n<\/ul>\n<h2 style=\"text-align: center\">Vad Finns I L\u00e5dan?<\/h2>\n<ul>\n<li>1x Mobilt lagringsminne<\/li>\n<li>1x Handbok.<\/li>\n<\/ul>\n<h2 style=\"text-align: center\">Specifikationer<\/h2>\n<ul>\n<li>Gr\u00e4nssnittstyp: USB 3.0<\/li>\n<li>Kapacitet: 32GB-2TB<\/li>\n<li>Data\u00f6verf\u00f6ring: H\u00f6g hastighet<\/li>\n<li>Anv\u00e4ndningscykler: \u00d6ver 10 000 g\u00e5nger<\/li>\n<li>T\u00e5lig: \u00c5tervinningsbar och st\u00f6ts\u00e4ker<\/li>\n<li>Kompatibilitet: PC, Notebook, Mac, iPhone, Android<\/li>\n<li>Material: Metall<\/li>\n<\/ul>\n<h2 style=\"text-align: center\">Varf\u00f6r V\u00e4lja Ett Mobilt Lagringsminne?<\/h2>\n<p>\u2714 S\u00e4kra dina data med kryptering eller ett l\u00f6senord<br \/>\n\u2714 S\u00e4ker lagring av dina filer, foton och videor<br \/>\n\u2714 Fullt kompatibel med iPhone &amp; Android<br \/>\n\u2714 Supersnabb \u00f6verf\u00f6ring med USB 3.0-teknik<br \/>\n\u2714 Enkel att anv\u00e4nda, redo att anv\u00e4ndas direkt<\/p>\n<h2 style=\"text-align: center\">Hur Anv\u00e4nder Man Den?<\/h2>\n<ol>\n<li>Den h\u00e4r enheten \u00e4r enkel att anv\u00e4nda och en detaljerad manual medf\u00f6ljer f\u00f6r extra hj\u00e4lp!<\/li>\n<li>Att \u00f6verf\u00f6ra filer fr\u00e5n din telefon till din b\u00e4rbara dator \u00e4r en barnlek. Koppla bara in den f\u00f6r att flytta dina foton, dokument eller videor snabbt och enkelt!<\/li>\n<li>Ange ett l\u00f6senord p\u00e5 ditt USB-minne f\u00f6r att h\u00e5lla dina data s\u00e4kra och kontrollera vem som kan komma \u00e5t dem.<\/li>\n<li>S\u00e4tt bara in USB-minnet i din iPhone eller Android-telefon, v\u00e4lj de filer du vill \u00f6verf\u00f6ra och med ett klick \u00e4r de s\u00e4kert lagrade. Det \u00e4r s\u00e5 enkelt och snabbt!<\/li>\n<\/ol>\n<p><img decoding=\"async\" class=\"size-full wp-image-23397 aligncenter\" src=\"https:\/\/keluvo.com\/template\/wp-content\/uploads\/sites\/5\/2025\/06\/ezgif.com-video-to-webp-converter-6.webp\" alt=\"\" \/><\/p>\n","protected":false},"excerpt":{"rendered":"<p>L\u00e5s Upp Extra Lagringsutrymme Med Det Mobila Lagringsminnet Detta praktiska USB-minne \u00e4r utformat f\u00f6r att \u00f6ka din smartphones minne, s\u00e5 [&hellip;]<\/p>\n","protected":false},"featured_media":13063,"comment_status":"open","ping_status":"closed","template":"","meta":{"site-sidebar-layout":"default","site-content-layout":"","ast-site-content-layout":"default","site-content-style":"default","site-sidebar-style":"default","ast-global-header-display":"","ast-banner-title-visibility":"","ast-main-header-display":"","ast-hfb-above-header-display":"","ast-hfb-below-header-display":"","ast-hfb-mobile-header-display":"","site-post-title":"","ast-breadcrumbs-content":"","ast-featured-img":"","footer-sml-layout":"","theme-transparent-header-meta":"default","adv-header-id-meta":"","stick-header-meta":"","header-above-stick-meta":"","header-main-stick-meta":"","header-below-stick-meta":"","astra-migrate-meta-layouts":"set","ast-page-background-enabled":"default","ast-page-background-meta":{"desktop":{"background-color":"var(--ast-global-color-4)","background-image":"","background-repeat":"repeat","background-position":"center center","background-size":"auto","background-attachment":"scroll","background-type":"","background-media":"","overlay-type":"","overlay-color":"","overlay-opacity":"","overlay-gradient":""},"tablet":{"background-color":"","background-image":"","background-repeat":"repeat","background-position":"center center","background-size":"auto","background-attachment":"scroll","background-type":"","background-media":"","overlay-type":"","overlay-color":"","overlay-opacity":"","overlay-gradient":""},"mobile":{"background-color":"","background-image":"","background-repeat":"repeat","background-position":"center center","background-size":"auto","background-attachment":"scroll","background-type":"","background-media":"","overlay-type":"","overlay-color":"","overlay-opacity":"","overlay-gradient":""}},"ast-content-background-meta":{"desktop":{"background-color":"var(--ast-global-color-5)","background-image":"","background-repeat":"repeat","background-position":"center center","background-size":"auto","background-attachment":"scroll","background-type":"","background-media":"","overlay-type":"","overlay-color":"","overlay-opacity":"","overlay-gradient":""},"tablet":{"background-color":"var(--ast-global-color-5)","background-image":"","background-repeat":"repeat","background-position":"center center","background-size":"auto","background-attachment":"scroll","background-type":"","background-media":"","overlay-type":"","overlay-color":"","overlay-opacity":"","overlay-gradient":""},"mobile":{"background-color":"var(--ast-global-color-5)","background-image":"","background-repeat":"repeat","background-position":"center center","background-size":"auto","background-attachment":"scroll","background-type":"","background-media":"","overlay-type":"","overlay-color":"","overlay-opacity":"","overlay-gradient":""}}},"product_brand":[],"product_cat":[15],"product_tag":[],"class_list":{"0":"post-13067","1":"product","2":"type-product","3":"status-publish","4":"has-post-thumbnail","6":"product_cat-uncategorized","7":"pa_48193_hylscnzo-bla","8":"pa_48193_hylscnzo-gron","9":"pa_48193_hylscnzo-guld","10":"pa_48193_hylscnzo-lila","11":"pa_48193_hylscnzo-ljusrosa","12":"pa_48193_hylscnzo-silver","13":"pa_48193_kc9uplsk-32-gb","14":"pa_48193_kc9uplsk-128-gb","15":"pa_48193_kc9uplsk-512-gb","16":"pa_48193_kc9uplsk-1-tb","17":"pa_48193_kc9uplsk-2tb","18":"desktop-align-left","19":"tablet-align-left","20":"mobile-align-left","22":"first","23":"instock","24":"shipping-taxable","25":"purchasable","26":"product-type-variable","27":"has-default-attributes"},"_links":{"self":[{"href":"https:\/\/keluvo.com\/se\/wp-json\/wp\/v2\/product\/13067","targetHints":{"allow":["GET"]}}],"collection":[{"href":"https:\/\/keluvo.com\/se\/wp-json\/wp\/v2\/product"}],"about":[{"href":"https:\/\/keluvo.com\/se\/wp-json\/wp\/v2\/types\/product"}],"replies":[{"embeddable":true,"href":"https:\/\/keluvo.com\/se\/wp-json\/wp\/v2\/comments?post=13067"}],"wp:featuredmedia":[{"embeddable":true,"href":"https:\/\/keluvo.com\/se\/wp-json\/wp\/v2\/media\/13063"}],"wp:attachment":[{"href":"https:\/\/keluvo.com\/se\/wp-json\/wp\/v2\/media?parent=13067"}],"wp:term":[{"taxonomy":"product_brand","embeddable":true,"href":"https:\/\/keluvo.com\/se\/wp-json\/wp\/v2\/product_brand?post=13067"},{"taxonomy":"product_cat","embeddable":true,"href":"https:\/\/keluvo.com\/se\/wp-json\/wp\/v2\/product_cat?post=13067"},{"taxonomy":"product_tag","embeddable":true,"href":"https:\/\/keluvo.com\/se\/wp-json\/wp\/v2\/product_tag?post=13067"}],"curies":[{"name":"wp","href":"https:\/\/api.w.org\/{rel}","templated":true}]}}