{"id":13022,"date":"2025-06-11T18:30:33","date_gmt":"2025-06-11T16:30:33","guid":{"rendered":"https:\/\/keluvo.com\/se\/product\/radiant-tandkram-for-blekning\/"},"modified":"2025-07-04T17:32:19","modified_gmt":"2025-07-04T15:32:19","slug":"radiant-tandkram-for-blekning","status":"publish","type":"product","link":"https:\/\/keluvo.com\/se\/product\/radiant-tandkram-for-blekning\/","title":{"rendered":"Radiant tandkr\u00e4m f\u00f6r blekning"},"content":{"rendered":"<p style=\"text-align: center\"><strong>F\u00f6rvandla ditt leende med str\u00e5lande vitare tandkr\u00e4m. Den tar bort fl\u00e4ckar, fr\u00e4schar upp andedr\u00e4kten och ger dig ett ljusare och friskare leende!<\/strong><\/p>\n<p><img decoding=\"async\" class=\"size-full wp-image-23318 aligncenter\" src=\"https:\/\/keluvo.com\/template\/wp-content\/uploads\/sites\/5\/2025\/06\/138c9f33-07dd-466c-8413-f84eb5a93e00.avif\" alt=\"\" \/><\/p>\n<h2 style=\"text-align: center\">Egenskaper<\/h2>\n<ul>\n<li><strong>Vitande Effekt<\/strong>: Avl\u00e4gsnar fl\u00e4ckar f\u00f6r ett ljusare leende.<\/li>\n<li><strong>Fl\u00e4ckborttagning<\/strong>: Tar bort sv\u00e5ra fl\u00e4ckar fr\u00e5n mat, kaffe och r\u00f6kning.<\/li>\n<li><strong>Djupreng\u00f6ring<\/strong>: Reng\u00f6r noggrant och l\u00e4mnar t\u00e4nderna sl\u00e4ta och fr\u00e4scha.<\/li>\n<li><strong>Frisk Andedr\u00e4kt<\/strong>: Ger en ren och fr\u00e4sch k\u00e4nsla i munnen.<\/li>\n<li><strong>Emaljskydd<\/strong>: S\u00e4kert f\u00f6r emaljen samtidigt som den reng\u00f6r effektivt.<\/li>\n<li><strong>Komplett Munv\u00e5rd<\/strong>: Kombinerar blekning, fl\u00e4ckborttagning och fr\u00e4sch andedr\u00e4kt.<\/li>\n<\/ul>\n<h2 style=\"text-align: center\">Specifikationer<\/h2>\n<ul>\n<li>Doft: Mint<\/li>\n<li>H\u00e5llbarhet: 3 \u00e5r<\/li>\n<li>Nettoinneh\u00e5ll: 100g<\/li>\n<\/ul>\n<h2 style=\"text-align: center\">Paketet Inneh\u00e5ller<\/h2>\n<ul>\n<li>1, 3 eller 5 st radiant whitening tandkr\u00e4m.<\/li>\n<\/ul>\n","protected":false},"excerpt":{"rendered":"<p>F\u00f6rvandla ditt leende med str\u00e5lande vitare tandkr\u00e4m. Den tar bort fl\u00e4ckar, fr\u00e4schar upp andedr\u00e4kten och ger dig ett ljusare och [&hellip;]<\/p>\n","protected":false},"featured_media":13018,"comment_status":"open","ping_status":"closed","template":"","meta":{"site-sidebar-layout":"default","site-content-layout":"","ast-site-content-layout":"default","site-content-style":"default","site-sidebar-style":"default","ast-global-header-display":"","ast-banner-title-visibility":"","ast-main-header-display":"","ast-hfb-above-header-display":"","ast-hfb-below-header-display":"","ast-hfb-mobile-header-display":"","site-post-title":"","ast-breadcrumbs-content":"","ast-featured-img":"","footer-sml-layout":"","theme-transparent-header-meta":"default","adv-header-id-meta":"","stick-header-meta":"","header-above-stick-meta":"","header-main-stick-meta":"","header-below-stick-meta":"","astra-migrate-meta-layouts":"set","ast-page-background-enabled":"default","ast-page-background-meta":{"desktop":{"background-color":"var(--ast-global-color-4)","background-image":"","background-repeat":"repeat","background-position":"center center","background-size":"auto","background-attachment":"scroll","background-type":"","background-media":"","overlay-type":"","overlay-color":"","overlay-opacity":"","overlay-gradient":""},"tablet":{"background-color":"","background-image":"","background-repeat":"repeat","background-position":"center center","background-size":"auto","background-attachment":"scroll","background-type":"","background-media":"","overlay-type":"","overlay-color":"","overlay-opacity":"","overlay-gradient":""},"mobile":{"background-color":"","background-image":"","background-repeat":"repeat","background-position":"center center","background-size":"auto","background-attachment":"scroll","background-type":"","background-media":"","overlay-type":"","overlay-color":"","overlay-opacity":"","overlay-gradient":""}},"ast-content-background-meta":{"desktop":{"background-color":"var(--ast-global-color-5)","background-image":"","background-repeat":"repeat","background-position":"center center","background-size":"auto","background-attachment":"scroll","background-type":"","background-media":"","overlay-type":"","overlay-color":"","overlay-opacity":"","overlay-gradient":""},"tablet":{"background-color":"var(--ast-global-color-5)","background-image":"","background-repeat":"repeat","background-position":"center center","background-size":"auto","background-attachment":"scroll","background-type":"","background-media":"","overlay-type":"","overlay-color":"","overlay-opacity":"","overlay-gradient":""},"mobile":{"background-color":"var(--ast-global-color-5)","background-image":"","background-repeat":"repeat","background-position":"center center","background-size":"auto","background-attachment":"scroll","background-type":"","background-media":"","overlay-type":"","overlay-color":"","overlay-opacity":"","overlay-gradient":""}}},"product_brand":[],"product_cat":[992],"product_tag":[],"class_list":{"0":"post-13022","1":"product","2":"type-product","3":"status-publish","4":"has-post-thumbnail","6":"product_cat-beauty-and-hygiene-products","7":"pa_48189_ozynkjq8-1-st","8":"pa_48189_ozynkjq8-3-st","9":"pa_48189_ozynkjq8-5-st","10":"desktop-align-left","11":"tablet-align-left","12":"mobile-align-left","14":"first","15":"instock","16":"shipping-taxable","17":"purchasable","18":"product-type-variable"},"_links":{"self":[{"href":"https:\/\/keluvo.com\/se\/wp-json\/wp\/v2\/product\/13022","targetHints":{"allow":["GET"]}}],"collection":[{"href":"https:\/\/keluvo.com\/se\/wp-json\/wp\/v2\/product"}],"about":[{"href":"https:\/\/keluvo.com\/se\/wp-json\/wp\/v2\/types\/product"}],"replies":[{"embeddable":true,"href":"https:\/\/keluvo.com\/se\/wp-json\/wp\/v2\/comments?post=13022"}],"wp:featuredmedia":[{"embeddable":true,"href":"https:\/\/keluvo.com\/se\/wp-json\/wp\/v2\/media\/13018"}],"wp:attachment":[{"href":"https:\/\/keluvo.com\/se\/wp-json\/wp\/v2\/media?parent=13022"}],"wp:term":[{"taxonomy":"product_brand","embeddable":true,"href":"https:\/\/keluvo.com\/se\/wp-json\/wp\/v2\/product_brand?post=13022"},{"taxonomy":"product_cat","embeddable":true,"href":"https:\/\/keluvo.com\/se\/wp-json\/wp\/v2\/product_cat?post=13022"},{"taxonomy":"product_tag","embeddable":true,"href":"https:\/\/keluvo.com\/se\/wp-json\/wp\/v2\/product_tag?post=13022"}],"curies":[{"name":"wp","href":"https:\/\/api.w.org\/{rel}","templated":true}]}}