{"id":12820,"date":"2025-06-11T18:26:10","date_gmt":"2025-06-11T16:26:10","guid":{"rendered":"https:\/\/keluvo.com\/se\/product\/lost-sittande-enfargade-sportklader\/"},"modified":"2025-06-11T18:29:37","modified_gmt":"2025-06-11T16:29:37","slug":"lost-sittande-enfargade-sportklader","status":"publish","type":"product","link":"https:\/\/keluvo.com\/se\/product\/lost-sittande-enfargade-sportklader\/","title":{"rendered":"L\u00f6st sittande enf\u00e4rgade sportkl\u00e4der"},"content":{"rendered":"<p><img decoding=\"async\" class=\"size-full wp-image-23201 aligncenter\" src=\"https:\/\/keluvo.com\/template\/wp-content\/uploads\/sites\/5\/2025\/06\/SDV000536-Q01-scaled.webp\" alt=\"\" \/><\/p>\n<ul>\n<li>Tillverkad av 100% premium bomull f\u00f6r komfort.<\/li>\n<li>Det l\u00f6sa tyget ger en cool och avslappnad look.<\/li>\n<li>Perfekt f\u00f6r vardagsbruk, familjesammankomster eller avkoppling hemma.<\/li>\n<li>Den klassiska sk\u00e4rningen ger en rymlig passform och dubbeln\u00e5lss\u00f6mmarna ger h\u00e5llbarhet.<\/li>\n<li>Fungerar bra f\u00f6r alla s\u00e4songer och tillf\u00e4llen som arbete, tr\u00e4ning, semester och helger.<\/li>\n<li>Funktioner som fukttransport och luktkontroll h\u00e5ller dig fr\u00e4sch.<\/li>\n<li>Designad f\u00f6r komfort i varje detalj.<\/li>\n<li>V\u00e5ra kl\u00e4der kombinerar passform, stil och komfort f\u00f6r alla dina aktiviteter, oavsett om du \u00e4r ute och g\u00e5r eller kopplar av.<\/li>\n<li>Sk\u00f6tselr\u00e5d: maskintv\u00e4tt i kallt vatten. Undvik varmluftstorkning, v\u00e4lj ist\u00e4llet en l\u00e5gtemperaturinst\u00e4llning eller h\u00e4ng f\u00f6r att lufttorka f\u00f6r b\u00e4sta resultat.<\/li>\n<\/ul>\n","protected":false},"excerpt":{"rendered":"<p>Tillverkad av 100% premium bomull f\u00f6r komfort. Det l\u00f6sa tyget ger en cool och avslappnad look. Perfekt f\u00f6r vardagsbruk, familjesammankomster [&hellip;]<\/p>\n","protected":false},"featured_media":12816,"comment_status":"open","ping_status":"closed","template":"","meta":{"site-sidebar-layout":"default","site-content-layout":"","ast-site-content-layout":"default","site-content-style":"default","site-sidebar-style":"default","ast-global-header-display":"","ast-banner-title-visibility":"","ast-main-header-display":"","ast-hfb-above-header-display":"","ast-hfb-below-header-display":"","ast-hfb-mobile-header-display":"","site-post-title":"","ast-breadcrumbs-content":"","ast-featured-img":"","footer-sml-layout":"","theme-transparent-header-meta":"default","adv-header-id-meta":"","stick-header-meta":"","header-above-stick-meta":"","header-main-stick-meta":"","header-below-stick-meta":"","astra-migrate-meta-layouts":"set","ast-page-background-enabled":"default","ast-page-background-meta":{"desktop":{"background-color":"var(--ast-global-color-4)","background-image":"","background-repeat":"repeat","background-position":"center center","background-size":"auto","background-attachment":"scroll","background-type":"","background-media":"","overlay-type":"","overlay-color":"","overlay-opacity":"","overlay-gradient":""},"tablet":{"background-color":"","background-image":"","background-repeat":"repeat","background-position":"center center","background-size":"auto","background-attachment":"scroll","background-type":"","background-media":"","overlay-type":"","overlay-color":"","overlay-opacity":"","overlay-gradient":""},"mobile":{"background-color":"","background-image":"","background-repeat":"repeat","background-position":"center center","background-size":"auto","background-attachment":"scroll","background-type":"","background-media":"","overlay-type":"","overlay-color":"","overlay-opacity":"","overlay-gradient":""}},"ast-content-background-meta":{"desktop":{"background-color":"var(--ast-global-color-5)","background-image":"","background-repeat":"repeat","background-position":"center center","background-size":"auto","background-attachment":"scroll","background-type":"","background-media":"","overlay-type":"","overlay-color":"","overlay-opacity":"","overlay-gradient":""},"tablet":{"background-color":"var(--ast-global-color-5)","background-image":"","background-repeat":"repeat","background-position":"center center","background-size":"auto","background-attachment":"scroll","background-type":"","background-media":"","overlay-type":"","overlay-color":"","overlay-opacity":"","overlay-gradient":""},"mobile":{"background-color":"var(--ast-global-color-5)","background-image":"","background-repeat":"repeat","background-position":"center center","background-size":"auto","background-attachment":"scroll","background-type":"","background-media":"","overlay-type":"","overlay-color":"","overlay-opacity":"","overlay-gradient":""}}},"product_brand":[],"product_cat":[995],"product_tag":[],"class_list":{"0":"post-12820","1":"product","2":"type-product","3":"status-publish","4":"has-post-thumbnail","6":"product_cat-clothing-for-men","7":"pa_48187_o0igcuhm-armegron","8":"pa_48187_o0igcuhm-bla","9":"pa_48187_o0igcuhm-bla-vit","10":"pa_48187_o0igcuhm-blatt-tryck","11":"pa_48187_o0igcuhm-gra-vit","12":"pa_48187_o0igcuhm-gratt-tryck","13":"pa_48187_o0igcuhm-khaki","14":"pa_48187_o0igcuhm-ljusgra","15":"pa_48187_o0igcuhm-marinbla","16":"pa_48187_o0igcuhm-morkgra","17":"pa_48187_o0igcuhm-rod","18":"pa_48187_o0igcuhm-svart","19":"pa_48187_o0igcuhm-svart-tryck","20":"pa_48187_o0igcuhm-svart-vit","21":"pa_48187_o0igcuhm-vit","22":"pa_48187_zfq59gqb-m","23":"pa_48187_zfq59gqb-l","24":"pa_48187_zfq59gqb-xl","25":"pa_48187_zfq59gqb-2xl","26":"pa_48187_zfq59gqb-3xl","27":"pa_48187_zfq59gqb-4xl","28":"desktop-align-left","29":"tablet-align-left","30":"mobile-align-left","32":"first","33":"instock","34":"shipping-taxable","35":"purchasable","36":"product-type-variable","37":"has-default-attributes"},"_links":{"self":[{"href":"https:\/\/keluvo.com\/se\/wp-json\/wp\/v2\/product\/12820","targetHints":{"allow":["GET"]}}],"collection":[{"href":"https:\/\/keluvo.com\/se\/wp-json\/wp\/v2\/product"}],"about":[{"href":"https:\/\/keluvo.com\/se\/wp-json\/wp\/v2\/types\/product"}],"replies":[{"embeddable":true,"href":"https:\/\/keluvo.com\/se\/wp-json\/wp\/v2\/comments?post=12820"}],"wp:featuredmedia":[{"embeddable":true,"href":"https:\/\/keluvo.com\/se\/wp-json\/wp\/v2\/media\/12816"}],"wp:attachment":[{"href":"https:\/\/keluvo.com\/se\/wp-json\/wp\/v2\/media?parent=12820"}],"wp:term":[{"taxonomy":"product_brand","embeddable":true,"href":"https:\/\/keluvo.com\/se\/wp-json\/wp\/v2\/product_brand?post=12820"},{"taxonomy":"product_cat","embeddable":true,"href":"https:\/\/keluvo.com\/se\/wp-json\/wp\/v2\/product_cat?post=12820"},{"taxonomy":"product_tag","embeddable":true,"href":"https:\/\/keluvo.com\/se\/wp-json\/wp\/v2\/product_tag?post=12820"}],"curies":[{"name":"wp","href":"https:\/\/api.w.org\/{rel}","templated":true}]}}