{"id":12725,"date":"2025-06-11T18:23:52","date_gmt":"2025-06-11T16:23:52","guid":{"rendered":"https:\/\/keluvo.com\/se\/product\/ortopediska-sommarsandaler\/"},"modified":"2025-06-12T13:18:41","modified_gmt":"2025-06-12T11:18:41","slug":"ortopediska-sommarsandaler","status":"publish","type":"product","link":"https:\/\/keluvo.com\/se\/product\/ortopediska-sommarsandaler\/","title":{"rendered":"Ortopediska sommarsandaler"},"content":{"rendered":"<p><img decoding=\"async\" class=\"size-full wp-image-23195 aligncenter\" src=\"https:\/\/keluvo.com\/template\/wp-content\/uploads\/sites\/5\/2025\/06\/Taille-1.jpg\" alt=\"\" \/><\/p>\n<h2 style=\"text-align: center;\"><strong>Komfort F\u00f6r Ditt Aktiva Liv<\/strong><\/h2>\n<p style=\"text-align: center;\">S\u00f6ker du efter bekv\u00e4ma och st\u00f6djande skor f\u00f6r din aktiva livsstil? D\u00e5 beh\u00f6ver du inte leta l\u00e4ngre \u00e4n till v\u00e5ra ortopediska sommarsandaler. De \u00e4r utformade f\u00f6r att ge det st\u00f6d som dina f\u00f6tter beh\u00f6ver n\u00e4r du vandrar, tr\u00e4nar, spelar tennis eller cyklar. S\u00e4g adj\u00f6 till h\u00e4l-, fot- och kn\u00e4sm\u00e4rta!<\/p>\n<p><img decoding=\"async\" class=\"size-full wp-image-23138 aligncenter\" src=\"https:\/\/keluvo.com\/template\/wp-content\/uploads\/sites\/5\/2025\/06\/ezgif.com-video-to-webp-converter-3.webp\" alt=\"\" \/><\/p>\n<p style=\"text-align: center;\">Om du letar efter det b\u00e4sta st\u00f6det f\u00f6r l\u00e5nga resor \u00e4r de h\u00e4r sandalerna gjorda f\u00f6r dig. Njut av ett sm\u00e4rtfritt liv och \u00e5terg\u00e5 till att g\u00e5 bekv\u00e4mt. Ingen vill ha sin dag f\u00f6rst\u00f6rd av h\u00e4lsporre eller fotsm\u00e4rta.<\/p>\n<p style=\"text-align: center;\">Dessa sandaler hj\u00e4lper dig att r\u00f6ra dig utan obehag! Gl\u00f6m kostsamma l\u00e4karbes\u00f6k eller snygga inl\u00e4ggssulor. Varje steg du tar i dessa sandaler \u00e4r d\u00e4mpat med en mjuk, robust sula som st\u00f6der hela foten, inte bara h\u00e4len.<\/p>\n<h2 style=\"text-align: center;\"><strong>Varf\u00f6r Dessa Sandaler \u00c4r Great<\/strong><\/h2>\n<p>\u2714\ufe0f Maximal komfort: D\u00e4mpad design och speciell innersula f\u00f6r ultimat komfort. Uppgradera idag och k\u00e4nn skillnaden!<\/p>\n<p>\u2714\ufe0f Stabila och st\u00f6djande: Ger extra st\u00f6d och komfort f\u00f6r att hj\u00e4lpa dig att prestera p\u00e5 topp. Upplev skillnaden nu!<\/p>\n<p>\u2714\ufe0f Passar alla f\u00f6tter: Passar b\u00e5de breda och smala f\u00f6tter, tillverkade av material som andas f\u00f6r att h\u00e5lla f\u00f6tterna svala.<\/p>\n<h2 style=\"text-align: center;\"><strong>Huvudf\u00f6rdelar<\/strong><\/h2>\n<ul>\n<li>Lindring av h\u00e4l-, fot- och kn\u00e4sm\u00e4rta<\/li>\n<li>Anpassningsbar f\u00f6r alla fotstorlekar<\/li>\n<li>Andas f\u00f6r att f\u00f6rhindra svettning<\/li>\n<li>F\u00f6rb\u00e4ttrad r\u00f6rlighet<\/li>\n<li>Snygg, modern design<\/li>\n<li>\u00d6kad stabilitet f\u00f6r din aktiva livsstil.<\/li>\n<\/ul>\n","protected":false},"excerpt":{"rendered":"<p>Komfort F\u00f6r Ditt Aktiva Liv S\u00f6ker du efter bekv\u00e4ma och st\u00f6djande skor f\u00f6r din aktiva livsstil? D\u00e5 beh\u00f6ver du inte [&hellip;]<\/p>\n","protected":false},"featured_media":12721,"comment_status":"open","ping_status":"closed","template":"","meta":{"site-sidebar-layout":"default","site-content-layout":"","ast-site-content-layout":"default","site-content-style":"default","site-sidebar-style":"default","ast-global-header-display":"","ast-banner-title-visibility":"","ast-main-header-display":"","ast-hfb-above-header-display":"","ast-hfb-below-header-display":"","ast-hfb-mobile-header-display":"","site-post-title":"","ast-breadcrumbs-content":"","ast-featured-img":"","footer-sml-layout":"","theme-transparent-header-meta":"default","adv-header-id-meta":"","stick-header-meta":"","header-above-stick-meta":"","header-main-stick-meta":"","header-below-stick-meta":"","astra-migrate-meta-layouts":"set","ast-page-background-enabled":"default","ast-page-background-meta":{"desktop":{"background-color":"var(--ast-global-color-4)","background-image":"","background-repeat":"repeat","background-position":"center center","background-size":"auto","background-attachment":"scroll","background-type":"","background-media":"","overlay-type":"","overlay-color":"","overlay-opacity":"","overlay-gradient":""},"tablet":{"background-color":"","background-image":"","background-repeat":"repeat","background-position":"center center","background-size":"auto","background-attachment":"scroll","background-type":"","background-media":"","overlay-type":"","overlay-color":"","overlay-opacity":"","overlay-gradient":""},"mobile":{"background-color":"","background-image":"","background-repeat":"repeat","background-position":"center center","background-size":"auto","background-attachment":"scroll","background-type":"","background-media":"","overlay-type":"","overlay-color":"","overlay-opacity":"","overlay-gradient":""}},"ast-content-background-meta":{"desktop":{"background-color":"var(--ast-global-color-5)","background-image":"","background-repeat":"repeat","background-position":"center center","background-size":"auto","background-attachment":"scroll","background-type":"","background-media":"","overlay-type":"","overlay-color":"","overlay-opacity":"","overlay-gradient":""},"tablet":{"background-color":"var(--ast-global-color-5)","background-image":"","background-repeat":"repeat","background-position":"center center","background-size":"auto","background-attachment":"scroll","background-type":"","background-media":"","overlay-type":"","overlay-color":"","overlay-opacity":"","overlay-gradient":""},"mobile":{"background-color":"var(--ast-global-color-5)","background-image":"","background-repeat":"repeat","background-position":"center center","background-size":"auto","background-attachment":"scroll","background-type":"","background-media":"","overlay-type":"","overlay-color":"","overlay-opacity":"","overlay-gradient":""}}},"product_brand":[],"product_cat":[993],"product_tag":[],"class_list":{"0":"post-12725","1":"product","2":"type-product","3":"status-publish","4":"has-post-thumbnail","6":"product_cat-footwear-accessories","7":"pa_48186_mfj2z0yu-bla","8":"pa_48186_mfj2z0yu-gul","9":"pa_48186_mfj2z0yu-marin","10":"pa_48186_mfj2z0yu-rosa","11":"pa_48186_mfj2z0yu-svart","12":"pa_48186_usvwlh4q-2297","13":"pa_48186_usvwlh4q-2298","14":"pa_48186_usvwlh4q-2299","15":"pa_48186_usvwlh4q-2300","16":"pa_48186_usvwlh4q-2301","17":"pa_48186_usvwlh4q-2302","18":"pa_48186_usvwlh4q-2303","19":"pa_48186_usvwlh4q-2304","20":"pa_48186_usvwlh4q-2305","21":"desktop-align-left","22":"tablet-align-left","23":"mobile-align-left","25":"first","26":"instock","27":"shipping-taxable","28":"purchasable","29":"product-type-variable","30":"has-default-attributes"},"_links":{"self":[{"href":"https:\/\/keluvo.com\/se\/wp-json\/wp\/v2\/product\/12725","targetHints":{"allow":["GET"]}}],"collection":[{"href":"https:\/\/keluvo.com\/se\/wp-json\/wp\/v2\/product"}],"about":[{"href":"https:\/\/keluvo.com\/se\/wp-json\/wp\/v2\/types\/product"}],"replies":[{"embeddable":true,"href":"https:\/\/keluvo.com\/se\/wp-json\/wp\/v2\/comments?post=12725"}],"wp:featuredmedia":[{"embeddable":true,"href":"https:\/\/keluvo.com\/se\/wp-json\/wp\/v2\/media\/12721"}],"wp:attachment":[{"href":"https:\/\/keluvo.com\/se\/wp-json\/wp\/v2\/media?parent=12725"}],"wp:term":[{"taxonomy":"product_brand","embeddable":true,"href":"https:\/\/keluvo.com\/se\/wp-json\/wp\/v2\/product_brand?post=12725"},{"taxonomy":"product_cat","embeddable":true,"href":"https:\/\/keluvo.com\/se\/wp-json\/wp\/v2\/product_cat?post=12725"},{"taxonomy":"product_tag","embeddable":true,"href":"https:\/\/keluvo.com\/se\/wp-json\/wp\/v2\/product_tag?post=12725"}],"curies":[{"name":"wp","href":"https:\/\/api.w.org\/{rel}","templated":true}]}}