{"id":12656,"date":"2025-06-10T17:37:46","date_gmt":"2025-06-10T15:37:46","guid":{"rendered":"https:\/\/keluvo.com\/se\/product\/solcellsstralkastare-for-tradgarden\/"},"modified":"2025-06-10T17:38:06","modified_gmt":"2025-06-10T15:38:06","slug":"solcellsstralkastare-for-tradgarden","status":"publish","type":"product","link":"https:\/\/keluvo.com\/se\/product\/solcellsstralkastare-for-tradgarden\/","title":{"rendered":"Solcellsstr\u00e5lkastare f\u00f6r tr\u00e4dg\u00e5rden"},"content":{"rendered":"<p style=\"text-align: center\"><strong>F\u00f6rnya Din Tr\u00e4dg\u00e5rd, Uteplats Eller Uppfart Med En Solcellsdriven Tr\u00e4dg\u00e5rdsspotlight Som Erbjuder B\u00e5de F\u00e4rg Och Bekv\u00e4mlighet.<\/strong><\/p>\n<p style=\"text-align: center\">V\u00e4lj mellan 9 statiska och dynamiska f\u00e4rgalternativ f\u00f6r att skapa den perfekta atmosf\u00e4ren, oavsett om du vill ha ett avkopplande sken eller en livfull display.<\/p>\n<p><img decoding=\"async\" class=\"size-full wp-image-23116 aligncenter\" src=\"https:\/\/keluvo.com\/template\/wp-content\/uploads\/sites\/5\/2025\/06\/0610v-ezgif.com-video-to-webp-converter.webp\" alt=\"\" \/><\/p>\n<p>\u2714\ufe0f <strong>Solcellsdriven<\/strong> &#8211; Varje spotlight har en h\u00f6geffektiv solpanel och ett uppladdningsbart litiumbatteri, vilket ger dig upp till 16 timmars ljus p\u00e5 en full laddning.<\/p>\n<p>\u2714\ufe0f <strong>Automatisk Drift<\/strong> &#8211; Den laddas under dagen och t\u00e4nds automatiskt p\u00e5 natten, vilket ger energieffektiv utomhusbelysning utan anstr\u00e4ngning.<\/p>\n<p>\u2714\ufe0f <strong>H\u00e5llbar Och V\u00e4derbest\u00e4ndig<\/strong> &#8211; Dessa lampor \u00e4r byggda f\u00f6r att h\u00e5lla, med en IP55-klassning f\u00f6r vattent\u00e4thet och v\u00e4rmebest\u00e4ndighet, vilket g\u00f6r dem tillf\u00f6rlitliga under alla v\u00e4derf\u00f6rh\u00e5llanden.<\/p>\n<p>\u2714\ufe0f <strong>L\u00e4tt Att Installera<\/strong> &#8211; Du kan st\u00e4lla upp dem var som helst med de medf\u00f6ljande markspikarna eller v\u00e4ggmonteringsskruvarna. Perfekt f\u00f6r tr\u00e4dg\u00e5rdar, uteplatser, stigar, v\u00e4ggar, uppfarter eller verandor.<\/p>\n<p>\u2714\ufe0f <strong>Just\u00e9rbar Belysning<\/strong> &#8211; Med justerbara paneler och f\u00f6rb\u00e4ttrade solcellsmoduler kan du enkelt \u00e4ndra vinkel och position f\u00f6r att belysa v\u00e4xter, strukturer eller stigar.<\/p>\n<p><img decoding=\"async\" class=\"size-full wp-image-23117 aligncenter\" src=\"https:\/\/keluvo.com\/template\/wp-content\/uploads\/sites\/5\/2025\/06\/1725358747___15_480x480.webp\" alt=\"\" \/><\/p>\n<h2 style=\"text-align: center\">\ud83d\udccfSpecifikationer<\/h2>\n<ul>\n<li>Twilight sensor: Ja<\/li>\n<li>Energik\u00e4lla: Solcellsdriven<\/li>\n<li>Drifttid: Upp till 16 timmar<\/li>\n<li>V\u00e4derbest\u00e4ndighet: Ja, IP55<\/li>\n<li>F\u00e4rger: 9 f\u00e4rgalternativ<\/li>\n<li>Ljusk\u00e4lla: H\u00f6gpresterande LED-lampor<\/li>\n<li>H\u00f6jd: 30,5 cm<\/li>\n<li>Installation: Inklusive jordspett och monteringsskruvar.<\/li>\n<\/ul>\n","protected":false},"excerpt":{"rendered":"<p>F\u00f6rnya Din Tr\u00e4dg\u00e5rd, Uteplats Eller Uppfart Med En Solcellsdriven Tr\u00e4dg\u00e5rdsspotlight Som Erbjuder B\u00e5de F\u00e4rg Och Bekv\u00e4mlighet. V\u00e4lj mellan 9 statiska [&hellip;]<\/p>\n","protected":false},"featured_media":12652,"comment_status":"open","ping_status":"closed","template":"","meta":{"site-sidebar-layout":"default","site-content-layout":"","ast-site-content-layout":"default","site-content-style":"default","site-sidebar-style":"default","ast-global-header-display":"","ast-banner-title-visibility":"","ast-main-header-display":"","ast-hfb-above-header-display":"","ast-hfb-below-header-display":"","ast-hfb-mobile-header-display":"","site-post-title":"","ast-breadcrumbs-content":"","ast-featured-img":"","footer-sml-layout":"","theme-transparent-header-meta":"default","adv-header-id-meta":"","stick-header-meta":"","header-above-stick-meta":"","header-main-stick-meta":"","header-below-stick-meta":"","astra-migrate-meta-layouts":"set","ast-page-background-enabled":"default","ast-page-background-meta":{"desktop":{"background-color":"var(--ast-global-color-4)","background-image":"","background-repeat":"repeat","background-position":"center center","background-size":"auto","background-attachment":"scroll","background-type":"","background-media":"","overlay-type":"","overlay-color":"","overlay-opacity":"","overlay-gradient":""},"tablet":{"background-color":"","background-image":"","background-repeat":"repeat","background-position":"center center","background-size":"auto","background-attachment":"scroll","background-type":"","background-media":"","overlay-type":"","overlay-color":"","overlay-opacity":"","overlay-gradient":""},"mobile":{"background-color":"","background-image":"","background-repeat":"repeat","background-position":"center center","background-size":"auto","background-attachment":"scroll","background-type":"","background-media":"","overlay-type":"","overlay-color":"","overlay-opacity":"","overlay-gradient":""}},"ast-content-background-meta":{"desktop":{"background-color":"var(--ast-global-color-5)","background-image":"","background-repeat":"repeat","background-position":"center center","background-size":"auto","background-attachment":"scroll","background-type":"","background-media":"","overlay-type":"","overlay-color":"","overlay-opacity":"","overlay-gradient":""},"tablet":{"background-color":"var(--ast-global-color-5)","background-image":"","background-repeat":"repeat","background-position":"center center","background-size":"auto","background-attachment":"scroll","background-type":"","background-media":"","overlay-type":"","overlay-color":"","overlay-opacity":"","overlay-gradient":""},"mobile":{"background-color":"var(--ast-global-color-5)","background-image":"","background-repeat":"repeat","background-position":"center center","background-size":"auto","background-attachment":"scroll","background-type":"","background-media":"","overlay-type":"","overlay-color":"","overlay-opacity":"","overlay-gradient":""}}},"product_brand":[],"product_cat":[1001],"product_tag":[],"class_list":{"0":"post-12656","1":"product","2":"type-product","3":"status-publish","4":"has-post-thumbnail","6":"product_cat-household-goods","7":"pa_48185_vdcngap2-2st","8":"pa_48185_vdcngap2-4-st","9":"pa_48185_vdcngap2-10-st","10":"pa_48185_xjnbx2fz-multicolor","11":"pa_48185_xjnbx2fz-naturvit","12":"pa_48185_xjnbx2fz-varm-vit","13":"desktop-align-left","14":"tablet-align-left","15":"mobile-align-left","17":"first","18":"instock","19":"shipping-taxable","20":"purchasable","21":"product-type-variable","22":"has-default-attributes"},"_links":{"self":[{"href":"https:\/\/keluvo.com\/se\/wp-json\/wp\/v2\/product\/12656","targetHints":{"allow":["GET"]}}],"collection":[{"href":"https:\/\/keluvo.com\/se\/wp-json\/wp\/v2\/product"}],"about":[{"href":"https:\/\/keluvo.com\/se\/wp-json\/wp\/v2\/types\/product"}],"replies":[{"embeddable":true,"href":"https:\/\/keluvo.com\/se\/wp-json\/wp\/v2\/comments?post=12656"}],"wp:featuredmedia":[{"embeddable":true,"href":"https:\/\/keluvo.com\/se\/wp-json\/wp\/v2\/media\/12652"}],"wp:attachment":[{"href":"https:\/\/keluvo.com\/se\/wp-json\/wp\/v2\/media?parent=12656"}],"wp:term":[{"taxonomy":"product_brand","embeddable":true,"href":"https:\/\/keluvo.com\/se\/wp-json\/wp\/v2\/product_brand?post=12656"},{"taxonomy":"product_cat","embeddable":true,"href":"https:\/\/keluvo.com\/se\/wp-json\/wp\/v2\/product_cat?post=12656"},{"taxonomy":"product_tag","embeddable":true,"href":"https:\/\/keluvo.com\/se\/wp-json\/wp\/v2\/product_tag?post=12656"}],"curies":[{"name":"wp","href":"https:\/\/api.w.org\/{rel}","templated":true}]}}