{"id":12651,"date":"2025-06-10T17:37:01","date_gmt":"2025-06-10T15:37:01","guid":{"rendered":"https:\/\/keluvo.com\/se\/product\/periodiska-systemet-for-grundamnen\/"},"modified":"2025-06-10T17:50:45","modified_gmt":"2025-06-10T15:50:45","slug":"periodiska-systemet-for-grundamnen","status":"publish","type":"product","link":"https:\/\/keluvo.com\/se\/product\/periodiska-systemet-for-grundamnen\/","title":{"rendered":"Periodiska systemet f\u00f6r grund\u00e4mnen"},"content":{"rendered":"<p style=\"text-align: center;\">Det periodiska systemet f\u00f6r de reella elementen \u00e4r en sp\u00e4nnande och unik display som inneh\u00e5ller 83 riktiga grund\u00e4mnen i klar akryl, inklusive \u00e4delmetaller som guld, silver och platina. Det h\u00e4r vackra f\u00f6rem\u00e5let illustrerar komplexiteten och variationen i det periodiska systemet p\u00e5 ett ljust, tredimensionellt s\u00e4tt, med inbyggd belysning som g\u00f6r att grund\u00e4mnena framtr\u00e4der tydligt. Det \u00e4r inte bara en vetenskaplig display; det \u00e4r ocks\u00e5 ett roligt pedagogiskt verktyg och en snygg dekoration f\u00f6r alla utrymmen.<\/p>\n<p><img decoding=\"async\" class=\"size-full wp-image-23109 aligncenter\" src=\"https:\/\/keluvo.com\/template\/wp-content\/uploads\/sites\/5\/2025\/06\/ezgif.com-video-to-webp-converter-2.webp\" alt=\"\" \/><\/p>\n<p>\u2714\ufe0f<strong> 83 Riktiga Grund\u00e4mnesprover <\/strong>\u2013 Inneh\u00e5ller 83 noggrant utvalda riktiga grund\u00e4mnen, som visas i sina unika 3D-former och livfulla f\u00e4rger. Den h\u00e4r samlingen inneh\u00e5ller inga radioaktiva eller giftiga \u00e4mnen, vilket g\u00f6r den s\u00e4ker och intressant att observera. Den \u00e4r perfekt f\u00f6r att v\u00e4cka nyfikenhet och l\u00e4ra sig om det periodiska systemet.<\/p>\n<p>\u2714\ufe0f <strong>Premiummaterial<\/strong> \u2013 Tillverkad av klar, giftfri akryl, den \u00e4r h\u00e5llbar, s\u00e4ker och ser bra ut i alla milj\u00f6er. Det \u00e4r l\u00e4tt men robust, vilket g\u00f6r det idealiskt f\u00f6r b\u00e5de dekoration och pedagogisk anv\u00e4ndning.<\/p>\n<p>\u2714\ufe0f <strong>Inspirerande Och Multifunktionell Design <\/strong>\u2013 Detta periodiska system kombinerar vetenskap och konst, vilket f\u00f6rst\u00e4rks av dess upplysande funktion. Oavsett om det \u00e4r ett pedagogiskt verktyg eller en fantastisk dekorativ bit, uppmuntrar det meningsfulla konversationer och en b\u00e4ttre f\u00f6rst\u00e5else f\u00f6r kemi och elementen.<\/p>\n<h2 style=\"text-align: center;\">\ud83d\udcd0Specifikationer:<\/h2>\n<ul>\n<li>Str\u00f6mf\u00f6rs\u00f6rjning: USB-kontakt<\/li>\n<li>Ljusf\u00e4rg: Varmvit<\/li>\n<li>Material: Akryl + tr\u00e4<\/li>\n<li>Dimensioner: <span style=\"font-size: 16px;\">15 x 13,4 x 4,5 cm.<\/span><\/li>\n<\/ul>\n","protected":false},"excerpt":{"rendered":"<p>Det periodiska systemet f\u00f6r de reella elementen \u00e4r en sp\u00e4nnande och unik display som inneh\u00e5ller 83 riktiga grund\u00e4mnen i klar [&hellip;]<\/p>\n","protected":false},"featured_media":12647,"comment_status":"open","ping_status":"closed","template":"","meta":{"site-sidebar-layout":"default","site-content-layout":"","ast-site-content-layout":"default","site-content-style":"default","site-sidebar-style":"default","ast-global-header-display":"","ast-banner-title-visibility":"","ast-main-header-display":"","ast-hfb-above-header-display":"","ast-hfb-below-header-display":"","ast-hfb-mobile-header-display":"","site-post-title":"","ast-breadcrumbs-content":"","ast-featured-img":"","footer-sml-layout":"","theme-transparent-header-meta":"default","adv-header-id-meta":"","stick-header-meta":"","header-above-stick-meta":"","header-main-stick-meta":"","header-below-stick-meta":"","astra-migrate-meta-layouts":"set","ast-page-background-enabled":"default","ast-page-background-meta":{"desktop":{"background-color":"var(--ast-global-color-4)","background-image":"","background-repeat":"repeat","background-position":"center center","background-size":"auto","background-attachment":"scroll","background-type":"","background-media":"","overlay-type":"","overlay-color":"","overlay-opacity":"","overlay-gradient":""},"tablet":{"background-color":"","background-image":"","background-repeat":"repeat","background-position":"center center","background-size":"auto","background-attachment":"scroll","background-type":"","background-media":"","overlay-type":"","overlay-color":"","overlay-opacity":"","overlay-gradient":""},"mobile":{"background-color":"","background-image":"","background-repeat":"repeat","background-position":"center center","background-size":"auto","background-attachment":"scroll","background-type":"","background-media":"","overlay-type":"","overlay-color":"","overlay-opacity":"","overlay-gradient":""}},"ast-content-background-meta":{"desktop":{"background-color":"var(--ast-global-color-5)","background-image":"","background-repeat":"repeat","background-position":"center center","background-size":"auto","background-attachment":"scroll","background-type":"","background-media":"","overlay-type":"","overlay-color":"","overlay-opacity":"","overlay-gradient":""},"tablet":{"background-color":"var(--ast-global-color-5)","background-image":"","background-repeat":"repeat","background-position":"center center","background-size":"auto","background-attachment":"scroll","background-type":"","background-media":"","overlay-type":"","overlay-color":"","overlay-opacity":"","overlay-gradient":""},"mobile":{"background-color":"var(--ast-global-color-5)","background-image":"","background-repeat":"repeat","background-position":"center center","background-size":"auto","background-attachment":"scroll","background-type":"","background-media":"","overlay-type":"","overlay-color":"","overlay-opacity":"","overlay-gradient":""}}},"product_brand":[],"product_cat":[1001],"product_tag":[],"class_list":{"0":"post-12651","1":"product","2":"type-product","3":"status-publish","4":"has-post-thumbnail","6":"product_cat-household-goods","7":"desktop-align-left","8":"tablet-align-left","9":"mobile-align-left","11":"first","12":"instock","13":"shipping-taxable","14":"purchasable","15":"product-type-simple"},"_links":{"self":[{"href":"https:\/\/keluvo.com\/se\/wp-json\/wp\/v2\/product\/12651","targetHints":{"allow":["GET"]}}],"collection":[{"href":"https:\/\/keluvo.com\/se\/wp-json\/wp\/v2\/product"}],"about":[{"href":"https:\/\/keluvo.com\/se\/wp-json\/wp\/v2\/types\/product"}],"replies":[{"embeddable":true,"href":"https:\/\/keluvo.com\/se\/wp-json\/wp\/v2\/comments?post=12651"}],"wp:featuredmedia":[{"embeddable":true,"href":"https:\/\/keluvo.com\/se\/wp-json\/wp\/v2\/media\/12647"}],"wp:attachment":[{"href":"https:\/\/keluvo.com\/se\/wp-json\/wp\/v2\/media?parent=12651"}],"wp:term":[{"taxonomy":"product_brand","embeddable":true,"href":"https:\/\/keluvo.com\/se\/wp-json\/wp\/v2\/product_brand?post=12651"},{"taxonomy":"product_cat","embeddable":true,"href":"https:\/\/keluvo.com\/se\/wp-json\/wp\/v2\/product_cat?post=12651"},{"taxonomy":"product_tag","embeddable":true,"href":"https:\/\/keluvo.com\/se\/wp-json\/wp\/v2\/product_tag?post=12651"}],"curies":[{"name":"wp","href":"https:\/\/api.w.org\/{rel}","templated":true}]}}