{"id":12556,"date":"2025-06-10T10:08:41","date_gmt":"2025-06-10T08:08:41","guid":{"rendered":"https:\/\/keluvo.com\/se\/product\/planteringskruka\/"},"modified":"2025-09-22T20:02:52","modified_gmt":"2025-09-22T17:02:52","slug":"planteringskruka","status":"publish","type":"product","link":"https:\/\/keluvo.com\/se\/product\/planteringskruka\/","title":{"rendered":"Planteringskruka"},"content":{"rendered":"<p style=\"text-align: center;\"><strong>\ud83c\udf31 L\u00e4gg till en touch av gl\u00e4dje i ditt utrymme med sheremart joy planter!<\/strong><\/p>\n<p style=\"text-align: center;\">Ljusa upp alla rum, tr\u00e4dg\u00e5rdar eller uteplatser med denna roliga, leende planteringskruka &#8211; perfekt f\u00f6r att s\u00e4tta till humor och charm till dina favoritv\u00e4xter. Denna charmiga blomkruka \u00e4r tillverkad av h\u00e5llbart harts och har ett glatt uttryck och lekfulla f\u00f6tter, vilket g\u00f6r den till en enast\u00e5ende dekoration inomhus eller utomhus. Den \u00e4r utformad med ett rymligt planteringsk\u00e4rl och ett inbyggt dr\u00e4neringsh\u00e5l, och \u00e4r b\u00e5de funktionell och rolig &#8211; perfekt f\u00f6r suckulenter, \u00f6rter och sm\u00e5 krukv\u00e4xter.<\/p>\n<p><img decoding=\"async\" class=\"alignnone size-full wp-image-20882 aligncenter\" src=\"https:\/\/keluvo.com\/template\/wp-content\/uploads\/sites\/5\/2025\/05\/Sa261e311ef95437a8f56a0fcebea4a2dA.jpg_960x960q75.jpg_.jpeg\" alt=\"\" \/><\/p>\n<h2 style=\"text-align: center;\">\ud83c\udf1f Huvudf\u00f6rdelar<\/h2>\n<p><span style=\"font-weight: 400;\">\ud83d\ude04 <\/span><b>Finurlig design<\/b><span style=\"font-weight: 400;\"> \u2013 Ger humor och personlighet med sitt leende ansikte och f\u00f6tter.<\/span><\/p>\n<p><span style=\"font-weight: 400;\">\ud83e\udeb4 <\/span><b>M\u00e5ngsidig anv\u00e4ndning<\/b><span style=\"font-weight: 400;\"> \u2013 Perfekt f\u00f6r suckulenter, \u00f6rter, blommor eller konstgjorda v\u00e4xter.<\/span><\/p>\n<p><span style=\"font-weight: 400;\">\ud83d\udca7 <\/span><b>Inbyggd dr\u00e4nering<\/b><span style=\"font-weight: 400;\"> \u2013 F\u00f6rhindrar \u00f6verbevattning och fr\u00e4mjar h\u00e4lsosam tillv\u00e4xt.<\/span><\/p>\n<p><span style=\"font-weight: 400;\">\ud83c\udfe1 <\/span><b>Inomhus-\/utomhusv\u00e4nlig<\/b><span style=\"font-weight: 400;\"> \u2013 Perfekt f\u00f6r tr\u00e4dg\u00e5rdar, uteplatser, verandor, skrivbord eller f\u00f6nsterbr\u00e4dor.<\/span><\/p>\n<p><span style=\"font-weight: 400;\">\ud83c\udf81 <\/span><b>Perfekt present<\/b><span style=\"font-weight: 400;\"> \u2013 En rolig \u00f6verraskning f\u00f6r v\u00e4xt\u00e4lskare, konstfans och alla som \u00e4lskar unik heminredning.<\/span><\/p>\n<p><img decoding=\"async\" class=\"alignnone size-full wp-image-20872 aligncenter\" src=\"https:\/\/keluvo.com\/template\/wp-content\/uploads\/sites\/5\/2025\/05\/8a7889f0-6e38-4830-8b63-369cb5fca8c9.webp.webp\" alt=\"\" \/><\/p>\n<h2 style=\"text-align: center;\">\ud83d\udee0\ufe0f Anv\u00e4ndning<\/h2>\n<ol>\n<li style=\"font-weight: 400;\"><span style=\"font-weight: 400;\">Placera planteringskrukan p\u00e5 \u00f6nskad plats.<\/span><\/li>\n<li style=\"font-weight: 400;\"><span style=\"font-weight: 400;\">L\u00e4gg i jord och din favoritv\u00e4xt eller blomma.<\/span><span style=\"font-weight: 400;\"><br \/>\n<\/span><\/li>\n<li style=\"font-weight: 400;\"><span style=\"font-weight: 400;\">Vattna l\u00e4tt och l\u00e5t \u00f6verfl\u00f6digt vatten rinna ut genom det inbyggda h\u00e5let.<\/span><\/li>\n<li style=\"font-weight: 400;\"><span style=\"font-weight: 400;\">Njut av de glada vibbarna som den ger ditt utrymme!<\/span><span style=\"font-weight: 400;\"><br \/>\n<\/span><\/li>\n<\/ol>\n<h2 style=\"text-align: center;\">\ud83d\udccf Produktdetaljer<\/h2>\n<ul>\n<li style=\"font-weight: 400;\"><span style=\"font-weight: 400;\">Material: H\u00f6gkvalitativt harts<\/span><span style=\"font-weight: 400;\"><br \/>\n<\/span><\/li>\n<li style=\"font-weight: 400;\"><span style=\"font-weight: 400;\">Storlek: 150 \u00d7 120 \u00d7 110 mm<\/span><span style=\"font-weight: 400;\"><br \/>\n<\/span><\/li>\n<li style=\"font-weight: 400;\"><span style=\"font-weight: 400;\">Vikt: L\u00e4tt och enkel att flytta<\/span><span style=\"font-weight: 400;\"><br \/>\n<\/span><\/li>\n<li style=\"font-weight: 400;\"><span style=\"font-weight: 400;\">Anv\u00e4ndning: Dekorativ planteringskruka inomhus eller utomhus<\/span><\/li>\n<\/ul>\n<h2 style=\"text-align: center;\">\ud83d\udce6 Paketet inneh\u00e5ller<\/h2>\n<ul>\n<li style=\"font-weight: 400;\"><span style=\"font-weight: 400;\">1 x planteringsk\u00e4rl.<\/span><\/li>\n<\/ul>\n","protected":false},"excerpt":{"rendered":"<p>\ud83c\udf31 L\u00e4gg till en touch av gl\u00e4dje i ditt utrymme med sheremart joy planter! Ljusa upp alla rum, tr\u00e4dg\u00e5rdar eller [&hellip;]<\/p>\n","protected":false},"featured_media":12552,"comment_status":"open","ping_status":"closed","template":"","meta":{"site-sidebar-layout":"default","site-content-layout":"","ast-site-content-layout":"default","site-content-style":"default","site-sidebar-style":"default","ast-global-header-display":"","ast-banner-title-visibility":"","ast-main-header-display":"","ast-hfb-above-header-display":"","ast-hfb-below-header-display":"","ast-hfb-mobile-header-display":"","site-post-title":"","ast-breadcrumbs-content":"","ast-featured-img":"","footer-sml-layout":"","theme-transparent-header-meta":"default","adv-header-id-meta":"","stick-header-meta":"","header-above-stick-meta":"","header-main-stick-meta":"","header-below-stick-meta":"","astra-migrate-meta-layouts":"set","ast-page-background-enabled":"default","ast-page-background-meta":{"desktop":{"background-color":"var(--ast-global-color-4)","background-image":"","background-repeat":"repeat","background-position":"center center","background-size":"auto","background-attachment":"scroll","background-type":"","background-media":"","overlay-type":"","overlay-color":"","overlay-opacity":"","overlay-gradient":""},"tablet":{"background-color":"","background-image":"","background-repeat":"repeat","background-position":"center center","background-size":"auto","background-attachment":"scroll","background-type":"","background-media":"","overlay-type":"","overlay-color":"","overlay-opacity":"","overlay-gradient":""},"mobile":{"background-color":"","background-image":"","background-repeat":"repeat","background-position":"center center","background-size":"auto","background-attachment":"scroll","background-type":"","background-media":"","overlay-type":"","overlay-color":"","overlay-opacity":"","overlay-gradient":""}},"ast-content-background-meta":{"desktop":{"background-color":"var(--ast-global-color-5)","background-image":"","background-repeat":"repeat","background-position":"center center","background-size":"auto","background-attachment":"scroll","background-type":"","background-media":"","overlay-type":"","overlay-color":"","overlay-opacity":"","overlay-gradient":""},"tablet":{"background-color":"var(--ast-global-color-5)","background-image":"","background-repeat":"repeat","background-position":"center center","background-size":"auto","background-attachment":"scroll","background-type":"","background-media":"","overlay-type":"","overlay-color":"","overlay-opacity":"","overlay-gradient":""},"mobile":{"background-color":"var(--ast-global-color-5)","background-image":"","background-repeat":"repeat","background-position":"center center","background-size":"auto","background-attachment":"scroll","background-type":"","background-media":"","overlay-type":"","overlay-color":"","overlay-opacity":"","overlay-gradient":""}}},"product_brand":[],"product_cat":[1001],"product_tag":[],"class_list":{"0":"post-12556","1":"product","2":"type-product","3":"status-publish","4":"has-post-thumbnail","6":"product_cat-household-goods","7":"pa_21043_phxrif70-a","8":"pa_21043_phxrif70-b","9":"pa_21043_phxrif70-c","10":"pa_21043_phxrif70-d","11":"pa_21043_phxrif70-e","12":"pa_21043_phxrif70-f","13":"desktop-align-left","14":"tablet-align-left","15":"mobile-align-left","17":"first","18":"instock","19":"shipping-taxable","20":"purchasable","21":"product-type-variable"},"_links":{"self":[{"href":"https:\/\/keluvo.com\/se\/wp-json\/wp\/v2\/product\/12556","targetHints":{"allow":["GET"]}}],"collection":[{"href":"https:\/\/keluvo.com\/se\/wp-json\/wp\/v2\/product"}],"about":[{"href":"https:\/\/keluvo.com\/se\/wp-json\/wp\/v2\/types\/product"}],"replies":[{"embeddable":true,"href":"https:\/\/keluvo.com\/se\/wp-json\/wp\/v2\/comments?post=12556"}],"wp:featuredmedia":[{"embeddable":true,"href":"https:\/\/keluvo.com\/se\/wp-json\/wp\/v2\/media\/12552"}],"wp:attachment":[{"href":"https:\/\/keluvo.com\/se\/wp-json\/wp\/v2\/media?parent=12556"}],"wp:term":[{"taxonomy":"product_brand","embeddable":true,"href":"https:\/\/keluvo.com\/se\/wp-json\/wp\/v2\/product_brand?post=12556"},{"taxonomy":"product_cat","embeddable":true,"href":"https:\/\/keluvo.com\/se\/wp-json\/wp\/v2\/product_cat?post=12556"},{"taxonomy":"product_tag","embeddable":true,"href":"https:\/\/keluvo.com\/se\/wp-json\/wp\/v2\/product_tag?post=12556"}],"curies":[{"name":"wp","href":"https:\/\/api.w.org\/{rel}","templated":true}]}}