{"id":12276,"date":"2025-06-06T18:00:37","date_gmt":"2025-06-06T16:00:37","guid":{"rendered":"https:\/\/keluvo.com\/se\/product\/ortopediska-walking-sneakers-for-kvinnor\/"},"modified":"2025-07-04T17:38:52","modified_gmt":"2025-07-04T15:38:52","slug":"ortopediska-walking-sneakers-for-kvinnor","status":"publish","type":"product","link":"https:\/\/keluvo.com\/se\/product\/ortopediska-walking-sneakers-for-kvinnor\/","title":{"rendered":"Ortopediska walking sneakers f\u00f6r kvinnor"},"content":{"rendered":"<p style=\"text-align: center\">Dessa skor \u00e4r skapade av ortopediska experter f\u00f6r att hj\u00e4lpa till med h\u00e4l-, fot- och kn\u00e4sm\u00e4rta! Om du letar efter l\u00e5ngdistansst\u00f6d \u00e4r dessa perfekta f\u00f6r dem som vill g\u00e5 bekv\u00e4mt igen utan sm\u00e4rta. Ingen vill att h\u00e4lsporre eller fotproblem ska p\u00e5verka deras liv.<\/p>\n<p><img decoding=\"async\" class=\"alignnone size-full wp-image-22844 aligncenter\" src=\"https:\/\/keluvo.com\/template\/wp-content\/uploads\/sites\/5\/2025\/06\/ef0d75b69a9625c0aa8b029ba4f51159.webp\" alt=\"\" \/><\/p>\n<h2 style=\"text-align: center\">Vad g\u00f6r dessa skor s\u00e5 speciella?<\/h2>\n<p><strong>\u2714\ufe0f D\u00e4mpning<\/strong> &#8211; De ger d\u00e4mpning f\u00f6r hela foten, vilket garanterar komfort. Sulan har en speciell gel som absorberar st\u00f6tar b\u00e4ttre \u00e4n andra.<\/p>\n<p><strong>\u2714\ufe0f Stabilitet<\/strong> &#8211; Den breda sulan med 4 cm klack ger stabilitet, medan innersulan \u00e4r utformad f\u00f6r perfekt passform och komfort.<\/p>\n<p><strong>\u2714\ufe0f Passar Alla<\/strong> &#8211; Dessa skor passar b\u00e5de breda och smala f\u00f6tter. Dessutom \u00e4r de tillverkade av material som andas f\u00f6r att h\u00e5lla dina f\u00f6tter svala!<\/p>\n<p style=\"text-align: center\">S\u00e4g adj\u00f6 till fotsm\u00e4rta med v\u00e5ra ortopediska skor, tillverkade av amerikanska ortopedkirurger! De \u00e4r utm\u00e4rkta f\u00f6r dem som har problem med plantar fasciit, h\u00e4lsporre, Mortons neurom, gikt och mycket mer. Den unika sulan ger extra st\u00f6d, absorberar 98% av h\u00e4ltrycket och ger bra grepp.<\/p>\n<p><img decoding=\"async\" class=\"size-full wp-image-22835 aligncenter\" src=\"https:\/\/keluvo.com\/template\/wp-content\/uploads\/sites\/5\/2025\/06\/shoo-chart.jpg\" alt=\"\" \/><\/p>\n","protected":false},"excerpt":{"rendered":"<p>Dessa skor \u00e4r skapade av ortopediska experter f\u00f6r att hj\u00e4lpa till med h\u00e4l-, fot- och kn\u00e4sm\u00e4rta! Om du letar efter [&hellip;]<\/p>\n","protected":false},"featured_media":12272,"comment_status":"open","ping_status":"closed","template":"","meta":{"site-sidebar-layout":"default","site-content-layout":"","ast-site-content-layout":"default","site-content-style":"default","site-sidebar-style":"default","ast-global-header-display":"","ast-banner-title-visibility":"","ast-main-header-display":"","ast-hfb-above-header-display":"","ast-hfb-below-header-display":"","ast-hfb-mobile-header-display":"","site-post-title":"","ast-breadcrumbs-content":"","ast-featured-img":"","footer-sml-layout":"","theme-transparent-header-meta":"default","adv-header-id-meta":"","stick-header-meta":"","header-above-stick-meta":"","header-main-stick-meta":"","header-below-stick-meta":"","astra-migrate-meta-layouts":"set","ast-page-background-enabled":"default","ast-page-background-meta":{"desktop":{"background-color":"var(--ast-global-color-4)","background-image":"","background-repeat":"repeat","background-position":"center center","background-size":"auto","background-attachment":"scroll","background-type":"","background-media":"","overlay-type":"","overlay-color":"","overlay-opacity":"","overlay-gradient":""},"tablet":{"background-color":"","background-image":"","background-repeat":"repeat","background-position":"center center","background-size":"auto","background-attachment":"scroll","background-type":"","background-media":"","overlay-type":"","overlay-color":"","overlay-opacity":"","overlay-gradient":""},"mobile":{"background-color":"","background-image":"","background-repeat":"repeat","background-position":"center center","background-size":"auto","background-attachment":"scroll","background-type":"","background-media":"","overlay-type":"","overlay-color":"","overlay-opacity":"","overlay-gradient":""}},"ast-content-background-meta":{"desktop":{"background-color":"var(--ast-global-color-5)","background-image":"","background-repeat":"repeat","background-position":"center center","background-size":"auto","background-attachment":"scroll","background-type":"","background-media":"","overlay-type":"","overlay-color":"","overlay-opacity":"","overlay-gradient":""},"tablet":{"background-color":"var(--ast-global-color-5)","background-image":"","background-repeat":"repeat","background-position":"center center","background-size":"auto","background-attachment":"scroll","background-type":"","background-media":"","overlay-type":"","overlay-color":"","overlay-opacity":"","overlay-gradient":""},"mobile":{"background-color":"var(--ast-global-color-5)","background-image":"","background-repeat":"repeat","background-position":"center center","background-size":"auto","background-attachment":"scroll","background-type":"","background-media":"","overlay-type":"","overlay-color":"","overlay-opacity":"","overlay-gradient":""}}},"product_brand":[],"product_cat":[993],"product_tag":[],"class_list":{"0":"post-12276","1":"product","2":"type-product","3":"status-publish","4":"has-post-thumbnail","6":"product_cat-footwear-accessories","7":"pa_48176_2tezpuoa-beige","8":"pa_48176_2tezpuoa-gra","9":"pa_48176_2tezpuoa-gron","10":"pa_48176_2tezpuoa-khaki","11":"pa_48176_2tezpuoa-lila","12":"pa_48176_2tezpuoa-ljuslila","13":"pa_48176_2tezpuoa-morkgra","14":"pa_48176_2tezpuoa-rod","15":"pa_48176_2tezpuoa-svart","16":"pa_48176_4dh4rv62-2243","17":"pa_48176_4dh4rv62-2244","18":"pa_48176_4dh4rv62-2245","19":"pa_48176_4dh4rv62-2246","20":"pa_48176_4dh4rv62-2247","21":"pa_48176_4dh4rv62-2248","22":"pa_48176_4dh4rv62-2249","23":"pa_48176_4dh4rv62-2250","24":"pa_48176_4dh4rv62-2251","25":"desktop-align-left","26":"tablet-align-left","27":"mobile-align-left","29":"first","30":"instock","31":"shipping-taxable","32":"purchasable","33":"product-type-variable","34":"has-default-attributes"},"_links":{"self":[{"href":"https:\/\/keluvo.com\/se\/wp-json\/wp\/v2\/product\/12276","targetHints":{"allow":["GET"]}}],"collection":[{"href":"https:\/\/keluvo.com\/se\/wp-json\/wp\/v2\/product"}],"about":[{"href":"https:\/\/keluvo.com\/se\/wp-json\/wp\/v2\/types\/product"}],"replies":[{"embeddable":true,"href":"https:\/\/keluvo.com\/se\/wp-json\/wp\/v2\/comments?post=12276"}],"wp:featuredmedia":[{"embeddable":true,"href":"https:\/\/keluvo.com\/se\/wp-json\/wp\/v2\/media\/12272"}],"wp:attachment":[{"href":"https:\/\/keluvo.com\/se\/wp-json\/wp\/v2\/media?parent=12276"}],"wp:term":[{"taxonomy":"product_brand","embeddable":true,"href":"https:\/\/keluvo.com\/se\/wp-json\/wp\/v2\/product_brand?post=12276"},{"taxonomy":"product_cat","embeddable":true,"href":"https:\/\/keluvo.com\/se\/wp-json\/wp\/v2\/product_cat?post=12276"},{"taxonomy":"product_tag","embeddable":true,"href":"https:\/\/keluvo.com\/se\/wp-json\/wp\/v2\/product_tag?post=12276"}],"curies":[{"name":"wp","href":"https:\/\/api.w.org\/{rel}","templated":true}]}}