{"id":12127,"date":"2025-06-06T17:57:14","date_gmt":"2025-06-06T15:57:14","guid":{"rendered":"https:\/\/keluvo.com\/se\/product\/bekvama-skor-for-diabetiker\/"},"modified":"2025-06-09T18:36:36","modified_gmt":"2025-06-09T16:36:36","slug":"bekvama-skor-for-diabetiker","status":"publish","type":"product","link":"https:\/\/keluvo.com\/se\/product\/bekvama-skor-for-diabetiker\/","title":{"rendered":"Bekv\u00e4ma skor f\u00f6r diabetiker"},"content":{"rendered":"<h2 style=\"text-align: center;\">Lider du av n\u00e5got av f\u00f6ljande?<\/h2>\n<ul>\n<li>Fotsm\u00e4rta<\/li>\n<li>H\u00e4lsporre<\/li>\n<li>Kn\u00e4sm\u00e4rta<img decoding=\"async\" class=\"alignnone size-full wp-image-22760\" style=\"font-weight: inherit; text-align: center;\" src=\"https:\/\/keluvo.com\/template\/wp-content\/uploads\/sites\/5\/2025\/06\/pain.jpg\" alt=\"\" \/><\/li>\n<\/ul>\n<h2 style=\"text-align: center;\">Inget mer lidande. Komfort f\u00f6r varje steg!<\/h2>\n<ul>\n<li>Luftd\u00e4mpning<\/li>\n<li>H\u00e5lfotsst\u00f6d<\/li>\n<li>Passar alla fottyper<\/li>\n<\/ul>\n<p><img decoding=\"async\" class=\"alignnone size-full wp-image-22748 aligncenter\" src=\"https:\/\/keluvo.com\/template\/wp-content\/uploads\/sites\/5\/2025\/06\/20250430-bg8-1.webp\" alt=\"\" \/><\/p>\n<p style=\"text-align: center;\">Ortopedkirurger rekommenderar starkt dessa promenadskor som \u00e4r utformade f\u00f6r diabetiker. De hj\u00e4lper till att lindra tryck och obehag i samband med d\u00e5ligt anpassade skor. Med f\u00f6rb\u00e4ttrad stabilitet och st\u00f6d kan dessa skor avsev\u00e4rt f\u00f6rb\u00e4ttra din g\u00e5ngf\u00f6rm\u00e5ga och h\u00e5llning, vilket g\u00f6r dagliga aktiviteter mycket mer hanterbara.<\/p>\n<h2 style=\"text-align: center;\">Avancerat luftkuddesupport<\/h2>\n<div class=\"sp-detail\" style=\"text-align: center;\">Omsluter dina f\u00f6tter &#8211; som att g\u00e5 p\u00e5 moln!<\/div>\n<div style=\"text-align: center;\">Avlastar trycket p\u00e5 lederna!<\/div>\n<div style=\"text-align: center;\">3D ortopediskt st\u00f6d!<\/div>\n<div><img fetchpriority=\"high\" decoding=\"async\" class=\"wp-image-22750 aligncenter\" src=\"https:\/\/keluvo.com\/template\/wp-content\/uploads\/sites\/5\/2025\/06\/20250430-gif2.webp\" alt=\"\" width=\"500\" height=\"448\" \/><img decoding=\"async\" class=\"wp-image-22749 aligncenter\" src=\"https:\/\/keluvo.com\/template\/wp-content\/uploads\/sites\/5\/2025\/06\/20250430-gif3.webp\" alt=\"\" width=\"500\" height=\"500\" \/><\/div>\n<div><\/div>\n<h2 style=\"text-align: center;\">G\u00e5 stolt!<\/h2>\n<p style=\"text-align: center;\">H\u00e5ll dig sval och bekv\u00e4m vart du \u00e4n g\u00e5r.<\/p>\n<div>\n<section>\u274c Ingen bakteriebildning<\/section>\n<section>\u274c Ingen luktbildning<\/section>\n<section>\u274c Ingen svettig k\u00e4nsla<\/section>\n<section><img decoding=\"async\" class=\"alignnone size-full wp-image-22746 aligncenter\" src=\"https:\/\/keluvo.com\/template\/wp-content\/uploads\/sites\/5\/2025\/06\/20250430-bg8-2.webp\" alt=\"\" \/><\/section>\n<\/div>\n<h2 style=\"text-align: center;\">Utm\u00e4rkt halkskydd<\/h2>\n<ul>\n<li>Non-slip<\/li>\n<li>\n<div class=\"sp-text\">Rept\u00e5lig<\/div>\n<\/li>\n<li>\n<div class=\"sp-text\">St\u00f6td\u00e4mpande<\/div>\n<\/li>\n<\/ul>\n<p><img decoding=\"async\" class=\"alignnone size-full wp-image-22745 aligncenter\" src=\"https:\/\/keluvo.com\/template\/wp-content\/uploads\/sites\/5\/2025\/06\/20250430-bg8-3.webp\" alt=\"\" \/><\/p>\n<h2 style=\"text-align: center;\">Specifikationer:<\/h2>\n<p>Material: Maska, PU<br \/>\nStorlek:: EU 35-43<\/p>\n<p><img decoding=\"async\" class=\"alignnone size-full wp-image-22751 aligncenter\" src=\"https:\/\/keluvo.com\/template\/wp-content\/uploads\/sites\/5\/2025\/06\/diabetic-cghart.jpg\" alt=\"\" \/><\/p>\n","protected":false},"excerpt":{"rendered":"<p>Lider du av n\u00e5got av f\u00f6ljande? Fotsm\u00e4rta H\u00e4lsporre Kn\u00e4sm\u00e4rta Inget mer lidande. Komfort f\u00f6r varje steg! Luftd\u00e4mpning H\u00e5lfotsst\u00f6d Passar alla [&hellip;]<\/p>\n","protected":false},"featured_media":12123,"comment_status":"open","ping_status":"closed","template":"","meta":{"site-sidebar-layout":"default","site-content-layout":"","ast-site-content-layout":"default","site-content-style":"default","site-sidebar-style":"default","ast-global-header-display":"","ast-banner-title-visibility":"","ast-main-header-display":"","ast-hfb-above-header-display":"","ast-hfb-below-header-display":"","ast-hfb-mobile-header-display":"","site-post-title":"","ast-breadcrumbs-content":"","ast-featured-img":"","footer-sml-layout":"","theme-transparent-header-meta":"default","adv-header-id-meta":"","stick-header-meta":"","header-above-stick-meta":"","header-main-stick-meta":"","header-below-stick-meta":"","astra-migrate-meta-layouts":"set","ast-page-background-enabled":"default","ast-page-background-meta":{"desktop":{"background-color":"var(--ast-global-color-4)","background-image":"","background-repeat":"repeat","background-position":"center center","background-size":"auto","background-attachment":"scroll","background-type":"","background-media":"","overlay-type":"","overlay-color":"","overlay-opacity":"","overlay-gradient":""},"tablet":{"background-color":"","background-image":"","background-repeat":"repeat","background-position":"center center","background-size":"auto","background-attachment":"scroll","background-type":"","background-media":"","overlay-type":"","overlay-color":"","overlay-opacity":"","overlay-gradient":""},"mobile":{"background-color":"","background-image":"","background-repeat":"repeat","background-position":"center center","background-size":"auto","background-attachment":"scroll","background-type":"","background-media":"","overlay-type":"","overlay-color":"","overlay-opacity":"","overlay-gradient":""}},"ast-content-background-meta":{"desktop":{"background-color":"var(--ast-global-color-5)","background-image":"","background-repeat":"repeat","background-position":"center center","background-size":"auto","background-attachment":"scroll","background-type":"","background-media":"","overlay-type":"","overlay-color":"","overlay-opacity":"","overlay-gradient":""},"tablet":{"background-color":"var(--ast-global-color-5)","background-image":"","background-repeat":"repeat","background-position":"center center","background-size":"auto","background-attachment":"scroll","background-type":"","background-media":"","overlay-type":"","overlay-color":"","overlay-opacity":"","overlay-gradient":""},"mobile":{"background-color":"var(--ast-global-color-5)","background-image":"","background-repeat":"repeat","background-position":"center center","background-size":"auto","background-attachment":"scroll","background-type":"","background-media":"","overlay-type":"","overlay-color":"","overlay-opacity":"","overlay-gradient":""}}},"product_brand":[],"product_cat":[991,993],"product_tag":[],"class_list":{"0":"post-12127","1":"product","2":"type-product","3":"status-publish","4":"has-post-thumbnail","6":"product_cat-health-care-supplies","7":"product_cat-footwear-accessories","8":"pa_48175_95zo2pqx-bla","9":"pa_48175_95zo2pqx-gra","10":"pa_48175_95zo2pqx-khaki","11":"pa_48175_95zo2pqx-marin","12":"pa_48175_95zo2pqx-morkgra","13":"pa_48175_95zo2pqx-rod","14":"pa_48175_95zo2pqx-rosa","15":"pa_48175_95zo2pqx-svart","16":"pa_48175_jyz2n3y5-2225","17":"pa_48175_jyz2n3y5-2226","18":"pa_48175_jyz2n3y5-2227","19":"pa_48175_jyz2n3y5-2228","20":"pa_48175_jyz2n3y5-2229","21":"pa_48175_jyz2n3y5-2230","22":"pa_48175_jyz2n3y5-2231","23":"pa_48175_jyz2n3y5-2232","24":"pa_48175_jyz2n3y5-2233","25":"desktop-align-left","26":"tablet-align-left","27":"mobile-align-left","29":"first","30":"instock","31":"shipping-taxable","32":"purchasable","33":"product-type-variable","34":"has-default-attributes"},"_links":{"self":[{"href":"https:\/\/keluvo.com\/se\/wp-json\/wp\/v2\/product\/12127","targetHints":{"allow":["GET"]}}],"collection":[{"href":"https:\/\/keluvo.com\/se\/wp-json\/wp\/v2\/product"}],"about":[{"href":"https:\/\/keluvo.com\/se\/wp-json\/wp\/v2\/types\/product"}],"replies":[{"embeddable":true,"href":"https:\/\/keluvo.com\/se\/wp-json\/wp\/v2\/comments?post=12127"}],"wp:featuredmedia":[{"embeddable":true,"href":"https:\/\/keluvo.com\/se\/wp-json\/wp\/v2\/media\/12123"}],"wp:attachment":[{"href":"https:\/\/keluvo.com\/se\/wp-json\/wp\/v2\/media?parent=12127"}],"wp:term":[{"taxonomy":"product_brand","embeddable":true,"href":"https:\/\/keluvo.com\/se\/wp-json\/wp\/v2\/product_brand?post=12127"},{"taxonomy":"product_cat","embeddable":true,"href":"https:\/\/keluvo.com\/se\/wp-json\/wp\/v2\/product_cat?post=12127"},{"taxonomy":"product_tag","embeddable":true,"href":"https:\/\/keluvo.com\/se\/wp-json\/wp\/v2\/product_tag?post=12127"}],"curies":[{"name":"wp","href":"https:\/\/api.w.org\/{rel}","templated":true}]}}