{"id":12071,"date":"2025-06-05T15:28:22","date_gmt":"2025-06-05T13:28:22","guid":{"rendered":"https:\/\/keluvo.com\/se\/product\/penna-med-gravyr-for-kundanpassning\/"},"modified":"2025-06-05T15:28:22","modified_gmt":"2025-06-05T13:28:22","slug":"penna-med-gravyr-for-kundanpassning","status":"publish","type":"product","link":"https:\/\/keluvo.com\/se\/product\/penna-med-gravyr-for-kundanpassning\/","title":{"rendered":"Penna med gravyr f\u00f6r kundanpassning"},"content":{"rendered":"<p>\u2714 Enkel och anv\u00e4ndarv\u00e4nlig<\/p>\n<p>\u2714 En rolig och avkopplande upplevelse<\/p>\n<p>\u2714 F\u00f6rvandla vanliga f\u00f6rem\u00e5l till n\u00e5got speciellt<\/p>\n<p>\u2714 Gravera p\u00e5 tr\u00e4, glas, metall, sten och mycket mer!<\/p>\n<p><img fetchpriority=\"high\" decoding=\"async\" class=\"alignnone  wp-image-22590 aligncenter\" src=\"https:\/\/keluvo.com\/template\/wp-content\/uploads\/sites\/5\/2025\/06\/ready-to-create-gif-customizer-resarled.webp\" alt=\"\" width=\"489\" height=\"489\" \/><\/p>\n<h2 style=\"text-align: center\">Specifikationer:<\/h2>\n<p><strong>Motor<\/strong>: 3 hastighetsinst\u00e4llningar (8 000-21 000 RPM) och 30 g\/cm vridmoment<\/p>\n<p><strong>Vikt<\/strong>: 50 g<\/p>\n<p><strong>L\u00e4ngd<\/strong>: 125 mm<\/p>\n<p><strong>Bredd<\/strong>: 17 mm diameter<\/p>\n<p><strong>Batteri<\/strong>: 3,7 V litiumbatteri &#8211; 500 mAh<\/p>\n<p><strong>Laddare<\/strong>: USB-C snabbladdning<\/p>\n<h2 style=\"text-align: center\">Skapa Och Njut I 3 Enkla Steg<\/h2>\n<p style=\"text-align: center\">L\u00e5t kreativiteten fl\u00f6da! Med bara tre enkla steg kan du skapa n\u00e5got som \u00e4r unikt f\u00f6r dig med gravyrpennan Customizer. Det \u00e4r enkelt och roligt!<\/p>\n<p><img decoding=\"async\" class=\"alignnone  wp-image-22591 aligncenter\" src=\"https:\/\/keluvo.com\/template\/wp-content\/uploads\/sites\/5\/2025\/06\/beautifulls-design-engraving-pen-resparked.webp\" alt=\"\" width=\"500\" height=\"500\" \/><\/p>\n<h3 style=\"text-align: center\">1. V\u00e4lj din yta<\/h3>\n<p style=\"text-align: center\">V\u00e4lj ett f\u00f6rem\u00e5l att g\u00f6ra personligt &#8211; tr\u00e4, glas, metall eller sten. Du kan gravera n\u00e4stan vad som helst!<\/p>\n<p><img decoding=\"async\" class=\"alignnone size-full wp-image-22588 aligncenter\" src=\"https:\/\/keluvo.com\/template\/wp-content\/uploads\/sites\/5\/2025\/06\/step-1-choose-your-surface-customizer.webp\" alt=\"\" \/><\/p>\n<h3 style=\"text-align: center\">2. Gravera i din egen takt<\/h3>\n<p style=\"text-align: center\">Slappna av och engagera dig i processen. Njut av den lugnande rytmen medan du f\u00f6rverkligar dina id\u00e9er.<\/p>\n<p><img decoding=\"async\" class=\"size-full wp-image-22587 aligncenter\" src=\"https:\/\/keluvo.com\/template\/wp-content\/uploads\/sites\/5\/2025\/06\/step-2-create-in-calm-customizer-resparked.webp\" alt=\"\" \/><\/p>\n<h3 style=\"text-align: center\">3. Fira din skapelse<\/h3>\n<p style=\"text-align: center\">Ta en stund f\u00f6r att uppskatta ditt f\u00e4rdiga f\u00f6rem\u00e5l. K\u00e4nn dig stolt \u00f6ver vad du har gjort!<\/p>\n<p><img decoding=\"async\" class=\"alignnone size-full wp-image-22586 aligncenter\" src=\"https:\/\/keluvo.com\/template\/wp-content\/uploads\/sites\/5\/2025\/06\/step-3-enjoy-your-achievement-customizer-resparked.webp\" alt=\"\" \/><\/p>\n<h2 style=\"text-align: center\">Uppt\u00e4ck Hobbyn Som Alla \u00c4lskar<\/h2>\n<p style=\"text-align: center\">G\u00f6r personliga presenter, vacker inredning och mycket mer &#8211; samtidigt som du tar lite tid f\u00f6r dig sj\u00e4lv.<\/p>\n","protected":false},"excerpt":{"rendered":"<p>\u2714 Enkel och anv\u00e4ndarv\u00e4nlig \u2714 En rolig och avkopplande upplevelse \u2714 F\u00f6rvandla vanliga f\u00f6rem\u00e5l till n\u00e5got speciellt \u2714 Gravera p\u00e5 [&hellip;]<\/p>\n","protected":false},"featured_media":12067,"comment_status":"open","ping_status":"closed","template":"","meta":{"site-sidebar-layout":"default","site-content-layout":"","ast-site-content-layout":"default","site-content-style":"default","site-sidebar-style":"default","ast-global-header-display":"","ast-banner-title-visibility":"","ast-main-header-display":"","ast-hfb-above-header-display":"","ast-hfb-below-header-display":"","ast-hfb-mobile-header-display":"","site-post-title":"","ast-breadcrumbs-content":"","ast-featured-img":"","footer-sml-layout":"","theme-transparent-header-meta":"default","adv-header-id-meta":"","stick-header-meta":"","header-above-stick-meta":"","header-main-stick-meta":"","header-below-stick-meta":"","astra-migrate-meta-layouts":"set","ast-page-background-enabled":"default","ast-page-background-meta":{"desktop":{"background-color":"var(--ast-global-color-4)","background-image":"","background-repeat":"repeat","background-position":"center center","background-size":"auto","background-attachment":"scroll","background-type":"","background-media":"","overlay-type":"","overlay-color":"","overlay-opacity":"","overlay-gradient":""},"tablet":{"background-color":"","background-image":"","background-repeat":"repeat","background-position":"center center","background-size":"auto","background-attachment":"scroll","background-type":"","background-media":"","overlay-type":"","overlay-color":"","overlay-opacity":"","overlay-gradient":""},"mobile":{"background-color":"","background-image":"","background-repeat":"repeat","background-position":"center center","background-size":"auto","background-attachment":"scroll","background-type":"","background-media":"","overlay-type":"","overlay-color":"","overlay-opacity":"","overlay-gradient":""}},"ast-content-background-meta":{"desktop":{"background-color":"var(--ast-global-color-5)","background-image":"","background-repeat":"repeat","background-position":"center center","background-size":"auto","background-attachment":"scroll","background-type":"","background-media":"","overlay-type":"","overlay-color":"","overlay-opacity":"","overlay-gradient":""},"tablet":{"background-color":"var(--ast-global-color-5)","background-image":"","background-repeat":"repeat","background-position":"center center","background-size":"auto","background-attachment":"scroll","background-type":"","background-media":"","overlay-type":"","overlay-color":"","overlay-opacity":"","overlay-gradient":""},"mobile":{"background-color":"var(--ast-global-color-5)","background-image":"","background-repeat":"repeat","background-position":"center center","background-size":"auto","background-attachment":"scroll","background-type":"","background-media":"","overlay-type":"","overlay-color":"","overlay-opacity":"","overlay-gradient":""}}},"product_brand":[],"product_cat":[996],"product_tag":[],"class_list":{"0":"post-12071","1":"product","2":"type-product","3":"status-publish","4":"has-post-thumbnail","6":"product_cat-tools","7":"desktop-align-left","8":"tablet-align-left","9":"mobile-align-left","11":"first","12":"instock","13":"shipping-taxable","14":"purchasable","15":"product-type-simple"},"_links":{"self":[{"href":"https:\/\/keluvo.com\/se\/wp-json\/wp\/v2\/product\/12071","targetHints":{"allow":["GET"]}}],"collection":[{"href":"https:\/\/keluvo.com\/se\/wp-json\/wp\/v2\/product"}],"about":[{"href":"https:\/\/keluvo.com\/se\/wp-json\/wp\/v2\/types\/product"}],"replies":[{"embeddable":true,"href":"https:\/\/keluvo.com\/se\/wp-json\/wp\/v2\/comments?post=12071"}],"wp:featuredmedia":[{"embeddable":true,"href":"https:\/\/keluvo.com\/se\/wp-json\/wp\/v2\/media\/12067"}],"wp:attachment":[{"href":"https:\/\/keluvo.com\/se\/wp-json\/wp\/v2\/media?parent=12071"}],"wp:term":[{"taxonomy":"product_brand","embeddable":true,"href":"https:\/\/keluvo.com\/se\/wp-json\/wp\/v2\/product_brand?post=12071"},{"taxonomy":"product_cat","embeddable":true,"href":"https:\/\/keluvo.com\/se\/wp-json\/wp\/v2\/product_cat?post=12071"},{"taxonomy":"product_tag","embeddable":true,"href":"https:\/\/keluvo.com\/se\/wp-json\/wp\/v2\/product_tag?post=12071"}],"curies":[{"name":"wp","href":"https:\/\/api.w.org\/{rel}","templated":true}]}}