{"id":11833,"date":"2025-06-02T16:08:48","date_gmt":"2025-06-02T14:08:48","guid":{"rendered":"https:\/\/keluvo.com\/se\/product\/overaller-i-canvas-for-man\/"},"modified":"2025-06-02T16:09:38","modified_gmt":"2025-06-02T14:09:38","slug":"overaller-i-canvas-for-man","status":"publish","type":"product","link":"https:\/\/keluvo.com\/se\/product\/overaller-i-canvas-for-man\/","title":{"rendered":"Overaller i canvas f\u00f6r m\u00e4n"},"content":{"rendered":"<p style=\"text-align: center\">Dessa arbetsoveraller i canvas \u00e4r robusta och utformade f\u00f6r att anv\u00e4ndas varje dag. De \u00e4r tillverkade av slitstark canvas och passar perfekt oavsett om du \u00e4r p\u00e5 jobbet eller bara njuter av att vara utomhus. Den h\u00e4r overallen \u00e4r perfekt f\u00f6r hantverkare eller andra som v\u00e4rdes\u00e4tter b\u00e5de t\u00e5lighet och komfort och \u00e4r ett m\u00e5ste i garderoben.<\/p>\n<p><img decoding=\"async\" class=\"alignnone size-full wp-image-22145 aligncenter\" src=\"https:\/\/keluvo.com\/template\/wp-content\/uploads\/sites\/5\/2025\/06\/Mens-Canvas-Overalls-Flap-Pockets-Button-Front-Workwear-26.webp\" alt=\"\" \/><\/p>\n<h2 style=\"text-align: center\">Egenskaper<\/h2>\n<ul>\n<li><strong>T\u00e5lig Canvas<\/strong>: Starkt material redo f\u00f6r alla uppgifter.<\/li>\n<li><strong>Fickor<\/strong>: Tv\u00e5 sidofickor med lock och tv\u00e5 bakfickor med lock och knappar f\u00f6r praktisk f\u00f6rvaring.<\/li>\n<li><strong>Bekv\u00e4m Passform<\/strong>: Inverterade kn\u00e4veck g\u00f6r det l\u00e4tt att r\u00f6ra sig n\u00e4r man kn\u00e4b\u00f6jer eller b\u00f6jer sig.<\/li>\n<li><strong>Designdetaljer<\/strong>: Knappst\u00e4ngning fram, sidost\u00e4ngningar med bronsnitar och ett avsmalnande ben f\u00f6r en smal passform.<\/li>\n<\/ul>\n<p><img decoding=\"async\" class=\"alignnone size-full wp-image-22137 aligncenter\" src=\"https:\/\/keluvo.com\/template\/wp-content\/uploads\/sites\/5\/2025\/06\/Mens-Canvas-Overalls-Flap-Pockets-Button-Front-Workwear-15.jpg\" alt=\"\" \/><\/p>\n<h2 style=\"text-align: center\">Storleksguide<\/h2>\n<ul>\n<li>Modellens l\u00e4ngd: 180 cm, vikt: 72 kg, br\u00f6ststorlek: 96 cm &#8211; b\u00e4r storlek M.<\/li>\n<li>Kontrollera storlekstabellen f\u00f6r faktiska m\u00e5tt.<\/li>\n<li>M\u00e4t br\u00f6st, midja och h\u00f6fter, eller j\u00e4mf\u00f6r dina kl\u00e4dstorlekar med tabellen f\u00f6r att hitta din passform.<\/li>\n<li>Om du har n\u00e5gra fr\u00e5gor eller beh\u00f6ver hj\u00e4lp med storlekarna \u00e4r du v\u00e4lkommen att kontakta oss. Vi \u00e4r h\u00e4r f\u00f6r att hj\u00e4lpa till!<\/li>\n<\/ul>\n<p><img decoding=\"async\" class=\"alignnone size-full wp-image-22136 aligncenter\" src=\"https:\/\/keluvo.com\/template\/wp-content\/uploads\/sites\/5\/2025\/06\/overalls-chart.jpg\" alt=\"\" \/><\/p>\n","protected":false},"excerpt":{"rendered":"<p>Dessa arbetsoveraller i canvas \u00e4r robusta och utformade f\u00f6r att anv\u00e4ndas varje dag. De \u00e4r tillverkade av slitstark canvas och [&hellip;]<\/p>\n","protected":false},"featured_media":11829,"comment_status":"open","ping_status":"closed","template":"","meta":{"site-sidebar-layout":"default","site-content-layout":"","ast-site-content-layout":"default","site-content-style":"default","site-sidebar-style":"default","ast-global-header-display":"","ast-banner-title-visibility":"","ast-main-header-display":"","ast-hfb-above-header-display":"","ast-hfb-below-header-display":"","ast-hfb-mobile-header-display":"","site-post-title":"","ast-breadcrumbs-content":"","ast-featured-img":"","footer-sml-layout":"","theme-transparent-header-meta":"default","adv-header-id-meta":"","stick-header-meta":"","header-above-stick-meta":"","header-main-stick-meta":"","header-below-stick-meta":"","astra-migrate-meta-layouts":"set","ast-page-background-enabled":"default","ast-page-background-meta":{"desktop":{"background-color":"var(--ast-global-color-4)","background-image":"","background-repeat":"repeat","background-position":"center center","background-size":"auto","background-attachment":"scroll","background-type":"","background-media":"","overlay-type":"","overlay-color":"","overlay-opacity":"","overlay-gradient":""},"tablet":{"background-color":"","background-image":"","background-repeat":"repeat","background-position":"center center","background-size":"auto","background-attachment":"scroll","background-type":"","background-media":"","overlay-type":"","overlay-color":"","overlay-opacity":"","overlay-gradient":""},"mobile":{"background-color":"","background-image":"","background-repeat":"repeat","background-position":"center center","background-size":"auto","background-attachment":"scroll","background-type":"","background-media":"","overlay-type":"","overlay-color":"","overlay-opacity":"","overlay-gradient":""}},"ast-content-background-meta":{"desktop":{"background-color":"var(--ast-global-color-5)","background-image":"","background-repeat":"repeat","background-position":"center center","background-size":"auto","background-attachment":"scroll","background-type":"","background-media":"","overlay-type":"","overlay-color":"","overlay-opacity":"","overlay-gradient":""},"tablet":{"background-color":"var(--ast-global-color-5)","background-image":"","background-repeat":"repeat","background-position":"center center","background-size":"auto","background-attachment":"scroll","background-type":"","background-media":"","overlay-type":"","overlay-color":"","overlay-opacity":"","overlay-gradient":""},"mobile":{"background-color":"var(--ast-global-color-5)","background-image":"","background-repeat":"repeat","background-position":"center center","background-size":"auto","background-attachment":"scroll","background-type":"","background-media":"","overlay-type":"","overlay-color":"","overlay-opacity":"","overlay-gradient":""}}},"product_brand":[],"product_cat":[995],"product_tag":[],"class_list":{"0":"post-11833","1":"product","2":"type-product","3":"status-publish","4":"has-post-thumbnail","6":"product_cat-clothing-for-men","7":"pa_48150_o5zavycv-s","8":"pa_48150_o5zavycv-m","9":"pa_48150_o5zavycv-l","10":"pa_48150_o5zavycv-xl","11":"pa_48150_o5zavycv-2xl","12":"pa_48150_unuhlgvm-bla","13":"pa_48150_unuhlgvm-gra","14":"pa_48150_unuhlgvm-khaki","15":"pa_48150_unuhlgvm-oliv","16":"desktop-align-left","17":"tablet-align-left","18":"mobile-align-left","20":"first","21":"instock","22":"shipping-taxable","23":"purchasable","24":"product-type-variable","25":"has-default-attributes"},"_links":{"self":[{"href":"https:\/\/keluvo.com\/se\/wp-json\/wp\/v2\/product\/11833","targetHints":{"allow":["GET"]}}],"collection":[{"href":"https:\/\/keluvo.com\/se\/wp-json\/wp\/v2\/product"}],"about":[{"href":"https:\/\/keluvo.com\/se\/wp-json\/wp\/v2\/types\/product"}],"replies":[{"embeddable":true,"href":"https:\/\/keluvo.com\/se\/wp-json\/wp\/v2\/comments?post=11833"}],"wp:featuredmedia":[{"embeddable":true,"href":"https:\/\/keluvo.com\/se\/wp-json\/wp\/v2\/media\/11829"}],"wp:attachment":[{"href":"https:\/\/keluvo.com\/se\/wp-json\/wp\/v2\/media?parent=11833"}],"wp:term":[{"taxonomy":"product_brand","embeddable":true,"href":"https:\/\/keluvo.com\/se\/wp-json\/wp\/v2\/product_brand?post=11833"},{"taxonomy":"product_cat","embeddable":true,"href":"https:\/\/keluvo.com\/se\/wp-json\/wp\/v2\/product_cat?post=11833"},{"taxonomy":"product_tag","embeddable":true,"href":"https:\/\/keluvo.com\/se\/wp-json\/wp\/v2\/product_tag?post=11833"}],"curies":[{"name":"wp","href":"https:\/\/api.w.org\/{rel}","templated":true}]}}