{"id":11598,"date":"2025-05-30T09:45:00","date_gmt":"2025-05-30T07:45:00","guid":{"rendered":"https:\/\/keluvo.com\/se\/product\/overs-ortopediska-skor-med-tjock-sula\/"},"modified":"2025-05-31T18:54:07","modified_gmt":"2025-05-31T16:54:07","slug":"overs-ortopediska-skor-med-tjock-sula","status":"publish","type":"product","link":"https:\/\/keluvo.com\/se\/product\/overs-ortopediska-skor-med-tjock-sula\/","title":{"rendered":"OVERS\u2122 &#8211; Ortopediska skor med tjock sula"},"content":{"rendered":"<h2 style=\"text-align: center;\">Tr\u00f6tta f\u00f6tter f\u00f6rtj\u00e4nar st\u00f6d &#8211; inte bara stil!<\/h2>\n<p style=\"text-align: center;\">Overs \u00e4r f\u00f6r dig som v\u00e4grar att v\u00e4lja mellan komfort och stil. Med en ortopedisk sula och flexibel passform ger dessa skor dig l\u00e4ttare steg och en naturlig h\u00e5llning hela dagen. Oavsett om du \u00e4r p\u00e5 spr\u00e5ng eller ute och \u00e4ter middag \u00e4r de din r\u00e4ddning mot \u00f6mma f\u00f6tter.<\/p>\n<p><img decoding=\"async\" class=\"size-full wp-image-19990 aligncenter\" src=\"https:\/\/keluvo.com\/template\/wp-content\/uploads\/sites\/5\/2025\/05\/Lilian_Lindberg_Stockholm_T1.jpg\" alt=\"\" \/><\/p>\n<h2 style=\"text-align: center;\">Utvecklad f\u00f6r l\u00e5ngvarig komfort varje dag.<\/h2>\n<p class=\"\" data-start=\"1730\" data-end=\"1826\">\u2713 <strong>Ortopedisk tjock sula<\/strong>: Avlastar trycket p\u00e5 lederna och d\u00e4mpar varje steg f\u00f6r mjukt st\u00f6d.<\/p>\n<p class=\"\" data-start=\"1730\" data-end=\"1826\">\u2713 <strong>Formad efter fotens naturliga kurvor<\/strong>: Inget mer skavande, krampande eller obehag i t\u00e5rna<\/p>\n<p class=\"\" data-start=\"1730\" data-end=\"1826\">\u2713<strong> Andningsbara och l\u00e4tta<\/strong>: H\u00e5ller f\u00f6tterna torra och fria fr\u00e5n svett &#8211; \u00e4ven n\u00e4r du \u00e4r i r\u00f6relse.<\/p>\n<p class=\"\" data-start=\"1730\" data-end=\"1826\">\u2713<strong>\u00a0L\u00e4tt att ta p\u00e5<\/strong>: Inga komplicerade sp\u00e4nnen eller h\u00e5rt material &#8211; det \u00e4r bara att hoppa i.<\/p>\n<p data-start=\"2018\" data-end=\"2110\"><img decoding=\"async\" class=\"alignnone size-full wp-image-19989\" src=\"https:\/\/keluvo.com\/template\/wp-content\/uploads\/sites\/5\/2025\/05\/Lilian_Lindberg_Stockholm_T2.jpg\" alt=\"\" \/><\/p>\n<h2 style=\"text-align: center;\" data-start=\"2018\" data-end=\"2110\">Varf\u00f6r du kommer att \u00e4lska dessa<\/h2>\n<p>\u2714<strong> Maximal flexibilitet<\/strong>: Bekv\u00e4m passform tillverkad av h\u00f6gkvalitativa tyger med h\u00e5llbarhet i fokus.<\/p>\n<p>\u2714 <strong>Andas och torkar snabbt<\/strong>: Fr\u00e4scha och bekv\u00e4ma hela dagen.<\/p>\n<p>\u2714 <strong>Ingen luktbildning<\/strong>: Neutraliserar bakterier som orsakar kroppslukt n\u00e4r man svettas.<\/p>\n<p>&nbsp;<\/p>\n","protected":false},"excerpt":{"rendered":"<p>Tr\u00f6tta f\u00f6tter f\u00f6rtj\u00e4nar st\u00f6d &#8211; inte bara stil! Overs \u00e4r f\u00f6r dig som v\u00e4grar att v\u00e4lja mellan komfort och stil. [&hellip;]<\/p>\n","protected":false},"featured_media":11594,"comment_status":"open","ping_status":"closed","template":"","meta":{"site-sidebar-layout":"default","site-content-layout":"","ast-site-content-layout":"default","site-content-style":"default","site-sidebar-style":"default","ast-global-header-display":"","ast-banner-title-visibility":"","ast-main-header-display":"","ast-hfb-above-header-display":"","ast-hfb-below-header-display":"","ast-hfb-mobile-header-display":"","site-post-title":"","ast-breadcrumbs-content":"","ast-featured-img":"","footer-sml-layout":"","theme-transparent-header-meta":"default","adv-header-id-meta":"","stick-header-meta":"","header-above-stick-meta":"","header-main-stick-meta":"","header-below-stick-meta":"","astra-migrate-meta-layouts":"set","ast-page-background-enabled":"default","ast-page-background-meta":{"desktop":{"background-color":"var(--ast-global-color-4)","background-image":"","background-repeat":"repeat","background-position":"center center","background-size":"auto","background-attachment":"scroll","background-type":"","background-media":"","overlay-type":"","overlay-color":"","overlay-opacity":"","overlay-gradient":""},"tablet":{"background-color":"","background-image":"","background-repeat":"repeat","background-position":"center center","background-size":"auto","background-attachment":"scroll","background-type":"","background-media":"","overlay-type":"","overlay-color":"","overlay-opacity":"","overlay-gradient":""},"mobile":{"background-color":"","background-image":"","background-repeat":"repeat","background-position":"center center","background-size":"auto","background-attachment":"scroll","background-type":"","background-media":"","overlay-type":"","overlay-color":"","overlay-opacity":"","overlay-gradient":""}},"ast-content-background-meta":{"desktop":{"background-color":"var(--ast-global-color-5)","background-image":"","background-repeat":"repeat","background-position":"center center","background-size":"auto","background-attachment":"scroll","background-type":"","background-media":"","overlay-type":"","overlay-color":"","overlay-opacity":"","overlay-gradient":""},"tablet":{"background-color":"var(--ast-global-color-5)","background-image":"","background-repeat":"repeat","background-position":"center center","background-size":"auto","background-attachment":"scroll","background-type":"","background-media":"","overlay-type":"","overlay-color":"","overlay-opacity":"","overlay-gradient":""},"mobile":{"background-color":"var(--ast-global-color-5)","background-image":"","background-repeat":"repeat","background-position":"center center","background-size":"auto","background-attachment":"scroll","background-type":"","background-media":"","overlay-type":"","overlay-color":"","overlay-opacity":"","overlay-gradient":""}}},"product_brand":[],"product_cat":[993],"product_tag":[],"class_list":{"0":"post-11598","1":"product","2":"type-product","3":"status-publish","4":"has-post-thumbnail","6":"product_cat-footwear-accessories","7":"pa_48110_c90bkmro-2158","8":"pa_48110_c90bkmro-2159","9":"pa_48110_c90bkmro-2160","10":"pa_48110_c90bkmro-2161","11":"pa_48110_c90bkmro-2162","12":"pa_48110_c90bkmro-2163","13":"pa_48110_c90bkmro-2164","14":"pa_48110_c90bkmro-2165","15":"desktop-align-left","16":"tablet-align-left","17":"mobile-align-left","19":"first","20":"instock","21":"shipping-taxable","22":"purchasable","23":"product-type-variable"},"_links":{"self":[{"href":"https:\/\/keluvo.com\/se\/wp-json\/wp\/v2\/product\/11598","targetHints":{"allow":["GET"]}}],"collection":[{"href":"https:\/\/keluvo.com\/se\/wp-json\/wp\/v2\/product"}],"about":[{"href":"https:\/\/keluvo.com\/se\/wp-json\/wp\/v2\/types\/product"}],"replies":[{"embeddable":true,"href":"https:\/\/keluvo.com\/se\/wp-json\/wp\/v2\/comments?post=11598"}],"wp:featuredmedia":[{"embeddable":true,"href":"https:\/\/keluvo.com\/se\/wp-json\/wp\/v2\/media\/11594"}],"wp:attachment":[{"href":"https:\/\/keluvo.com\/se\/wp-json\/wp\/v2\/media?parent=11598"}],"wp:term":[{"taxonomy":"product_brand","embeddable":true,"href":"https:\/\/keluvo.com\/se\/wp-json\/wp\/v2\/product_brand?post=11598"},{"taxonomy":"product_cat","embeddable":true,"href":"https:\/\/keluvo.com\/se\/wp-json\/wp\/v2\/product_cat?post=11598"},{"taxonomy":"product_tag","embeddable":true,"href":"https:\/\/keluvo.com\/se\/wp-json\/wp\/v2\/product_tag?post=11598"}],"curies":[{"name":"wp","href":"https:\/\/api.w.org\/{rel}","templated":true}]}}