{"id":11499,"date":"2025-05-29T15:03:50","date_gmt":"2025-05-29T13:03:50","guid":{"rendered":"https:\/\/keluvo.com\/se\/product\/premium-set-med-skallror-for-bebisar-4-st\/"},"modified":"2025-09-16T01:24:26","modified_gmt":"2025-09-15T22:24:26","slug":"premium-set-med-skallror-for-bebisar-4-st","status":"publish","type":"product","link":"https:\/\/keluvo.com\/se\/product\/premium-set-med-skallror-for-bebisar-4-st\/","title":{"rendered":"Premium set med skallror f\u00f6r bebisar (4 st)"},"content":{"rendered":"<p style=\"text-align: center\">Sk\u00e4nk gl\u00e4dje och fr\u00e4mja ditt barns tidiga utveckling med det h\u00e4r h\u00e4rliga skramelsetet! Med mjuka och livfulla skallror f\u00f6r sm\u00e5 h\u00e4nder och f\u00f6tter kommer det garanterat att locka till skratt och stimulera deras sinnen &#8211; perfekt f\u00f6r de lekfulla stunderna!<\/p>\n<p><img decoding=\"async\" class=\"alignnone size-full wp-image-22075 aligncenter\" src=\"https:\/\/keluvo.com\/template\/wp-content\/uploads\/sites\/5\/2025\/05\/RattleStarGIF.webp\" alt=\"\" \/><\/p>\n<h2 style=\"text-align: center\">F\u00e4rger och ljud som f\u00e4ngslar<\/h2>\n<p style=\"text-align: center\">De livfulla f\u00e4rgerna och charmiga m\u00f6nstren \u00e4r utformade f\u00f6r att f\u00e5nga ditt barns \u00f6ga, medan de mjuka skallrorna hj\u00e4lper till att utveckla deras h\u00f6rselsinne.<\/p>\n<p><img decoding=\"async\" class=\"alignnone size-full wp-image-22076 aligncenter\" src=\"https:\/\/keluvo.com\/template\/wp-content\/uploads\/sites\/5\/2025\/05\/1-37.jpg\" alt=\"\" \/><\/p>\n<h2 style=\"text-align: center\">Anv\u00e4ndarv\u00e4nlig design<\/h2>\n<p style=\"text-align: center\">Med handledsskallror med kardborreband som \u00e4r enkla att s\u00e4tta p\u00e5 och justera, samt fotremmar som sitter kvar, \u00e4r detta set perfekt f\u00f6r b\u00e5de lek och utforskning!<\/p>\n<p><img decoding=\"async\" class=\"alignnone size-full wp-image-22078 aligncenter\" src=\"https:\/\/keluvo.com\/template\/wp-content\/uploads\/sites\/5\/2025\/05\/3-34.jpg\" alt=\"\" \/><\/p>\n<h2 style=\"text-align: center\">Produktdetaljer<\/h2>\n<ul>\n<li>Premiumskallra f\u00f6r bebisar<\/li>\n<li>F\u00f6rb\u00e4ttrar h\u00f6rseln<\/li>\n<li>St\u00f6djer visuell utveckling<\/li>\n<li>Tillverkad av mjukt, stretchigt och andningsbart tyg<\/li>\n<li>Enkla justeringar med kardborreband<\/li>\n<li>F\u00e4rgglada och engagerande m\u00f6nster<\/li>\n<\/ul>\n","protected":false},"excerpt":{"rendered":"<p>Sk\u00e4nk gl\u00e4dje och fr\u00e4mja ditt barns tidiga utveckling med det h\u00e4r h\u00e4rliga skramelsetet! Med mjuka och livfulla skallror f\u00f6r sm\u00e5 [&hellip;]<\/p>\n","protected":false},"featured_media":11495,"comment_status":"open","ping_status":"closed","template":"","meta":{"site-sidebar-layout":"default","site-content-layout":"","ast-site-content-layout":"default","site-content-style":"default","site-sidebar-style":"default","ast-global-header-display":"","ast-banner-title-visibility":"","ast-main-header-display":"","ast-hfb-above-header-display":"","ast-hfb-below-header-display":"","ast-hfb-mobile-header-display":"","site-post-title":"","ast-breadcrumbs-content":"","ast-featured-img":"","footer-sml-layout":"","theme-transparent-header-meta":"default","adv-header-id-meta":"","stick-header-meta":"","header-above-stick-meta":"","header-main-stick-meta":"","header-below-stick-meta":"","astra-migrate-meta-layouts":"set","ast-page-background-enabled":"default","ast-page-background-meta":{"desktop":{"background-color":"var(--ast-global-color-4)","background-image":"","background-repeat":"repeat","background-position":"center center","background-size":"auto","background-attachment":"scroll","background-type":"","background-media":"","overlay-type":"","overlay-color":"","overlay-opacity":"","overlay-gradient":""},"tablet":{"background-color":"","background-image":"","background-repeat":"repeat","background-position":"center center","background-size":"auto","background-attachment":"scroll","background-type":"","background-media":"","overlay-type":"","overlay-color":"","overlay-opacity":"","overlay-gradient":""},"mobile":{"background-color":"","background-image":"","background-repeat":"repeat","background-position":"center center","background-size":"auto","background-attachment":"scroll","background-type":"","background-media":"","overlay-type":"","overlay-color":"","overlay-opacity":"","overlay-gradient":""}},"ast-content-background-meta":{"desktop":{"background-color":"var(--ast-global-color-5)","background-image":"","background-repeat":"repeat","background-position":"center center","background-size":"auto","background-attachment":"scroll","background-type":"","background-media":"","overlay-type":"","overlay-color":"","overlay-opacity":"","overlay-gradient":""},"tablet":{"background-color":"var(--ast-global-color-5)","background-image":"","background-repeat":"repeat","background-position":"center center","background-size":"auto","background-attachment":"scroll","background-type":"","background-media":"","overlay-type":"","overlay-color":"","overlay-opacity":"","overlay-gradient":""},"mobile":{"background-color":"var(--ast-global-color-5)","background-image":"","background-repeat":"repeat","background-position":"center center","background-size":"auto","background-attachment":"scroll","background-type":"","background-media":"","overlay-type":"","overlay-color":"","overlay-opacity":"","overlay-gradient":""}}},"product_brand":[],"product_cat":[990],"product_tag":[],"class_list":{"0":"post-11499","1":"product","2":"type-product","3":"status-publish","4":"has-post-thumbnail","6":"product_cat-toys-childrens-and-baby-products","7":"desktop-align-left","8":"tablet-align-left","9":"mobile-align-left","11":"first","12":"instock","13":"shipping-taxable","14":"purchasable","15":"product-type-simple"},"_links":{"self":[{"href":"https:\/\/keluvo.com\/se\/wp-json\/wp\/v2\/product\/11499","targetHints":{"allow":["GET"]}}],"collection":[{"href":"https:\/\/keluvo.com\/se\/wp-json\/wp\/v2\/product"}],"about":[{"href":"https:\/\/keluvo.com\/se\/wp-json\/wp\/v2\/types\/product"}],"replies":[{"embeddable":true,"href":"https:\/\/keluvo.com\/se\/wp-json\/wp\/v2\/comments?post=11499"}],"wp:featuredmedia":[{"embeddable":true,"href":"https:\/\/keluvo.com\/se\/wp-json\/wp\/v2\/media\/11495"}],"wp:attachment":[{"href":"https:\/\/keluvo.com\/se\/wp-json\/wp\/v2\/media?parent=11499"}],"wp:term":[{"taxonomy":"product_brand","embeddable":true,"href":"https:\/\/keluvo.com\/se\/wp-json\/wp\/v2\/product_brand?post=11499"},{"taxonomy":"product_cat","embeddable":true,"href":"https:\/\/keluvo.com\/se\/wp-json\/wp\/v2\/product_cat?post=11499"},{"taxonomy":"product_tag","embeddable":true,"href":"https:\/\/keluvo.com\/se\/wp-json\/wp\/v2\/product_tag?post=11499"}],"curies":[{"name":"wp","href":"https:\/\/api.w.org\/{rel}","templated":true}]}}