{"id":11494,"date":"2025-05-29T15:03:23","date_gmt":"2025-05-29T13:03:23","guid":{"rendered":"https:\/\/keluvo.com\/se\/product\/ingen-wifi-casting-enhet\/"},"modified":"2025-05-29T15:07:12","modified_gmt":"2025-05-29T13:07:12","slug":"ingen-wifi-casting-enhet","status":"publish","type":"product","link":"https:\/\/keluvo.com\/se\/product\/ingen-wifi-casting-enhet\/","title":{"rendered":"Ingen WiFi casting-enhet"},"content":{"rendered":"<h2 style=\"text-align: center;\">Str\u00f6mma utan Wi-Fi eller kablar med den h\u00e4r fantastiska enheten!<\/h2>\n<p style=\"text-align: center;\">G\u00f6r det enkelt att str\u00f6mma med den h\u00e4r enheten som ger dig total kontroll \u00f6ver din underh\u00e5llning &#8211; inget Wi-Fi kr\u00e4vs. Oavsett om du \u00e4r hemma, p\u00e5 resande fot eller offline kan du snabbt casta dina favoritprogram, filmer och appar fr\u00e5n din telefon, surfplatta eller b\u00e4rbara dator till din sk\u00e4rm.<\/p>\n<p style=\"text-align: center;\">Installationen \u00e4r enkel och att anv\u00e4nda den \u00e4r \u00e4nnu enklare. Njut av smidig, h\u00f6gkvalitativ streaming var du \u00e4n \u00e4r, utan buffring eller kr\u00e5ngel. Bara friheten att titta p\u00e5 det du \u00e4lskar, n\u00e4r du vill.<\/p>\n<p><img fetchpriority=\"high\" decoding=\"async\" class=\"alignnone size-full wp-image-22066 aligncenter\" src=\"https:\/\/keluvo.com\/template\/wp-content\/uploads\/sites\/5\/2025\/05\/IMG_2551.webp\" alt=\"\" width=\"535\" height=\"535\" \/><\/p>\n<h2 style=\"text-align: center;\">Streama direkt fr\u00e5n din telefon eller surfplatta till din TV &#8211; inget Wi-Fi beh\u00f6vs!<\/h2>\n<p style=\"text-align: center;\">Med v\u00e5r enhet kan du enkelt skicka allt fr\u00e5n din telefon direkt till din TV. Den st\u00f6der alla streamingtj\u00e4nster, s\u00e5 att du \u00e4ven kan njuta av sociala medier p\u00e5 den stora sk\u00e4rmen. Ingen mer frustration med Wi-Fi-anslutningar! M\u00e5nga n\u00f6jda kunder har valt oss. Ta med den p\u00e5 resan eller anv\u00e4nd den hemma med l\u00e4tthet!<\/p>\n<p><img decoding=\"async\" class=\"alignnone size-full wp-image-22069 aligncenter\" src=\"https:\/\/keluvo.com\/template\/wp-content\/uploads\/sites\/5\/2025\/05\/3-33.jpg\" alt=\"\" width=\"1001\" height=\"1001\" \/><\/p>\n<h2 style=\"text-align: center;\">Stabil och p\u00e5litlig \u00f6verf\u00f6ring<\/h2>\n<p style=\"text-align: center;\">Den h\u00e4r tr\u00e5dl\u00f6sa bildsk\u00e4rmsdongeln har en inbyggd 2,4 GHz-modul f\u00f6r smidig och stabil bild\u00f6verf\u00f6ring. Den fungerar p\u00e5 2,4 GHz-bandet, vilket s\u00e4kerst\u00e4ller en stark signal med minimala avbrott och utm\u00e4rkt datafl\u00f6de f\u00f6r en fantastisk tittarupplevelse.<\/p>\n<p><img decoding=\"async\" class=\"alignnone size-full wp-image-22065 aligncenter\" src=\"https:\/\/keluvo.com\/template\/wp-content\/uploads\/sites\/5\/2025\/05\/Fjernsyno.webp\" alt=\"\" width=\"800\" height=\"800\" \/><\/p>\n<h2 style=\"text-align: center;\">Utforska hur enkelt det \u00e4r att casta!<\/h2>\n<p style=\"text-align: center;\">Med den h\u00e4r praktiska Bluetooth-enheten kan du ansluta din smartphone och visa inneh\u00e5ll p\u00e5 en st\u00f6rre sk\u00e4rm. F\u00f6rest\u00e4ll dig att du kan dela dina favoritfilmer, foton och spel med v\u00e4nner och familj &#8211; utan kablar eller adaptrar. Den ger en s\u00f6ml\u00f6s anslutning och en njutbar tittarupplevelse &#8211; en viktig pryl f\u00f6r alla underh\u00e5llningsfantaster.<\/p>\n<p><img loading=\"lazy\" decoding=\"async\" class=\"alignnone size-full wp-image-22070 aligncenter\" src=\"https:\/\/keluvo.com\/template\/wp-content\/uploads\/sites\/5\/2025\/05\/4-29.jpg\" alt=\"\" width=\"800\" height=\"800\" \/><\/p>\n<h2 style=\"text-align: center;\">Varf\u00f6r \u00e4lskar kunderna den?<\/h2>\n<p>\u2714 <strong>Enkel Tr\u00e5dl\u00f6s Anslutning<\/strong>: Anslut p\u00e5 n\u00e5gra sekunder utan sladdar.<\/p>\n<p>\u2714 <strong>Upplevelse P\u00e5 Stor Sk\u00e4rm<\/strong>: Se detaljer och k\u00e4nslor som aldrig f\u00f6rr p\u00e5 din TV.<\/p>\n<p>\u2714 <strong>Fungerar Med De Flesta Enheter<\/strong>: Kompatibel med m\u00e5nga smartphones och TV-apparater s\u00e5 att alla kan anv\u00e4nda den.<\/p>\n<p>\u2714 <strong>Dela Det Roliga<\/strong>: Njut av dina favoritprogram och filmer med familj och v\u00e4nner &#8211; skapa best\u00e5ende minnen tillsammans.<\/p>\n","protected":false},"excerpt":{"rendered":"<p>Str\u00f6mma utan Wi-Fi eller kablar med den h\u00e4r fantastiska enheten! G\u00f6r det enkelt att str\u00f6mma med den h\u00e4r enheten som [&hellip;]<\/p>\n","protected":false},"featured_media":11490,"comment_status":"open","ping_status":"closed","template":"","meta":{"site-sidebar-layout":"default","site-content-layout":"","ast-site-content-layout":"default","site-content-style":"default","site-sidebar-style":"default","ast-global-header-display":"","ast-banner-title-visibility":"","ast-main-header-display":"","ast-hfb-above-header-display":"","ast-hfb-below-header-display":"","ast-hfb-mobile-header-display":"","site-post-title":"","ast-breadcrumbs-content":"","ast-featured-img":"","footer-sml-layout":"","theme-transparent-header-meta":"default","adv-header-id-meta":"","stick-header-meta":"","header-above-stick-meta":"","header-main-stick-meta":"","header-below-stick-meta":"","astra-migrate-meta-layouts":"set","ast-page-background-enabled":"default","ast-page-background-meta":{"desktop":{"background-color":"var(--ast-global-color-4)","background-image":"","background-repeat":"repeat","background-position":"center center","background-size":"auto","background-attachment":"scroll","background-type":"","background-media":"","overlay-type":"","overlay-color":"","overlay-opacity":"","overlay-gradient":""},"tablet":{"background-color":"","background-image":"","background-repeat":"repeat","background-position":"center center","background-size":"auto","background-attachment":"scroll","background-type":"","background-media":"","overlay-type":"","overlay-color":"","overlay-opacity":"","overlay-gradient":""},"mobile":{"background-color":"","background-image":"","background-repeat":"repeat","background-position":"center center","background-size":"auto","background-attachment":"scroll","background-type":"","background-media":"","overlay-type":"","overlay-color":"","overlay-opacity":"","overlay-gradient":""}},"ast-content-background-meta":{"desktop":{"background-color":"var(--ast-global-color-5)","background-image":"","background-repeat":"repeat","background-position":"center center","background-size":"auto","background-attachment":"scroll","background-type":"","background-media":"","overlay-type":"","overlay-color":"","overlay-opacity":"","overlay-gradient":""},"tablet":{"background-color":"var(--ast-global-color-5)","background-image":"","background-repeat":"repeat","background-position":"center center","background-size":"auto","background-attachment":"scroll","background-type":"","background-media":"","overlay-type":"","overlay-color":"","overlay-opacity":"","overlay-gradient":""},"mobile":{"background-color":"var(--ast-global-color-5)","background-image":"","background-repeat":"repeat","background-position":"center center","background-size":"auto","background-attachment":"scroll","background-type":"","background-media":"","overlay-type":"","overlay-color":"","overlay-opacity":"","overlay-gradient":""}}},"product_brand":[],"product_cat":[1001],"product_tag":[],"class_list":{"0":"post-11494","1":"product","2":"type-product","3":"status-publish","4":"has-post-thumbnail","6":"product_cat-household-goods","7":"desktop-align-left","8":"tablet-align-left","9":"mobile-align-left","11":"first","12":"instock","13":"shipping-taxable","14":"purchasable","15":"product-type-simple"},"_links":{"self":[{"href":"https:\/\/keluvo.com\/se\/wp-json\/wp\/v2\/product\/11494","targetHints":{"allow":["GET"]}}],"collection":[{"href":"https:\/\/keluvo.com\/se\/wp-json\/wp\/v2\/product"}],"about":[{"href":"https:\/\/keluvo.com\/se\/wp-json\/wp\/v2\/types\/product"}],"replies":[{"embeddable":true,"href":"https:\/\/keluvo.com\/se\/wp-json\/wp\/v2\/comments?post=11494"}],"wp:featuredmedia":[{"embeddable":true,"href":"https:\/\/keluvo.com\/se\/wp-json\/wp\/v2\/media\/11490"}],"wp:attachment":[{"href":"https:\/\/keluvo.com\/se\/wp-json\/wp\/v2\/media?parent=11494"}],"wp:term":[{"taxonomy":"product_brand","embeddable":true,"href":"https:\/\/keluvo.com\/se\/wp-json\/wp\/v2\/product_brand?post=11494"},{"taxonomy":"product_cat","embeddable":true,"href":"https:\/\/keluvo.com\/se\/wp-json\/wp\/v2\/product_cat?post=11494"},{"taxonomy":"product_tag","embeddable":true,"href":"https:\/\/keluvo.com\/se\/wp-json\/wp\/v2\/product_tag?post=11494"}],"curies":[{"name":"wp","href":"https:\/\/api.w.org\/{rel}","templated":true}]}}