{"id":11453,"date":"2025-05-29T15:02:03","date_gmt":"2025-05-29T13:02:03","guid":{"rendered":"https:\/\/keluvo.com\/se\/product\/avslappnad-klanning-med-v-ringning-och-fickor\/"},"modified":"2025-05-29T15:05:53","modified_gmt":"2025-05-29T13:05:53","slug":"avslappnad-klanning-med-v-ringning-och-fickor","status":"publish","type":"product","link":"https:\/\/keluvo.com\/se\/product\/avslappnad-klanning-med-v-ringning-och-fickor\/","title":{"rendered":"Avslappnad kl\u00e4nning med V-ringning och fickor"},"content":{"rendered":"<p style=\"text-align: center;\">V\u00e4nd huvuden vart du \u00e4n g\u00e5r med denna enkla favorit f\u00f6r hela s\u00e4songen. Den V-ringade kl\u00e4nningen med tryck f\u00f6renar avslappnad charm och livlig stil &#8211; perfekt f\u00f6r brunchdejter, semesterpromenader eller mysiga m\u00f6ten med v\u00e4nner. Med lekfulla tryck, praktiska sidofickor och en smickrande sk\u00e4rning \u00e4r den ett sj\u00e4lvklart val f\u00f6r komfort och sj\u00e4lvf\u00f6rtroende.<\/p>\n<p><img decoding=\"async\" class=\"alignnone size-full wp-image-22041 aligncenter\" src=\"https:\/\/keluvo.com\/template\/wp-content\/uploads\/sites\/5\/2025\/05\/6-22.jpg\" alt=\"\" \/><\/p>\n<p style=\"text-align: center;\">Kl\u00e4nningen kombinerar mode och funktion, s\u00e5 du kan kl\u00e4 upp den med loafers och smycken eller h\u00e5lla den avslappnad med sandaler och en jeansjacka. Mjuk p\u00e5 huden och dj\u00e4rv p\u00e5 personlighet &#8211; det \u00e4r ett m\u00e5ste-till\u00e4gg till din vardagliga garderob.<\/p>\n<p><img decoding=\"async\" class=\"alignnone size-full wp-image-22044 aligncenter\" src=\"https:\/\/keluvo.com\/template\/wp-content\/uploads\/sites\/5\/2025\/05\/3407ddab5ca2485fba9d88278fb722c1-ezgif.com-video-to-webp-converter.webp\" alt=\"\" \/><\/p>\n<h2 style=\"text-align: center;\" data-start=\"869\" data-end=\"887\">\ud83d\udc57 Beskrivning<\/h2>\n<ul data-start=\"889\" data-end=\"1203\">\n<li data-start=\"889\" data-end=\"945\">\n<p data-start=\"891\" data-end=\"945\">Snygg V-ringning ger en subtil touch av femininitet<\/p>\n<\/li>\n<li data-start=\"946\" data-end=\"1016\">\n<p data-start=\"948\" data-end=\"1016\">\u00d6gonf\u00e5ngande allover-tryck g\u00f6r ett dj\u00e4rvt men roligt modeuttalande<\/p>\n<\/li>\n<li data-start=\"1017\" data-end=\"1078\">\n<p data-start=\"1019\" data-end=\"1078\">Laxad passform med mjuk drapering f\u00f6rb\u00e4ttrar komfort och r\u00f6relse<\/p>\n<\/li>\n<li data-start=\"1079\" data-end=\"1150\">\n<p data-start=\"1081\" data-end=\"1150\">Funktionella sidofickor ger praktiska egenskaper utan att kompromissa med stil<\/p>\n<\/li>\n<li data-start=\"1151\" data-end=\"1203\">\n<p data-start=\"1153\" data-end=\"1203\">Korta \u00e4rmar ger m\u00e5ngsidigt slitage under alla \u00e5rstider<\/p>\n<\/li>\n<\/ul>\n<p><img decoding=\"async\" class=\"alignnone size-full wp-image-22040 aligncenter\" src=\"https:\/\/keluvo.com\/template\/wp-content\/uploads\/sites\/5\/2025\/05\/5-23.jpg\" alt=\"\" \/><\/p>\n<h2 style=\"text-align: center;\" data-start=\"1210\" data-end=\"1224\">\u2705 Funktioner<\/h2>\n<ul data-start=\"1226\" data-end=\"1582\">\n<li data-start=\"1226\" data-end=\"1292\">\n<p data-start=\"1228\" data-end=\"1292\">\ud83e\uddf5 <strong data-start=\"1231\" data-end=\"1253\">Andningsbart Tyg:<\/strong> L\u00e4tt och enkel att b\u00e4ra hela dagen<\/p>\n<\/li>\n<li data-start=\"1293\" data-end=\"1372\">\n<p data-start=\"1295\" data-end=\"1372\">\ud83d\udc95 <strong data-start=\"1298\" data-end=\"1318\">Bekv\u00e4m Passform:<\/strong> Perfekt f\u00f6r alla kroppstyper med smickrande silhuett<\/p>\n<\/li>\n<li data-start=\"1373\" data-end=\"1437\">\n<p data-start=\"1375\" data-end=\"1437\">\ud83d\udc5c <strong data-start=\"1378\" data-end=\"1395\">Sidofickor:<\/strong> F\u00f6r viktiga saker eller bara f\u00f6r en avslappnad pose<\/p>\n<\/li>\n<li data-start=\"1438\" data-end=\"1509\">\n<p data-start=\"1440\" data-end=\"1509\">\ud83c\udf08 <strong data-start=\"1443\" data-end=\"1463\">Flera F\u00e4rger:<\/strong> V\u00e4lj din favoritnyans f\u00f6r att matcha ditt hum\u00f6r<\/p>\n<\/li>\n<li data-start=\"1510\" data-end=\"1582\">\n<p data-start=\"1512\" data-end=\"1582\">\ud83d\udc60 <strong data-start=\"1515\" data-end=\"1537\">M\u00e5ngsidig Styling:<\/strong> Fungerar med sneakers, flats eller accessoarer<\/p>\n<\/li>\n<\/ul>\n<h2 style=\"text-align: center;\">Storlekstabell<\/h2>\n<p><img decoding=\"async\" class=\"alignnone size-full wp-image-22043 aligncenter\" src=\"https:\/\/keluvo.com\/template\/wp-content\/uploads\/sites\/5\/2025\/05\/dress-chart-1.jpg\" alt=\"\" \/><\/p>\n","protected":false},"excerpt":{"rendered":"<p>V\u00e4nd huvuden vart du \u00e4n g\u00e5r med denna enkla favorit f\u00f6r hela s\u00e4songen. Den V-ringade kl\u00e4nningen med tryck f\u00f6renar avslappnad [&hellip;]<\/p>\n","protected":false},"featured_media":11449,"comment_status":"open","ping_status":"closed","template":"","meta":{"site-sidebar-layout":"default","site-content-layout":"","ast-site-content-layout":"default","site-content-style":"default","site-sidebar-style":"default","ast-global-header-display":"","ast-banner-title-visibility":"","ast-main-header-display":"","ast-hfb-above-header-display":"","ast-hfb-below-header-display":"","ast-hfb-mobile-header-display":"","site-post-title":"","ast-breadcrumbs-content":"","ast-featured-img":"","footer-sml-layout":"","theme-transparent-header-meta":"default","adv-header-id-meta":"","stick-header-meta":"","header-above-stick-meta":"","header-main-stick-meta":"","header-below-stick-meta":"","astra-migrate-meta-layouts":"set","ast-page-background-enabled":"default","ast-page-background-meta":{"desktop":{"background-color":"var(--ast-global-color-4)","background-image":"","background-repeat":"repeat","background-position":"center center","background-size":"auto","background-attachment":"scroll","background-type":"","background-media":"","overlay-type":"","overlay-color":"","overlay-opacity":"","overlay-gradient":""},"tablet":{"background-color":"","background-image":"","background-repeat":"repeat","background-position":"center center","background-size":"auto","background-attachment":"scroll","background-type":"","background-media":"","overlay-type":"","overlay-color":"","overlay-opacity":"","overlay-gradient":""},"mobile":{"background-color":"","background-image":"","background-repeat":"repeat","background-position":"center center","background-size":"auto","background-attachment":"scroll","background-type":"","background-media":"","overlay-type":"","overlay-color":"","overlay-opacity":"","overlay-gradient":""}},"ast-content-background-meta":{"desktop":{"background-color":"var(--ast-global-color-5)","background-image":"","background-repeat":"repeat","background-position":"center center","background-size":"auto","background-attachment":"scroll","background-type":"","background-media":"","overlay-type":"","overlay-color":"","overlay-opacity":"","overlay-gradient":""},"tablet":{"background-color":"var(--ast-global-color-5)","background-image":"","background-repeat":"repeat","background-position":"center center","background-size":"auto","background-attachment":"scroll","background-type":"","background-media":"","overlay-type":"","overlay-color":"","overlay-opacity":"","overlay-gradient":""},"mobile":{"background-color":"var(--ast-global-color-5)","background-image":"","background-repeat":"repeat","background-position":"center center","background-size":"auto","background-attachment":"scroll","background-type":"","background-media":"","overlay-type":"","overlay-color":"","overlay-opacity":"","overlay-gradient":""}}},"product_brand":[],"product_cat":[994],"product_tag":[],"class_list":{"0":"post-11453","1":"product","2":"type-product","3":"status-publish","4":"has-post-thumbnail","6":"product_cat-clothing-for-women","7":"pa_48146_m2iyozqi-bla","8":"pa_48146_m2iyozqi-gron","9":"pa_48146_m2iyozqi-svart","10":"pa_48146_woz06jgn-s","11":"pa_48146_woz06jgn-m","12":"pa_48146_woz06jgn-l","13":"pa_48146_woz06jgn-xl","14":"pa_48146_woz06jgn-2xl","15":"pa_48146_woz06jgn-3xl","16":"desktop-align-left","17":"tablet-align-left","18":"mobile-align-left","20":"first","21":"instock","22":"shipping-taxable","23":"purchasable","24":"product-type-variable","25":"has-default-attributes"},"_links":{"self":[{"href":"https:\/\/keluvo.com\/se\/wp-json\/wp\/v2\/product\/11453","targetHints":{"allow":["GET"]}}],"collection":[{"href":"https:\/\/keluvo.com\/se\/wp-json\/wp\/v2\/product"}],"about":[{"href":"https:\/\/keluvo.com\/se\/wp-json\/wp\/v2\/types\/product"}],"replies":[{"embeddable":true,"href":"https:\/\/keluvo.com\/se\/wp-json\/wp\/v2\/comments?post=11453"}],"wp:featuredmedia":[{"embeddable":true,"href":"https:\/\/keluvo.com\/se\/wp-json\/wp\/v2\/media\/11449"}],"wp:attachment":[{"href":"https:\/\/keluvo.com\/se\/wp-json\/wp\/v2\/media?parent=11453"}],"wp:term":[{"taxonomy":"product_brand","embeddable":true,"href":"https:\/\/keluvo.com\/se\/wp-json\/wp\/v2\/product_brand?post=11453"},{"taxonomy":"product_cat","embeddable":true,"href":"https:\/\/keluvo.com\/se\/wp-json\/wp\/v2\/product_cat?post=11453"},{"taxonomy":"product_tag","embeddable":true,"href":"https:\/\/keluvo.com\/se\/wp-json\/wp\/v2\/product_tag?post=11453"}],"curies":[{"name":"wp","href":"https:\/\/api.w.org\/{rel}","templated":true}]}}