{"id":11415,"date":"2025-05-29T15:00:03","date_gmt":"2025-05-29T13:00:03","guid":{"rendered":"https:\/\/keluvo.com\/se\/product\/nya-barsjalar-for-nyfodda-och-smabarn\/"},"modified":"2025-05-29T15:02:28","modified_gmt":"2025-05-29T13:02:28","slug":"nya-barsjalar-for-nyfodda-och-smabarn","status":"publish","type":"product","link":"https:\/\/keluvo.com\/se\/product\/nya-barsjalar-for-nyfodda-och-smabarn\/","title":{"rendered":"Nya b\u00e4rsjalar f\u00f6r nyf\u00f6dda och sm\u00e5barn"},"content":{"rendered":"<p style=\"text-align: center;\">B\u00e4rsjalen erbjuder ett praktiskt och s\u00e4kert s\u00e4tt f\u00f6r f\u00f6r\u00e4ldrar att b\u00e4ra sina sm\u00e5 barn fr\u00e5n nyf\u00f6dd till sm\u00e5barns\u00e5lder.<\/p>\n<p><img decoding=\"async\" class=\"alignnone size-full wp-image-22002 aligncenter\" src=\"https:\/\/keluvo.com\/template\/wp-content\/uploads\/sites\/5\/2025\/05\/bb0f7f7f815779491e5df117a9fc25d222b01630.webp\" alt=\"\" \/><\/p>\n<h2 style=\"text-align: center;\">Varf\u00f6r f\u00f6r\u00e4ldrar \u00e4lskar den:<\/h2>\n<h3 style=\"text-align: center;\">Snabb och enkel<\/h3>\n<p style=\"text-align: center;\">V\u00e5r b\u00e4rsjal \u00e4r utformad f\u00f6r bekv\u00e4mlighet, s\u00e5 att du kan placera ditt barn i den snabbt och bekv\u00e4mt. Du kan f\u00e5 in och ut din lilla p\u00e5 bara 10 sekunder, helt p\u00e5 egen hand.<\/p>\n<p><img decoding=\"async\" class=\"aligncenter wp-image-22008 size-full\" src=\"https:\/\/keluvo.com\/template\/wp-content\/uploads\/sites\/5\/2025\/05\/black-3-e1748509485988.jpg\" alt=\"\" \/><\/p>\n<h3 style=\"text-align: center;\">S\u00e4ker och b\u00e4rbar<\/h3>\n<p style=\"text-align: center;\">Den h\u00e4r b\u00e4rselen f\u00f6r sm\u00e5barn \u00e4r l\u00e4tt och kompakt, perfekt f\u00f6r f\u00f6r\u00e4ldrar som \u00e4r p\u00e5 spr\u00e5ng. Det enkla sp\u00e4nnsystemet h\u00e5ller ditt barn s\u00e4kert samtidigt som det tar upp minimalt med plats i sk\u00f6tv\u00e4skan.<\/p>\n<p><img decoding=\"async\" class=\"alignnone size-full wp-image-22001 aligncenter\" src=\"https:\/\/keluvo.com\/template\/wp-content\/uploads\/sites\/5\/2025\/05\/3eb6d7cebb11fd439453df18de2741e242a2992a.webp\" alt=\"\" \/><\/p>\n<h3 style=\"text-align: center;\">M\u00e5ngsidig anv\u00e4ndning<\/h3>\n<p style=\"text-align: center;\">Med justerbara remmar \u00e4r denna b\u00e4rsele l\u00e4mplig f\u00f6r barn fr\u00e5n 0 till 36 m\u00e5nader. Den har tv\u00e5 justerbara sp\u00e4nnen som anpassar sig till ditt barns behov n\u00e4r det v\u00e4xer. V\u00e4lj mellan olika b\u00e4rs\u00e4tt, t.ex. horisontellt, diagonalt eller grensle.<\/p>\n<p><img decoding=\"async\" class=\"alignnone size-full wp-image-22010 aligncenter\" src=\"https:\/\/keluvo.com\/template\/wp-content\/uploads\/sites\/5\/2025\/05\/bonsai_blue-1.jpg\" alt=\"\" \/><\/p>\n<h3 style=\"text-align: center;\">Bekv\u00e4m design<\/h3>\n<p style=\"text-align: center;\">Den h\u00f6ftmonterade b\u00e4rselen \u00e4r utformad f\u00f6r b\u00e5de dig och ditt barn och har justerbara remmar och ett vadderat h\u00f6ftb\u00e4lte f\u00f6r \u00f6kad komfort. Den st\u00f6djer ditt barns naturliga h\u00e5llning och ger bra st\u00f6d f\u00f6r huvud och nacke.<\/p>\n<p><img decoding=\"async\" class=\"alignnone size-full wp-image-22006 aligncenter\" src=\"https:\/\/keluvo.com\/template\/wp-content\/uploads\/sites\/5\/2025\/05\/zebra_stripes.jpg\" alt=\"\" \/><\/p>\n<h3 style=\"text-align: center;\">Bindningstid<\/h3>\n<p style=\"text-align: center;\">Anv\u00e4ndningen av den h\u00e4r b\u00e4rselen fr\u00e4mjar ett starkt band mellan dig och ditt barn samtidigt som den st\u00f6djer barnets utveckling. Njut av n\u00e4rheten och intimiteten i b\u00e4randet samtidigt som du har h\u00e4nderna fria.<\/p>\n<h3 style=\"text-align: center;\">Beskrivning<\/h3>\n<ul>\n<li><strong>B\u00e4ltesfunktion<\/strong>: L\u00e4tt att justera<\/li>\n<li><strong>Anv\u00e4ndbar \u00e5lder<\/strong>: 0,5\u20133 \u00e5r<\/li>\n<li><strong>Maximal belastningskapacitet<\/strong>: 15 kg (f\u00f6r l\u00e5ngvarig anv\u00e4ndning)<\/li>\n<li><strong>L\u00e4ngd<\/strong>: 120\u2013172 cm<\/li>\n<li><strong>Material<\/strong>: 35% polyester, 65% bomull<\/li>\n<\/ul>\n<h3 style=\"text-align: center;\">F\u00f6rpackningen inneh\u00e5ller<\/h3>\n<ul>\n<li>1 b\u00e4rsele f\u00f6r sm\u00e5barn<\/li>\n<\/ul>\n","protected":false},"excerpt":{"rendered":"<p>B\u00e4rsjalen erbjuder ett praktiskt och s\u00e4kert s\u00e4tt f\u00f6r f\u00f6r\u00e4ldrar att b\u00e4ra sina sm\u00e5 barn fr\u00e5n nyf\u00f6dd till sm\u00e5barns\u00e5lder. Varf\u00f6r f\u00f6r\u00e4ldrar [&hellip;]<\/p>\n","protected":false},"featured_media":11411,"comment_status":"open","ping_status":"closed","template":"","meta":{"site-sidebar-layout":"default","site-content-layout":"","ast-site-content-layout":"default","site-content-style":"default","site-sidebar-style":"default","ast-global-header-display":"","ast-banner-title-visibility":"","ast-main-header-display":"","ast-hfb-above-header-display":"","ast-hfb-below-header-display":"","ast-hfb-mobile-header-display":"","site-post-title":"","ast-breadcrumbs-content":"","ast-featured-img":"","footer-sml-layout":"","theme-transparent-header-meta":"default","adv-header-id-meta":"","stick-header-meta":"","header-above-stick-meta":"","header-main-stick-meta":"","header-below-stick-meta":"","astra-migrate-meta-layouts":"set","ast-page-background-enabled":"default","ast-page-background-meta":{"desktop":{"background-color":"var(--ast-global-color-4)","background-image":"","background-repeat":"repeat","background-position":"center center","background-size":"auto","background-attachment":"scroll","background-type":"","background-media":"","overlay-type":"","overlay-color":"","overlay-opacity":"","overlay-gradient":""},"tablet":{"background-color":"","background-image":"","background-repeat":"repeat","background-position":"center center","background-size":"auto","background-attachment":"scroll","background-type":"","background-media":"","overlay-type":"","overlay-color":"","overlay-opacity":"","overlay-gradient":""},"mobile":{"background-color":"","background-image":"","background-repeat":"repeat","background-position":"center center","background-size":"auto","background-attachment":"scroll","background-type":"","background-media":"","overlay-type":"","overlay-color":"","overlay-opacity":"","overlay-gradient":""}},"ast-content-background-meta":{"desktop":{"background-color":"var(--ast-global-color-5)","background-image":"","background-repeat":"repeat","background-position":"center center","background-size":"auto","background-attachment":"scroll","background-type":"","background-media":"","overlay-type":"","overlay-color":"","overlay-opacity":"","overlay-gradient":""},"tablet":{"background-color":"var(--ast-global-color-5)","background-image":"","background-repeat":"repeat","background-position":"center center","background-size":"auto","background-attachment":"scroll","background-type":"","background-media":"","overlay-type":"","overlay-color":"","overlay-opacity":"","overlay-gradient":""},"mobile":{"background-color":"var(--ast-global-color-5)","background-image":"","background-repeat":"repeat","background-position":"center center","background-size":"auto","background-attachment":"scroll","background-type":"","background-media":"","overlay-type":"","overlay-color":"","overlay-opacity":"","overlay-gradient":""}}},"product_brand":[],"product_cat":[990],"product_tag":[],"class_list":{"0":"post-11415","1":"product","2":"type-product","3":"status-publish","4":"has-post-thumbnail","6":"product_cat-toys-childrens-and-baby-products","7":"pa_48144_4g8wz5yf-bla","8":"pa_48144_4g8wz5yf-bonsai-bla","9":"pa_48144_4g8wz5yf-bonsai-svart","10":"pa_48144_4g8wz5yf-svart","11":"desktop-align-left","12":"tablet-align-left","13":"mobile-align-left","15":"first","16":"instock","17":"shipping-taxable","18":"purchasable","19":"product-type-variable"},"_links":{"self":[{"href":"https:\/\/keluvo.com\/se\/wp-json\/wp\/v2\/product\/11415","targetHints":{"allow":["GET"]}}],"collection":[{"href":"https:\/\/keluvo.com\/se\/wp-json\/wp\/v2\/product"}],"about":[{"href":"https:\/\/keluvo.com\/se\/wp-json\/wp\/v2\/types\/product"}],"replies":[{"embeddable":true,"href":"https:\/\/keluvo.com\/se\/wp-json\/wp\/v2\/comments?post=11415"}],"wp:featuredmedia":[{"embeddable":true,"href":"https:\/\/keluvo.com\/se\/wp-json\/wp\/v2\/media\/11411"}],"wp:attachment":[{"href":"https:\/\/keluvo.com\/se\/wp-json\/wp\/v2\/media?parent=11415"}],"wp:term":[{"taxonomy":"product_brand","embeddable":true,"href":"https:\/\/keluvo.com\/se\/wp-json\/wp\/v2\/product_brand?post=11415"},{"taxonomy":"product_cat","embeddable":true,"href":"https:\/\/keluvo.com\/se\/wp-json\/wp\/v2\/product_cat?post=11415"},{"taxonomy":"product_tag","embeddable":true,"href":"https:\/\/keluvo.com\/se\/wp-json\/wp\/v2\/product_tag?post=11415"}],"curies":[{"name":"wp","href":"https:\/\/api.w.org\/{rel}","templated":true}]}}