{"id":11339,"date":"2025-05-28T18:26:11","date_gmt":"2025-05-28T16:26:11","guid":{"rendered":"https:\/\/keluvo.com\/se\/product\/axelremsvaska-med-dumpling-for-kvinnor\/"},"modified":"2025-05-28T18:26:21","modified_gmt":"2025-05-28T16:26:21","slug":"axelremsvaska-med-dumpling-for-kvinnor","status":"publish","type":"product","link":"https:\/\/keluvo.com\/se\/product\/axelremsvaska-med-dumpling-for-kvinnor\/","title":{"rendered":"Axelremsv\u00e4ska med dumpling f\u00f6r kvinnor"},"content":{"rendered":"<p style=\"text-align: center\"><strong>Enf\u00e4rgad axelremsv\u00e4ska f\u00f6r kvinnor, med en enkel justerbar rem, perfekt f\u00f6r avslappnade weekendutflykter.<\/strong><\/p>\n<p><img decoding=\"async\" class=\"alignnone size-full wp-image-21632 aligncenter\" src=\"https:\/\/keluvo.com\/template\/wp-content\/uploads\/sites\/5\/2025\/05\/12_ff4a1105-aa13-4d3e-af0a-682549530b97_1400x.webp\" alt=\"\" \/><\/p>\n<h2 style=\"text-align: center\">Egenskaper<\/h2>\n<p><strong>Material<\/strong>: Denna trendiga axelv\u00e4ska \u00e4r tillverkad av kompositmaterial, vilket g\u00f6r den mjuk, bekv\u00e4m, h\u00e5llbar och l\u00e4tt att underh\u00e5lla.<\/p>\n<p><strong>Design<\/strong>: Med en halvm\u00e5neform, en huvudficka och tv\u00e5 inre patchfickor f\u00f6r att organisera mindre f\u00f6rem\u00e5l. Dragkedjor av h\u00f6g kvalitet s\u00e4kerst\u00e4ller smidig anv\u00e4ndning.<\/p>\n<p><strong>M\u00e5ngsidig anv\u00e4ndning<\/strong>: Perfekt f\u00f6r shopping, dejting, pendling, resor, semester, fest och arbete.<\/p>\n<p><strong>Idealisk g\u00e5va<\/strong>: G\u00f6r en tankev\u00e4ckande g\u00e5va till jul, Alla hj\u00e4rtans dag, f\u00f6delsedagar, mors dag, Thanksgiving och Memorial Day. En underbar present till v\u00e4nner, flickv\u00e4nner, fruar och mammor.<\/p>\n<p><img decoding=\"async\" class=\"alignnone size-full wp-image-21640 aligncenter\" src=\"https:\/\/keluvo.com\/template\/wp-content\/uploads\/sites\/5\/2025\/05\/5_7bdd708f-c9d8-40ab-8934-fcfe6742c6d7_1400x.webp\" alt=\"\" \/><\/p>\n<h2 style=\"text-align: center\">Specifikationer<\/h2>\n<p><strong>Material<\/strong>: Nylon<\/p>\n<p><strong>Form<\/strong>: Halvm\u00e5ne<\/p>\n<p><img decoding=\"async\" class=\"alignnone size-full wp-image-21642 aligncenter\" src=\"https:\/\/keluvo.com\/template\/wp-content\/uploads\/sites\/5\/2025\/05\/468ef44610c31b5b50b747b4f9f5ee49_8bba6a99-e284-4eae-8b9b-587470e2f3f1_480x480.webp\" alt=\"\" \/><\/p>\n<h2 style=\"text-align: center\">Paketet inneh\u00e5ller<\/h2>\n<ul>\n<li>1 axelv\u00e4ska f\u00f6r dumplings f\u00f6r kvinnor<\/li>\n<\/ul>\n","protected":false},"excerpt":{"rendered":"<p>Enf\u00e4rgad axelremsv\u00e4ska f\u00f6r kvinnor, med en enkel justerbar rem, perfekt f\u00f6r avslappnade weekendutflykter. Egenskaper Material: Denna trendiga axelv\u00e4ska \u00e4r tillverkad [&hellip;]<\/p>\n","protected":false},"featured_media":11335,"comment_status":"open","ping_status":"closed","template":"","meta":{"site-sidebar-layout":"default","site-content-layout":"","ast-site-content-layout":"default","site-content-style":"default","site-sidebar-style":"default","ast-global-header-display":"","ast-banner-title-visibility":"","ast-main-header-display":"","ast-hfb-above-header-display":"","ast-hfb-below-header-display":"","ast-hfb-mobile-header-display":"","site-post-title":"","ast-breadcrumbs-content":"","ast-featured-img":"","footer-sml-layout":"","theme-transparent-header-meta":"default","adv-header-id-meta":"","stick-header-meta":"","header-above-stick-meta":"","header-main-stick-meta":"","header-below-stick-meta":"","astra-migrate-meta-layouts":"set","ast-page-background-enabled":"default","ast-page-background-meta":{"desktop":{"background-color":"var(--ast-global-color-4)","background-image":"","background-repeat":"repeat","background-position":"center center","background-size":"auto","background-attachment":"scroll","background-type":"","background-media":"","overlay-type":"","overlay-color":"","overlay-opacity":"","overlay-gradient":""},"tablet":{"background-color":"","background-image":"","background-repeat":"repeat","background-position":"center center","background-size":"auto","background-attachment":"scroll","background-type":"","background-media":"","overlay-type":"","overlay-color":"","overlay-opacity":"","overlay-gradient":""},"mobile":{"background-color":"","background-image":"","background-repeat":"repeat","background-position":"center center","background-size":"auto","background-attachment":"scroll","background-type":"","background-media":"","overlay-type":"","overlay-color":"","overlay-opacity":"","overlay-gradient":""}},"ast-content-background-meta":{"desktop":{"background-color":"var(--ast-global-color-5)","background-image":"","background-repeat":"repeat","background-position":"center center","background-size":"auto","background-attachment":"scroll","background-type":"","background-media":"","overlay-type":"","overlay-color":"","overlay-opacity":"","overlay-gradient":""},"tablet":{"background-color":"var(--ast-global-color-5)","background-image":"","background-repeat":"repeat","background-position":"center center","background-size":"auto","background-attachment":"scroll","background-type":"","background-media":"","overlay-type":"","overlay-color":"","overlay-opacity":"","overlay-gradient":""},"mobile":{"background-color":"var(--ast-global-color-5)","background-image":"","background-repeat":"repeat","background-position":"center center","background-size":"auto","background-attachment":"scroll","background-type":"","background-media":"","overlay-type":"","overlay-color":"","overlay-opacity":"","overlay-gradient":""}}},"product_brand":[],"product_cat":[994],"product_tag":[],"class_list":{"0":"post-11339","1":"product","2":"type-product","3":"status-publish","4":"has-post-thumbnail","6":"product_cat-clothing-for-women","7":"pa_48143_mqiqynm4-beige","8":"pa_48143_mqiqynm4-gra","9":"pa_48143_mqiqynm4-gron","10":"pa_48143_mqiqynm4-gul","11":"pa_48143_mqiqynm4-orange","12":"pa_48143_mqiqynm4-rod","13":"pa_48143_mqiqynm4-svart","14":"desktop-align-left","15":"tablet-align-left","16":"mobile-align-left","18":"first","19":"instock","20":"shipping-taxable","21":"purchasable","22":"product-type-variable"},"_links":{"self":[{"href":"https:\/\/keluvo.com\/se\/wp-json\/wp\/v2\/product\/11339","targetHints":{"allow":["GET"]}}],"collection":[{"href":"https:\/\/keluvo.com\/se\/wp-json\/wp\/v2\/product"}],"about":[{"href":"https:\/\/keluvo.com\/se\/wp-json\/wp\/v2\/types\/product"}],"replies":[{"embeddable":true,"href":"https:\/\/keluvo.com\/se\/wp-json\/wp\/v2\/comments?post=11339"}],"wp:featuredmedia":[{"embeddable":true,"href":"https:\/\/keluvo.com\/se\/wp-json\/wp\/v2\/media\/11335"}],"wp:attachment":[{"href":"https:\/\/keluvo.com\/se\/wp-json\/wp\/v2\/media?parent=11339"}],"wp:term":[{"taxonomy":"product_brand","embeddable":true,"href":"https:\/\/keluvo.com\/se\/wp-json\/wp\/v2\/product_brand?post=11339"},{"taxonomy":"product_cat","embeddable":true,"href":"https:\/\/keluvo.com\/se\/wp-json\/wp\/v2\/product_cat?post=11339"},{"taxonomy":"product_tag","embeddable":true,"href":"https:\/\/keluvo.com\/se\/wp-json\/wp\/v2\/product_tag?post=11339"}],"curies":[{"name":"wp","href":"https:\/\/api.w.org\/{rel}","templated":true}]}}