{"id":10862,"date":"2025-05-23T11:20:08","date_gmt":"2025-05-23T09:20:08","guid":{"rendered":"https:\/\/keluvo.com\/se\/product\/solcellsbaserad-djuravvisare\/"},"modified":"2025-05-23T11:26:49","modified_gmt":"2025-05-23T09:26:49","slug":"solcellsbaserad-djuravvisare","status":"publish","type":"product","link":"https:\/\/keluvo.com\/se\/product\/solcellsbaserad-djuravvisare\/","title":{"rendered":"Solcellsbaserad djuravvisare"},"content":{"rendered":"<h2 style=\"text-align: center;\" data-start=\"0\" data-end=\"64\">H\u00e5ll o\u00f6nskade djur borta med solcellsbaserad djuravvisare!<\/h2>\n<p style=\"text-align: center;\" data-start=\"66\" data-end=\"222\">Skydda din egendom dag och natt med hj\u00e4lp av solcellsdrivna lampor med h\u00f6ga ljudlarm som effektivt skr\u00e4mmer bort vilda djur &#8211; inga ledningar eller batterier beh\u00f6vs.<\/p>\n<p style=\"text-align: center;\" data-start=\"224\" data-end=\"506\">Solcellsbaserad djuravvisare har h\u00f6geffektiva solpaneler, ljusa blinkande lampor och ett genomtr\u00e4ngande larm f\u00f6r att avskr\u00e4cka djur som vildsvin, r\u00e5djur, tv\u00e4ttbj\u00f6rnar och herrel\u00f6sa hundar. Med en v\u00e4derbest\u00e4ndig design fungerar den under alla f\u00f6rh\u00e5llanden och \u00e4r l\u00e4tt att installera var som helst d\u00e4r du beh\u00f6ver skydd.<\/p>\n<p data-start=\"224\" data-end=\"506\"><img decoding=\"async\" class=\"alignnone size-full wp-image-21104 aligncenter\" src=\"https:\/\/keluvo.com\/template\/wp-content\/uploads\/sites\/5\/2025\/05\/20240808-gif1.webp\" alt=\"\" \/><\/p>\n<h2 style=\"text-align: center;\" data-start=\"513\" data-end=\"533\">Kraftfull avskr\u00e4ckare f\u00f6r vilda djur device<\/h2>\n<ul data-start=\"535\" data-end=\"958\">\n<li data-start=\"535\" data-end=\"626\">\n<p data-start=\"537\" data-end=\"626\">\u2600\ufe0f <strong data-start=\"540\" data-end=\"557\">Solcellsdriven<\/strong> &#8211; laddas under dagen och fungerar hela natten utan extern str\u00f6mf\u00f6rs\u00f6rjning.<\/p>\n<\/li>\n<li data-start=\"627\" data-end=\"714\">\n<p data-start=\"629\" data-end=\"714\">\ud83d\udd0a <strong data-start=\"632\" data-end=\"652\">H\u00f6gt alarmljud<\/strong> &#8211; avskr\u00e4ckande ljud n\u00e5r l\u00e5nga avst\u00e5nd f\u00f6r att skr\u00e4mma bort djur.<\/p>\n<\/li>\n<li data-start=\"715\" data-end=\"793\">\n<p data-start=\"717\" data-end=\"793\">\ud83d\udca1 <strong data-start=\"720\" data-end=\"739\">Blinkande lampor<\/strong> &#8211; Ljusa blinkningar varnar och skr\u00e4mmer bort inkr\u00e4ktare nattetid.<\/p>\n<\/li>\n<li data-start=\"794\" data-end=\"885\">\n<p data-start=\"796\" data-end=\"885\">\ud83d\udc17 <strong data-start=\"799\" data-end=\"821\">Avskr\u00e4ckande effekt p\u00e5 vilda djur<\/strong> &#8211; Effektivt mot vildsvin, tv\u00e4ttbj\u00f6rnar, r\u00e5djur och herrel\u00f6sa hundar.<\/p>\n<\/li>\n<li data-start=\"886\" data-end=\"958\">\n<p data-start=\"888\" data-end=\"958\">\ud83c\udf27\ufe0f <strong data-start=\"892\" data-end=\"919\">V\u00e4derbest\u00e4ndig<\/strong> &#8211; H\u00e5llbar mot regn, sol och sn\u00f6.<\/p>\n<\/li>\n<\/ul>\n<p><img decoding=\"async\" class=\"alignnone size-full wp-image-21105 aligncenter\" src=\"https:\/\/keluvo.com\/template\/wp-content\/uploads\/sites\/5\/2025\/05\/1-30.jpg\" alt=\"\" \/><\/p>\n<h2 style=\"text-align: center;\" data-start=\"965\" data-end=\"983\">\ud83d\udee0\ufe0f Hur man anv\u00e4nder<\/h2>\n<ol data-start=\"985\" data-end=\"1288\">\n<li data-start=\"985\" data-end=\"1042\">\n<p data-start=\"988\" data-end=\"1042\">Placera repellern p\u00e5 en plats med direkt solljus.<\/p>\n<\/li>\n<li data-start=\"1043\" data-end=\"1127\">\n<p data-start=\"1046\" data-end=\"1127\">V\u00e4lj din modell (2-spotlight eller 4-spotlight) och installera p\u00e5 \u00f6nskad h\u00f6jd.<\/p>\n<\/li>\n<li data-start=\"1128\" data-end=\"1171\">\n<p data-start=\"1131\" data-end=\"1171\">L\u00e5t enheten ladda under dagen.<\/p>\n<\/li>\n<li data-start=\"1172\" data-end=\"1288\">\n<p data-start=\"1175\" data-end=\"1288\">Lamporna och larmet aktiveras automatiskt p\u00e5 natten n\u00e4r r\u00f6relse uppt\u00e4cks eller st\u00e4lls in som kontinuerlig avskr\u00e4ckning.<\/p>\n<\/li>\n<\/ol>\n<p><img decoding=\"async\" class=\"alignnone size-full wp-image-21112 aligncenter\" src=\"https:\/\/keluvo.com\/template\/wp-content\/uploads\/sites\/5\/2025\/05\/6-17.jpg\" alt=\"\" \/><\/p>\n<h2 style=\"text-align: center;\" data-start=\"1295\" data-end=\"1317\">Produktdetaljer<\/h2>\n<ul data-start=\"1319\" data-end=\"1610\">\n<li data-start=\"1319\" data-end=\"1355\">\n<p data-start=\"1321\" data-end=\"1355\">Produktnamn: Solcellsbaserad djuravvisare<\/p>\n<\/li>\n<li data-start=\"1356\" data-end=\"1367\">\n<p data-start=\"1358\" data-end=\"1367\">Power: 1W<\/p>\n<\/li>\n<li data-start=\"1368\" data-end=\"1397\">\n<p data-start=\"1370\" data-end=\"1397\">Voltage: 3.7V | Current: 1A<\/p>\n<\/li>\n<li data-start=\"1398\" data-end=\"1443\">\n<p data-start=\"1400\" data-end=\"1443\">Material: Slitstarkt, v\u00e4derbest\u00e4ndigt h\u00f6lje<\/p>\n<\/li>\n<li data-start=\"1459\" data-end=\"1544\">\n<p data-start=\"1461\" data-end=\"1468\">Modeller:<\/p>\n<ul data-start=\"1471\" data-end=\"1544\">\n<li data-start=\"1471\" data-end=\"1506\">\n<p data-start=\"1473\" data-end=\"1506\">2 str\u00e5lkastare: 110 \u00d7 185 \u00d7 97 mm<\/p>\n<\/li>\n<li data-start=\"1509\" data-end=\"1544\">\n<p data-start=\"1511\" data-end=\"1544\">4 Str\u00e5lkastare: 190 \u00d7 156 \u00d7 92 mm<\/p>\n<\/li>\n<\/ul>\n<\/li>\n<li data-start=\"1545\" data-end=\"1610\">\n<p data-start=\"1547\" data-end=\"1610\">Funktion: Visuellt och ljudligt avskr\u00e4ckande f\u00f6r djurkontroll utomhus<\/p>\n<\/li>\n<\/ul>\n<p><img decoding=\"async\" class=\"alignnone size-full wp-image-21111 aligncenter\" src=\"https:\/\/keluvo.com\/template\/wp-content\/uploads\/sites\/5\/2025\/05\/5-18.jpg\" alt=\"\" \/><\/p>\n<h2 style=\"text-align: center;\" data-start=\"1617\" data-end=\"1640\">\ud83d\udce6 Paketet inneh\u00e5ller<\/h2>\n<ul data-start=\"1642\" data-end=\"1725\">\n<li data-start=\"1642\" data-end=\"1725\">\n<p data-start=\"1644\" data-end=\"1725\">1 x djuravvisande solvarningslampa med h\u00f6g volym (2 eller 4 str\u00e5lkastarmodell)<\/p>\n<\/li>\n<\/ul>\n","protected":false},"excerpt":{"rendered":"<p>H\u00e5ll o\u00f6nskade djur borta med solcellsbaserad djuravvisare! Skydda din egendom dag och natt med hj\u00e4lp av solcellsdrivna lampor med h\u00f6ga [&hellip;]<\/p>\n","protected":false},"featured_media":10858,"comment_status":"open","ping_status":"closed","template":"","meta":{"site-sidebar-layout":"default","site-content-layout":"","ast-site-content-layout":"default","site-content-style":"default","site-sidebar-style":"default","ast-global-header-display":"","ast-banner-title-visibility":"","ast-main-header-display":"","ast-hfb-above-header-display":"","ast-hfb-below-header-display":"","ast-hfb-mobile-header-display":"","site-post-title":"","ast-breadcrumbs-content":"","ast-featured-img":"","footer-sml-layout":"","theme-transparent-header-meta":"default","adv-header-id-meta":"","stick-header-meta":"","header-above-stick-meta":"","header-main-stick-meta":"","header-below-stick-meta":"","astra-migrate-meta-layouts":"set","ast-page-background-enabled":"default","ast-page-background-meta":{"desktop":{"background-color":"var(--ast-global-color-4)","background-image":"","background-repeat":"repeat","background-position":"center center","background-size":"auto","background-attachment":"scroll","background-type":"","background-media":"","overlay-type":"","overlay-color":"","overlay-opacity":"","overlay-gradient":""},"tablet":{"background-color":"","background-image":"","background-repeat":"repeat","background-position":"center center","background-size":"auto","background-attachment":"scroll","background-type":"","background-media":"","overlay-type":"","overlay-color":"","overlay-opacity":"","overlay-gradient":""},"mobile":{"background-color":"","background-image":"","background-repeat":"repeat","background-position":"center center","background-size":"auto","background-attachment":"scroll","background-type":"","background-media":"","overlay-type":"","overlay-color":"","overlay-opacity":"","overlay-gradient":""}},"ast-content-background-meta":{"desktop":{"background-color":"var(--ast-global-color-5)","background-image":"","background-repeat":"repeat","background-position":"center center","background-size":"auto","background-attachment":"scroll","background-type":"","background-media":"","overlay-type":"","overlay-color":"","overlay-opacity":"","overlay-gradient":""},"tablet":{"background-color":"var(--ast-global-color-5)","background-image":"","background-repeat":"repeat","background-position":"center center","background-size":"auto","background-attachment":"scroll","background-type":"","background-media":"","overlay-type":"","overlay-color":"","overlay-opacity":"","overlay-gradient":""},"mobile":{"background-color":"var(--ast-global-color-5)","background-image":"","background-repeat":"repeat","background-position":"center center","background-size":"auto","background-attachment":"scroll","background-type":"","background-media":"","overlay-type":"","overlay-color":"","overlay-opacity":"","overlay-gradient":""}}},"product_brand":[],"product_cat":[1001],"product_tag":[],"class_list":{"0":"post-10862","1":"product","2":"type-product","3":"status-publish","4":"has-post-thumbnail","6":"product_cat-household-goods","7":"pa_48127_7ozv4124-2-stralkastare","8":"pa_48127_7ozv4124-4-stralkastare","9":"desktop-align-left","10":"tablet-align-left","11":"mobile-align-left","13":"first","14":"instock","15":"shipping-taxable","16":"purchasable","17":"product-type-variable"},"_links":{"self":[{"href":"https:\/\/keluvo.com\/se\/wp-json\/wp\/v2\/product\/10862","targetHints":{"allow":["GET"]}}],"collection":[{"href":"https:\/\/keluvo.com\/se\/wp-json\/wp\/v2\/product"}],"about":[{"href":"https:\/\/keluvo.com\/se\/wp-json\/wp\/v2\/types\/product"}],"replies":[{"embeddable":true,"href":"https:\/\/keluvo.com\/se\/wp-json\/wp\/v2\/comments?post=10862"}],"wp:featuredmedia":[{"embeddable":true,"href":"https:\/\/keluvo.com\/se\/wp-json\/wp\/v2\/media\/10858"}],"wp:attachment":[{"href":"https:\/\/keluvo.com\/se\/wp-json\/wp\/v2\/media?parent=10862"}],"wp:term":[{"taxonomy":"product_brand","embeddable":true,"href":"https:\/\/keluvo.com\/se\/wp-json\/wp\/v2\/product_brand?post=10862"},{"taxonomy":"product_cat","embeddable":true,"href":"https:\/\/keluvo.com\/se\/wp-json\/wp\/v2\/product_cat?post=10862"},{"taxonomy":"product_tag","embeddable":true,"href":"https:\/\/keluvo.com\/se\/wp-json\/wp\/v2\/product_tag?post=10862"}],"curies":[{"name":"wp","href":"https:\/\/api.w.org\/{rel}","templated":true}]}}