{"id":10750,"date":"2025-05-22T11:32:27","date_gmt":"2025-05-22T09:32:27","guid":{"rendered":"https:\/\/keluvo.com\/se\/product\/glittrig-rosbukett\/"},"modified":"2025-05-22T11:32:50","modified_gmt":"2025-05-22T09:32:50","slug":"glittrig-rosbukett","status":"publish","type":"product","link":"https:\/\/keluvo.com\/se\/product\/glittrig-rosbukett\/","title":{"rendered":"Glittrig rosbukett"},"content":{"rendered":"<h2 style=\"text-align: center\">\u2728 Str\u00e5lande Rosbukett &#8211; En G\u00e5va Som Lyser Starkt<\/h2>\n<p style=\"text-align: center\" data-start=\"238\" data-end=\"320\"><strong data-start=\"238\" data-end=\"320\">V\u00e4nd P\u00e5 Huvuden Och Lys Upp Hj\u00e4rtan Med Denna Glittrande Bukett Som Varar F\u00f6r Evigt.<\/strong><\/p>\n<p data-start=\"238\" data-end=\"320\"><img decoding=\"async\" class=\"alignnone size-full wp-image-20769 aligncenter\" src=\"https:\/\/keluvo.com\/template\/wp-content\/uploads\/sites\/5\/2025\/05\/copy_36B09D74-299B-4756-B1A2-B321273FD3B4.webp\" alt=\"\" \/><\/p>\n<h2 style=\"text-align: center\" data-start=\"327\" data-end=\"348\">\ud83d\udc90 Inneh\u00e5ll:<\/h2>\n<ul data-start=\"350\" data-end=\"425\">\n<li data-start=\"350\" data-end=\"377\">\n<p data-start=\"352\" data-end=\"377\">1x Glittrande Rosbukett<\/p>\n<\/li>\n<li data-start=\"378\" data-end=\"404\">\n<p data-start=\"380\" data-end=\"404\">Elegant Omslagspapper<\/p>\n<\/li>\n<\/ul>\n<h2 style=\"text-align: center\" data-start=\"586\" data-end=\"619\">\ud83c\udf39 Den Ultimata Romantiska G\u00e5van<\/h2>\n<p style=\"text-align: center\" data-start=\"621\" data-end=\"874\">Den h\u00e4r str\u00e5lande buketten inneh\u00e5ller handgjorda rosor belagda i en bl\u00e4ndande glitterfinish, inslagna i lyxiga material. Oavsett om det \u00e4r f\u00f6r \u00e5rsdagar, frierier, Alla hj\u00e4rtans dag eller &#8221;bara f\u00f6r att&#8221;, g\u00f6r denna bukett ett dj\u00e4rvt uttalande om k\u00e4rlek och elegans.<\/p>\n<p style=\"text-align: center\" data-start=\"876\" data-end=\"1001\">Till skillnad fr\u00e5n vanliga blommor \u00e4r den byggd f\u00f6r att h\u00e5lla och lysa i flera \u00e5r &#8211; inget vissnande, inget vattnande. En g\u00e5va som \u00e4r om\u00f6jlig att gl\u00f6mma.<\/p>\n<p data-start=\"876\" data-end=\"1001\"><img decoding=\"async\" class=\"alignnone size-full wp-image-20767 aligncenter\" src=\"https:\/\/keluvo.com\/template\/wp-content\/uploads\/sites\/5\/2025\/05\/IMG_7819_3ad70929-d357-4ce5-96b8-5df318ea235f.webp\" alt=\"\" \/><\/p>\n<h2 style=\"text-align: center\">\ud83c\udf1f Se Den Bl\u00e4nda<\/h2>\n<p style=\"text-align: center\" data-start=\"1031\" data-end=\"1217\">Se deras \u00f6gon lysa upp n\u00e4r de ser den h\u00e4r buketten gnistra i ljuset. Det \u00e4r den perfekta \u00f6verraskningen f\u00f6r romantiska kv\u00e4llar, speciella milstolpar eller ett enkelt s\u00e4tt att visa djup uppskattning.<\/p>\n<p data-start=\"1031\" data-end=\"1217\"><img decoding=\"async\" class=\"alignnone size-full wp-image-20766 aligncenter\" src=\"https:\/\/keluvo.com\/template\/wp-content\/uploads\/sites\/5\/2025\/05\/sparkly-roses-glitter-rose-bouquet-red-99-43633602560244.webp\" alt=\"\" \/><\/p>\n<h2 style=\"text-align: center\" data-start=\"1224\" data-end=\"1246\">\ud83c\udf39 Gjord F\u00f6r Evigt<\/h2>\n<p style=\"text-align: center\" data-start=\"1248\" data-end=\"1415\">Varje ros \u00e4r handgjord med h\u00f6gkvalitativa, h\u00e5llbara material som bibeh\u00e5ller sin sk\u00f6nhet och glans p\u00e5 l\u00e5ng sikt. Det h\u00e4r \u00e4r inte bara en bukett &#8211; det \u00e4r ett minne.<\/p>\n<p data-start=\"1248\" data-end=\"1415\"><img decoding=\"async\" class=\"alignnone size-full wp-image-20768 aligncenter\" src=\"https:\/\/keluvo.com\/template\/wp-content\/uploads\/sites\/5\/2025\/05\/sparkly-roses-glitter-rose-bouquet-red-12-43637802565876.webp\" alt=\"\" \/><\/p>\n<h2 style=\"text-align: center\" data-start=\"1422\" data-end=\"1443\">\ud83d\udcab Tidl\u00f6s Sk\u00f6nhet<\/h2>\n<p style=\"text-align: center\" data-start=\"1445\" data-end=\"1546\">En fantastisk blommig g\u00e5va som \u00e4r utformad f\u00f6r att h\u00e5lla livet ut. Dess gnista bleknar aldrig, precis som dina k\u00e4nslor.<\/p>\n<h2 style=\"text-align: center\">\u2753Frekvent St\u00e4llda Fr\u00e5gor<\/h2>\n<p data-start=\"1780\" data-end=\"1938\"><strong data-start=\"1780\" data-end=\"1809\">M\u00e5ste Jag Montera Den?<\/strong><br data-start=\"1809\" data-end=\"1812\" \/>Nej! Den kommer delvis monterad. F\u00f6lj bara de enkla instruktionerna f\u00f6r att \u00f6ppna och fluffa upp den &#8211; det \u00e4r en del av upplevelsen!<\/p>\n<p data-start=\"1940\" data-end=\"2069\"><strong data-start=\"1940\" data-end=\"1965\">Vad \u00c4r Den Gjord Av?<\/strong><br data-start=\"1965\" data-end=\"1968\" \/>Varje ros \u00e4r tillverkad av syntetiska material av h\u00f6g kvalitet och belagd med glitter som inte gnuggas bort l\u00e4tt.<\/p>\n<p data-start=\"2071\" data-end=\"2182\"><strong data-start=\"2071\" data-end=\"2107\">Kommer Glittret Att H\u00e5lla \u00d6ver Tid?<\/strong><br data-start=\"2107\" data-end=\"2110\" \/>Ja! Finishen \u00e4r utformad f\u00f6r att h\u00e5lla sin glans i flera \u00e5r med grundl\u00e4ggande sk\u00f6tsel.<\/p>\n<p data-start=\"2286\" data-end=\"2381\"><strong data-start=\"2286\" data-end=\"2310\">\u00c4r Den S\u00e4ker F\u00f6r Barn?<\/strong><br data-start=\"2310\" data-end=\"2313\" \/>Ja, men p\u00e5 grund av sm\u00e5 glitterpartiklar \u00e4r den inte avsedd som leksak.<\/p>\n<p style=\"text-align: center\" data-start=\"2286\" data-end=\"2381\"><strong data-start=\"2922\" data-end=\"2967\">Redo Att F\u00e5 N\u00e5gon Att K\u00e4nna Sig Of\u00f6rgl\u00f6mlig?<\/strong><br data-start=\"2967\" data-end=\"2970\" \/>Best\u00e4ll den str\u00e5lande rosenbuketten idag och skapa ett minne som lyser f\u00f6r alltid. \ud83c\udf39\u2728<\/p>\n","protected":false},"excerpt":{"rendered":"<p>\u2728 Str\u00e5lande Rosbukett &#8211; En G\u00e5va Som Lyser Starkt V\u00e4nd P\u00e5 Huvuden Och Lys Upp Hj\u00e4rtan Med Denna Glittrande Bukett [&hellip;]<\/p>\n","protected":false},"featured_media":10746,"comment_status":"open","ping_status":"closed","template":"","meta":{"site-sidebar-layout":"default","site-content-layout":"","ast-site-content-layout":"default","site-content-style":"default","site-sidebar-style":"default","ast-global-header-display":"","ast-banner-title-visibility":"","ast-main-header-display":"","ast-hfb-above-header-display":"","ast-hfb-below-header-display":"","ast-hfb-mobile-header-display":"","site-post-title":"","ast-breadcrumbs-content":"","ast-featured-img":"","footer-sml-layout":"","theme-transparent-header-meta":"default","adv-header-id-meta":"","stick-header-meta":"","header-above-stick-meta":"","header-main-stick-meta":"","header-below-stick-meta":"","astra-migrate-meta-layouts":"set","ast-page-background-enabled":"default","ast-page-background-meta":{"desktop":{"background-color":"var(--ast-global-color-4)","background-image":"","background-repeat":"repeat","background-position":"center center","background-size":"auto","background-attachment":"scroll","background-type":"","background-media":"","overlay-type":"","overlay-color":"","overlay-opacity":"","overlay-gradient":""},"tablet":{"background-color":"","background-image":"","background-repeat":"repeat","background-position":"center center","background-size":"auto","background-attachment":"scroll","background-type":"","background-media":"","overlay-type":"","overlay-color":"","overlay-opacity":"","overlay-gradient":""},"mobile":{"background-color":"","background-image":"","background-repeat":"repeat","background-position":"center center","background-size":"auto","background-attachment":"scroll","background-type":"","background-media":"","overlay-type":"","overlay-color":"","overlay-opacity":"","overlay-gradient":""}},"ast-content-background-meta":{"desktop":{"background-color":"var(--ast-global-color-5)","background-image":"","background-repeat":"repeat","background-position":"center center","background-size":"auto","background-attachment":"scroll","background-type":"","background-media":"","overlay-type":"","overlay-color":"","overlay-opacity":"","overlay-gradient":""},"tablet":{"background-color":"var(--ast-global-color-5)","background-image":"","background-repeat":"repeat","background-position":"center center","background-size":"auto","background-attachment":"scroll","background-type":"","background-media":"","overlay-type":"","overlay-color":"","overlay-opacity":"","overlay-gradient":""},"mobile":{"background-color":"var(--ast-global-color-5)","background-image":"","background-repeat":"repeat","background-position":"center center","background-size":"auto","background-attachment":"scroll","background-type":"","background-media":"","overlay-type":"","overlay-color":"","overlay-opacity":"","overlay-gradient":""}}},"product_brand":[],"product_cat":[993],"product_tag":[],"class_list":{"0":"post-10750","1":"product","2":"type-product","3":"status-publish","4":"has-post-thumbnail","6":"product_cat-footwear-accessories","7":"pa_48122_0bjq0jlw-bla","8":"pa_48122_0bjq0jlw-lila","9":"pa_48122_0bjq0jlw-rod","10":"pa_48122_0bjq0jlw-rosa","11":"pa_48122_i6d6wjfn-2050","12":"pa_48122_i6d6wjfn-2051","13":"pa_48122_i6d6wjfn-2052","14":"pa_48122_i6d6wjfn-2053","15":"desktop-align-left","16":"tablet-align-left","17":"mobile-align-left","19":"first","20":"instock","21":"shipping-taxable","22":"purchasable","23":"product-type-variable","24":"has-default-attributes"},"_links":{"self":[{"href":"https:\/\/keluvo.com\/se\/wp-json\/wp\/v2\/product\/10750","targetHints":{"allow":["GET"]}}],"collection":[{"href":"https:\/\/keluvo.com\/se\/wp-json\/wp\/v2\/product"}],"about":[{"href":"https:\/\/keluvo.com\/se\/wp-json\/wp\/v2\/types\/product"}],"replies":[{"embeddable":true,"href":"https:\/\/keluvo.com\/se\/wp-json\/wp\/v2\/comments?post=10750"}],"wp:featuredmedia":[{"embeddable":true,"href":"https:\/\/keluvo.com\/se\/wp-json\/wp\/v2\/media\/10746"}],"wp:attachment":[{"href":"https:\/\/keluvo.com\/se\/wp-json\/wp\/v2\/media?parent=10750"}],"wp:term":[{"taxonomy":"product_brand","embeddable":true,"href":"https:\/\/keluvo.com\/se\/wp-json\/wp\/v2\/product_brand?post=10750"},{"taxonomy":"product_cat","embeddable":true,"href":"https:\/\/keluvo.com\/se\/wp-json\/wp\/v2\/product_cat?post=10750"},{"taxonomy":"product_tag","embeddable":true,"href":"https:\/\/keluvo.com\/se\/wp-json\/wp\/v2\/product_tag?post=10750"}],"curies":[{"name":"wp","href":"https:\/\/api.w.org\/{rel}","templated":true}]}}