{"id":10647,"date":"2025-05-20T18:16:03","date_gmt":"2025-05-20T16:16:03","guid":{"rendered":"https:\/\/keluvo.com\/se\/product\/fargskiftande-badshorts\/"},"modified":"2025-05-20T18:16:31","modified_gmt":"2025-05-20T16:16:31","slug":"fargskiftande-badshorts","status":"publish","type":"product","link":"https:\/\/keluvo.com\/se\/product\/fargskiftande-badshorts\/","title":{"rendered":"F\u00e4rgskiftande badshorts"},"content":{"rendered":"<p><img decoding=\"async\" class=\"alignnone size-full wp-image-20102 aligncenter\" src=\"https:\/\/keluvo.com\/template\/wp-content\/uploads\/sites\/5\/2025\/05\/gif1-252.webp\" alt=\"\" \/><\/p>\n<div class=\"elementor-element elementor-element-36331468 elementor-widget elementor-widget-heading\" data-id=\"36331468\" data-element_type=\"widget\" data-widget_type=\"heading.default\">\n<div class=\"elementor-widget-container\">\n<h2 class=\"elementor-heading-title elementor-size-medium\" style=\"text-align: center\">Snygga badshorts med f\u00e4rgskiftning<\/h2>\n<p class=\"elementor-heading-title elementor-size-medium\" style=\"text-align: center\"><strong>Upplev Badshorts Som Kombinerar Snygg Design Med Innovativ Funktionalitet.<\/strong><\/p>\n<p>&nbsp;<\/p>\n<p class=\"elementor-heading-title elementor-size-medium\" style=\"text-align: center\">Det h\u00e4r \u00e4r badshorts som skiftar f\u00e4rg n\u00e4r de kommer i kontakt med vatten &#8211; en diskret men effektfull detalj som g\u00f6r dem lika unika som de \u00e4r praktiska.<\/p>\n<\/div>\n<\/div>\n<div class=\"elementor-element elementor-element-25314240 elementor-widget elementor-widget-text-editor\" data-id=\"25314240\" data-element_type=\"widget\" data-widget_type=\"text-editor.default\">\n<div class=\"elementor-widget-container\" style=\"text-align: center\">\n<p><img decoding=\"async\" class=\"alignnone size-full wp-image-20103 aligncenter\" src=\"https:\/\/keluvo.com\/template\/wp-content\/uploads\/sites\/5\/2025\/05\/chart.jpg\" alt=\"\" \/><\/p>\n<\/div>\n<div class=\"elementor-element elementor-element-389555e0 elementor-widget elementor-widget-text-editor\" data-id=\"389555e0\" data-element_type=\"widget\" data-widget_type=\"text-editor.default\">\n<h2 class=\"elementor-widget-container\" style=\"text-align: center\">Mycket bekv\u00e4ma<\/h2>\n<\/div>\n<div class=\"elementor-element elementor-element-63533c1 elementor-widget elementor-widget-text-editor\" data-id=\"63533c1\" data-element_type=\"widget\" data-widget_type=\"text-editor.default\">\n<div class=\"elementor-widget-container\">\n<ul>\n<li class=\"\" data-start=\"903\" data-end=\"1014\">\n<p class=\"\" data-start=\"905\" data-end=\"1014\">L\u00e4tt, mjukt material med bekv\u00e4m passform och elastisk midja f\u00f6r optimal r\u00f6relsefrihet.<\/p>\n<\/li>\n<li class=\"\" data-start=\"1016\" data-end=\"1155\">\n<p class=\"\" data-start=\"1018\" data-end=\"1155\">Snabbtorkande<\/p>\n<\/li>\n<li data-start=\"1016\" data-end=\"1155\">T\u00e5liga och funktionella<\/li>\n<\/ul>\n<\/div>\n<\/div>\n<\/div>\n<p style=\"text-align: center\"><strong><em data-start=\"162\" data-end=\"240\">Upplev Badshorts Som Kombinerar Snygg Design Med Innovativ Funktionalitet.<\/em><\/strong><\/p>\n<p style=\"text-align: center\">Med sju noggrant utformade m\u00f6nster att v\u00e4lja mellan kan du best\u00e4mma vilka tv\u00e5 f\u00e4rger shortsen ska v\u00e4xla mellan &#8211; fr\u00e5n d\u00e4mpade toner till mer livfulla nyanser.<\/p>\n<p style=\"text-align: center\">Perfekt f\u00f6r stranden, poolen eller en avslappnad lunch i solen.<\/p>\n<p><img decoding=\"async\" class=\"alignnone size-full wp-image-20100 aligncenter\" src=\"https:\/\/keluvo.com\/template\/wp-content\/uploads\/sites\/5\/2025\/05\/gif3-120.webp\" alt=\"\" \/><\/p>\n<p class=\"\" style=\"text-align: center\" data-start=\"905\" data-end=\"1014\"><strong>Shortsen \u00e4ndrar f\u00e4rg vid kontakt med vatten, vilket skapar en elegant och \u00f6verraskande effekt.<\/strong><\/p>\n","protected":false},"excerpt":{"rendered":"<p>Snygga badshorts med f\u00e4rgskiftning Upplev Badshorts Som Kombinerar Snygg Design Med Innovativ Funktionalitet. &nbsp; Det h\u00e4r \u00e4r badshorts som skiftar [&hellip;]<\/p>\n","protected":false},"featured_media":10643,"comment_status":"open","ping_status":"closed","template":"","meta":{"site-sidebar-layout":"default","site-content-layout":"","ast-site-content-layout":"default","site-content-style":"default","site-sidebar-style":"default","ast-global-header-display":"","ast-banner-title-visibility":"","ast-main-header-display":"","ast-hfb-above-header-display":"","ast-hfb-below-header-display":"","ast-hfb-mobile-header-display":"","site-post-title":"","ast-breadcrumbs-content":"","ast-featured-img":"","footer-sml-layout":"","theme-transparent-header-meta":"default","adv-header-id-meta":"","stick-header-meta":"","header-above-stick-meta":"","header-main-stick-meta":"","header-below-stick-meta":"","astra-migrate-meta-layouts":"set","ast-page-background-enabled":"default","ast-page-background-meta":{"desktop":{"background-color":"var(--ast-global-color-4)","background-image":"","background-repeat":"repeat","background-position":"center center","background-size":"auto","background-attachment":"scroll","background-type":"","background-media":"","overlay-type":"","overlay-color":"","overlay-opacity":"","overlay-gradient":""},"tablet":{"background-color":"","background-image":"","background-repeat":"repeat","background-position":"center center","background-size":"auto","background-attachment":"scroll","background-type":"","background-media":"","overlay-type":"","overlay-color":"","overlay-opacity":"","overlay-gradient":""},"mobile":{"background-color":"","background-image":"","background-repeat":"repeat","background-position":"center center","background-size":"auto","background-attachment":"scroll","background-type":"","background-media":"","overlay-type":"","overlay-color":"","overlay-opacity":"","overlay-gradient":""}},"ast-content-background-meta":{"desktop":{"background-color":"var(--ast-global-color-5)","background-image":"","background-repeat":"repeat","background-position":"center center","background-size":"auto","background-attachment":"scroll","background-type":"","background-media":"","overlay-type":"","overlay-color":"","overlay-opacity":"","overlay-gradient":""},"tablet":{"background-color":"var(--ast-global-color-5)","background-image":"","background-repeat":"repeat","background-position":"center center","background-size":"auto","background-attachment":"scroll","background-type":"","background-media":"","overlay-type":"","overlay-color":"","overlay-opacity":"","overlay-gradient":""},"mobile":{"background-color":"var(--ast-global-color-5)","background-image":"","background-repeat":"repeat","background-position":"center center","background-size":"auto","background-attachment":"scroll","background-type":"","background-media":"","overlay-type":"","overlay-color":"","overlay-opacity":"","overlay-gradient":""}}},"product_brand":[],"product_cat":[995],"product_tag":[],"class_list":{"0":"post-10647","1":"product","2":"type-product","3":"status-publish","4":"has-post-thumbnail","6":"product_cat-clothing-for-men","7":"pa_48115_9yss5hh2-bla","8":"pa_48115_9yss5hh2-gron","9":"pa_48115_9yss5hh2-gul","10":"pa_48115_9yss5hh2-rosa","11":"pa_48115_uu9yw214-s","12":"pa_48115_uu9yw214-m","13":"pa_48115_uu9yw214-l","14":"pa_48115_uu9yw214-xl","15":"pa_48115_uu9yw214-xxl","16":"desktop-align-left","17":"tablet-align-left","18":"mobile-align-left","20":"first","21":"instock","22":"shipping-taxable","23":"purchasable","24":"product-type-variable","25":"has-default-attributes"},"_links":{"self":[{"href":"https:\/\/keluvo.com\/se\/wp-json\/wp\/v2\/product\/10647","targetHints":{"allow":["GET"]}}],"collection":[{"href":"https:\/\/keluvo.com\/se\/wp-json\/wp\/v2\/product"}],"about":[{"href":"https:\/\/keluvo.com\/se\/wp-json\/wp\/v2\/types\/product"}],"replies":[{"embeddable":true,"href":"https:\/\/keluvo.com\/se\/wp-json\/wp\/v2\/comments?post=10647"}],"wp:featuredmedia":[{"embeddable":true,"href":"https:\/\/keluvo.com\/se\/wp-json\/wp\/v2\/media\/10643"}],"wp:attachment":[{"href":"https:\/\/keluvo.com\/se\/wp-json\/wp\/v2\/media?parent=10647"}],"wp:term":[{"taxonomy":"product_brand","embeddable":true,"href":"https:\/\/keluvo.com\/se\/wp-json\/wp\/v2\/product_brand?post=10647"},{"taxonomy":"product_cat","embeddable":true,"href":"https:\/\/keluvo.com\/se\/wp-json\/wp\/v2\/product_cat?post=10647"},{"taxonomy":"product_tag","embeddable":true,"href":"https:\/\/keluvo.com\/se\/wp-json\/wp\/v2\/product_tag?post=10647"}],"curies":[{"name":"wp","href":"https:\/\/api.w.org\/{rel}","templated":true}]}}