{"id":10570,"date":"2025-05-20T12:38:03","date_gmt":"2025-05-20T10:38:03","guid":{"rendered":"https:\/\/keluvo.com\/se\/product\/4d-mascara\/"},"modified":"2025-05-20T12:38:10","modified_gmt":"2025-05-20T10:38:10","slug":"4d-mascara","status":"publish","type":"product","link":"https:\/\/keluvo.com\/se\/product\/4d-mascara\/","title":{"rendered":"4D-mascara"},"content":{"rendered":"<h2 style=\"text-align: center\">Har du fortfarande dessa sminkproblem?<\/h2>\n<p><img decoding=\"async\" class=\"alignnone size-full wp-image-20181 aligncenter\" src=\"https:\/\/keluvo.com\/template\/wp-content\/uploads\/sites\/5\/2025\/05\/202406290-img2.webp\" alt=\"\" \/><\/p>\n<h2 style=\"text-align: center\">Redo f\u00f6r hisnande tjocka och l\u00e4ngre fransar?<\/h2>\n<div class=\"sp-area\">\n<div class=\"sp-sub-title\" style=\"text-align: center\">F\u00f6rb\u00e4ttra din look med v\u00e5r 4D Mascara f\u00f6r stora, glamor\u00f6sa \u00f6gon!<\/div>\n<div><img decoding=\"async\" class=\"alignnone size-full wp-image-20180 aligncenter\" src=\"https:\/\/keluvo.com\/template\/wp-content\/uploads\/sites\/5\/2025\/05\/202406290-b1.webp\" alt=\"\" \/><\/div>\n<h2 style=\"text-align: center\">2 i 1 mascara!<\/h2>\n<div class=\"sp-area\">\n<div>\n<div class=\"sp-text sp-text1\">1. <strong>Smal Borste<\/strong> &#8211; Filtrerad genom r\u00f6ret i steg 2, den smala borsten i steg 1 s\u00e4kerst\u00e4ller en naturlig \u00f6gonfrans effekt<\/div>\n<div>\n<div class=\"sp-text sp-text2\">2. <strong>Tjock Borste<\/strong> &#8211; Den tjocka borsten i steg 2 \u00e4r ofiltrerad och ger volumin\u00f6sa och tjocka fransar<\/div>\n<div><img decoding=\"async\" class=\"alignnone size-full wp-image-20185 aligncenter\" src=\"https:\/\/keluvo.com\/template\/wp-content\/uploads\/sites\/5\/2025\/05\/202406290-img4.png\" alt=\"\" \/><\/div>\n<h2 style=\"text-align: center\">4D fiber\u00f6gonfransmascara<br \/>\nH\u00e5ll dig vacker hela dagen!<\/h2>\n<div class=\"sp-area\">\n<div class=\"sp-sub-title\" style=\"text-align: center\">Extrem l\u00e4ngd, ultimat definition!<\/div>\n<div><img decoding=\"async\" class=\"size-full wp-image-20183 aligncenter\" src=\"https:\/\/keluvo.com\/template\/wp-content\/uploads\/sites\/5\/2025\/05\/202406290-img5.webp\" alt=\"\" \/><\/div>\n<h2 style=\"text-align: center\">Exklusiv, oljefri och s\u00e4ker formula<\/h2>\n<div class=\"sp-area\">\n<div class=\"sp-sub-title\" style=\"text-align: center\">Den perfekta presenten f\u00f6r k\u00e4nsliga \u00f6gon och kontaktlinsb\u00e4rare!<\/div>\n<div><img decoding=\"async\" class=\"size-full wp-image-20186 aligncenter\" src=\"https:\/\/keluvo.com\/template\/wp-content\/uploads\/sites\/5\/2025\/05\/202406290-img7.webp\" alt=\"\" \/><\/div>\n<h2 style=\"text-align: center\">L\u00e4tt att applicera och ta bort!<\/h2>\n<p><img decoding=\"async\" class=\"size-full wp-image-20187 aligncenter\" src=\"https:\/\/keluvo.com\/template\/wp-content\/uploads\/sites\/5\/2025\/05\/202406290-img8.webp\" alt=\"\" \/><\/p>\n<\/div>\n<\/div>\n<\/div>\n<\/div>\n<\/div>\n<\/div>\n","protected":false},"excerpt":{"rendered":"<p>Har du fortfarande dessa sminkproblem? Redo f\u00f6r hisnande tjocka och l\u00e4ngre fransar? F\u00f6rb\u00e4ttra din look med v\u00e5r 4D Mascara f\u00f6r [&hellip;]<\/p>\n","protected":false},"featured_media":10566,"comment_status":"open","ping_status":"closed","template":"","meta":{"site-sidebar-layout":"default","site-content-layout":"","ast-site-content-layout":"default","site-content-style":"default","site-sidebar-style":"default","ast-global-header-display":"","ast-banner-title-visibility":"","ast-main-header-display":"","ast-hfb-above-header-display":"","ast-hfb-below-header-display":"","ast-hfb-mobile-header-display":"","site-post-title":"","ast-breadcrumbs-content":"","ast-featured-img":"","footer-sml-layout":"","theme-transparent-header-meta":"default","adv-header-id-meta":"","stick-header-meta":"","header-above-stick-meta":"","header-main-stick-meta":"","header-below-stick-meta":"","astra-migrate-meta-layouts":"set","ast-page-background-enabled":"default","ast-page-background-meta":{"desktop":{"background-color":"var(--ast-global-color-4)","background-image":"","background-repeat":"repeat","background-position":"center center","background-size":"auto","background-attachment":"scroll","background-type":"","background-media":"","overlay-type":"","overlay-color":"","overlay-opacity":"","overlay-gradient":""},"tablet":{"background-color":"","background-image":"","background-repeat":"repeat","background-position":"center center","background-size":"auto","background-attachment":"scroll","background-type":"","background-media":"","overlay-type":"","overlay-color":"","overlay-opacity":"","overlay-gradient":""},"mobile":{"background-color":"","background-image":"","background-repeat":"repeat","background-position":"center center","background-size":"auto","background-attachment":"scroll","background-type":"","background-media":"","overlay-type":"","overlay-color":"","overlay-opacity":"","overlay-gradient":""}},"ast-content-background-meta":{"desktop":{"background-color":"var(--ast-global-color-5)","background-image":"","background-repeat":"repeat","background-position":"center center","background-size":"auto","background-attachment":"scroll","background-type":"","background-media":"","overlay-type":"","overlay-color":"","overlay-opacity":"","overlay-gradient":""},"tablet":{"background-color":"var(--ast-global-color-5)","background-image":"","background-repeat":"repeat","background-position":"center center","background-size":"auto","background-attachment":"scroll","background-type":"","background-media":"","overlay-type":"","overlay-color":"","overlay-opacity":"","overlay-gradient":""},"mobile":{"background-color":"var(--ast-global-color-5)","background-image":"","background-repeat":"repeat","background-position":"center center","background-size":"auto","background-attachment":"scroll","background-type":"","background-media":"","overlay-type":"","overlay-color":"","overlay-opacity":"","overlay-gradient":""}}},"product_brand":[],"product_cat":[992],"product_tag":[],"class_list":{"0":"post-10570","1":"product","2":"type-product","3":"status-publish","4":"has-post-thumbnail","6":"product_cat-beauty-and-hygiene-products","7":"pa_48117_r68hwqqp-1-st","8":"pa_48117_r68hwqqp-2-st","9":"pa_48117_r68hwqqp-4-st","10":"pa_48117_r68hwqqp-6-st","11":"desktop-align-left","12":"tablet-align-left","13":"mobile-align-left","15":"first","16":"instock","17":"shipping-taxable","18":"purchasable","19":"product-type-variable"},"_links":{"self":[{"href":"https:\/\/keluvo.com\/se\/wp-json\/wp\/v2\/product\/10570","targetHints":{"allow":["GET"]}}],"collection":[{"href":"https:\/\/keluvo.com\/se\/wp-json\/wp\/v2\/product"}],"about":[{"href":"https:\/\/keluvo.com\/se\/wp-json\/wp\/v2\/types\/product"}],"replies":[{"embeddable":true,"href":"https:\/\/keluvo.com\/se\/wp-json\/wp\/v2\/comments?post=10570"}],"wp:featuredmedia":[{"embeddable":true,"href":"https:\/\/keluvo.com\/se\/wp-json\/wp\/v2\/media\/10566"}],"wp:attachment":[{"href":"https:\/\/keluvo.com\/se\/wp-json\/wp\/v2\/media?parent=10570"}],"wp:term":[{"taxonomy":"product_brand","embeddable":true,"href":"https:\/\/keluvo.com\/se\/wp-json\/wp\/v2\/product_brand?post=10570"},{"taxonomy":"product_cat","embeddable":true,"href":"https:\/\/keluvo.com\/se\/wp-json\/wp\/v2\/product_cat?post=10570"},{"taxonomy":"product_tag","embeddable":true,"href":"https:\/\/keluvo.com\/se\/wp-json\/wp\/v2\/product_tag?post=10570"}],"curies":[{"name":"wp","href":"https:\/\/api.w.org\/{rel}","templated":true}]}}