{"id":10470,"date":"2025-05-19T10:36:43","date_gmt":"2025-05-19T08:36:43","guid":{"rendered":"https:\/\/keluvo.com\/se\/product\/avslappnad-klanning-med-rund-halsringning\/"},"modified":"2025-05-19T10:37:11","modified_gmt":"2025-05-19T08:37:11","slug":"avslappnad-klanning-med-rund-halsringning","status":"publish","type":"product","link":"https:\/\/keluvo.com\/se\/product\/avslappnad-klanning-med-rund-halsringning\/","title":{"rendered":"Avslappnad kl\u00e4nning med rund halsringning"},"content":{"rendered":"<p style=\"text-align: center\"><strong>\ud83d\udc57 Sl\u00e4t och plisserad kl\u00e4nning med rund hals! \ud83e\udd7b<\/strong><\/p>\n<p><img decoding=\"async\" class=\"alignnone size-full wp-image-19922 aligncenter\" src=\"https:\/\/keluvo.com\/template\/wp-content\/uploads\/sites\/5\/2025\/05\/5e5ab2a2afb01f2e85c1f98c3372eb8e_560x.webp\" alt=\"\" \/><\/p>\n<h2 style=\"text-align: center\"><span style=\"color: #000000\">Specifikationer<\/span><\/h2>\n<ul>\n<li><strong>Stil<\/strong>: Casual<\/li>\n<li><strong>Material<\/strong>: Bomullsblandningar<\/li>\n<li><strong>Kl\u00e4nningstyp<\/strong>: A-linje<\/li>\n<li><strong>Kl\u00e4nningsl\u00e4ngd<\/strong>: Kn\u00e4l\u00e5ng<\/li>\n<li><strong>Nackringning<\/strong>: Rund halsringning<\/li>\n<li><strong>M\u00f6nstertyp<\/strong>: Enf\u00e4rgad<\/li>\n<li><strong>\u00c4rmtyp<\/strong>: Vanlig \u00e4rm<\/li>\n<li><strong>Arml\u00e4ngd<\/strong>: Korta \u00e4rmar<\/li>\n<li><strong>Passform<\/strong>: Vanlig<\/li>\n<li><strong>S\u00e4song<\/strong>: Sommar<\/li>\n<li><strong>Occasion<\/strong>: Dagligen<\/li>\n<li><strong>Paketet inneh\u00e5ller<\/strong>: 1 x kl\u00e4nning<\/li>\n<\/ul>\n<p><img decoding=\"async\" class=\"alignnone size-full wp-image-19921 aligncenter\" src=\"https:\/\/keluvo.com\/template\/wp-content\/uploads\/sites\/5\/2025\/05\/111_7b160e63-233e-4ee4-b564-eab70e621be4_560x.webp\" alt=\"\" \/><\/p>\n<h2 style=\"text-align: center\">Storlekstabell (cm)<\/h2>\n<p><img fetchpriority=\"high\" decoding=\"async\" class=\"size-full wp-image-19929 aligncenter\" src=\"https:\/\/keluvo.com\/template\/wp-content\/uploads\/sites\/5\/2025\/05\/size-chart.png\" alt=\"\" width=\"622\" height=\"282\" \/><\/p>\n<h2><span style=\"color: #000000\">Observera<\/span><\/h2>\n<ul>\n<li>F\u00f6lj storlekstabellen strikt f\u00f6r att v\u00e4lja storlek. V\u00e4lj inte direkt baserat p\u00e5 dina vanor.<\/li>\n<li>Storleken kan ha 1-3 cm skillnader p\u00e5 grund av manuell m\u00e4tning. Observera vid m\u00e4tning.<\/li>\n<li>P\u00e5 grund av olika display- och ljuseffekter kan den faktiska f\u00e4rgen p\u00e5 objektet skilja sig n\u00e5got fr\u00e5n den f\u00e4rg som visas p\u00e5 bilderna.<\/li>\n<\/ul>\n","protected":false},"excerpt":{"rendered":"<p>\ud83d\udc57 Sl\u00e4t och plisserad kl\u00e4nning med rund hals! \ud83e\udd7b Specifikationer Stil: Casual Material: Bomullsblandningar Kl\u00e4nningstyp: A-linje Kl\u00e4nningsl\u00e4ngd: Kn\u00e4l\u00e5ng Nackringning: Rund [&hellip;]<\/p>\n","protected":false},"featured_media":10466,"comment_status":"open","ping_status":"closed","template":"","meta":{"site-sidebar-layout":"default","site-content-layout":"","ast-site-content-layout":"default","site-content-style":"default","site-sidebar-style":"default","ast-global-header-display":"","ast-banner-title-visibility":"","ast-main-header-display":"","ast-hfb-above-header-display":"","ast-hfb-below-header-display":"","ast-hfb-mobile-header-display":"","site-post-title":"","ast-breadcrumbs-content":"","ast-featured-img":"","footer-sml-layout":"","theme-transparent-header-meta":"default","adv-header-id-meta":"","stick-header-meta":"","header-above-stick-meta":"","header-main-stick-meta":"","header-below-stick-meta":"","astra-migrate-meta-layouts":"set","ast-page-background-enabled":"default","ast-page-background-meta":{"desktop":{"background-color":"var(--ast-global-color-4)","background-image":"","background-repeat":"repeat","background-position":"center center","background-size":"auto","background-attachment":"scroll","background-type":"","background-media":"","overlay-type":"","overlay-color":"","overlay-opacity":"","overlay-gradient":""},"tablet":{"background-color":"","background-image":"","background-repeat":"repeat","background-position":"center center","background-size":"auto","background-attachment":"scroll","background-type":"","background-media":"","overlay-type":"","overlay-color":"","overlay-opacity":"","overlay-gradient":""},"mobile":{"background-color":"","background-image":"","background-repeat":"repeat","background-position":"center center","background-size":"auto","background-attachment":"scroll","background-type":"","background-media":"","overlay-type":"","overlay-color":"","overlay-opacity":"","overlay-gradient":""}},"ast-content-background-meta":{"desktop":{"background-color":"var(--ast-global-color-5)","background-image":"","background-repeat":"repeat","background-position":"center center","background-size":"auto","background-attachment":"scroll","background-type":"","background-media":"","overlay-type":"","overlay-color":"","overlay-opacity":"","overlay-gradient":""},"tablet":{"background-color":"var(--ast-global-color-5)","background-image":"","background-repeat":"repeat","background-position":"center center","background-size":"auto","background-attachment":"scroll","background-type":"","background-media":"","overlay-type":"","overlay-color":"","overlay-opacity":"","overlay-gradient":""},"mobile":{"background-color":"var(--ast-global-color-5)","background-image":"","background-repeat":"repeat","background-position":"center center","background-size":"auto","background-attachment":"scroll","background-type":"","background-media":"","overlay-type":"","overlay-color":"","overlay-opacity":"","overlay-gradient":""}}},"product_brand":[],"product_cat":[994],"product_tag":[],"class_list":{"0":"post-10470","1":"product","2":"type-product","3":"status-publish","4":"has-post-thumbnail","6":"product_cat-clothing-for-women","7":"pa_48108_b7wvbn2v-bla","8":"pa_48108_b7wvbn2v-brun","9":"pa_48108_b7wvbn2v-svart","10":"pa_48108_im8fmo96-eu36-s","11":"pa_48108_im8fmo96-eu38-m","12":"pa_48108_im8fmo96-eu40-42-l","13":"pa_48108_im8fmo96-eu44-xl","14":"pa_48108_im8fmo96-eu46-2xl","15":"pa_48108_im8fmo96-eu48-3xl","16":"desktop-align-left","17":"tablet-align-left","18":"mobile-align-left","20":"first","21":"instock","22":"shipping-taxable","23":"purchasable","24":"product-type-variable","25":"has-default-attributes"},"_links":{"self":[{"href":"https:\/\/keluvo.com\/se\/wp-json\/wp\/v2\/product\/10470","targetHints":{"allow":["GET"]}}],"collection":[{"href":"https:\/\/keluvo.com\/se\/wp-json\/wp\/v2\/product"}],"about":[{"href":"https:\/\/keluvo.com\/se\/wp-json\/wp\/v2\/types\/product"}],"replies":[{"embeddable":true,"href":"https:\/\/keluvo.com\/se\/wp-json\/wp\/v2\/comments?post=10470"}],"wp:featuredmedia":[{"embeddable":true,"href":"https:\/\/keluvo.com\/se\/wp-json\/wp\/v2\/media\/10466"}],"wp:attachment":[{"href":"https:\/\/keluvo.com\/se\/wp-json\/wp\/v2\/media?parent=10470"}],"wp:term":[{"taxonomy":"product_brand","embeddable":true,"href":"https:\/\/keluvo.com\/se\/wp-json\/wp\/v2\/product_brand?post=10470"},{"taxonomy":"product_cat","embeddable":true,"href":"https:\/\/keluvo.com\/se\/wp-json\/wp\/v2\/product_cat?post=10470"},{"taxonomy":"product_tag","embeddable":true,"href":"https:\/\/keluvo.com\/se\/wp-json\/wp\/v2\/product_tag?post=10470"}],"curies":[{"name":"wp","href":"https:\/\/api.w.org\/{rel}","templated":true}]}}