{"id":10198,"date":"2025-05-11T23:26:06","date_gmt":"2025-05-11T21:26:06","guid":{"rendered":"https:\/\/keluvo.com\/se\/product\/ortopediska-sandaler-i-lader\/"},"modified":"2025-05-11T23:40:46","modified_gmt":"2025-05-11T21:40:46","slug":"ortopediska-sandaler-i-lader","status":"publish","type":"product","link":"https:\/\/keluvo.com\/se\/product\/ortopediska-sandaler-i-lader\/","title":{"rendered":"Ortopediska sandaler i l\u00e4der"},"content":{"rendered":"<h2 style=\"text-align: center;\">F\u00d6RB\u00c4TTRA DIN STYLE &amp; F\u00d6RB\u00c4TTRA UTM\u00c4RKT FOTKOMFORT<\/h2>\n<p style=\"text-align: center;\">St\u00f6djer dina f\u00f6tter, ger komfort och g\u00f6r det l\u00e4ttare att g\u00e5. Ger en l\u00e4ttviktsk\u00e4nsla, st\u00f6td\u00e4mpning, h\u00e5llbarhet och l\u00e5ngvarig d\u00e4mpning.<\/p>\n<p><img fetchpriority=\"high\" decoding=\"async\" class=\"size-full wp-image-18518 aligncenter\" src=\"https:\/\/keluvo.com\/template\/wp-content\/uploads\/sites\/5\/2025\/05\/ezgif.com-video-to-gif_3.webp\" alt=\"\" width=\"600\" height=\"511\" \/><\/p>\n<h2><\/h2>\n<h2 style=\"text-align: center;\">L\u00c4TT ATT G\u00c5 &#8211; L\u00c4TT ERGONOMISKT<\/h2>\n<p style=\"text-align: center;\">Enkelt kardborreband f\u00f6r snabb p\u00e5- och avtagning och perfekt passform. Hj\u00e4lper till att kontrollera, stabilisera och balansera fotleden. Termoformbar f\u00f6r en skr\u00e4ddarsydd passform. Absorberar st\u00f6tar och minskar friktionen f\u00f6r att f\u00f6rb\u00e4ttra den totala fotkomforten.<\/p>\n<p><img decoding=\"async\" class=\"size-full wp-image-18519 aligncenter\" src=\"https:\/\/keluvo.com\/template\/wp-content\/uploads\/sites\/5\/2025\/05\/ezgif.com-video-to-gif_1.webp\" alt=\"\" width=\"600\" height=\"522\" \/><\/p>\n<p style=\"text-align: center;\"><strong>Perfekt F\u00f6r Ganztagige Aktivitaten<\/strong><\/p>\n<p><img decoding=\"async\" class=\"size-full wp-image-18581 aligncenter\" src=\"https:\/\/keluvo.com\/template\/wp-content\/uploads\/sites\/5\/2025\/05\/Screenshot-2025-05-11-205910.png\" alt=\"\" width=\"329\" height=\"383\" \/><\/p>\n","protected":false},"excerpt":{"rendered":"<p>F\u00d6RB\u00c4TTRA DIN STYLE &amp; F\u00d6RB\u00c4TTRA UTM\u00c4RKT FOTKOMFORT St\u00f6djer dina f\u00f6tter, ger komfort och g\u00f6r det l\u00e4ttare att g\u00e5. Ger en [&hellip;]<\/p>\n","protected":false},"featured_media":10194,"comment_status":"open","ping_status":"closed","template":"","meta":{"site-sidebar-layout":"default","site-content-layout":"","ast-site-content-layout":"default","site-content-style":"default","site-sidebar-style":"default","ast-global-header-display":"","ast-banner-title-visibility":"","ast-main-header-display":"","ast-hfb-above-header-display":"","ast-hfb-below-header-display":"","ast-hfb-mobile-header-display":"","site-post-title":"","ast-breadcrumbs-content":"","ast-featured-img":"","footer-sml-layout":"","theme-transparent-header-meta":"default","adv-header-id-meta":"","stick-header-meta":"","header-above-stick-meta":"","header-main-stick-meta":"","header-below-stick-meta":"","astra-migrate-meta-layouts":"set","ast-page-background-enabled":"default","ast-page-background-meta":{"desktop":{"background-color":"var(--ast-global-color-4)","background-image":"","background-repeat":"repeat","background-position":"center center","background-size":"auto","background-attachment":"scroll","background-type":"","background-media":"","overlay-type":"","overlay-color":"","overlay-opacity":"","overlay-gradient":""},"tablet":{"background-color":"","background-image":"","background-repeat":"repeat","background-position":"center center","background-size":"auto","background-attachment":"scroll","background-type":"","background-media":"","overlay-type":"","overlay-color":"","overlay-opacity":"","overlay-gradient":""},"mobile":{"background-color":"","background-image":"","background-repeat":"repeat","background-position":"center center","background-size":"auto","background-attachment":"scroll","background-type":"","background-media":"","overlay-type":"","overlay-color":"","overlay-opacity":"","overlay-gradient":""}},"ast-content-background-meta":{"desktop":{"background-color":"var(--ast-global-color-5)","background-image":"","background-repeat":"repeat","background-position":"center center","background-size":"auto","background-attachment":"scroll","background-type":"","background-media":"","overlay-type":"","overlay-color":"","overlay-opacity":"","overlay-gradient":""},"tablet":{"background-color":"var(--ast-global-color-5)","background-image":"","background-repeat":"repeat","background-position":"center center","background-size":"auto","background-attachment":"scroll","background-type":"","background-media":"","overlay-type":"","overlay-color":"","overlay-opacity":"","overlay-gradient":""},"mobile":{"background-color":"var(--ast-global-color-5)","background-image":"","background-repeat":"repeat","background-position":"center center","background-size":"auto","background-attachment":"scroll","background-type":"","background-media":"","overlay-type":"","overlay-color":"","overlay-opacity":"","overlay-gradient":""}}},"product_brand":[],"product_cat":[994],"product_tag":[],"class_list":{"0":"post-10198","1":"product","2":"type-product","3":"status-publish","4":"has-post-thumbnail","6":"product_cat-clothing-for-women","7":"pa_48107_ghhxo62b-1997","8":"pa_48107_ghhxo62b-1998","9":"pa_48107_ghhxo62b-1999","10":"pa_48107_ghhxo62b-2000","11":"pa_48107_ghhxo62b-2001","12":"pa_48107_ghhxo62b-2002","13":"pa_48107_ghhxo62b-2003","14":"pa_48107_ghhxo62b-2004","15":"pa_48107_ghhxo62b-2005","16":"pa_48107_izmk3mp8-bla","17":"pa_48107_izmk3mp8-brun","18":"pa_48107_izmk3mp8-morkrod","19":"pa_48107_izmk3mp8-rod","20":"pa_48107_izmk3mp8-rosa","21":"pa_48107_izmk3mp8-svart","22":"desktop-align-left","23":"tablet-align-left","24":"mobile-align-left","26":"first","27":"instock","28":"shipping-taxable","29":"purchasable","30":"product-type-variable","31":"has-default-attributes"},"_links":{"self":[{"href":"https:\/\/keluvo.com\/se\/wp-json\/wp\/v2\/product\/10198","targetHints":{"allow":["GET"]}}],"collection":[{"href":"https:\/\/keluvo.com\/se\/wp-json\/wp\/v2\/product"}],"about":[{"href":"https:\/\/keluvo.com\/se\/wp-json\/wp\/v2\/types\/product"}],"replies":[{"embeddable":true,"href":"https:\/\/keluvo.com\/se\/wp-json\/wp\/v2\/comments?post=10198"}],"wp:featuredmedia":[{"embeddable":true,"href":"https:\/\/keluvo.com\/se\/wp-json\/wp\/v2\/media\/10194"}],"wp:attachment":[{"href":"https:\/\/keluvo.com\/se\/wp-json\/wp\/v2\/media?parent=10198"}],"wp:term":[{"taxonomy":"product_brand","embeddable":true,"href":"https:\/\/keluvo.com\/se\/wp-json\/wp\/v2\/product_brand?post=10198"},{"taxonomy":"product_cat","embeddable":true,"href":"https:\/\/keluvo.com\/se\/wp-json\/wp\/v2\/product_cat?post=10198"},{"taxonomy":"product_tag","embeddable":true,"href":"https:\/\/keluvo.com\/se\/wp-json\/wp\/v2\/product_tag?post=10198"}],"curies":[{"name":"wp","href":"https:\/\/api.w.org\/{rel}","templated":true}]}}