{"id":10118,"date":"2025-05-11T16:11:52","date_gmt":"2025-05-11T14:11:52","guid":{"rendered":"https:\/\/keluvo.com\/se\/product\/solaris-ortopediska-sandaler\/"},"modified":"2025-05-11T16:55:33","modified_gmt":"2025-05-11T14:55:33","slug":"solaris-ortopediska-sandaler","status":"publish","type":"product","link":"https:\/\/keluvo.com\/se\/product\/solaris-ortopediska-sandaler\/","title":{"rendered":"Solaris\u2122 Ortopediska sandaler"},"content":{"rendered":"<h2 style=\"text-align: center;\">G\u00f6r ditt aktiva liv bekv\u00e4mt med Solaris\u2122 ortopediska sandaler<\/h2>\n<p style=\"text-align: center;\">V\u00e5ra sandaler \u00e4r utformade med optimalt st\u00f6d s\u00e5 att dina f\u00f6tter inte lider n\u00e4r du vandrar, tr\u00e4nar, spelar tennis eller cyklar.<\/p>\n<p><img decoding=\"async\" class=\"size-full wp-image-18371 aligncenter\" src=\"https:\/\/keluvo.com\/template\/wp-content\/uploads\/sites\/5\/2025\/05\/Pantalon_produit1_600x600.webp\" alt=\"\" \/><\/p>\n<h2><\/h2>\n<h2 style=\"text-align: center;\">Utformade av ortopedisk expert<\/h2>\n<p style=\"text-align: center;\">De har utformats speciellt f\u00f6r m\u00e4nniskor som vill leva ett sm\u00e4rtfritt liv och g\u00e5 igen. Ingen vill ha h\u00e4lsporre, fotsm\u00e4rta eller kn\u00e4sm\u00e4rta som f\u00f6rst\u00f6r livet.<\/p>\n<p><img decoding=\"async\" class=\"size-full wp-image-18372 aligncenter\" src=\"https:\/\/keluvo.com\/template\/wp-content\/uploads\/sites\/5\/2025\/05\/1.avif\" alt=\"\" \/><\/p>\n<h2><\/h2>\n<h2 style=\"text-align: center;\">R\u00f6r dig sm\u00e4rtfritt!<\/h2>\n<p style=\"text-align: center;\">Med de h\u00e4r sandalerna beh\u00f6ver du inga dyra l\u00e4karbes\u00f6k eller dyra inl\u00e4ggssulor. Varje steg du tar med sandalerna d\u00e4mpas av den robusta, mjuka sulan. Den tjocka, st\u00f6td\u00e4mpande sulan ger st\u00f6d \u00e5t hela foten, inte bara h\u00e4len.<\/p>\n<p><img decoding=\"async\" class=\"size-full wp-image-18368 aligncenter\" src=\"https:\/\/keluvo.com\/template\/wp-content\/uploads\/sites\/5\/2025\/05\/5.avif\" alt=\"\" \/><\/p>\n<p><img fetchpriority=\"high\" decoding=\"async\" class=\"size-full wp-image-18417 aligncenter\" src=\"https:\/\/keluvo.com\/template\/wp-content\/uploads\/sites\/5\/2025\/05\/Screenshot-2025-05-11-170038.png\" alt=\"\" width=\"329\" height=\"383\" \/><\/p>\n<p>&nbsp;<\/p>\n","protected":false},"excerpt":{"rendered":"<p>G\u00f6r ditt aktiva liv bekv\u00e4mt med Solaris\u2122 ortopediska sandaler V\u00e5ra sandaler \u00e4r utformade med optimalt st\u00f6d s\u00e5 att dina f\u00f6tter [&hellip;]<\/p>\n","protected":false},"featured_media":10114,"comment_status":"open","ping_status":"closed","template":"","meta":{"site-sidebar-layout":"default","site-content-layout":"","ast-site-content-layout":"default","site-content-style":"default","site-sidebar-style":"default","ast-global-header-display":"","ast-banner-title-visibility":"","ast-main-header-display":"","ast-hfb-above-header-display":"","ast-hfb-below-header-display":"","ast-hfb-mobile-header-display":"","site-post-title":"","ast-breadcrumbs-content":"","ast-featured-img":"","footer-sml-layout":"","theme-transparent-header-meta":"default","adv-header-id-meta":"","stick-header-meta":"","header-above-stick-meta":"","header-main-stick-meta":"","header-below-stick-meta":"","astra-migrate-meta-layouts":"set","ast-page-background-enabled":"default","ast-page-background-meta":{"desktop":{"background-color":"var(--ast-global-color-4)","background-image":"","background-repeat":"repeat","background-position":"center center","background-size":"auto","background-attachment":"scroll","background-type":"","background-media":"","overlay-type":"","overlay-color":"","overlay-opacity":"","overlay-gradient":""},"tablet":{"background-color":"","background-image":"","background-repeat":"repeat","background-position":"center center","background-size":"auto","background-attachment":"scroll","background-type":"","background-media":"","overlay-type":"","overlay-color":"","overlay-opacity":"","overlay-gradient":""},"mobile":{"background-color":"","background-image":"","background-repeat":"repeat","background-position":"center center","background-size":"auto","background-attachment":"scroll","background-type":"","background-media":"","overlay-type":"","overlay-color":"","overlay-opacity":"","overlay-gradient":""}},"ast-content-background-meta":{"desktop":{"background-color":"var(--ast-global-color-5)","background-image":"","background-repeat":"repeat","background-position":"center center","background-size":"auto","background-attachment":"scroll","background-type":"","background-media":"","overlay-type":"","overlay-color":"","overlay-opacity":"","overlay-gradient":""},"tablet":{"background-color":"var(--ast-global-color-5)","background-image":"","background-repeat":"repeat","background-position":"center center","background-size":"auto","background-attachment":"scroll","background-type":"","background-media":"","overlay-type":"","overlay-color":"","overlay-opacity":"","overlay-gradient":""},"mobile":{"background-color":"var(--ast-global-color-5)","background-image":"","background-repeat":"repeat","background-position":"center center","background-size":"auto","background-attachment":"scroll","background-type":"","background-media":"","overlay-type":"","overlay-color":"","overlay-opacity":"","overlay-gradient":""}}},"product_brand":[],"product_cat":[994],"product_tag":[],"class_list":{"0":"post-10118","1":"product","2":"type-product","3":"status-publish","4":"has-post-thumbnail","6":"product_cat-clothing-for-women","7":"pa_48104_ipjfpp5s-beige","8":"pa_48104_ipjfpp5s-bla","9":"pa_48104_ipjfpp5s-brun","10":"pa_48104_ipjfpp5s-svart","11":"pa_48104_wtr8jxxr-1979","12":"pa_48104_wtr8jxxr-1980","13":"pa_48104_wtr8jxxr-1981","14":"pa_48104_wtr8jxxr-1982","15":"pa_48104_wtr8jxxr-1983","16":"pa_48104_wtr8jxxr-1984","17":"pa_48104_wtr8jxxr-1985","18":"pa_48104_wtr8jxxr-1986","19":"desktop-align-left","20":"tablet-align-left","21":"mobile-align-left","23":"first","24":"instock","25":"shipping-taxable","26":"purchasable","27":"product-type-variable","28":"has-default-attributes"},"_links":{"self":[{"href":"https:\/\/keluvo.com\/se\/wp-json\/wp\/v2\/product\/10118","targetHints":{"allow":["GET"]}}],"collection":[{"href":"https:\/\/keluvo.com\/se\/wp-json\/wp\/v2\/product"}],"about":[{"href":"https:\/\/keluvo.com\/se\/wp-json\/wp\/v2\/types\/product"}],"replies":[{"embeddable":true,"href":"https:\/\/keluvo.com\/se\/wp-json\/wp\/v2\/comments?post=10118"}],"wp:featuredmedia":[{"embeddable":true,"href":"https:\/\/keluvo.com\/se\/wp-json\/wp\/v2\/media\/10114"}],"wp:attachment":[{"href":"https:\/\/keluvo.com\/se\/wp-json\/wp\/v2\/media?parent=10118"}],"wp:term":[{"taxonomy":"product_brand","embeddable":true,"href":"https:\/\/keluvo.com\/se\/wp-json\/wp\/v2\/product_brand?post=10118"},{"taxonomy":"product_cat","embeddable":true,"href":"https:\/\/keluvo.com\/se\/wp-json\/wp\/v2\/product_cat?post=10118"},{"taxonomy":"product_tag","embeddable":true,"href":"https:\/\/keluvo.com\/se\/wp-json\/wp\/v2\/product_tag?post=10118"}],"curies":[{"name":"wp","href":"https:\/\/api.w.org\/{rel}","templated":true}]}}