{"id":10026,"date":"2025-05-08T13:59:25","date_gmt":"2025-05-08T11:59:25","guid":{"rendered":"https:\/\/keluvo.com\/se\/?post_type=product&#038;p=10026"},"modified":"2025-05-08T14:00:01","modified_gmt":"2025-05-08T12:00:01","slug":"portabel-vattenpump","status":"publish","type":"product","link":"https:\/\/keluvo.com\/se\/product\/portabel-vattenpump\/","title":{"rendered":"Portabel Vattenpump"},"content":{"rendered":"<h2 style=\"text-align: center;\">Med Naturen som vattenk\u00e4lla!<\/h2>\n<p style=\"text-align: center;\">Uppt\u00e4ck bekv\u00e4mligheten och m\u00e5ngsidigheten med v\u00e5r multi-purpose, portabla vattenpump! Perfekt f\u00f6r en rad olika anv\u00e4ndningsomr\u00e5den. Med munstycken f\u00f6r dusch, vattning av v\u00e4xter, reng\u00f6ring \/ St\u00e4d, \u00f6sa b\u00e5ten, tv\u00e4tta hunden och allt d\u00e4remellan.<br \/>\nV\u00e5r portabla pump \u00e4r utvecklad f\u00f6r att ge ett j\u00e4mnt och bekv\u00e4mt vattenfl\u00f6de, vilket g\u00f6r den idealisk f\u00f6r sommarens aktiviteter.<\/p>\n<h2 style=\"text-align: center;\"><img fetchpriority=\"high\" decoding=\"async\" width=\"576\" height=\"797\" class=\"size-full wp-image-10031 aligncenter\" src=\"https:\/\/keluvo.com\/se\/wp-content\/uploads\/sites\/12\/2025\/05\/gif1-144.webp\" alt=\"\" \/><br \/>\nPortabilitet och Bekv\u00e4mlighet<\/h2>\n<ul>\n<li>Kompakt design: L\u00e4tt och enkel att ta med sig vart du \u00e4n g\u00e5r.<\/li>\n<li>Uppladdningsbart batteri: Inbyggt batteri med l\u00e5ng livsl\u00e4ngd som ger dig flexibilitet att anv\u00e4nda pumpen utan att beh\u00f6va vara i n\u00e4rheten av ett eluttag.<\/li>\n<\/ul>\n<h2 style=\"text-align: center;\"><img decoding=\"async\" width=\"576\" height=\"1024\" class=\"size-full wp-image-10033 aligncenter\" src=\"https:\/\/keluvo.com\/se\/wp-content\/uploads\/sites\/12\/2025\/05\/gif2-113.webp\" alt=\"\" \/><br \/>\nM\u00e5ngsidiga Munstycken<\/h2>\n<p style=\"text-align: center;\">Olika Spraym\u00f6nster: Levereras med flera munstycken f\u00f6r olika \u00e4ndam\u00e5l, inklusive en fin mist f\u00f6r \u00f6mt\u00e5liga v\u00e4xter, en stark str\u00e5le f\u00f6r kraftfull reng\u00f6ring och ett justerbart munstycke f\u00f6r allt d\u00e4remellan.<\/p>\n<h2 style=\"text-align: center;\"><img decoding=\"async\" width=\"360\" height=\"640\" class=\"size-full wp-image-10034 aligncenter\" src=\"https:\/\/keluvo.com\/se\/wp-content\/uploads\/sites\/12\/2025\/05\/gif4-20.webp\" alt=\"\" \/><br \/>\nI Paketet<\/h2>\n<ul>\n<li>Vattenpump<\/li>\n<li>Laddningskabel (usb)<\/li>\n<li>2 olika munstyckenslang (205 cm), Tillbeh\u00f6r.<\/li>\n<\/ul>\n<h2 style=\"text-align: center;\">Specifikationer f\u00f6r produkten<\/h2>\n<p style=\"text-align: center;\">4000mAh, 74 V<br \/>\nFl\u00f6de: Ca 6-7 Liter per Minut<br \/>\nPumpens Anv\u00e4ndningstid: 60 minuter (Vid full laddning)<br \/>\nLaddning: USB (Kabel medf\u00f6ljer)<\/p>\n","protected":false},"excerpt":{"rendered":"<p>Med Naturen som vattenk\u00e4lla! Uppt\u00e4ck bekv\u00e4mligheten och m\u00e5ngsidigheten med v\u00e5r multi-purpose, portabla vattenpump! Perfekt f\u00f6r en rad olika anv\u00e4ndningsomr\u00e5den. Med [&hellip;]<\/p>\n","protected":false},"featured_media":10027,"comment_status":"open","ping_status":"closed","template":"","meta":{"site-sidebar-layout":"default","site-content-layout":"","ast-site-content-layout":"default","site-content-style":"default","site-sidebar-style":"default","ast-global-header-display":"","ast-banner-title-visibility":"","ast-main-header-display":"","ast-hfb-above-header-display":"","ast-hfb-below-header-display":"","ast-hfb-mobile-header-display":"","site-post-title":"","ast-breadcrumbs-content":"","ast-featured-img":"","footer-sml-layout":"","theme-transparent-header-meta":"default","adv-header-id-meta":"","stick-header-meta":"","header-above-stick-meta":"","header-main-stick-meta":"","header-below-stick-meta":"","astra-migrate-meta-layouts":"set","ast-page-background-enabled":"default","ast-page-background-meta":{"desktop":{"background-color":"var(--ast-global-color-4)","background-image":"","background-repeat":"repeat","background-position":"center center","background-size":"auto","background-attachment":"scroll","background-type":"","background-media":"","overlay-type":"","overlay-color":"","overlay-opacity":"","overlay-gradient":""},"tablet":{"background-color":"","background-image":"","background-repeat":"repeat","background-position":"center center","background-size":"auto","background-attachment":"scroll","background-type":"","background-media":"","overlay-type":"","overlay-color":"","overlay-opacity":"","overlay-gradient":""},"mobile":{"background-color":"","background-image":"","background-repeat":"repeat","background-position":"center center","background-size":"auto","background-attachment":"scroll","background-type":"","background-media":"","overlay-type":"","overlay-color":"","overlay-opacity":"","overlay-gradient":""}},"ast-content-background-meta":{"desktop":{"background-color":"var(--ast-global-color-5)","background-image":"","background-repeat":"repeat","background-position":"center center","background-size":"auto","background-attachment":"scroll","background-type":"","background-media":"","overlay-type":"","overlay-color":"","overlay-opacity":"","overlay-gradient":""},"tablet":{"background-color":"var(--ast-global-color-5)","background-image":"","background-repeat":"repeat","background-position":"center center","background-size":"auto","background-attachment":"scroll","background-type":"","background-media":"","overlay-type":"","overlay-color":"","overlay-opacity":"","overlay-gradient":""},"mobile":{"background-color":"var(--ast-global-color-5)","background-image":"","background-repeat":"repeat","background-position":"center center","background-size":"auto","background-attachment":"scroll","background-type":"","background-media":"","overlay-type":"","overlay-color":"","overlay-opacity":"","overlay-gradient":""}}},"product_brand":[],"product_cat":[1000],"product_tag":[],"class_list":{"0":"post-10026","1":"product","2":"type-product","3":"status-publish","4":"has-post-thumbnail","6":"product_cat-hiking-camping-and-leisure-goods","7":"desktop-align-left","8":"tablet-align-left","9":"mobile-align-left","11":"first","12":"instock","13":"shipping-taxable","14":"purchasable","15":"product-type-simple"},"_links":{"self":[{"href":"https:\/\/keluvo.com\/se\/wp-json\/wp\/v2\/product\/10026","targetHints":{"allow":["GET"]}}],"collection":[{"href":"https:\/\/keluvo.com\/se\/wp-json\/wp\/v2\/product"}],"about":[{"href":"https:\/\/keluvo.com\/se\/wp-json\/wp\/v2\/types\/product"}],"replies":[{"embeddable":true,"href":"https:\/\/keluvo.com\/se\/wp-json\/wp\/v2\/comments?post=10026"}],"wp:featuredmedia":[{"embeddable":true,"href":"https:\/\/keluvo.com\/se\/wp-json\/wp\/v2\/media\/10027"}],"wp:attachment":[{"href":"https:\/\/keluvo.com\/se\/wp-json\/wp\/v2\/media?parent=10026"}],"wp:term":[{"taxonomy":"product_brand","embeddable":true,"href":"https:\/\/keluvo.com\/se\/wp-json\/wp\/v2\/product_brand?post=10026"},{"taxonomy":"product_cat","embeddable":true,"href":"https:\/\/keluvo.com\/se\/wp-json\/wp\/v2\/product_cat?post=10026"},{"taxonomy":"product_tag","embeddable":true,"href":"https:\/\/keluvo.com\/se\/wp-json\/wp\/v2\/product_tag?post=10026"}],"curies":[{"name":"wp","href":"https:\/\/api.w.org\/{rel}","templated":true}]}}