{"id":9997,"date":"2025-03-13T19:01:53","date_gmt":"2025-03-13T17:01:53","guid":{"rendered":"https:\/\/keluvo.com\/no\/produkt\/boksapner\/"},"modified":"2025-03-13T19:01:53","modified_gmt":"2025-03-13T17:01:53","slug":"boksapner","status":"publish","type":"product","link":"https:\/\/keluvo.com\/no\/produkt\/boksapner\/","title":{"rendered":"Boks\u00e5pner"},"content":{"rendered":"<h2 style=\"text-align: center\" data-start=\"0\" data-end=\"26\"><strong>\u00c5pner Bokser Med Letthet<\/strong><\/h2>\n<p style=\"text-align: center\" data-start=\"27\" data-end=\"246\">Boks\u00e5pneren er designet for \u00e5 \u00e5pne bokser raskt og uanstrengt. Det skarpe skj\u00e6rehjulet skj\u00e6rer jevnt gjennom lokket uten \u00e5 etterlate skarpe kanter. Den er perfekt for daglig bruk p\u00e5 kj\u00f8kkenet og gj\u00f8r det enkelt og trygt \u00e5 \u00e5pne bokser.<\/p>\n<p data-start=\"27\" data-end=\"246\"><img decoding=\"async\" class=\"alignnone size-medium wp-image-12215 aligncenter\" src=\"https:\/\/keluvo.com\/template\/wp-content\/uploads\/sites\/5\/2025\/03\/WhatsApp-Image-2025-03-11-at-23.40.28_1017cef9.jpg\" alt=\"\" \/><\/p>\n<h2 style=\"text-align: center\" data-start=\"248\" data-end=\"281\"><strong>Komfortabel Og Enkel \u00c5 Bruke<\/strong><\/h2>\n<p style=\"text-align: center\" data-start=\"282\" data-end=\"496\">Boks\u00e5pneren har et ergonomisk h\u00e5ndtak som gir et fast og komfortabelt grep. Den krever minimal innsats, noe som gj\u00f8r den ideell for personer med svake hender. Nyt en problemfri matlagingsopplevelse med dette praktiske verkt\u00f8yet.<\/p>\n<p data-start=\"282\" data-end=\"496\"><img decoding=\"async\" class=\"alignnone size-medium wp-image-12213 aligncenter\" src=\"https:\/\/keluvo.com\/template\/wp-content\/uploads\/sites\/5\/2025\/03\/S113a2d364f334fdc87d7be2f1b1548b1h.jpeg\" alt=\"\" \/><\/p>\n","protected":false},"excerpt":{"rendered":"<p>\u00c5pner Bokser Med Letthet Boks\u00e5pneren er designet for \u00e5 \u00e5pne bokser raskt og uanstrengt. Det skarpe skj\u00e6rehjulet skj\u00e6rer jevnt gjennom [&hellip;]<\/p>\n","protected":false},"featured_media":9993,"comment_status":"open","ping_status":"closed","template":"","meta":{"site-sidebar-layout":"default","site-content-layout":"","ast-site-content-layout":"default","site-content-style":"default","site-sidebar-style":"default","ast-global-header-display":"","ast-banner-title-visibility":"","ast-main-header-display":"","ast-hfb-above-header-display":"","ast-hfb-below-header-display":"","ast-hfb-mobile-header-display":"","site-post-title":"","ast-breadcrumbs-content":"","ast-featured-img":"","footer-sml-layout":"","theme-transparent-header-meta":"default","adv-header-id-meta":"","stick-header-meta":"","header-above-stick-meta":"","header-main-stick-meta":"","header-below-stick-meta":"","astra-migrate-meta-layouts":"set","ast-page-background-enabled":"default","ast-page-background-meta":{"desktop":{"background-color":"var(--ast-global-color-4)","background-image":"","background-repeat":"repeat","background-position":"center center","background-size":"auto","background-attachment":"scroll","background-type":"","background-media":"","overlay-type":"","overlay-color":"","overlay-opacity":"","overlay-gradient":""},"tablet":{"background-color":"","background-image":"","background-repeat":"repeat","background-position":"center center","background-size":"auto","background-attachment":"scroll","background-type":"","background-media":"","overlay-type":"","overlay-color":"","overlay-opacity":"","overlay-gradient":""},"mobile":{"background-color":"","background-image":"","background-repeat":"repeat","background-position":"center center","background-size":"auto","background-attachment":"scroll","background-type":"","background-media":"","overlay-type":"","overlay-color":"","overlay-opacity":"","overlay-gradient":""}},"ast-content-background-meta":{"desktop":{"background-color":"var(--ast-global-color-5)","background-image":"","background-repeat":"repeat","background-position":"center center","background-size":"auto","background-attachment":"scroll","background-type":"","background-media":"","overlay-type":"","overlay-color":"","overlay-opacity":"","overlay-gradient":""},"tablet":{"background-color":"var(--ast-global-color-5)","background-image":"","background-repeat":"repeat","background-position":"center center","background-size":"auto","background-attachment":"scroll","background-type":"","background-media":"","overlay-type":"","overlay-color":"","overlay-opacity":"","overlay-gradient":""},"mobile":{"background-color":"var(--ast-global-color-5)","background-image":"","background-repeat":"repeat","background-position":"center center","background-size":"auto","background-attachment":"scroll","background-type":"","background-media":"","overlay-type":"","overlay-color":"","overlay-opacity":"","overlay-gradient":""}}},"product_brand":[],"product_cat":[993],"product_tag":[],"class_list":{"0":"post-9997","1":"product","2":"type-product","3":"status-publish","4":"has-post-thumbnail","6":"product_cat-skotoy-tilbehor","7":"desktop-align-left","8":"tablet-align-left","9":"mobile-align-left","11":"first","12":"instock","13":"shipping-taxable","14":"purchasable","15":"product-type-simple"},"_links":{"self":[{"href":"https:\/\/keluvo.com\/no\/wp-json\/wp\/v2\/product\/9997","targetHints":{"allow":["GET"]}}],"collection":[{"href":"https:\/\/keluvo.com\/no\/wp-json\/wp\/v2\/product"}],"about":[{"href":"https:\/\/keluvo.com\/no\/wp-json\/wp\/v2\/types\/product"}],"replies":[{"embeddable":true,"href":"https:\/\/keluvo.com\/no\/wp-json\/wp\/v2\/comments?post=9997"}],"wp:featuredmedia":[{"embeddable":true,"href":"https:\/\/keluvo.com\/no\/wp-json\/wp\/v2\/media\/9993"}],"wp:attachment":[{"href":"https:\/\/keluvo.com\/no\/wp-json\/wp\/v2\/media?parent=9997"}],"wp:term":[{"taxonomy":"product_brand","embeddable":true,"href":"https:\/\/keluvo.com\/no\/wp-json\/wp\/v2\/product_brand?post=9997"},{"taxonomy":"product_cat","embeddable":true,"href":"https:\/\/keluvo.com\/no\/wp-json\/wp\/v2\/product_cat?post=9997"},{"taxonomy":"product_tag","embeddable":true,"href":"https:\/\/keluvo.com\/no\/wp-json\/wp\/v2\/product_tag?post=9997"}],"curies":[{"name":"wp","href":"https:\/\/api.w.org\/{rel}","templated":true}]}}