{"id":9978,"date":"2025-03-13T18:57:49","date_gmt":"2025-03-13T16:57:49","guid":{"rendered":"https:\/\/keluvo.com\/no\/produkt\/led-solcellelampe\/"},"modified":"2025-03-13T18:57:58","modified_gmt":"2025-03-13T16:57:58","slug":"led-solcellelampe","status":"publish","type":"product","link":"https:\/\/keluvo.com\/no\/produkt\/led-solcellelampe\/","title":{"rendered":"LED-solcellelampe"},"content":{"rendered":"<h2 style=\"text-align: center\" data-start=\"0\" data-end=\"33\"><strong>Lyssterk Og Bevegelsesaktivert<\/strong><\/h2>\n<p style=\"text-align: center\" data-start=\"34\" data-end=\"339\">Solcellelampen tennes automatisk n\u00e5r den registrerer bevegelse. Den registrerer bevegelse innenfor 3 meter og 120 grader, noe som gj\u00f8r den perfekt for uteomr\u00e5der som hager, innkj\u00f8rsler og uteplasser. Lyset sl\u00e5s av etter 25 sekunder hvis ingen bevegelse registreres, noe som sparer energi samtidig som det holder omr\u00e5det ditt sikkert.<\/p>\n<p style=\"text-align: center\" data-start=\"366\" data-end=\"638\"><img decoding=\"async\" class=\"alignnone size-medium wp-image-12245\" src=\"https:\/\/keluvo.com\/template\/wp-content\/uploads\/sites\/5\/2025\/03\/HTB1r3TfnDdYBeNkSmLyq6xfnVXah.jpg_960x960q75.jpg_.jpeg\" alt=\"\" \/><\/p>\n<h2 style=\"text-align: center\" data-start=\"640\" data-end=\"668\"><strong>Vanntett Og Slitesterk<\/strong><\/h2>\n<p style=\"text-align: center\" data-start=\"669\" data-end=\"921\" data-is-last-node=\"\" data-is-only-node=\"\">Solcellelampen er vanntett og designet for \u00e5 vare, og er laget av sterk plast. Den t\u00e5ler ulike v\u00e6rforhold, noe som sikrer p\u00e5litelig ytelse gjennom hele \u00e5ret. Uansett om det regner eller skinner, vil denne lampen fortsette \u00e5 lyse opp uterommet.<\/p>\n<p data-start=\"669\" data-end=\"921\" data-is-last-node=\"\" data-is-only-node=\"\"><img decoding=\"async\" class=\"alignnone size-medium wp-image-12244 aligncenter\" src=\"https:\/\/keluvo.com\/template\/wp-content\/uploads\/sites\/5\/2025\/03\/5fac8cc0-0a9f-4722-8587-64f84e1a21cf.webp\" alt=\"\" \/><\/p>\n","protected":false},"excerpt":{"rendered":"<p>Lyssterk Og Bevegelsesaktivert Solcellelampen tennes automatisk n\u00e5r den registrerer bevegelse. Den registrerer bevegelse innenfor 3 meter og 120 grader, noe [&hellip;]<\/p>\n","protected":false},"featured_media":9974,"comment_status":"open","ping_status":"closed","template":"","meta":{"site-sidebar-layout":"default","site-content-layout":"","ast-site-content-layout":"default","site-content-style":"default","site-sidebar-style":"default","ast-global-header-display":"","ast-banner-title-visibility":"","ast-main-header-display":"","ast-hfb-above-header-display":"","ast-hfb-below-header-display":"","ast-hfb-mobile-header-display":"","site-post-title":"","ast-breadcrumbs-content":"","ast-featured-img":"","footer-sml-layout":"","theme-transparent-header-meta":"default","adv-header-id-meta":"","stick-header-meta":"","header-above-stick-meta":"","header-main-stick-meta":"","header-below-stick-meta":"","astra-migrate-meta-layouts":"set","ast-page-background-enabled":"default","ast-page-background-meta":{"desktop":{"background-color":"var(--ast-global-color-4)","background-image":"","background-repeat":"repeat","background-position":"center center","background-size":"auto","background-attachment":"scroll","background-type":"","background-media":"","overlay-type":"","overlay-color":"","overlay-opacity":"","overlay-gradient":""},"tablet":{"background-color":"","background-image":"","background-repeat":"repeat","background-position":"center center","background-size":"auto","background-attachment":"scroll","background-type":"","background-media":"","overlay-type":"","overlay-color":"","overlay-opacity":"","overlay-gradient":""},"mobile":{"background-color":"","background-image":"","background-repeat":"repeat","background-position":"center center","background-size":"auto","background-attachment":"scroll","background-type":"","background-media":"","overlay-type":"","overlay-color":"","overlay-opacity":"","overlay-gradient":""}},"ast-content-background-meta":{"desktop":{"background-color":"var(--ast-global-color-5)","background-image":"","background-repeat":"repeat","background-position":"center center","background-size":"auto","background-attachment":"scroll","background-type":"","background-media":"","overlay-type":"","overlay-color":"","overlay-opacity":"","overlay-gradient":""},"tablet":{"background-color":"var(--ast-global-color-5)","background-image":"","background-repeat":"repeat","background-position":"center center","background-size":"auto","background-attachment":"scroll","background-type":"","background-media":"","overlay-type":"","overlay-color":"","overlay-opacity":"","overlay-gradient":""},"mobile":{"background-color":"var(--ast-global-color-5)","background-image":"","background-repeat":"repeat","background-position":"center center","background-size":"auto","background-attachment":"scroll","background-type":"","background-media":"","overlay-type":"","overlay-color":"","overlay-opacity":"","overlay-gradient":""}}},"product_brand":[],"product_cat":[1001],"product_tag":[],"class_list":{"0":"post-9978","1":"product","2":"type-product","3":"status-publish","4":"has-post-thumbnail","6":"product_cat-husholdningsartikler","7":"pa_8gzfd20f-20-lysdioder","8":"pa_8gzfd20f-30-lysdioder","9":"desktop-align-left","10":"tablet-align-left","11":"mobile-align-left","13":"first","14":"instock","15":"shipping-taxable","16":"purchasable","17":"product-type-variable"},"_links":{"self":[{"href":"https:\/\/keluvo.com\/no\/wp-json\/wp\/v2\/product\/9978","targetHints":{"allow":["GET"]}}],"collection":[{"href":"https:\/\/keluvo.com\/no\/wp-json\/wp\/v2\/product"}],"about":[{"href":"https:\/\/keluvo.com\/no\/wp-json\/wp\/v2\/types\/product"}],"replies":[{"embeddable":true,"href":"https:\/\/keluvo.com\/no\/wp-json\/wp\/v2\/comments?post=9978"}],"wp:featuredmedia":[{"embeddable":true,"href":"https:\/\/keluvo.com\/no\/wp-json\/wp\/v2\/media\/9974"}],"wp:attachment":[{"href":"https:\/\/keluvo.com\/no\/wp-json\/wp\/v2\/media?parent=9978"}],"wp:term":[{"taxonomy":"product_brand","embeddable":true,"href":"https:\/\/keluvo.com\/no\/wp-json\/wp\/v2\/product_brand?post=9978"},{"taxonomy":"product_cat","embeddable":true,"href":"https:\/\/keluvo.com\/no\/wp-json\/wp\/v2\/product_cat?post=9978"},{"taxonomy":"product_tag","embeddable":true,"href":"https:\/\/keluvo.com\/no\/wp-json\/wp\/v2\/product_tag?post=9978"}],"curies":[{"name":"wp","href":"https:\/\/api.w.org\/{rel}","templated":true}]}}