{"id":9948,"date":"2025-03-13T13:59:22","date_gmt":"2025-03-13T11:59:22","guid":{"rendered":"https:\/\/keluvo.com\/no\/produkt\/medisinboks-2\/"},"modified":"2025-10-13T12:06:33","modified_gmt":"2025-10-13T09:06:33","slug":"medisinboks-2","status":"publish","type":"product","link":"https:\/\/keluvo.com\/no\/produkt\/medisinboks-2\/","title":{"rendered":"Medisinboks"},"content":{"rendered":"<h2 style=\"text-align: center\">Enkel Tilgang Til Medisinene Dine N\u00e5r Du Trenger Dem<\/h2>\n<p style=\"text-align: center\">Si farvel til rotete medisinskap! Denne smarte oppbevaringsboksen holder orden p\u00e5 alle medisinene og rekvisittene dine, slik at du alltid vet hvor du finner dem. Den er designet med en trinnvis, utvidbar layout, og \u00e5pner seg i flere stablede rom, slik at du kan oppbevare et stort antall medisiner samtidig som alt er godt synlig og lett tilgjengelig.<\/p>\n<h2 style=\"text-align: center\"><img decoding=\"async\" class=\"size-medium wp-image-12296 aligncenter\" src=\"https:\/\/keluvo.com\/template\/wp-content\/uploads\/sites\/5\/2024\/11\/qY4lmFDyDouACKj8rMvB.jpg\" alt=\"\" \/><\/h2>\n<h2 style=\"text-align: center\">Ta Med Pillene Dine Hvor Som Helst Med Den Avtakbare Pilleholderen<\/h2>\n<p style=\"text-align: center\">Trenger du en rask og praktisk m\u00e5te \u00e5 ta med deg de daglige medisinene p\u00e5? Den innebygde dreieknappen fungerer som et avtakbart pilleetui, som er lite nok til \u00e5 gli ned i lommen eller vesken. Enten du er p\u00e5 jobb, p\u00e5 reise eller p\u00e5 farten, har du alltid de viktigste pillene innen rekkevidde.<\/p>\n<p style=\"text-align: center\"><img fetchpriority=\"high\" decoding=\"async\" width=\"800\" height=\"1224\" class=\"alignnone size-medium wp-image-4111\" src=\"https:\/\/keluvo.com\/no\/wp-content\/uploads\/sites\/10\/2024\/10\/2-combined.webp\" alt=\"\" srcset=\"https:\/\/keluvo.com\/no\/wp-content\/uploads\/sites\/10\/2024\/10\/2-combined.webp 800w, https:\/\/keluvo.com\/no\/wp-content\/uploads\/sites\/10\/2024\/10\/2-combined-196x300.webp 196w, https:\/\/keluvo.com\/no\/wp-content\/uploads\/sites\/10\/2024\/10\/2-combined-669x1024.webp 669w, https:\/\/keluvo.com\/no\/wp-content\/uploads\/sites\/10\/2024\/10\/2-combined-768x1175.webp 768w, https:\/\/keluvo.com\/no\/wp-content\/uploads\/sites\/10\/2024\/10\/2-combined-600x918.webp 600w\" sizes=\"(max-width: 800px) 100vw, 800px\" \/><\/p>\n<h2 style=\"text-align: center\">Perfekt For Reiser \u2013 Lett Og Plassbesparende<\/h2>\n<p style=\"text-align: center\">Uavhengig av om du skal ut p\u00e5 en kort eller lang reise, er denne medisinboksen designet for \u00e5 v\u00e6re praktisk p\u00e5 reise. Den kompakte og lette strukturen gj\u00f8r den enkel \u00e5 f\u00e5 plass til i bagasjen, og det slitesterke h\u00e5ndtaket s\u00f8rger for at du kan b\u00e6re den uten problemer. V\u00e6r forberedt uansett hvor du skal!<\/p>\n<p style=\"text-align: center\"><img decoding=\"async\" width=\"800\" height=\"800\" class=\"alignnone size-medium wp-image-4110\" src=\"https:\/\/keluvo.com\/no\/wp-content\/uploads\/sites\/10\/2024\/10\/0002.webp\" alt=\"\" srcset=\"https:\/\/keluvo.com\/no\/wp-content\/uploads\/sites\/10\/2024\/10\/0002.webp 800w, https:\/\/keluvo.com\/no\/wp-content\/uploads\/sites\/10\/2024\/10\/0002-300x300.webp 300w, https:\/\/keluvo.com\/no\/wp-content\/uploads\/sites\/10\/2024\/10\/0002-150x150.webp 150w, https:\/\/keluvo.com\/no\/wp-content\/uploads\/sites\/10\/2024\/10\/0002-768x768.webp 768w, https:\/\/keluvo.com\/no\/wp-content\/uploads\/sites\/10\/2024\/10\/0002-600x600.webp 600w, https:\/\/keluvo.com\/no\/wp-content\/uploads\/sites\/10\/2024\/10\/0002-100x100.webp 100w, https:\/\/keluvo.com\/no\/wp-content\/uploads\/sites\/10\/2024\/10\/0002-50x50.webp 50w\" sizes=\"(max-width: 800px) 100vw, 800px\" \/><\/p>\n","protected":false},"excerpt":{"rendered":"<p>Enkel Tilgang Til Medisinene Dine N\u00e5r Du Trenger Dem Si farvel til rotete medisinskap! Denne smarte oppbevaringsboksen holder orden p\u00e5 [&hellip;]<\/p>\n","protected":false},"featured_media":9944,"comment_status":"open","ping_status":"closed","template":"","meta":{"site-sidebar-layout":"default","site-content-layout":"","ast-site-content-layout":"default","site-content-style":"default","site-sidebar-style":"default","ast-global-header-display":"","ast-banner-title-visibility":"","ast-main-header-display":"","ast-hfb-above-header-display":"","ast-hfb-below-header-display":"","ast-hfb-mobile-header-display":"","site-post-title":"","ast-breadcrumbs-content":"","ast-featured-img":"","footer-sml-layout":"","theme-transparent-header-meta":"default","adv-header-id-meta":"","stick-header-meta":"","header-above-stick-meta":"","header-main-stick-meta":"","header-below-stick-meta":"","astra-migrate-meta-layouts":"set","ast-page-background-enabled":"default","ast-page-background-meta":{"desktop":{"background-color":"var(--ast-global-color-4)","background-image":"","background-repeat":"repeat","background-position":"center center","background-size":"auto","background-attachment":"scroll","background-type":"","background-media":"","overlay-type":"","overlay-color":"","overlay-opacity":"","overlay-gradient":""},"tablet":{"background-color":"","background-image":"","background-repeat":"repeat","background-position":"center center","background-size":"auto","background-attachment":"scroll","background-type":"","background-media":"","overlay-type":"","overlay-color":"","overlay-opacity":"","overlay-gradient":""},"mobile":{"background-color":"","background-image":"","background-repeat":"repeat","background-position":"center center","background-size":"auto","background-attachment":"scroll","background-type":"","background-media":"","overlay-type":"","overlay-color":"","overlay-opacity":"","overlay-gradient":""}},"ast-content-background-meta":{"desktop":{"background-color":"var(--ast-global-color-5)","background-image":"","background-repeat":"repeat","background-position":"center center","background-size":"auto","background-attachment":"scroll","background-type":"","background-media":"","overlay-type":"","overlay-color":"","overlay-opacity":"","overlay-gradient":""},"tablet":{"background-color":"var(--ast-global-color-5)","background-image":"","background-repeat":"repeat","background-position":"center center","background-size":"auto","background-attachment":"scroll","background-type":"","background-media":"","overlay-type":"","overlay-color":"","overlay-opacity":"","overlay-gradient":""},"mobile":{"background-color":"var(--ast-global-color-5)","background-image":"","background-repeat":"repeat","background-position":"center center","background-size":"auto","background-attachment":"scroll","background-type":"","background-media":"","overlay-type":"","overlay-color":"","overlay-opacity":"","overlay-gradient":""}}},"product_brand":[],"product_cat":[991],"product_tag":[],"class_list":{"0":"post-9948","1":"product","2":"type-product","3":"status-publish","4":"has-post-thumbnail","6":"product_cat-helseprodukter","7":"pa_4oyx27v1-liten","8":"pa_4oyx27v1-stor","9":"pa_5latvdms-gronn","10":"pa_5latvdms-hvit","11":"pa_5latvdms-rod","12":"desktop-align-left","13":"tablet-align-left","14":"mobile-align-left","16":"first","17":"instock","18":"shipping-taxable","19":"purchasable","20":"product-type-variable","21":"has-default-attributes"},"_links":{"self":[{"href":"https:\/\/keluvo.com\/no\/wp-json\/wp\/v2\/product\/9948","targetHints":{"allow":["GET"]}}],"collection":[{"href":"https:\/\/keluvo.com\/no\/wp-json\/wp\/v2\/product"}],"about":[{"href":"https:\/\/keluvo.com\/no\/wp-json\/wp\/v2\/types\/product"}],"replies":[{"embeddable":true,"href":"https:\/\/keluvo.com\/no\/wp-json\/wp\/v2\/comments?post=9948"}],"wp:featuredmedia":[{"embeddable":true,"href":"https:\/\/keluvo.com\/no\/wp-json\/wp\/v2\/media\/9944"}],"wp:attachment":[{"href":"https:\/\/keluvo.com\/no\/wp-json\/wp\/v2\/media?parent=9948"}],"wp:term":[{"taxonomy":"product_brand","embeddable":true,"href":"https:\/\/keluvo.com\/no\/wp-json\/wp\/v2\/product_brand?post=9948"},{"taxonomy":"product_cat","embeddable":true,"href":"https:\/\/keluvo.com\/no\/wp-json\/wp\/v2\/product_cat?post=9948"},{"taxonomy":"product_tag","embeddable":true,"href":"https:\/\/keluvo.com\/no\/wp-json\/wp\/v2\/product_tag?post=9948"}],"curies":[{"name":"wp","href":"https:\/\/api.w.org\/{rel}","templated":true}]}}