{"id":9922,"date":"2025-03-13T11:01:25","date_gmt":"2025-03-13T09:01:25","guid":{"rendered":"https:\/\/keluvo.com\/no\/produkt\/magneticsupport-kneskinne\/"},"modified":"2025-09-12T16:29:26","modified_gmt":"2025-09-12T13:29:26","slug":"magneticsupport-kneskinne","status":"publish","type":"product","link":"https:\/\/keluvo.com\/no\/produkt\/magneticsupport-kneskinne\/","title":{"rendered":"MagneticSupport\u2122 kneskinne"},"content":{"rendered":"<h2 style=\"text-align: center\">Helbrede smertene dine med magnetisk kneskinne<\/h2>\n<p style=\"text-align: center\">MagneticSupport\u2122 kneskinne er designet for \u00e5 gi naturlig smertelindring og forbedre bevegeligheten ved hjelp av 10 kraftige magneter med en styrke p\u00e5 580 gauss hver. Disse magnetene skaper et terapeutisk magnetfelt som bidrar til \u00e5 forbedre blodsirkulasjonen, redusere betennelse og lindre ubehag i kneleddet.<\/p>\n<p style=\"text-align: center\">\ud83d\udd39 Smertereduksjon &#8211; Magnetterapi har blitt brukt i \u00e5revis for \u00e5 lindre ledd- og muskelsmerter.<br \/>\n\ud83d\udd39 Forbedret blodsirkulasjon &#8211; Bedre sirkulasjon bidrar til \u00e5 tilf\u00f8re oksygen og n\u00e6ringsstoffer til det ber\u00f8rte omr\u00e5det, noe som fremmer helbredelse.<br \/>\n\ud83d\udd39 \u00d8kt bevegelighet &#8211; Ved \u00e5 redusere ubehag kan du bevege deg fritt og f\u00e5 tilbake selvtilliten i hverdagslige aktiviteter.<\/p>\n<p style=\"text-align: center\">Denne kneskinnen er ideell for personer som lider av leddgikt, leddstivhet, sportsskader eller generelle knesmerter.<\/p>\n<p><img decoding=\"async\" class=\"size-medium wp-image-12285 aligncenter\" src=\"https:\/\/keluvo.com\/template\/wp-content\/uploads\/sites\/5\/2024\/12\/O1CN01NmBI2j1awVARqbqDE_2486123394-0-cib.png\" alt=\"\" \/><\/p>\n<p>&nbsp;<\/p>\n<h2 style=\"text-align: center\"><strong>Enkel <\/strong><strong>\u00e5 bruke og behagelig \u00e5 <\/strong><strong>ha p<\/strong><strong>\u00e5<\/strong><\/h2>\n<p style=\"text-align: center\">Kneskinnen MagneticSupport\u2122 er designet for maksimal komfort og brukervennlighet. Takket v\u00e6re den universelle st\u00f8rrelsen og den justerbare passformen tilpasser den seg perfekt til kneet og gir optimal st\u00f8tte uten \u00e5 begrense bevegelsesfriheten.<\/p>\n<p style=\"text-align: center\">\u2705Kneskinnen MagneticSupport\u2122 er designet for maksimal komfort og brukervennlighet. Takket v\u00e6re den universelle st\u00f8rrelsen og den justerbare passformen tilpasser den seg perfekt til kneet og gir optimal st\u00f8tte uten \u00e5 begrense bevegelsesfriheten.<\/p>\n<p style=\"text-align: center\">\u2705 Passer til begge kn\u00e6r \u2013 Kan brukes p\u00e5 enten venstre eller h\u00f8yre kne.<br \/>\n\u2705 Diskret og lett \u2013 Det tynne, pustende designet gj\u00f8r at du kan bruke den under kl\u00e6rne, selv under fysiske aktiviteter.<br \/>\n\u2705Vannbestandig og slitesterk \u2013 Laget av materialer av h\u00f8y kvalitet for \u00e5 sikre langvarig ytelse i alle situasjoner.<\/p>\n<p style=\"text-align: center\">Enten du trenger hjelp under trenings\u00f8kter, daglige aktiviteter eller mens du hviler hjemme, gir denne kneskinnen p\u00e5litelig smertelindring n\u00e5r du trenger det.<\/p>\n<p><img decoding=\"async\" class=\"size-medium wp-image-12286 aligncenter\" src=\"https:\/\/keluvo.com\/template\/wp-content\/uploads\/sites\/5\/2024\/12\/WhatsApp-Image-2025-03-12-at-13.29.02_11449eb3.jpg\" alt=\"\" \/><\/p>\n<h2 style=\"text-align: center\">Spesifikasjoner<\/h2>\n<p>&nbsp;<\/p>\n<ul>\n<li>Materiale: Silikon<\/li>\n<li>Farge: Hudfarget<\/li>\n<li>St\u00f8rrelse: ca. 18 x 11 cm<\/li>\n<li>Tykkelse: 0,1\u20130,3 cm<\/li>\n<li>Antall: 1 stk<\/li>\n<\/ul>\n<p>&nbsp;<\/p>\n","protected":false},"excerpt":{"rendered":"<p>Helbrede smertene dine med magnetisk kneskinne MagneticSupport\u2122 kneskinne er designet for \u00e5 gi naturlig smertelindring og forbedre bevegeligheten ved hjelp [&hellip;]<\/p>\n","protected":false},"featured_media":9918,"comment_status":"open","ping_status":"closed","template":"","meta":{"site-sidebar-layout":"default","site-content-layout":"","ast-site-content-layout":"default","site-content-style":"default","site-sidebar-style":"default","ast-global-header-display":"","ast-banner-title-visibility":"","ast-main-header-display":"","ast-hfb-above-header-display":"","ast-hfb-below-header-display":"","ast-hfb-mobile-header-display":"","site-post-title":"","ast-breadcrumbs-content":"","ast-featured-img":"","footer-sml-layout":"","theme-transparent-header-meta":"default","adv-header-id-meta":"","stick-header-meta":"","header-above-stick-meta":"","header-main-stick-meta":"","header-below-stick-meta":"","astra-migrate-meta-layouts":"set","ast-page-background-enabled":"default","ast-page-background-meta":{"desktop":{"background-color":"var(--ast-global-color-4)","background-image":"","background-repeat":"repeat","background-position":"center center","background-size":"auto","background-attachment":"scroll","background-type":"","background-media":"","overlay-type":"","overlay-color":"","overlay-opacity":"","overlay-gradient":""},"tablet":{"background-color":"","background-image":"","background-repeat":"repeat","background-position":"center center","background-size":"auto","background-attachment":"scroll","background-type":"","background-media":"","overlay-type":"","overlay-color":"","overlay-opacity":"","overlay-gradient":""},"mobile":{"background-color":"","background-image":"","background-repeat":"repeat","background-position":"center center","background-size":"auto","background-attachment":"scroll","background-type":"","background-media":"","overlay-type":"","overlay-color":"","overlay-opacity":"","overlay-gradient":""}},"ast-content-background-meta":{"desktop":{"background-color":"var(--ast-global-color-5)","background-image":"","background-repeat":"repeat","background-position":"center center","background-size":"auto","background-attachment":"scroll","background-type":"","background-media":"","overlay-type":"","overlay-color":"","overlay-opacity":"","overlay-gradient":""},"tablet":{"background-color":"var(--ast-global-color-5)","background-image":"","background-repeat":"repeat","background-position":"center center","background-size":"auto","background-attachment":"scroll","background-type":"","background-media":"","overlay-type":"","overlay-color":"","overlay-opacity":"","overlay-gradient":""},"mobile":{"background-color":"var(--ast-global-color-5)","background-image":"","background-repeat":"repeat","background-position":"center center","background-size":"auto","background-attachment":"scroll","background-type":"","background-media":"","overlay-type":"","overlay-color":"","overlay-opacity":"","overlay-gradient":""}}},"product_brand":[],"product_cat":[991],"product_tag":[],"class_list":{"0":"post-9922","1":"product","2":"type-product","3":"status-publish","4":"has-post-thumbnail","6":"product_cat-helseprodukter","7":"pa_hhthk3ur-arm","8":"pa_hhthk3ur-fotter","9":"pa_hhthk3ur-knaer","10":"desktop-align-left","11":"tablet-align-left","12":"mobile-align-left","14":"first","15":"instock","16":"shipping-taxable","17":"purchasable","18":"product-type-variable"},"_links":{"self":[{"href":"https:\/\/keluvo.com\/no\/wp-json\/wp\/v2\/product\/9922","targetHints":{"allow":["GET"]}}],"collection":[{"href":"https:\/\/keluvo.com\/no\/wp-json\/wp\/v2\/product"}],"about":[{"href":"https:\/\/keluvo.com\/no\/wp-json\/wp\/v2\/types\/product"}],"replies":[{"embeddable":true,"href":"https:\/\/keluvo.com\/no\/wp-json\/wp\/v2\/comments?post=9922"}],"wp:featuredmedia":[{"embeddable":true,"href":"https:\/\/keluvo.com\/no\/wp-json\/wp\/v2\/media\/9918"}],"wp:attachment":[{"href":"https:\/\/keluvo.com\/no\/wp-json\/wp\/v2\/media?parent=9922"}],"wp:term":[{"taxonomy":"product_brand","embeddable":true,"href":"https:\/\/keluvo.com\/no\/wp-json\/wp\/v2\/product_brand?post=9922"},{"taxonomy":"product_cat","embeddable":true,"href":"https:\/\/keluvo.com\/no\/wp-json\/wp\/v2\/product_cat?post=9922"},{"taxonomy":"product_tag","embeddable":true,"href":"https:\/\/keluvo.com\/no\/wp-json\/wp\/v2\/product_tag?post=9922"}],"curies":[{"name":"wp","href":"https:\/\/api.w.org\/{rel}","templated":true}]}}