{"id":9873,"date":"2025-03-12T17:15:36","date_gmt":"2025-03-12T15:15:36","guid":{"rendered":"https:\/\/keluvo.com\/no\/produkt\/telefonveske\/"},"modified":"2025-03-12T17:16:35","modified_gmt":"2025-03-12T15:16:35","slug":"telefonveske","status":"publish","type":"product","link":"https:\/\/keluvo.com\/no\/produkt\/telefonveske\/","title":{"rendered":"Telefonveske"},"content":{"rendered":"<h2 style=\"text-align: center\" data-start=\"0\" data-end=\"35\"><strong>Slitesterkt Og St\u00f8tsikkert Design<\/strong><\/h2>\n<p style=\"text-align: center\" data-start=\"36\" data-end=\"272\">Dette mobildekselet gir sterk beskyttelse mot fall, st\u00f8t og riper. Det er laget av materialer av h\u00f8y kvalitet, og holder telefonen trygg samtidig som det opprettholder en slank profil. De forsterkede kantene gir ekstra holdbarhet for daglig bruk.<\/p>\n<p data-start=\"36\" data-end=\"272\"><img decoding=\"async\" class=\"alignnone size-medium wp-image-12118 aligncenter\" src=\"https:\/\/keluvo.com\/template\/wp-content\/uploads\/sites\/5\/2025\/03\/Sf504d15b11cb43838c9595fad311e0a2l.jpg_960x960q75.jpg_.jpeg\" alt=\"\" \/><\/p>\n<h2 style=\"text-align: center\" data-start=\"274\" data-end=\"310\"><strong>Innebygd Stativ For Bekvemmelighet<\/strong><\/h2>\n<p style=\"text-align: center\" data-start=\"311\" data-end=\"506\">Telefonvesken har et solid innebygd stativ, slik at du kan se p\u00e5 videoer eller foreta videosamtaler h\u00e5ndfritt. Stativet er enkelt \u00e5 justere, slik at du f\u00e5r den perfekte synsvinkelen for enhver aktivitet.<\/p>\n<p data-start=\"311\" data-end=\"506\"><img decoding=\"async\" class=\"alignnone size-medium wp-image-12116 aligncenter\" src=\"https:\/\/keluvo.com\/template\/wp-content\/uploads\/sites\/5\/2025\/03\/S1846ad10dea248899ea41782b279aba2o.jpg_960x960q75.jpg_.jpeg\" alt=\"\" \/><\/p>\n","protected":false},"excerpt":{"rendered":"<p>Slitesterkt Og St\u00f8tsikkert Design Dette mobildekselet gir sterk beskyttelse mot fall, st\u00f8t og riper. Det er laget av materialer av [&hellip;]<\/p>\n","protected":false},"featured_media":9869,"comment_status":"open","ping_status":"closed","template":"","meta":{"site-sidebar-layout":"default","site-content-layout":"","ast-site-content-layout":"default","site-content-style":"default","site-sidebar-style":"default","ast-global-header-display":"","ast-banner-title-visibility":"","ast-main-header-display":"","ast-hfb-above-header-display":"","ast-hfb-below-header-display":"","ast-hfb-mobile-header-display":"","site-post-title":"","ast-breadcrumbs-content":"","ast-featured-img":"","footer-sml-layout":"","theme-transparent-header-meta":"default","adv-header-id-meta":"","stick-header-meta":"","header-above-stick-meta":"","header-main-stick-meta":"","header-below-stick-meta":"","astra-migrate-meta-layouts":"set","ast-page-background-enabled":"default","ast-page-background-meta":{"desktop":{"background-color":"var(--ast-global-color-4)","background-image":"","background-repeat":"repeat","background-position":"center center","background-size":"auto","background-attachment":"scroll","background-type":"","background-media":"","overlay-type":"","overlay-color":"","overlay-opacity":"","overlay-gradient":""},"tablet":{"background-color":"","background-image":"","background-repeat":"repeat","background-position":"center center","background-size":"auto","background-attachment":"scroll","background-type":"","background-media":"","overlay-type":"","overlay-color":"","overlay-opacity":"","overlay-gradient":""},"mobile":{"background-color":"","background-image":"","background-repeat":"repeat","background-position":"center center","background-size":"auto","background-attachment":"scroll","background-type":"","background-media":"","overlay-type":"","overlay-color":"","overlay-opacity":"","overlay-gradient":""}},"ast-content-background-meta":{"desktop":{"background-color":"var(--ast-global-color-5)","background-image":"","background-repeat":"repeat","background-position":"center center","background-size":"auto","background-attachment":"scroll","background-type":"","background-media":"","overlay-type":"","overlay-color":"","overlay-opacity":"","overlay-gradient":""},"tablet":{"background-color":"var(--ast-global-color-5)","background-image":"","background-repeat":"repeat","background-position":"center center","background-size":"auto","background-attachment":"scroll","background-type":"","background-media":"","overlay-type":"","overlay-color":"","overlay-opacity":"","overlay-gradient":""},"mobile":{"background-color":"var(--ast-global-color-5)","background-image":"","background-repeat":"repeat","background-position":"center center","background-size":"auto","background-attachment":"scroll","background-type":"","background-media":"","overlay-type":"","overlay-color":"","overlay-opacity":"","overlay-gradient":""}}},"product_brand":[],"product_cat":[993],"product_tag":[],"class_list":{"0":"post-9873","1":"product","2":"type-product","3":"status-publish","4":"has-post-thumbnail","6":"product_cat-skotoy-tilbehor","7":"pa_jbaq1xxy-s23-ultra","8":"pa_jbaq1xxy-s24-ultra","9":"pa_jbaq1xxy-s25-ultra","10":"pa_kz1is37d-gronn","11":"pa_kz1is37d-hvit","12":"pa_kz1is37d-rod","13":"pa_kz1is37d-svart","14":"desktop-align-left","15":"tablet-align-left","16":"mobile-align-left","18":"first","19":"instock","20":"shipping-taxable","21":"purchasable","22":"product-type-variable"},"_links":{"self":[{"href":"https:\/\/keluvo.com\/no\/wp-json\/wp\/v2\/product\/9873","targetHints":{"allow":["GET"]}}],"collection":[{"href":"https:\/\/keluvo.com\/no\/wp-json\/wp\/v2\/product"}],"about":[{"href":"https:\/\/keluvo.com\/no\/wp-json\/wp\/v2\/types\/product"}],"replies":[{"embeddable":true,"href":"https:\/\/keluvo.com\/no\/wp-json\/wp\/v2\/comments?post=9873"}],"wp:featuredmedia":[{"embeddable":true,"href":"https:\/\/keluvo.com\/no\/wp-json\/wp\/v2\/media\/9869"}],"wp:attachment":[{"href":"https:\/\/keluvo.com\/no\/wp-json\/wp\/v2\/media?parent=9873"}],"wp:term":[{"taxonomy":"product_brand","embeddable":true,"href":"https:\/\/keluvo.com\/no\/wp-json\/wp\/v2\/product_brand?post=9873"},{"taxonomy":"product_cat","embeddable":true,"href":"https:\/\/keluvo.com\/no\/wp-json\/wp\/v2\/product_cat?post=9873"},{"taxonomy":"product_tag","embeddable":true,"href":"https:\/\/keluvo.com\/no\/wp-json\/wp\/v2\/product_tag?post=9873"}],"curies":[{"name":"wp","href":"https:\/\/api.w.org\/{rel}","templated":true}]}}