{"id":9868,"date":"2025-03-12T17:14:04","date_gmt":"2025-03-12T15:14:04","guid":{"rendered":"https:\/\/keluvo.com\/no\/produkt\/mobelpolish\/"},"modified":"2025-03-12T17:14:04","modified_gmt":"2025-03-12T15:14:04","slug":"mobelpolish","status":"publish","type":"product","link":"https:\/\/keluvo.com\/no\/produkt\/mobelpolish\/","title":{"rendered":"M\u00f8belpolish"},"content":{"rendered":"<h2 style=\"text-align: center\" data-start=\"0\" data-end=\"36\"><strong>Gjenoppretter Og Beskytter Overflater<\/strong><\/h2>\n<p style=\"text-align: center\" data-start=\"37\" data-end=\"249\">Denne m\u00f8belpolishen bidrar til \u00e5 gi nytt liv til slitt treverk og l\u00e6r. Den gir n\u00e6ring til overflatene og reduserer sprekker og t\u00f8rrhet. Det beskyttende laget bidrar til \u00e5 forhindre skader fra st\u00f8v, fuktighet og daglig slitasje.<\/p>\n<p data-start=\"37\" data-end=\"249\"><img decoding=\"async\" class=\"alignnone size-medium wp-image-12133 aligncenter\" src=\"https:\/\/keluvo.com\/template\/wp-content\/uploads\/sites\/5\/2025\/03\/S21c3ce5e84a14853b4dd39d8e6825619T.jpeg\" alt=\"\" \/><\/p>\n<h2 style=\"text-align: center\" data-start=\"251\" data-end=\"281\"><strong>Enkel \u00c5 P\u00e5f\u00f8re Med Pensel<\/strong><\/h2>\n<p style=\"text-align: center\" data-start=\"282\" data-end=\"489\">Den medf\u00f8lgende penselen gj\u00f8r det raskt og enkelt \u00e5 p\u00e5f\u00f8re m\u00f8belpolishen. Den sprer seg jevnt og s\u00f8rger for at alle deler av overflaten blir behandlet. Ikke noe s\u00f8l, ikke noe bryderi &#8211; bare glatt og enkel pleie av m\u00f8blene dine.<\/p>\n<p data-start=\"282\" data-end=\"489\"><img decoding=\"async\" class=\"alignnone size-medium wp-image-12138 aligncenter\" src=\"https:\/\/keluvo.com\/template\/wp-content\/uploads\/sites\/5\/2025\/03\/Sdc658d3c2185487dbf459e60c9fe3368T.jpeg\" alt=\"\" \/><\/p>\n","protected":false},"excerpt":{"rendered":"<p>Gjenoppretter Og Beskytter Overflater Denne m\u00f8belpolishen bidrar til \u00e5 gi nytt liv til slitt treverk og l\u00e6r. Den gir n\u00e6ring [&hellip;]<\/p>\n","protected":false},"featured_media":9864,"comment_status":"open","ping_status":"closed","template":"","meta":{"site-sidebar-layout":"default","site-content-layout":"","ast-site-content-layout":"default","site-content-style":"default","site-sidebar-style":"default","ast-global-header-display":"","ast-banner-title-visibility":"","ast-main-header-display":"","ast-hfb-above-header-display":"","ast-hfb-below-header-display":"","ast-hfb-mobile-header-display":"","site-post-title":"","ast-breadcrumbs-content":"","ast-featured-img":"","footer-sml-layout":"","theme-transparent-header-meta":"default","adv-header-id-meta":"","stick-header-meta":"","header-above-stick-meta":"","header-main-stick-meta":"","header-below-stick-meta":"","astra-migrate-meta-layouts":"set","ast-page-background-enabled":"default","ast-page-background-meta":{"desktop":{"background-color":"var(--ast-global-color-4)","background-image":"","background-repeat":"repeat","background-position":"center center","background-size":"auto","background-attachment":"scroll","background-type":"","background-media":"","overlay-type":"","overlay-color":"","overlay-opacity":"","overlay-gradient":""},"tablet":{"background-color":"","background-image":"","background-repeat":"repeat","background-position":"center center","background-size":"auto","background-attachment":"scroll","background-type":"","background-media":"","overlay-type":"","overlay-color":"","overlay-opacity":"","overlay-gradient":""},"mobile":{"background-color":"","background-image":"","background-repeat":"repeat","background-position":"center center","background-size":"auto","background-attachment":"scroll","background-type":"","background-media":"","overlay-type":"","overlay-color":"","overlay-opacity":"","overlay-gradient":""}},"ast-content-background-meta":{"desktop":{"background-color":"var(--ast-global-color-5)","background-image":"","background-repeat":"repeat","background-position":"center center","background-size":"auto","background-attachment":"scroll","background-type":"","background-media":"","overlay-type":"","overlay-color":"","overlay-opacity":"","overlay-gradient":""},"tablet":{"background-color":"var(--ast-global-color-5)","background-image":"","background-repeat":"repeat","background-position":"center center","background-size":"auto","background-attachment":"scroll","background-type":"","background-media":"","overlay-type":"","overlay-color":"","overlay-opacity":"","overlay-gradient":""},"mobile":{"background-color":"var(--ast-global-color-5)","background-image":"","background-repeat":"repeat","background-position":"center center","background-size":"auto","background-attachment":"scroll","background-type":"","background-media":"","overlay-type":"","overlay-color":"","overlay-opacity":"","overlay-gradient":""}}},"product_brand":[],"product_cat":[993],"product_tag":[],"class_list":{"0":"post-9868","1":"product","2":"type-product","3":"status-publish","4":"has-post-thumbnail","6":"product_cat-skotoy-tilbehor","7":"desktop-align-left","8":"tablet-align-left","9":"mobile-align-left","11":"first","12":"instock","13":"shipping-taxable","14":"purchasable","15":"product-type-simple"},"_links":{"self":[{"href":"https:\/\/keluvo.com\/no\/wp-json\/wp\/v2\/product\/9868","targetHints":{"allow":["GET"]}}],"collection":[{"href":"https:\/\/keluvo.com\/no\/wp-json\/wp\/v2\/product"}],"about":[{"href":"https:\/\/keluvo.com\/no\/wp-json\/wp\/v2\/types\/product"}],"replies":[{"embeddable":true,"href":"https:\/\/keluvo.com\/no\/wp-json\/wp\/v2\/comments?post=9868"}],"wp:featuredmedia":[{"embeddable":true,"href":"https:\/\/keluvo.com\/no\/wp-json\/wp\/v2\/media\/9864"}],"wp:attachment":[{"href":"https:\/\/keluvo.com\/no\/wp-json\/wp\/v2\/media?parent=9868"}],"wp:term":[{"taxonomy":"product_brand","embeddable":true,"href":"https:\/\/keluvo.com\/no\/wp-json\/wp\/v2\/product_brand?post=9868"},{"taxonomy":"product_cat","embeddable":true,"href":"https:\/\/keluvo.com\/no\/wp-json\/wp\/v2\/product_cat?post=9868"},{"taxonomy":"product_tag","embeddable":true,"href":"https:\/\/keluvo.com\/no\/wp-json\/wp\/v2\/product_tag?post=9868"}],"curies":[{"name":"wp","href":"https:\/\/api.w.org\/{rel}","templated":true}]}}