{"id":9832,"date":"2025-03-12T17:08:20","date_gmt":"2025-03-12T15:08:20","guid":{"rendered":"https:\/\/keluvo.com\/no\/produkt\/karaokemaskin\/"},"modified":"2025-03-12T17:08:36","modified_gmt":"2025-03-12T15:08:36","slug":"karaokemaskin","status":"publish","type":"product","link":"https:\/\/keluvo.com\/no\/produkt\/karaokemaskin\/","title":{"rendered":"Karaokemaskin"},"content":{"rendered":"<h2 style=\"text-align: center\"><strong>H\u00f8ykvalitets Lydytelse<\/strong><\/h2>\n<p style=\"text-align: center\">Den b\u00e6rbare Bluetooth-karaokemaskinen K12 leverer profesjonell lyd p\u00e5 KTV-niv\u00e5 med avansert st\u00f8yreduksjon og MP3-lydavkodingsteknologi. Den er utstyrt med en 4-kjerners AR-chip som gir krystallklar vokal, eliminerer forvrengning og forbedrer lydklarheten for en oppslukende sangopplevelse.<\/p>\n<p style=\"text-align: center\"><img decoding=\"async\" class=\"alignnone size-medium wp-image-8556\" src=\"https:\/\/keluvo.com\/template\/wp-content\/uploads\/sites\/5\/2025\/01\/S14f27eb9c5bb4a6d9d9b3d904d586d8be.jpeg\" alt=\"\" \/><\/p>\n<h2 style=\"text-align: center\"><strong>Dynamisk RGB-Stemningsbelysning<\/strong><\/h2>\n<p style=\"text-align: center\">H\u00f8y karaoke\u00f8ktene dine med 5 justerbare LED-lyseffekter som synkroniseres med musikken din. Den fargerike belysningen skaper en morsom og livlig atmosf\u00e6re, enten det er p\u00e5 en fest eller et koselig familiearrangement. Lysene kan enkelt justeres eller sl\u00e5s av etter \u00f8nske.<\/p>\n<p><img decoding=\"async\" class=\"alignnone size-medium wp-image-8552 aligncenter\" src=\"https:\/\/keluvo.com\/template\/wp-content\/uploads\/sites\/5\/2025\/01\/S1de8bf56c1e24eb4bd5d00208c3e4753Q.jpg_960x960q75.jpg_.jpeg\" alt=\"\" \/><\/p>\n","protected":false},"excerpt":{"rendered":"<p>H\u00f8ykvalitets Lydytelse Den b\u00e6rbare Bluetooth-karaokemaskinen K12 leverer profesjonell lyd p\u00e5 KTV-niv\u00e5 med avansert st\u00f8yreduksjon og MP3-lydavkodingsteknologi. Den er utstyrt med [&hellip;]<\/p>\n","protected":false},"featured_media":9828,"comment_status":"open","ping_status":"closed","template":"","meta":{"site-sidebar-layout":"default","site-content-layout":"","ast-site-content-layout":"default","site-content-style":"default","site-sidebar-style":"default","ast-global-header-display":"","ast-banner-title-visibility":"","ast-main-header-display":"","ast-hfb-above-header-display":"","ast-hfb-below-header-display":"","ast-hfb-mobile-header-display":"","site-post-title":"","ast-breadcrumbs-content":"","ast-featured-img":"","footer-sml-layout":"","theme-transparent-header-meta":"default","adv-header-id-meta":"","stick-header-meta":"","header-above-stick-meta":"","header-main-stick-meta":"","header-below-stick-meta":"","astra-migrate-meta-layouts":"set","ast-page-background-enabled":"default","ast-page-background-meta":{"desktop":{"background-color":"var(--ast-global-color-4)","background-image":"","background-repeat":"repeat","background-position":"center center","background-size":"auto","background-attachment":"scroll","background-type":"","background-media":"","overlay-type":"","overlay-color":"","overlay-opacity":"","overlay-gradient":""},"tablet":{"background-color":"","background-image":"","background-repeat":"repeat","background-position":"center center","background-size":"auto","background-attachment":"scroll","background-type":"","background-media":"","overlay-type":"","overlay-color":"","overlay-opacity":"","overlay-gradient":""},"mobile":{"background-color":"","background-image":"","background-repeat":"repeat","background-position":"center center","background-size":"auto","background-attachment":"scroll","background-type":"","background-media":"","overlay-type":"","overlay-color":"","overlay-opacity":"","overlay-gradient":""}},"ast-content-background-meta":{"desktop":{"background-color":"var(--ast-global-color-5)","background-image":"","background-repeat":"repeat","background-position":"center center","background-size":"auto","background-attachment":"scroll","background-type":"","background-media":"","overlay-type":"","overlay-color":"","overlay-opacity":"","overlay-gradient":""},"tablet":{"background-color":"var(--ast-global-color-5)","background-image":"","background-repeat":"repeat","background-position":"center center","background-size":"auto","background-attachment":"scroll","background-type":"","background-media":"","overlay-type":"","overlay-color":"","overlay-opacity":"","overlay-gradient":""},"mobile":{"background-color":"var(--ast-global-color-5)","background-image":"","background-repeat":"repeat","background-position":"center center","background-size":"auto","background-attachment":"scroll","background-type":"","background-media":"","overlay-type":"","overlay-color":"","overlay-opacity":"","overlay-gradient":""}}},"product_brand":[],"product_cat":[998],"product_tag":[],"class_list":{"0":"post-9832","1":"product","2":"type-product","3":"status-publish","4":"has-post-thumbnail","6":"product_cat-bilprodukter","7":"pa_a54mjjid-bla","8":"pa_a54mjjid-hvit","9":"pa_a54mjjid-rosa","10":"desktop-align-left","11":"tablet-align-left","12":"mobile-align-left","14":"first","15":"instock","16":"shipping-taxable","17":"purchasable","18":"product-type-variable"},"_links":{"self":[{"href":"https:\/\/keluvo.com\/no\/wp-json\/wp\/v2\/product\/9832","targetHints":{"allow":["GET"]}}],"collection":[{"href":"https:\/\/keluvo.com\/no\/wp-json\/wp\/v2\/product"}],"about":[{"href":"https:\/\/keluvo.com\/no\/wp-json\/wp\/v2\/types\/product"}],"replies":[{"embeddable":true,"href":"https:\/\/keluvo.com\/no\/wp-json\/wp\/v2\/comments?post=9832"}],"wp:featuredmedia":[{"embeddable":true,"href":"https:\/\/keluvo.com\/no\/wp-json\/wp\/v2\/media\/9828"}],"wp:attachment":[{"href":"https:\/\/keluvo.com\/no\/wp-json\/wp\/v2\/media?parent=9832"}],"wp:term":[{"taxonomy":"product_brand","embeddable":true,"href":"https:\/\/keluvo.com\/no\/wp-json\/wp\/v2\/product_brand?post=9832"},{"taxonomy":"product_cat","embeddable":true,"href":"https:\/\/keluvo.com\/no\/wp-json\/wp\/v2\/product_cat?post=9832"},{"taxonomy":"product_tag","embeddable":true,"href":"https:\/\/keluvo.com\/no\/wp-json\/wp\/v2\/product_tag?post=9832"}],"curies":[{"name":"wp","href":"https:\/\/api.w.org\/{rel}","templated":true}]}}