{"id":9811,"date":"2025-03-12T17:05:55","date_gmt":"2025-03-12T15:05:55","guid":{"rendered":"https:\/\/keluvo.com\/no\/produkt\/avlopsstativ-for-vask\/"},"modified":"2025-03-12T17:07:00","modified_gmt":"2025-03-12T15:07:00","slug":"avlopsstativ-for-vask","status":"publish","type":"product","link":"https:\/\/keluvo.com\/no\/produkt\/avlopsstativ-for-vask\/","title":{"rendered":"Avl\u00f8psstativ for vask"},"content":{"rendered":"<h2 style=\"text-align: center\" data-start=\"0\" data-end=\"31\"><strong>Sterk Og Rustbestandig<\/strong><\/h2>\n<p style=\"text-align: center\" data-start=\"32\" data-end=\"218\">Avl\u00f8psstativet er laget av rustfritt st\u00e5l, noe som gj\u00f8r det sterkt og holdbart. Det motst\u00e5r rust, selv under v\u00e5te kj\u00f8kkenforhold. Dette sikrer en p\u00e5litelig og holdbar t\u00f8rkel\u00f8sning.<\/p>\n<p data-start=\"32\" data-end=\"218\"><img decoding=\"async\" class=\"alignnone size-medium wp-image-12169 aligncenter\" src=\"https:\/\/keluvo.com\/template\/wp-content\/uploads\/sites\/5\/2025\/03\/Se229d8b4f0cc41bea1280818bfea52c2C.jpeg\" alt=\"\" \/><\/p>\n<h2 style=\"text-align: center\" data-start=\"220\" data-end=\"251\"><strong>Sammenleggbar For Enkel Oppbevaring<\/strong><\/h2>\n<p style=\"text-align: center\" data-start=\"252\" data-end=\"425\">Dette avl\u00f8psstativet kan brettes sammen n\u00e5r det ikke er i bruk. Det tar liten plass, noe som gj\u00f8r det perfekt for sm\u00e5 kj\u00f8kken. Bare rull det sammen og oppbevar det i en skuff n\u00e5r du trenger det.<\/p>\n<p data-start=\"252\" data-end=\"425\"><img decoding=\"async\" class=\"alignnone size-medium wp-image-12163 aligncenter\" src=\"https:\/\/keluvo.com\/template\/wp-content\/uploads\/sites\/5\/2025\/03\/S1d1ce5d9812e46b88d33436fb12327084.jpeg\" alt=\"\" \/><\/p>\n","protected":false},"excerpt":{"rendered":"<p>Sterk Og Rustbestandig Avl\u00f8psstativet er laget av rustfritt st\u00e5l, noe som gj\u00f8r det sterkt og holdbart. Det motst\u00e5r rust, selv [&hellip;]<\/p>\n","protected":false},"featured_media":9807,"comment_status":"open","ping_status":"closed","template":"","meta":{"site-sidebar-layout":"default","site-content-layout":"","ast-site-content-layout":"default","site-content-style":"default","site-sidebar-style":"default","ast-global-header-display":"","ast-banner-title-visibility":"","ast-main-header-display":"","ast-hfb-above-header-display":"","ast-hfb-below-header-display":"","ast-hfb-mobile-header-display":"","site-post-title":"","ast-breadcrumbs-content":"","ast-featured-img":"","footer-sml-layout":"","theme-transparent-header-meta":"default","adv-header-id-meta":"","stick-header-meta":"","header-above-stick-meta":"","header-main-stick-meta":"","header-below-stick-meta":"","astra-migrate-meta-layouts":"set","ast-page-background-enabled":"default","ast-page-background-meta":{"desktop":{"background-color":"var(--ast-global-color-4)","background-image":"","background-repeat":"repeat","background-position":"center center","background-size":"auto","background-attachment":"scroll","background-type":"","background-media":"","overlay-type":"","overlay-color":"","overlay-opacity":"","overlay-gradient":""},"tablet":{"background-color":"","background-image":"","background-repeat":"repeat","background-position":"center center","background-size":"auto","background-attachment":"scroll","background-type":"","background-media":"","overlay-type":"","overlay-color":"","overlay-opacity":"","overlay-gradient":""},"mobile":{"background-color":"","background-image":"","background-repeat":"repeat","background-position":"center center","background-size":"auto","background-attachment":"scroll","background-type":"","background-media":"","overlay-type":"","overlay-color":"","overlay-opacity":"","overlay-gradient":""}},"ast-content-background-meta":{"desktop":{"background-color":"var(--ast-global-color-5)","background-image":"","background-repeat":"repeat","background-position":"center center","background-size":"auto","background-attachment":"scroll","background-type":"","background-media":"","overlay-type":"","overlay-color":"","overlay-opacity":"","overlay-gradient":""},"tablet":{"background-color":"var(--ast-global-color-5)","background-image":"","background-repeat":"repeat","background-position":"center center","background-size":"auto","background-attachment":"scroll","background-type":"","background-media":"","overlay-type":"","overlay-color":"","overlay-opacity":"","overlay-gradient":""},"mobile":{"background-color":"var(--ast-global-color-5)","background-image":"","background-repeat":"repeat","background-position":"center center","background-size":"auto","background-attachment":"scroll","background-type":"","background-media":"","overlay-type":"","overlay-color":"","overlay-opacity":"","overlay-gradient":""}}},"product_brand":[],"product_cat":[993],"product_tag":[],"class_list":{"0":"post-9811","1":"product","2":"type-product","3":"status-publish","4":"has-post-thumbnail","6":"product_cat-skotoy-tilbehor","7":"pa_avo15k1s-gronn","8":"pa_avo15k1s-svart","9":"pa_yfs2rwap-22x37-cm","10":"pa_yfs2rwap-22x47-cm","11":"pa_yfs2rwap-28x37-cm","12":"pa_yfs2rwap-28x47cm","13":"desktop-align-left","14":"tablet-align-left","15":"mobile-align-left","17":"first","18":"instock","19":"shipping-taxable","20":"purchasable","21":"product-type-variable"},"_links":{"self":[{"href":"https:\/\/keluvo.com\/no\/wp-json\/wp\/v2\/product\/9811","targetHints":{"allow":["GET"]}}],"collection":[{"href":"https:\/\/keluvo.com\/no\/wp-json\/wp\/v2\/product"}],"about":[{"href":"https:\/\/keluvo.com\/no\/wp-json\/wp\/v2\/types\/product"}],"replies":[{"embeddable":true,"href":"https:\/\/keluvo.com\/no\/wp-json\/wp\/v2\/comments?post=9811"}],"wp:featuredmedia":[{"embeddable":true,"href":"https:\/\/keluvo.com\/no\/wp-json\/wp\/v2\/media\/9807"}],"wp:attachment":[{"href":"https:\/\/keluvo.com\/no\/wp-json\/wp\/v2\/media?parent=9811"}],"wp:term":[{"taxonomy":"product_brand","embeddable":true,"href":"https:\/\/keluvo.com\/no\/wp-json\/wp\/v2\/product_brand?post=9811"},{"taxonomy":"product_cat","embeddable":true,"href":"https:\/\/keluvo.com\/no\/wp-json\/wp\/v2\/product_cat?post=9811"},{"taxonomy":"product_tag","embeddable":true,"href":"https:\/\/keluvo.com\/no\/wp-json\/wp\/v2\/product_tag?post=9811"}],"curies":[{"name":"wp","href":"https:\/\/api.w.org\/{rel}","templated":true}]}}