{"id":9806,"date":"2025-03-12T17:03:22","date_gmt":"2025-03-12T15:03:22","guid":{"rendered":"https:\/\/keluvo.com\/no\/produkt\/verktoy-for-fjerning-av-ugress-2\/"},"modified":"2025-03-12T17:03:22","modified_gmt":"2025-03-12T15:03:22","slug":"verktoy-for-fjerning-av-ugress-2","status":"publish","type":"product","link":"https:\/\/keluvo.com\/no\/produkt\/verktoy-for-fjerning-av-ugress-2\/","title":{"rendered":"Verkt\u00f8y for fjerning av ugress"},"content":{"rendered":"<h2 style=\"text-align: center\" data-start=\"0\" data-end=\"26\"><strong>Fjerner Ugress Enkelt<\/strong><\/h2>\n<p style=\"text-align: center\" data-start=\"27\" data-end=\"231\">Gressfjernerverkt\u00f8yet er utviklet for \u00e5 fjerne ugress raskt og effektivt. Den fjerner ugress fra sm\u00e5 omr\u00e5der og sprekker uten \u00e5 skade bakken. Si farvel til gjenstridig ugress med minimal innsats.<\/p>\n<p data-start=\"27\" data-end=\"231\"><img decoding=\"async\" class=\"alignnone size-medium wp-image-12205 aligncenter\" src=\"https:\/\/keluvo.com\/template\/wp-content\/uploads\/sites\/5\/2025\/03\/d2313fef-9fac-457a-b0a4-d13729b9b268.jpg\" alt=\"\" \/><\/p>\n<h2 style=\"text-align: center\" data-start=\"233\" data-end=\"256\"><strong>Ingen B\u00f8ying N\u00f8dvendig<\/strong><\/h2>\n<p style=\"text-align: center\" data-start=\"257\" data-end=\"484\">Med det justerbare h\u00e5ndtaket gj\u00f8r ugressfjernerverkt\u00f8yet at du kan jobbe st\u00e5ende. Dette bidrar til \u00e5 forhindre overbelastning av rygg og kn\u00e6r, noe som gj\u00f8r hagearbeidet mer komfortabelt. Den er perfekt for folk som \u00f8nsker en enklere m\u00e5te \u00e5 fjerne ugress p\u00e5.<\/p>\n<p data-start=\"257\" data-end=\"484\"><img decoding=\"async\" class=\"alignnone size-medium wp-image-12204 aligncenter\" src=\"https:\/\/keluvo.com\/template\/wp-content\/uploads\/sites\/5\/2025\/03\/612fc1a0-e67a-4f27-9795-29aaddeeb0dd.jpg\" alt=\"\" \/><\/p>\n","protected":false},"excerpt":{"rendered":"<p>Fjerner Ugress Enkelt Gressfjernerverkt\u00f8yet er utviklet for \u00e5 fjerne ugress raskt og effektivt. Den fjerner ugress fra sm\u00e5 omr\u00e5der og [&hellip;]<\/p>\n","protected":false},"featured_media":9802,"comment_status":"open","ping_status":"closed","template":"","meta":{"site-sidebar-layout":"default","site-content-layout":"","ast-site-content-layout":"default","site-content-style":"default","site-sidebar-style":"default","ast-global-header-display":"","ast-banner-title-visibility":"","ast-main-header-display":"","ast-hfb-above-header-display":"","ast-hfb-below-header-display":"","ast-hfb-mobile-header-display":"","site-post-title":"","ast-breadcrumbs-content":"","ast-featured-img":"","footer-sml-layout":"","theme-transparent-header-meta":"default","adv-header-id-meta":"","stick-header-meta":"","header-above-stick-meta":"","header-main-stick-meta":"","header-below-stick-meta":"","astra-migrate-meta-layouts":"set","ast-page-background-enabled":"default","ast-page-background-meta":{"desktop":{"background-color":"var(--ast-global-color-4)","background-image":"","background-repeat":"repeat","background-position":"center center","background-size":"auto","background-attachment":"scroll","background-type":"","background-media":"","overlay-type":"","overlay-color":"","overlay-opacity":"","overlay-gradient":""},"tablet":{"background-color":"","background-image":"","background-repeat":"repeat","background-position":"center center","background-size":"auto","background-attachment":"scroll","background-type":"","background-media":"","overlay-type":"","overlay-color":"","overlay-opacity":"","overlay-gradient":""},"mobile":{"background-color":"","background-image":"","background-repeat":"repeat","background-position":"center center","background-size":"auto","background-attachment":"scroll","background-type":"","background-media":"","overlay-type":"","overlay-color":"","overlay-opacity":"","overlay-gradient":""}},"ast-content-background-meta":{"desktop":{"background-color":"var(--ast-global-color-5)","background-image":"","background-repeat":"repeat","background-position":"center center","background-size":"auto","background-attachment":"scroll","background-type":"","background-media":"","overlay-type":"","overlay-color":"","overlay-opacity":"","overlay-gradient":""},"tablet":{"background-color":"var(--ast-global-color-5)","background-image":"","background-repeat":"repeat","background-position":"center center","background-size":"auto","background-attachment":"scroll","background-type":"","background-media":"","overlay-type":"","overlay-color":"","overlay-opacity":"","overlay-gradient":""},"mobile":{"background-color":"var(--ast-global-color-5)","background-image":"","background-repeat":"repeat","background-position":"center center","background-size":"auto","background-attachment":"scroll","background-type":"","background-media":"","overlay-type":"","overlay-color":"","overlay-opacity":"","overlay-gradient":""}}},"product_brand":[],"product_cat":[993],"product_tag":[],"class_list":{"0":"post-9806","1":"product","2":"type-product","3":"status-publish","4":"has-post-thumbnail","6":"product_cat-skotoy-tilbehor","7":"desktop-align-left","8":"tablet-align-left","9":"mobile-align-left","11":"first","12":"instock","13":"shipping-taxable","14":"purchasable","15":"product-type-simple"},"_links":{"self":[{"href":"https:\/\/keluvo.com\/no\/wp-json\/wp\/v2\/product\/9806","targetHints":{"allow":["GET"]}}],"collection":[{"href":"https:\/\/keluvo.com\/no\/wp-json\/wp\/v2\/product"}],"about":[{"href":"https:\/\/keluvo.com\/no\/wp-json\/wp\/v2\/types\/product"}],"replies":[{"embeddable":true,"href":"https:\/\/keluvo.com\/no\/wp-json\/wp\/v2\/comments?post=9806"}],"wp:featuredmedia":[{"embeddable":true,"href":"https:\/\/keluvo.com\/no\/wp-json\/wp\/v2\/media\/9802"}],"wp:attachment":[{"href":"https:\/\/keluvo.com\/no\/wp-json\/wp\/v2\/media?parent=9806"}],"wp:term":[{"taxonomy":"product_brand","embeddable":true,"href":"https:\/\/keluvo.com\/no\/wp-json\/wp\/v2\/product_brand?post=9806"},{"taxonomy":"product_cat","embeddable":true,"href":"https:\/\/keluvo.com\/no\/wp-json\/wp\/v2\/product_cat?post=9806"},{"taxonomy":"product_tag","embeddable":true,"href":"https:\/\/keluvo.com\/no\/wp-json\/wp\/v2\/product_tag?post=9806"}],"curies":[{"name":"wp","href":"https:\/\/api.w.org\/{rel}","templated":true}]}}