{"id":9791,"date":"2025-03-12T17:01:50","date_gmt":"2025-03-12T15:01:50","guid":{"rendered":"https:\/\/keluvo.com\/no\/produkt\/fiskesluk\/"},"modified":"2025-03-12T17:02:12","modified_gmt":"2025-03-12T15:02:12","slug":"fiskesluk","status":"publish","type":"product","link":"https:\/\/keluvo.com\/no\/produkt\/fiskesluk\/","title":{"rendered":"Fiskesluk"},"content":{"rendered":"<h2 style=\"text-align: center\" data-start=\"0\" data-end=\"39\"><strong>Realistisk Design For Bedre Fangst<\/strong><\/h2>\n<p style=\"text-align: center\" data-start=\"40\" data-end=\"240\">Fiskeblink har en naturtro andungeform med 3D-\u00f8yne. Dette realistiske utseendet tiltrekker seg fisk ved \u00e5 etterligne naturlige byttedyr. Det \u00f8ker sjansene for vellykket fangst i b\u00e5de ferskvann og saltvann.<\/p>\n<p data-start=\"40\" data-end=\"240\"><img decoding=\"async\" class=\"alignnone size-medium wp-image-12180 aligncenter\" src=\"https:\/\/keluvo.com\/template\/wp-content\/uploads\/sites\/5\/2025\/03\/WhatsApp-Image-2025-03-11-at-22.27.05_4a27d17e.jpg\" alt=\"\" \/><\/p>\n<h2 style=\"text-align: center\" data-start=\"242\" data-end=\"274\"><strong>Jevn Og Livlig Bevegelse<\/strong><\/h2>\n<p style=\"text-align: center\" data-start=\"275\" data-end=\"486\">Designet med en propellhale, beveger fiskesluken seg naturlig i vannet. Den skaper sprut og vibrasjoner og fanger oppmerksomheten til fisk i n\u00e6rheten. Dette gj\u00f8r den til et effektivt valg for topwater-fiske.<\/p>\n<p data-start=\"275\" data-end=\"486\"><img decoding=\"async\" class=\"alignnone size-medium wp-image-12181 aligncenter\" src=\"https:\/\/keluvo.com\/template\/wp-content\/uploads\/sites\/5\/2025\/03\/WhatsApp-Image-2025-03-11-at-22.27.05_a87045fd.jpg\" alt=\"\" \/><\/p>\n","protected":false},"excerpt":{"rendered":"<p>Realistisk Design For Bedre Fangst Fiskeblink har en naturtro andungeform med 3D-\u00f8yne. Dette realistiske utseendet tiltrekker seg fisk ved \u00e5 [&hellip;]<\/p>\n","protected":false},"featured_media":9787,"comment_status":"open","ping_status":"closed","template":"","meta":{"site-sidebar-layout":"default","site-content-layout":"","ast-site-content-layout":"default","site-content-style":"default","site-sidebar-style":"default","ast-global-header-display":"","ast-banner-title-visibility":"","ast-main-header-display":"","ast-hfb-above-header-display":"","ast-hfb-below-header-display":"","ast-hfb-mobile-header-display":"","site-post-title":"","ast-breadcrumbs-content":"","ast-featured-img":"","footer-sml-layout":"","theme-transparent-header-meta":"default","adv-header-id-meta":"","stick-header-meta":"","header-above-stick-meta":"","header-main-stick-meta":"","header-below-stick-meta":"","astra-migrate-meta-layouts":"set","ast-page-background-enabled":"default","ast-page-background-meta":{"desktop":{"background-color":"var(--ast-global-color-4)","background-image":"","background-repeat":"repeat","background-position":"center center","background-size":"auto","background-attachment":"scroll","background-type":"","background-media":"","overlay-type":"","overlay-color":"","overlay-opacity":"","overlay-gradient":""},"tablet":{"background-color":"","background-image":"","background-repeat":"repeat","background-position":"center center","background-size":"auto","background-attachment":"scroll","background-type":"","background-media":"","overlay-type":"","overlay-color":"","overlay-opacity":"","overlay-gradient":""},"mobile":{"background-color":"","background-image":"","background-repeat":"repeat","background-position":"center center","background-size":"auto","background-attachment":"scroll","background-type":"","background-media":"","overlay-type":"","overlay-color":"","overlay-opacity":"","overlay-gradient":""}},"ast-content-background-meta":{"desktop":{"background-color":"var(--ast-global-color-5)","background-image":"","background-repeat":"repeat","background-position":"center center","background-size":"auto","background-attachment":"scroll","background-type":"","background-media":"","overlay-type":"","overlay-color":"","overlay-opacity":"","overlay-gradient":""},"tablet":{"background-color":"var(--ast-global-color-5)","background-image":"","background-repeat":"repeat","background-position":"center center","background-size":"auto","background-attachment":"scroll","background-type":"","background-media":"","overlay-type":"","overlay-color":"","overlay-opacity":"","overlay-gradient":""},"mobile":{"background-color":"var(--ast-global-color-5)","background-image":"","background-repeat":"repeat","background-position":"center center","background-size":"auto","background-attachment":"scroll","background-type":"","background-media":"","overlay-type":"","overlay-color":"","overlay-opacity":"","overlay-gradient":""}}},"product_brand":[],"product_cat":[993],"product_tag":[],"class_list":{"0":"post-9791","1":"product","2":"type-product","3":"status-publish","4":"has-post-thumbnail","6":"product_cat-skotoy-tilbehor","7":"pa_lck4rw41-gra","8":"pa_lck4rw41-gronn","9":"pa_lck4rw41-gul","10":"pa_lck4rw41-hvit","11":"pa_lck4rw41-svart","12":"desktop-align-left","13":"tablet-align-left","14":"mobile-align-left","16":"first","17":"instock","18":"shipping-taxable","19":"purchasable","20":"product-type-variable"},"_links":{"self":[{"href":"https:\/\/keluvo.com\/no\/wp-json\/wp\/v2\/product\/9791","targetHints":{"allow":["GET"]}}],"collection":[{"href":"https:\/\/keluvo.com\/no\/wp-json\/wp\/v2\/product"}],"about":[{"href":"https:\/\/keluvo.com\/no\/wp-json\/wp\/v2\/types\/product"}],"replies":[{"embeddable":true,"href":"https:\/\/keluvo.com\/no\/wp-json\/wp\/v2\/comments?post=9791"}],"wp:featuredmedia":[{"embeddable":true,"href":"https:\/\/keluvo.com\/no\/wp-json\/wp\/v2\/media\/9787"}],"wp:attachment":[{"href":"https:\/\/keluvo.com\/no\/wp-json\/wp\/v2\/media?parent=9791"}],"wp:term":[{"taxonomy":"product_brand","embeddable":true,"href":"https:\/\/keluvo.com\/no\/wp-json\/wp\/v2\/product_brand?post=9791"},{"taxonomy":"product_cat","embeddable":true,"href":"https:\/\/keluvo.com\/no\/wp-json\/wp\/v2\/product_cat?post=9791"},{"taxonomy":"product_tag","embeddable":true,"href":"https:\/\/keluvo.com\/no\/wp-json\/wp\/v2\/product_tag?post=9791"}],"curies":[{"name":"wp","href":"https:\/\/api.w.org\/{rel}","templated":true}]}}