{"id":9733,"date":"2025-03-11T20:36:23","date_gmt":"2025-03-11T18:36:23","guid":{"rendered":"https:\/\/keluvo.com\/no\/produkt\/slipemaskin-for-motorsag\/"},"modified":"2025-03-11T20:36:30","modified_gmt":"2025-03-11T18:36:30","slug":"slipemaskin-for-motorsag","status":"publish","type":"product","link":"https:\/\/keluvo.com\/no\/produkt\/slipemaskin-for-motorsag\/","title":{"rendered":"Slipemaskin for motorsag"},"content":{"rendered":"<h2 style=\"text-align: center\" data-start=\"0\" data-end=\"33\"><strong>Sliper Motorsagen Raskt<\/strong><\/h2>\n<p style=\"text-align: center\" data-start=\"34\" data-end=\"227\">Motorsagsliperen hjelper deg med \u00e5 gj\u00f8re motorsagen skarp igjen p\u00e5 kort tid. Det gj\u00f8r arbeidet enklere og sparer deg for tid. Med bare noen f\u00e5 enkle trinn kan du gj\u00f8re motorsagen klar til bruk.<\/p>\n<p style=\"text-align: center\" data-start=\"34\" data-end=\"227\"><img decoding=\"async\" class=\"alignnone size-medium wp-image-11997\" src=\"https:\/\/keluvo.com\/template\/wp-content\/uploads\/sites\/5\/2025\/03\/12de5ce4-f362-4fb7-bc62-ea6a28c81a33.webp\" alt=\"\" \/><\/p>\n<h2 style=\"text-align: center\" data-start=\"444\" data-end=\"473\"><strong>Sterk Og Langvarig<\/strong><\/h2>\n<p style=\"text-align: center\" data-start=\"474\" data-end=\"667\" data-is-last-node=\"\" data-is-only-node=\"\">Laget av sterkt rustfritt st\u00e5l og legering, er motorsagsliperen bygget for \u00e5 vare. Den holder seg i god form selv etter mange gangers bruk. Du kan stole p\u00e5 at den holder motorsagen skarp i lang tid.<\/p>\n<p style=\"text-align: center\" data-start=\"474\" data-end=\"667\" data-is-last-node=\"\" data-is-only-node=\"\"><img decoding=\"async\" class=\"alignnone size-medium wp-image-11999\" src=\"https:\/\/keluvo.com\/template\/wp-content\/uploads\/sites\/5\/2025\/03\/S71817c9f5d7749558a16e96ebaf897a0l.jpg_960x960q75.jpg_.jpeg\" alt=\"\" \/><\/p>\n","protected":false},"excerpt":{"rendered":"<p>Sliper Motorsagen Raskt Motorsagsliperen hjelper deg med \u00e5 gj\u00f8re motorsagen skarp igjen p\u00e5 kort tid. Det gj\u00f8r arbeidet enklere og [&hellip;]<\/p>\n","protected":false},"featured_media":9729,"comment_status":"open","ping_status":"closed","template":"","meta":{"site-sidebar-layout":"default","site-content-layout":"","ast-site-content-layout":"default","site-content-style":"default","site-sidebar-style":"default","ast-global-header-display":"","ast-banner-title-visibility":"","ast-main-header-display":"","ast-hfb-above-header-display":"","ast-hfb-below-header-display":"","ast-hfb-mobile-header-display":"","site-post-title":"","ast-breadcrumbs-content":"","ast-featured-img":"","footer-sml-layout":"","theme-transparent-header-meta":"default","adv-header-id-meta":"","stick-header-meta":"","header-above-stick-meta":"","header-main-stick-meta":"","header-below-stick-meta":"","astra-migrate-meta-layouts":"set","ast-page-background-enabled":"default","ast-page-background-meta":{"desktop":{"background-color":"var(--ast-global-color-4)","background-image":"","background-repeat":"repeat","background-position":"center center","background-size":"auto","background-attachment":"scroll","background-type":"","background-media":"","overlay-type":"","overlay-color":"","overlay-opacity":"","overlay-gradient":""},"tablet":{"background-color":"","background-image":"","background-repeat":"repeat","background-position":"center center","background-size":"auto","background-attachment":"scroll","background-type":"","background-media":"","overlay-type":"","overlay-color":"","overlay-opacity":"","overlay-gradient":""},"mobile":{"background-color":"","background-image":"","background-repeat":"repeat","background-position":"center center","background-size":"auto","background-attachment":"scroll","background-type":"","background-media":"","overlay-type":"","overlay-color":"","overlay-opacity":"","overlay-gradient":""}},"ast-content-background-meta":{"desktop":{"background-color":"var(--ast-global-color-5)","background-image":"","background-repeat":"repeat","background-position":"center center","background-size":"auto","background-attachment":"scroll","background-type":"","background-media":"","overlay-type":"","overlay-color":"","overlay-opacity":"","overlay-gradient":""},"tablet":{"background-color":"var(--ast-global-color-5)","background-image":"","background-repeat":"repeat","background-position":"center center","background-size":"auto","background-attachment":"scroll","background-type":"","background-media":"","overlay-type":"","overlay-color":"","overlay-opacity":"","overlay-gradient":""},"mobile":{"background-color":"var(--ast-global-color-5)","background-image":"","background-repeat":"repeat","background-position":"center center","background-size":"auto","background-attachment":"scroll","background-type":"","background-media":"","overlay-type":"","overlay-color":"","overlay-opacity":"","overlay-gradient":""}}},"product_brand":[],"product_cat":[996],"product_tag":[],"class_list":{"0":"post-9733","1":"product","2":"type-product","3":"status-publish","4":"has-post-thumbnail","6":"product_cat-verktoy","7":"pa_rabbddci-bla","8":"pa_rabbddci-gul","9":"desktop-align-left","10":"tablet-align-left","11":"mobile-align-left","13":"first","14":"instock","15":"shipping-taxable","16":"purchasable","17":"product-type-variable"},"_links":{"self":[{"href":"https:\/\/keluvo.com\/no\/wp-json\/wp\/v2\/product\/9733","targetHints":{"allow":["GET"]}}],"collection":[{"href":"https:\/\/keluvo.com\/no\/wp-json\/wp\/v2\/product"}],"about":[{"href":"https:\/\/keluvo.com\/no\/wp-json\/wp\/v2\/types\/product"}],"replies":[{"embeddable":true,"href":"https:\/\/keluvo.com\/no\/wp-json\/wp\/v2\/comments?post=9733"}],"wp:featuredmedia":[{"embeddable":true,"href":"https:\/\/keluvo.com\/no\/wp-json\/wp\/v2\/media\/9729"}],"wp:attachment":[{"href":"https:\/\/keluvo.com\/no\/wp-json\/wp\/v2\/media?parent=9733"}],"wp:term":[{"taxonomy":"product_brand","embeddable":true,"href":"https:\/\/keluvo.com\/no\/wp-json\/wp\/v2\/product_brand?post=9733"},{"taxonomy":"product_cat","embeddable":true,"href":"https:\/\/keluvo.com\/no\/wp-json\/wp\/v2\/product_cat?post=9733"},{"taxonomy":"product_tag","embeddable":true,"href":"https:\/\/keluvo.com\/no\/wp-json\/wp\/v2\/product_tag?post=9733"}],"curies":[{"name":"wp","href":"https:\/\/api.w.org\/{rel}","templated":true}]}}