{"id":9688,"date":"2025-03-10T16:06:26","date_gmt":"2025-03-10T14:06:26","guid":{"rendered":"https:\/\/keluvo.com\/no\/produkt\/livreddende-armband\/"},"modified":"2025-10-07T15:45:15","modified_gmt":"2025-10-07T12:45:15","slug":"livreddende-armband","status":"publish","type":"product","link":"https:\/\/keluvo.com\/no\/produkt\/livreddende-armband\/","title":{"rendered":"Livreddende armb\u00e5nd"},"content":{"rendered":"<h2 style=\"text-align: center;\">Et Armb\u00e5nd Som Kan Redde Livet Ditt<\/h2>\n<p style=\"text-align: center;\">Helsekriser kan oppst\u00e5 n\u00e5r som helst og hvor som helst. Enten det er en ulykke, en plutselig helsekrise eller bevisstl\u00f8shet, teller hvert sekund. Det livreddende armb\u00e5ndet s\u00f8rger for at f\u00f8rstehjelpspersonell, medisinsk personell og til og med tilskuere umiddelbart gjenkjenner din medisinske tilstand, slik at de kan gi deg riktig behandling uten forsinkelser. Med viktig helseinformasjon tydelig inngravert kan du v\u00e6re trygg p\u00e5 at tilstanden din ikke g\u00e5r ubemerket hen n\u00e5r det gjelder som mest.<\/p>\n<p><img fetchpriority=\"high\" decoding=\"async\" width=\"768\" height=\"768\" class=\"size-medium wp-image-10053 aligncenter\" src=\"https:\/\/keluvo.com\/no\/wp-content\/uploads\/sites\/10\/2025\/03\/norway-3.webp\" alt=\"\" srcset=\"https:\/\/keluvo.com\/no\/wp-content\/uploads\/sites\/10\/2025\/03\/norway-3.webp 768w, https:\/\/keluvo.com\/no\/wp-content\/uploads\/sites\/10\/2025\/03\/norway-3-300x300.webp 300w, https:\/\/keluvo.com\/no\/wp-content\/uploads\/sites\/10\/2025\/03\/norway-3-150x150.webp 150w, https:\/\/keluvo.com\/no\/wp-content\/uploads\/sites\/10\/2025\/03\/norway-3-600x600.webp 600w, https:\/\/keluvo.com\/no\/wp-content\/uploads\/sites\/10\/2025\/03\/norway-3-100x100.webp 100w, https:\/\/keluvo.com\/no\/wp-content\/uploads\/sites\/10\/2025\/03\/norway-3-50x50.webp 50w\" sizes=\"(max-width: 768px) 100vw, 768px\" \/><\/p>\n<h2><\/h2>\n<h2 style=\"text-align: center;\">F\u00f8rsteklasses Kvalitet Og Behagelig \u00c5 Ha P\u00e5<\/h2>\n<p style=\"text-align: center;\">Designet for b\u00e5de holdbarhet og komfort, er det livreddende armb\u00e5ndet laget av ekte l\u00e6r og rustfritt st\u00e5l av h\u00f8y kvalitet, noe som gj\u00f8r det stilig, lett og motstandsdyktig mot daglig bruk. Den justerbare stroppen s\u00f8rger for perfekt passform, slik at du kan ha det p\u00e5 deg hele dagen uten ubehag. Enten du er p\u00e5 jobb, p\u00e5 reise eller driver med sport, sitter armb\u00e5ndet trygt p\u00e5 h\u00e5ndleddet &#8211; alltid klar til \u00e5 kommunisere viktig helseinformasjon.<\/p>\n<p><img decoding=\"async\" class=\"size-medium wp-image-12029 aligncenter\" src=\"https:\/\/keluvo.com\/template\/wp-content\/uploads\/sites\/5\/2024\/11\/desc2Bracelet.webp\" alt=\"\" \/><\/p>\n<h2><\/h2>\n<h2 style=\"text-align: center;\">Tilpasset Gravering For Ulike Medisinske Tilstander<\/h2>\n<p style=\"text-align: center;\">Vi tilbyr tilpasset gravering for et bredt spekter av medisinske tilstander, slik at armb\u00e5ndet ditt gjenspeiler dine spesifikke helsebehov. Hvis du har en unik tilstand, kan vi gravere det for deg. V\u00e6r trygg, v\u00e6r forberedt, og la det livreddende armb\u00e5ndet ditt snakke for deg n\u00e5r du ikke kan.<\/p>\n<p><img decoding=\"async\" class=\"size-medium wp-image-12030 aligncenter\" src=\"https:\/\/keluvo.com\/template\/wp-content\/uploads\/sites\/5\/2024\/11\/WhatsApp-Image-2025-03-10-at-15.20.28_b8a0b041.jpg\" alt=\"\" \/><\/p>\n","protected":false},"excerpt":{"rendered":"<p>Et Armb\u00e5nd Som Kan Redde Livet Ditt Helsekriser kan oppst\u00e5 n\u00e5r som helst og hvor som helst. Enten det er [&hellip;]<\/p>\n","protected":false},"featured_media":10055,"comment_status":"open","ping_status":"closed","template":"","meta":{"site-sidebar-layout":"default","site-content-layout":"","ast-site-content-layout":"default","site-content-style":"default","site-sidebar-style":"default","ast-global-header-display":"","ast-banner-title-visibility":"","ast-main-header-display":"","ast-hfb-above-header-display":"","ast-hfb-below-header-display":"","ast-hfb-mobile-header-display":"","site-post-title":"","ast-breadcrumbs-content":"","ast-featured-img":"","footer-sml-layout":"","theme-transparent-header-meta":"default","adv-header-id-meta":"","stick-header-meta":"","header-above-stick-meta":"","header-main-stick-meta":"","header-below-stick-meta":"","astra-migrate-meta-layouts":"set","ast-page-background-enabled":"default","ast-page-background-meta":{"desktop":{"background-color":"var(--ast-global-color-4)","background-image":"","background-repeat":"repeat","background-position":"center center","background-size":"auto","background-attachment":"scroll","background-type":"","background-media":"","overlay-type":"","overlay-color":"","overlay-opacity":"","overlay-gradient":""},"tablet":{"background-color":"","background-image":"","background-repeat":"repeat","background-position":"center center","background-size":"auto","background-attachment":"scroll","background-type":"","background-media":"","overlay-type":"","overlay-color":"","overlay-opacity":"","overlay-gradient":""},"mobile":{"background-color":"","background-image":"","background-repeat":"repeat","background-position":"center center","background-size":"auto","background-attachment":"scroll","background-type":"","background-media":"","overlay-type":"","overlay-color":"","overlay-opacity":"","overlay-gradient":""}},"ast-content-background-meta":{"desktop":{"background-color":"var(--ast-global-color-5)","background-image":"","background-repeat":"repeat","background-position":"center center","background-size":"auto","background-attachment":"scroll","background-type":"","background-media":"","overlay-type":"","overlay-color":"","overlay-opacity":"","overlay-gradient":""},"tablet":{"background-color":"var(--ast-global-color-5)","background-image":"","background-repeat":"repeat","background-position":"center center","background-size":"auto","background-attachment":"scroll","background-type":"","background-media":"","overlay-type":"","overlay-color":"","overlay-opacity":"","overlay-gradient":""},"mobile":{"background-color":"var(--ast-global-color-5)","background-image":"","background-repeat":"repeat","background-position":"center center","background-size":"auto","background-attachment":"scroll","background-type":"","background-media":"","overlay-type":"","overlay-color":"","overlay-opacity":"","overlay-gradient":""}}},"product_brand":[],"product_cat":[993],"product_tag":[],"class_list":{"0":"post-9688","1":"product","2":"type-product","3":"status-publish","4":"has-post-thumbnail","6":"product_cat-skotoy-tilbehor","7":"pa_r97ttry3-allergi","8":"pa_r97ttry3-alzheimers-sykdom","9":"pa_r97ttry3-type-1-diabetes","10":"pa_r97ttry3-diabetes-type-2","11":"pa_r97ttry3-epilepsi","12":"pa_r97ttry3-hjertesykdom","13":"pa_r97ttry3-hoyt-blodtrykk","14":"pa_r97ttry3-kols","15":"pa_r97ttry3-lungesykdom","16":"pa_r97ttry3-pacemaker","17":"desktop-align-left","18":"tablet-align-left","19":"mobile-align-left","21":"first","22":"instock","23":"sale","24":"shipping-taxable","25":"purchasable","26":"product-type-variable"},"_links":{"self":[{"href":"https:\/\/keluvo.com\/no\/wp-json\/wp\/v2\/product\/9688","targetHints":{"allow":["GET"]}}],"collection":[{"href":"https:\/\/keluvo.com\/no\/wp-json\/wp\/v2\/product"}],"about":[{"href":"https:\/\/keluvo.com\/no\/wp-json\/wp\/v2\/types\/product"}],"replies":[{"embeddable":true,"href":"https:\/\/keluvo.com\/no\/wp-json\/wp\/v2\/comments?post=9688"}],"wp:featuredmedia":[{"embeddable":true,"href":"https:\/\/keluvo.com\/no\/wp-json\/wp\/v2\/media\/10055"}],"wp:attachment":[{"href":"https:\/\/keluvo.com\/no\/wp-json\/wp\/v2\/media?parent=9688"}],"wp:term":[{"taxonomy":"product_brand","embeddable":true,"href":"https:\/\/keluvo.com\/no\/wp-json\/wp\/v2\/product_brand?post=9688"},{"taxonomy":"product_cat","embeddable":true,"href":"https:\/\/keluvo.com\/no\/wp-json\/wp\/v2\/product_cat?post=9688"},{"taxonomy":"product_tag","embeddable":true,"href":"https:\/\/keluvo.com\/no\/wp-json\/wp\/v2\/product_tag?post=9688"}],"curies":[{"name":"wp","href":"https:\/\/api.w.org\/{rel}","templated":true}]}}