{"id":9641,"date":"2025-03-09T18:43:56","date_gmt":"2025-03-09T16:43:56","guid":{"rendered":"https:\/\/keluvo.com\/no\/produkt\/multiverktoytang\/"},"modified":"2025-03-09T18:43:56","modified_gmt":"2025-03-09T16:43:56","slug":"multiverktoytang","status":"publish","type":"product","link":"https:\/\/keluvo.com\/no\/produkt\/multiverktoytang\/","title":{"rendered":"Multiverkt\u00f8ytang"},"content":{"rendered":"<h2 style=\"text-align: center\"><strong>Allsidig Multiverkt\u00f8ydesign<\/strong><\/h2>\n<p style=\"text-align: center\">Multiverkt\u00f8yetangen har flere funksjoner, inkludert kniv, skrutrekker og justerbar kjeve. Dette alt-i-ett-verkt\u00f8yet er perfekt for en rekke oppgaver, noe som gj\u00f8r det ideelt for reparasjonsarbeid, camping eller hverdagsbruk.<\/p>\n<p><img decoding=\"async\" class=\"alignnone size-medium wp-image-8470 aligncenter\" src=\"https:\/\/keluvo.com\/template\/wp-content\/uploads\/sites\/5\/2025\/01\/Sbecce99a33ff42098ece041678ca4db0W.png_960x960.png_.jpeg\" \/><\/p>\n<h2 style=\"text-align: center\"><strong>Slitesterk Og P\u00e5litelig<\/strong><\/h2>\n<p style=\"text-align: center\">Laget av materialer av h\u00f8y kvalitet, er multitangen bygget for \u00e5 t\u00e5le t\u00f8ffe forhold. Enten du skal reparere utstyr eller takle utfordringer utend\u00f8rs, er dette verkt\u00f8yet slitesterkt og har lang levetid.<\/p>\n<p><img decoding=\"async\" class=\"alignnone size-medium wp-image-8472 aligncenter\" src=\"https:\/\/keluvo.com\/template\/wp-content\/uploads\/sites\/5\/2025\/01\/S25e8c455dbd743f7bdd8012fba1da4caI.png_960x960.png_.jpeg\" \/><\/p>\n","protected":false},"excerpt":{"rendered":"<p>Allsidig Multiverkt\u00f8ydesign Multiverkt\u00f8yetangen har flere funksjoner, inkludert kniv, skrutrekker og justerbar kjeve. Dette alt-i-ett-verkt\u00f8yet er perfekt for en rekke oppgaver, [&hellip;]<\/p>\n","protected":false},"featured_media":9637,"comment_status":"open","ping_status":"closed","template":"","meta":{"site-sidebar-layout":"default","site-content-layout":"","ast-site-content-layout":"default","site-content-style":"default","site-sidebar-style":"default","ast-global-header-display":"","ast-banner-title-visibility":"","ast-main-header-display":"","ast-hfb-above-header-display":"","ast-hfb-below-header-display":"","ast-hfb-mobile-header-display":"","site-post-title":"","ast-breadcrumbs-content":"","ast-featured-img":"","footer-sml-layout":"","theme-transparent-header-meta":"default","adv-header-id-meta":"","stick-header-meta":"","header-above-stick-meta":"","header-main-stick-meta":"","header-below-stick-meta":"","astra-migrate-meta-layouts":"set","ast-page-background-enabled":"default","ast-page-background-meta":{"desktop":{"background-color":"var(--ast-global-color-4)","background-image":"","background-repeat":"repeat","background-position":"center center","background-size":"auto","background-attachment":"scroll","background-type":"","background-media":"","overlay-type":"","overlay-color":"","overlay-opacity":"","overlay-gradient":""},"tablet":{"background-color":"","background-image":"","background-repeat":"repeat","background-position":"center center","background-size":"auto","background-attachment":"scroll","background-type":"","background-media":"","overlay-type":"","overlay-color":"","overlay-opacity":"","overlay-gradient":""},"mobile":{"background-color":"","background-image":"","background-repeat":"repeat","background-position":"center center","background-size":"auto","background-attachment":"scroll","background-type":"","background-media":"","overlay-type":"","overlay-color":"","overlay-opacity":"","overlay-gradient":""}},"ast-content-background-meta":{"desktop":{"background-color":"var(--ast-global-color-5)","background-image":"","background-repeat":"repeat","background-position":"center center","background-size":"auto","background-attachment":"scroll","background-type":"","background-media":"","overlay-type":"","overlay-color":"","overlay-opacity":"","overlay-gradient":""},"tablet":{"background-color":"var(--ast-global-color-5)","background-image":"","background-repeat":"repeat","background-position":"center center","background-size":"auto","background-attachment":"scroll","background-type":"","background-media":"","overlay-type":"","overlay-color":"","overlay-opacity":"","overlay-gradient":""},"mobile":{"background-color":"var(--ast-global-color-5)","background-image":"","background-repeat":"repeat","background-position":"center center","background-size":"auto","background-attachment":"scroll","background-type":"","background-media":"","overlay-type":"","overlay-color":"","overlay-opacity":"","overlay-gradient":""}}},"product_brand":[],"product_cat":[996],"product_tag":[],"class_list":{"0":"post-9641","1":"product","2":"type-product","3":"status-publish","4":"has-post-thumbnail","6":"product_cat-verktoy","7":"desktop-align-left","8":"tablet-align-left","9":"mobile-align-left","11":"first","12":"instock","13":"shipping-taxable","14":"purchasable","15":"product-type-simple"},"_links":{"self":[{"href":"https:\/\/keluvo.com\/no\/wp-json\/wp\/v2\/product\/9641","targetHints":{"allow":["GET"]}}],"collection":[{"href":"https:\/\/keluvo.com\/no\/wp-json\/wp\/v2\/product"}],"about":[{"href":"https:\/\/keluvo.com\/no\/wp-json\/wp\/v2\/types\/product"}],"replies":[{"embeddable":true,"href":"https:\/\/keluvo.com\/no\/wp-json\/wp\/v2\/comments?post=9641"}],"wp:featuredmedia":[{"embeddable":true,"href":"https:\/\/keluvo.com\/no\/wp-json\/wp\/v2\/media\/9637"}],"wp:attachment":[{"href":"https:\/\/keluvo.com\/no\/wp-json\/wp\/v2\/media?parent=9641"}],"wp:term":[{"taxonomy":"product_brand","embeddable":true,"href":"https:\/\/keluvo.com\/no\/wp-json\/wp\/v2\/product_brand?post=9641"},{"taxonomy":"product_cat","embeddable":true,"href":"https:\/\/keluvo.com\/no\/wp-json\/wp\/v2\/product_cat?post=9641"},{"taxonomy":"product_tag","embeddable":true,"href":"https:\/\/keluvo.com\/no\/wp-json\/wp\/v2\/product_tag?post=9641"}],"curies":[{"name":"wp","href":"https:\/\/api.w.org\/{rel}","templated":true}]}}