{"id":9636,"date":"2025-03-09T18:42:36","date_gmt":"2025-03-09T16:42:36","guid":{"rendered":"https:\/\/keluvo.com\/no\/produkt\/blendende-armband-med-sjarm\/"},"modified":"2025-03-09T18:42:45","modified_gmt":"2025-03-09T16:42:45","slug":"blendende-armband-med-sjarm","status":"publish","type":"product","link":"https:\/\/keluvo.com\/no\/produkt\/blendende-armband-med-sjarm\/","title":{"rendered":"Blendende armb\u00e5nd med sjarm"},"content":{"rendered":"<h2 style=\"text-align: center\"><strong>Elegant Og Tidl\u00f8s Design<\/strong><\/h2>\n<p style=\"text-align: center\">Dette blendende sjarm-armb\u00e5ndet har en elegant s\u00f8lv- og gullfinish som gj\u00f8r det til et stilfullt valg til ethvert antrekk. Det glitrende designet tilf\u00f8rer et snev av eleganse, noe som gj\u00f8r det perfekt b\u00e5de til hverdags og til spesielle anledninger. Dette armb\u00e5ndet vil l\u00f8fte looken din med sin tidl\u00f8se sjarm.<\/p>\n<p><img decoding=\"async\" class=\"alignnone size-medium wp-image-5708 aligncenter\" src=\"https:\/\/keluvo.com\/template\/wp-content\/uploads\/sites\/5\/2024\/12\/ee34477f-77cc-4a42-a826-d892a700ffe9.webp\" alt=\"\" \/><\/p>\n<h2 style=\"text-align: center\"><strong>Tilpassbar Og Justerbar Passform<\/strong><\/h2>\n<p style=\"text-align: center\">Designet med en justerbar st\u00f8rrelse, sikrer det blendende armb\u00e5ndet en behagelig passform for alle h\u00e5ndledd. Legg til dine favorittsjarmer for \u00e5 skape et unikt smykke som gjenspeiler din personlige stil. Denne funksjonen gj\u00f8r det til en flott gave til dine kj\u00e6re.<\/p>\n<p><img decoding=\"async\" class=\"alignnone size-medium wp-image-5711 aligncenter\" src=\"https:\/\/keluvo.com\/template\/wp-content\/uploads\/sites\/5\/2024\/12\/7195f815-8f48-4b1d-8427-3e556377cdb3.webp\" alt=\"\" \/><\/p>\n","protected":false},"excerpt":{"rendered":"<p>Elegant Og Tidl\u00f8s Design Dette blendende sjarm-armb\u00e5ndet har en elegant s\u00f8lv- og gullfinish som gj\u00f8r det til et stilfullt valg [&hellip;]<\/p>\n","protected":false},"featured_media":9632,"comment_status":"open","ping_status":"closed","template":"","meta":{"site-sidebar-layout":"default","site-content-layout":"","ast-site-content-layout":"default","site-content-style":"default","site-sidebar-style":"default","ast-global-header-display":"","ast-banner-title-visibility":"","ast-main-header-display":"","ast-hfb-above-header-display":"","ast-hfb-below-header-display":"","ast-hfb-mobile-header-display":"","site-post-title":"","ast-breadcrumbs-content":"","ast-featured-img":"","footer-sml-layout":"","theme-transparent-header-meta":"default","adv-header-id-meta":"","stick-header-meta":"","header-above-stick-meta":"","header-main-stick-meta":"","header-below-stick-meta":"","astra-migrate-meta-layouts":"set","ast-page-background-enabled":"default","ast-page-background-meta":{"desktop":{"background-color":"var(--ast-global-color-4)","background-image":"","background-repeat":"repeat","background-position":"center center","background-size":"auto","background-attachment":"scroll","background-type":"","background-media":"","overlay-type":"","overlay-color":"","overlay-opacity":"","overlay-gradient":""},"tablet":{"background-color":"","background-image":"","background-repeat":"repeat","background-position":"center center","background-size":"auto","background-attachment":"scroll","background-type":"","background-media":"","overlay-type":"","overlay-color":"","overlay-opacity":"","overlay-gradient":""},"mobile":{"background-color":"","background-image":"","background-repeat":"repeat","background-position":"center center","background-size":"auto","background-attachment":"scroll","background-type":"","background-media":"","overlay-type":"","overlay-color":"","overlay-opacity":"","overlay-gradient":""}},"ast-content-background-meta":{"desktop":{"background-color":"var(--ast-global-color-5)","background-image":"","background-repeat":"repeat","background-position":"center center","background-size":"auto","background-attachment":"scroll","background-type":"","background-media":"","overlay-type":"","overlay-color":"","overlay-opacity":"","overlay-gradient":""},"tablet":{"background-color":"var(--ast-global-color-5)","background-image":"","background-repeat":"repeat","background-position":"center center","background-size":"auto","background-attachment":"scroll","background-type":"","background-media":"","overlay-type":"","overlay-color":"","overlay-opacity":"","overlay-gradient":""},"mobile":{"background-color":"var(--ast-global-color-5)","background-image":"","background-repeat":"repeat","background-position":"center center","background-size":"auto","background-attachment":"scroll","background-type":"","background-media":"","overlay-type":"","overlay-color":"","overlay-opacity":"","overlay-gradient":""}}},"product_brand":[],"product_cat":[993],"product_tag":[],"class_list":{"0":"post-9636","1":"product","2":"type-product","3":"status-publish","4":"has-post-thumbnail","6":"product_cat-skotoy-tilbehor","7":"desktop-align-left","8":"tablet-align-left","9":"mobile-align-left","11":"first","12":"instock","13":"shipping-taxable","14":"purchasable","15":"product-type-simple"},"_links":{"self":[{"href":"https:\/\/keluvo.com\/no\/wp-json\/wp\/v2\/product\/9636","targetHints":{"allow":["GET"]}}],"collection":[{"href":"https:\/\/keluvo.com\/no\/wp-json\/wp\/v2\/product"}],"about":[{"href":"https:\/\/keluvo.com\/no\/wp-json\/wp\/v2\/types\/product"}],"replies":[{"embeddable":true,"href":"https:\/\/keluvo.com\/no\/wp-json\/wp\/v2\/comments?post=9636"}],"wp:featuredmedia":[{"embeddable":true,"href":"https:\/\/keluvo.com\/no\/wp-json\/wp\/v2\/media\/9632"}],"wp:attachment":[{"href":"https:\/\/keluvo.com\/no\/wp-json\/wp\/v2\/media?parent=9636"}],"wp:term":[{"taxonomy":"product_brand","embeddable":true,"href":"https:\/\/keluvo.com\/no\/wp-json\/wp\/v2\/product_brand?post=9636"},{"taxonomy":"product_cat","embeddable":true,"href":"https:\/\/keluvo.com\/no\/wp-json\/wp\/v2\/product_cat?post=9636"},{"taxonomy":"product_tag","embeddable":true,"href":"https:\/\/keluvo.com\/no\/wp-json\/wp\/v2\/product_tag?post=9636"}],"curies":[{"name":"wp","href":"https:\/\/api.w.org\/{rel}","templated":true}]}}