{"id":961,"date":"2024-10-05T01:46:44","date_gmt":"2024-10-04T22:46:44","guid":{"rendered":"https:\/\/keluvo.com\/no\/product\/stormflame-brenner\/"},"modified":"2024-10-06T01:09:38","modified_gmt":"2024-10-05T22:09:38","slug":"stormflame-brenner","status":"publish","type":"product","link":"https:\/\/keluvo.com\/no\/produkt\/stormflame-brenner\/","title":{"rendered":"StormFlame-brenner"},"content":{"rendered":"<h2 style=\"text-align: center;\"><strong>Robust &#8211; stilig &#8211; effektiv<\/strong><\/h2>\n<p style=\"text-align: center;\">StormFlame-brenneren har justerbar flammestyrke som passer til enhver situasjon &#8211; enten du skal tenne en grill, starte en vedovn eller tenne et b\u00e5l. Denne brenneren er konstruert for \u00e5 v\u00e6re p\u00e5litelig under alle v\u00e6rforhold, inkludert sterk vind.<\/p>\n<p><img decoding=\"async\" class=\"size-medium wp-image-25856 aligncenter\" src=\"https:\/\/visastech.eu\/wp-content\/uploads\/2024\/09\/gif1-139.webp\" alt=\"\" \/><\/p>\n<h2><\/h2>\n<h2 style=\"text-align: center;\"><strong>Tidsbegrenset kampanje<\/strong><\/h2>\n<p style=\"text-align: center;\">I en kort periode kan du f\u00e5 spesialrabatt p\u00e5 StormFlame! Perfekt for eventyrere og grillmestere, dette er din sjanse til \u00e5 eie det ultimate verkt\u00f8yet for alle dine behov for \u00e5 tenne opp ild.<\/p>\n<p><img decoding=\"async\" class=\"size-medium wp-image-25858 aligncenter\" src=\"https:\/\/visastech.eu\/wp-content\/uploads\/2024\/09\/gif3-56.webp\" alt=\"\" \/><\/p>\n<h2><\/h2>\n<h2 style=\"text-align: center;\"><strong>Optimalisert effekt og kvalitetsdesign<\/strong><\/h2>\n<p style=\"text-align: center;\">StormFlame-brenner er konstruert for \u00f8kt drivstoffeffektivitet og maksimal effekt. Den optimaliserte designen sikrer en jevn flamme under ulike v\u00e6rforhold, og setter nye standarder for utend\u00f8rsbrennere.<\/p>\n<p><img decoding=\"async\" class=\"size-medium wp-image-25859 aligncenter\" src=\"https:\/\/visastech.eu\/wp-content\/uploads\/2024\/09\/gif4-17.webp\" alt=\"\" \/><\/p>\n","protected":false},"excerpt":{"rendered":"<p>Robust &#8211; stilig &#8211; effektiv StormFlame-brenneren har justerbar flammestyrke som passer til enhver situasjon &#8211; enten du skal tenne en [&hellip;]<\/p>\n","protected":false},"featured_media":957,"comment_status":"open","ping_status":"closed","template":"","meta":{"site-sidebar-layout":"default","site-content-layout":"","ast-site-content-layout":"default","site-content-style":"default","site-sidebar-style":"default","ast-global-header-display":"","ast-banner-title-visibility":"","ast-main-header-display":"","ast-hfb-above-header-display":"","ast-hfb-below-header-display":"","ast-hfb-mobile-header-display":"","site-post-title":"","ast-breadcrumbs-content":"","ast-featured-img":"","footer-sml-layout":"","theme-transparent-header-meta":"default","adv-header-id-meta":"","stick-header-meta":"","header-above-stick-meta":"","header-main-stick-meta":"","header-below-stick-meta":"","astra-migrate-meta-layouts":"set","ast-page-background-enabled":"default","ast-page-background-meta":{"desktop":{"background-color":"var(--ast-global-color-4)","background-image":"","background-repeat":"repeat","background-position":"center center","background-size":"auto","background-attachment":"scroll","background-type":"","background-media":"","overlay-type":"","overlay-color":"","overlay-opacity":"","overlay-gradient":""},"tablet":{"background-color":"","background-image":"","background-repeat":"repeat","background-position":"center center","background-size":"auto","background-attachment":"scroll","background-type":"","background-media":"","overlay-type":"","overlay-color":"","overlay-opacity":"","overlay-gradient":""},"mobile":{"background-color":"","background-image":"","background-repeat":"repeat","background-position":"center center","background-size":"auto","background-attachment":"scroll","background-type":"","background-media":"","overlay-type":"","overlay-color":"","overlay-opacity":"","overlay-gradient":""}},"ast-content-background-meta":{"desktop":{"background-color":"var(--ast-global-color-5)","background-image":"","background-repeat":"repeat","background-position":"center center","background-size":"auto","background-attachment":"scroll","background-type":"","background-media":"","overlay-type":"","overlay-color":"","overlay-opacity":"","overlay-gradient":""},"tablet":{"background-color":"var(--ast-global-color-5)","background-image":"","background-repeat":"repeat","background-position":"center center","background-size":"auto","background-attachment":"scroll","background-type":"","background-media":"","overlay-type":"","overlay-color":"","overlay-opacity":"","overlay-gradient":""},"mobile":{"background-color":"var(--ast-global-color-5)","background-image":"","background-repeat":"repeat","background-position":"center center","background-size":"auto","background-attachment":"scroll","background-type":"","background-media":"","overlay-type":"","overlay-color":"","overlay-opacity":"","overlay-gradient":""}}},"product_brand":[],"product_cat":[15],"product_tag":[],"class_list":{"0":"post-961","1":"product","2":"type-product","3":"status-publish","4":"has-post-thumbnail","6":"product_cat-uncategorized","7":"pa_9cex5ztc-hvit","8":"pa_9cex5ztc-marinen","9":"pa_9cex5ztc-oliven","10":"pa_9cex5ztc-svart","11":"desktop-align-left","12":"tablet-align-left","13":"mobile-align-left","15":"first","16":"instock","17":"shipping-taxable","18":"purchasable","19":"product-type-variable"},"_links":{"self":[{"href":"https:\/\/keluvo.com\/no\/wp-json\/wp\/v2\/product\/961","targetHints":{"allow":["GET"]}}],"collection":[{"href":"https:\/\/keluvo.com\/no\/wp-json\/wp\/v2\/product"}],"about":[{"href":"https:\/\/keluvo.com\/no\/wp-json\/wp\/v2\/types\/product"}],"replies":[{"embeddable":true,"href":"https:\/\/keluvo.com\/no\/wp-json\/wp\/v2\/comments?post=961"}],"wp:featuredmedia":[{"embeddable":true,"href":"https:\/\/keluvo.com\/no\/wp-json\/wp\/v2\/media\/957"}],"wp:attachment":[{"href":"https:\/\/keluvo.com\/no\/wp-json\/wp\/v2\/media?parent=961"}],"wp:term":[{"taxonomy":"product_brand","embeddable":true,"href":"https:\/\/keluvo.com\/no\/wp-json\/wp\/v2\/product_brand?post=961"},{"taxonomy":"product_cat","embeddable":true,"href":"https:\/\/keluvo.com\/no\/wp-json\/wp\/v2\/product_cat?post=961"},{"taxonomy":"product_tag","embeddable":true,"href":"https:\/\/keluvo.com\/no\/wp-json\/wp\/v2\/product_tag?post=961"}],"curies":[{"name":"wp","href":"https:\/\/api.w.org\/{rel}","templated":true}]}}