{"id":9602,"date":"2025-03-09T18:32:33","date_gmt":"2025-03-09T16:32:33","guid":{"rendered":"https:\/\/keluvo.com\/no\/produkt\/neglelakkfjerner\/"},"modified":"2025-03-22T16:19:34","modified_gmt":"2025-03-22T14:19:34","slug":"neglelakkfjerner-1","status":"publish","type":"product","link":"https:\/\/keluvo.com\/no\/produkt\/neglelakkfjerner-1\/","title":{"rendered":"Neglelakkfjerner"},"content":{"rendered":"<h2 style=\"text-align: center\" data-start=\"0\" data-end=\"35\"><strong data-start=\"3\" data-end=\"33\">Rask Og Effektiv Fjerning<\/strong><\/h2>\n<p style=\"text-align: center\" data-start=\"36\" data-end=\"299\">Neglelakkfjerneren fjerner raskt og effektivt gellakk, UV-gelpolish og semi-permanent lakk. Den hurtigvirkende formelen hjelper deg \u00e5 spare tid og krefter, noe som gj\u00f8r neglepleie enklere og mer praktisk. Bare p\u00e5f\u00f8r og se neglelakken forsvinne p\u00e5 et \u00f8yeblikk.<\/p>\n<p data-start=\"36\" data-end=\"299\"><img decoding=\"async\" class=\"alignnone size-medium wp-image-11968 aligncenter\" src=\"https:\/\/keluvo.com\/template\/wp-content\/uploads\/sites\/5\/2025\/02\/Sda58da7685ec4bdb91254e19eec3aef0A.jpg_960x960q75.jpg_.jpeg\" alt=\"\" \/><\/p>\n<h2 style=\"text-align: center\" data-start=\"301\" data-end=\"325\"><strong data-start=\"304\" data-end=\"323\">Sk\u00e5nsom Mot Neglene<\/strong><\/h2>\n<p style=\"text-align: center\" data-start=\"326\" data-end=\"535\">Til tross for den kraftige formelen er neglelakkfjerneren sk\u00e5nsom mot neglene dine. Den fjerner effektivt lim og lakk uten \u00e5 skade neglene eller gj\u00f8re dem t\u00f8rre. Hold neglene sunne og glatte etter hver bruk.<\/p>\n<p style=\"text-align: center\" data-start=\"326\" data-end=\"535\"><img decoding=\"async\" class=\"alignnone size-medium wp-image-11972\" src=\"https:\/\/keluvo.com\/template\/wp-content\/uploads\/sites\/5\/2025\/02\/Sf539ac5277a84c78af5bfee8e1a525dfQ.jpeg\" alt=\"\" \/><\/p>\n","protected":false},"excerpt":{"rendered":"<p>Rask Og Effektiv Fjerning Neglelakkfjerneren fjerner raskt og effektivt gellakk, UV-gelpolish og semi-permanent lakk. Den hurtigvirkende formelen hjelper deg \u00e5 [&hellip;]<\/p>\n","protected":false},"featured_media":9598,"comment_status":"open","ping_status":"closed","template":"","meta":{"site-sidebar-layout":"default","site-content-layout":"","ast-site-content-layout":"default","site-content-style":"default","site-sidebar-style":"default","ast-global-header-display":"","ast-banner-title-visibility":"","ast-main-header-display":"","ast-hfb-above-header-display":"","ast-hfb-below-header-display":"","ast-hfb-mobile-header-display":"","site-post-title":"","ast-breadcrumbs-content":"","ast-featured-img":"","footer-sml-layout":"","theme-transparent-header-meta":"default","adv-header-id-meta":"","stick-header-meta":"","header-above-stick-meta":"","header-main-stick-meta":"","header-below-stick-meta":"","astra-migrate-meta-layouts":"set","ast-page-background-enabled":"default","ast-page-background-meta":{"desktop":{"background-color":"var(--ast-global-color-4)","background-image":"","background-repeat":"repeat","background-position":"center center","background-size":"auto","background-attachment":"scroll","background-type":"","background-media":"","overlay-type":"","overlay-color":"","overlay-opacity":"","overlay-gradient":""},"tablet":{"background-color":"","background-image":"","background-repeat":"repeat","background-position":"center center","background-size":"auto","background-attachment":"scroll","background-type":"","background-media":"","overlay-type":"","overlay-color":"","overlay-opacity":"","overlay-gradient":""},"mobile":{"background-color":"","background-image":"","background-repeat":"repeat","background-position":"center center","background-size":"auto","background-attachment":"scroll","background-type":"","background-media":"","overlay-type":"","overlay-color":"","overlay-opacity":"","overlay-gradient":""}},"ast-content-background-meta":{"desktop":{"background-color":"var(--ast-global-color-5)","background-image":"","background-repeat":"repeat","background-position":"center center","background-size":"auto","background-attachment":"scroll","background-type":"","background-media":"","overlay-type":"","overlay-color":"","overlay-opacity":"","overlay-gradient":""},"tablet":{"background-color":"var(--ast-global-color-5)","background-image":"","background-repeat":"repeat","background-position":"center center","background-size":"auto","background-attachment":"scroll","background-type":"","background-media":"","overlay-type":"","overlay-color":"","overlay-opacity":"","overlay-gradient":""},"mobile":{"background-color":"var(--ast-global-color-5)","background-image":"","background-repeat":"repeat","background-position":"center center","background-size":"auto","background-attachment":"scroll","background-type":"","background-media":"","overlay-type":"","overlay-color":"","overlay-opacity":"","overlay-gradient":""}}},"product_brand":[],"product_cat":[992],"product_tag":[],"class_list":{"0":"post-9602","1":"product","2":"type-product","3":"status-publish","4":"has-post-thumbnail","6":"product_cat-skjonnhets-og-hygieneprodukter","7":"desktop-align-left","8":"tablet-align-left","9":"mobile-align-left","11":"first","12":"instock","13":"shipping-taxable","14":"purchasable","15":"product-type-simple"},"_links":{"self":[{"href":"https:\/\/keluvo.com\/no\/wp-json\/wp\/v2\/product\/9602","targetHints":{"allow":["GET"]}}],"collection":[{"href":"https:\/\/keluvo.com\/no\/wp-json\/wp\/v2\/product"}],"about":[{"href":"https:\/\/keluvo.com\/no\/wp-json\/wp\/v2\/types\/product"}],"replies":[{"embeddable":true,"href":"https:\/\/keluvo.com\/no\/wp-json\/wp\/v2\/comments?post=9602"}],"wp:featuredmedia":[{"embeddable":true,"href":"https:\/\/keluvo.com\/no\/wp-json\/wp\/v2\/media\/9598"}],"wp:attachment":[{"href":"https:\/\/keluvo.com\/no\/wp-json\/wp\/v2\/media?parent=9602"}],"wp:term":[{"taxonomy":"product_brand","embeddable":true,"href":"https:\/\/keluvo.com\/no\/wp-json\/wp\/v2\/product_brand?post=9602"},{"taxonomy":"product_cat","embeddable":true,"href":"https:\/\/keluvo.com\/no\/wp-json\/wp\/v2\/product_cat?post=9602"},{"taxonomy":"product_tag","embeddable":true,"href":"https:\/\/keluvo.com\/no\/wp-json\/wp\/v2\/product_tag?post=9602"}],"curies":[{"name":"wp","href":"https:\/\/api.w.org\/{rel}","templated":true}]}}