{"id":9429,"date":"2025-02-25T20:22:37","date_gmt":"2025-02-25T18:22:37","guid":{"rendered":"https:\/\/keluvo.com\/no\/produkt\/automatisk-knivsliper\/"},"modified":"2025-02-25T20:22:37","modified_gmt":"2025-02-25T18:22:37","slug":"automatisk-knivsliper","status":"publish","type":"product","link":"https:\/\/keluvo.com\/no\/produkt\/automatisk-knivsliper\/","title":{"rendered":"Automatisk knivsliper"},"content":{"rendered":"<h2 style=\"text-align: center\" data-start=\"0\" data-end=\"26\"><strong data-start=\"3\" data-end=\"24\">Enkel Og Sikker Bruk<\/strong><\/h2>\n<p style=\"text-align: center\" data-start=\"27\" data-end=\"292\">Den automatiske knivsliperen er designet for enkel betjening, slik at du kan slipe knivene dine med \u00e9n enkelt bevegelse. Det reduserer risikoen for skader, noe som gj\u00f8r det til et trygt verkt\u00f8y \u00e5 bruke, selv for nybegynnere. Bare sett inn kniven og la sliperen gj\u00f8re jobben.<\/p>\n<p data-start=\"27\" data-end=\"292\"><img decoding=\"async\" class=\"alignnone size-medium wp-image-11938 aligncenter\" src=\"https:\/\/keluvo.com\/template\/wp-content\/uploads\/sites\/5\/2025\/02\/Sa13bb4ec1dc54d3689797159f6366922b.jpg_960x960q75.jpg_.jpeg\" alt=\"\" \/><\/p>\n<h2 style=\"text-align: center\" data-start=\"294\" data-end=\"333\"><strong data-start=\"297\" data-end=\"331\">Rask Og Effektiv Sliping<\/strong><\/h2>\n<p style=\"text-align: center\" data-start=\"334\" data-end=\"577\">Med den automatiske knivsliperen kan du raskt gjenopprette skarpheten p\u00e5 knivene dine uten \u00e5 bruke timevis p\u00e5 manuell sliping. Den er perfekt til \u00e5 slipe fruktkniver og andre sm\u00e5 kj\u00f8kkenkniver, noe som gj\u00f8r matlagingen raskere og enklere.<\/p>\n<p style=\"text-align: center\" data-start=\"334\" data-end=\"577\"><img decoding=\"async\" class=\"alignnone size-medium wp-image-11935\" src=\"https:\/\/keluvo.com\/template\/wp-content\/uploads\/sites\/5\/2025\/02\/def68ec5-764f-453f-bd7c-c9704ddbac16.webp\" alt=\"\" \/><\/p>\n","protected":false},"excerpt":{"rendered":"<p>Enkel Og Sikker Bruk Den automatiske knivsliperen er designet for enkel betjening, slik at du kan slipe knivene dine med [&hellip;]<\/p>\n","protected":false},"featured_media":9425,"comment_status":"open","ping_status":"closed","template":"","meta":{"site-sidebar-layout":"default","site-content-layout":"","ast-site-content-layout":"default","site-content-style":"default","site-sidebar-style":"default","ast-global-header-display":"","ast-banner-title-visibility":"","ast-main-header-display":"","ast-hfb-above-header-display":"","ast-hfb-below-header-display":"","ast-hfb-mobile-header-display":"","site-post-title":"","ast-breadcrumbs-content":"","ast-featured-img":"","footer-sml-layout":"","theme-transparent-header-meta":"default","adv-header-id-meta":"","stick-header-meta":"","header-above-stick-meta":"","header-main-stick-meta":"","header-below-stick-meta":"","astra-migrate-meta-layouts":"set","ast-page-background-enabled":"default","ast-page-background-meta":{"desktop":{"background-color":"var(--ast-global-color-4)","background-image":"","background-repeat":"repeat","background-position":"center center","background-size":"auto","background-attachment":"scroll","background-type":"","background-media":"","overlay-type":"","overlay-color":"","overlay-opacity":"","overlay-gradient":""},"tablet":{"background-color":"","background-image":"","background-repeat":"repeat","background-position":"center center","background-size":"auto","background-attachment":"scroll","background-type":"","background-media":"","overlay-type":"","overlay-color":"","overlay-opacity":"","overlay-gradient":""},"mobile":{"background-color":"","background-image":"","background-repeat":"repeat","background-position":"center center","background-size":"auto","background-attachment":"scroll","background-type":"","background-media":"","overlay-type":"","overlay-color":"","overlay-opacity":"","overlay-gradient":""}},"ast-content-background-meta":{"desktop":{"background-color":"var(--ast-global-color-5)","background-image":"","background-repeat":"repeat","background-position":"center center","background-size":"auto","background-attachment":"scroll","background-type":"","background-media":"","overlay-type":"","overlay-color":"","overlay-opacity":"","overlay-gradient":""},"tablet":{"background-color":"var(--ast-global-color-5)","background-image":"","background-repeat":"repeat","background-position":"center center","background-size":"auto","background-attachment":"scroll","background-type":"","background-media":"","overlay-type":"","overlay-color":"","overlay-opacity":"","overlay-gradient":""},"mobile":{"background-color":"var(--ast-global-color-5)","background-image":"","background-repeat":"repeat","background-position":"center center","background-size":"auto","background-attachment":"scroll","background-type":"","background-media":"","overlay-type":"","overlay-color":"","overlay-opacity":"","overlay-gradient":""}}},"product_brand":[],"product_cat":[1001],"product_tag":[],"class_list":{"0":"post-9429","1":"product","2":"type-product","3":"status-publish","4":"has-post-thumbnail","6":"product_cat-husholdningsartikler","7":"desktop-align-left","8":"tablet-align-left","9":"mobile-align-left","11":"first","12":"instock","13":"shipping-taxable","14":"purchasable","15":"product-type-simple"},"_links":{"self":[{"href":"https:\/\/keluvo.com\/no\/wp-json\/wp\/v2\/product\/9429","targetHints":{"allow":["GET"]}}],"collection":[{"href":"https:\/\/keluvo.com\/no\/wp-json\/wp\/v2\/product"}],"about":[{"href":"https:\/\/keluvo.com\/no\/wp-json\/wp\/v2\/types\/product"}],"replies":[{"embeddable":true,"href":"https:\/\/keluvo.com\/no\/wp-json\/wp\/v2\/comments?post=9429"}],"wp:featuredmedia":[{"embeddable":true,"href":"https:\/\/keluvo.com\/no\/wp-json\/wp\/v2\/media\/9425"}],"wp:attachment":[{"href":"https:\/\/keluvo.com\/no\/wp-json\/wp\/v2\/media?parent=9429"}],"wp:term":[{"taxonomy":"product_brand","embeddable":true,"href":"https:\/\/keluvo.com\/no\/wp-json\/wp\/v2\/product_brand?post=9429"},{"taxonomy":"product_cat","embeddable":true,"href":"https:\/\/keluvo.com\/no\/wp-json\/wp\/v2\/product_cat?post=9429"},{"taxonomy":"product_tag","embeddable":true,"href":"https:\/\/keluvo.com\/no\/wp-json\/wp\/v2\/product_tag?post=9429"}],"curies":[{"name":"wp","href":"https:\/\/api.w.org\/{rel}","templated":true}]}}