{"id":9409,"date":"2025-02-25T20:19:33","date_gmt":"2025-02-25T18:19:33","guid":{"rendered":"https:\/\/keluvo.com\/no\/produkt\/pu-skulderveske\/"},"modified":"2025-02-25T20:19:33","modified_gmt":"2025-02-25T18:19:33","slug":"pu-skulderveske","status":"publish","type":"product","link":"https:\/\/keluvo.com\/no\/produkt\/pu-skulderveske\/","title":{"rendered":"PU-skulderveske"},"content":{"rendered":"<h2 style=\"text-align: center\" data-start=\"0\" data-end=\"37\"><strong data-start=\"3\" data-end=\"35\">Stilig Og Allsidig Design<\/strong><\/h2>\n<p style=\"text-align: center\" data-start=\"38\" data-end=\"323\">Skuldervesken i PU har en moderne og elegant fargekombinasjon som passer til ulike antrekk. Den trendy designen gj\u00f8r den til et perfekt tilbeh\u00f8r til b\u00e5de uformelle og formelle anledninger. Enten du skal p\u00e5 jobb eller ut p\u00e5 en dagstur, vil denne vesken tilf\u00f8re eleganse til enhver look.<\/p>\n<p data-start=\"38\" data-end=\"323\"><img decoding=\"async\" class=\"alignnone size-medium wp-image-11933 aligncenter\" src=\"https:\/\/keluvo.com\/template\/wp-content\/uploads\/sites\/5\/2025\/02\/Scdf47ddcab984410b248f49a2487c77f8.jpeg\" alt=\"\" \/><\/p>\n<h2 style=\"text-align: center\" data-start=\"325\" data-end=\"359\"><strong data-start=\"328\" data-end=\"357\">Slitesterkt Og Mykt Materiale<\/strong><\/h2>\n<p style=\"text-align: center\" data-start=\"360\" data-end=\"630\">Laget av PU-skinn av h\u00f8y kvalitet, er denne skuldervesken b\u00e5de slitesterk og myk \u00e5 ta p\u00e5. Materialet gir en luksuri\u00f8s f\u00f8lelse samtidig som det er lett \u00e5 vedlikeholde, noe som gj\u00f8r den til et praktisk valg for hverdagsbruk. Du kan stole p\u00e5 at den er robust uten at det g\u00e5r p\u00e5 bekostning av komforten.<\/p>\n<p data-start=\"360\" data-end=\"630\"><img decoding=\"async\" class=\"alignnone size-medium wp-image-11928 aligncenter\" src=\"https:\/\/keluvo.com\/template\/wp-content\/uploads\/sites\/5\/2025\/02\/S8e99c187fb904097808b339752609916A.jpg_960x960q75.jpg_.jpeg\" alt=\"\" \/><\/p>\n","protected":false},"excerpt":{"rendered":"<p>Stilig Og Allsidig Design Skuldervesken i PU har en moderne og elegant fargekombinasjon som passer til ulike antrekk. Den trendy [&hellip;]<\/p>\n","protected":false},"featured_media":9405,"comment_status":"open","ping_status":"closed","template":"","meta":{"site-sidebar-layout":"default","site-content-layout":"","ast-site-content-layout":"default","site-content-style":"default","site-sidebar-style":"default","ast-global-header-display":"","ast-banner-title-visibility":"","ast-main-header-display":"","ast-hfb-above-header-display":"","ast-hfb-below-header-display":"","ast-hfb-mobile-header-display":"","site-post-title":"","ast-breadcrumbs-content":"","ast-featured-img":"","footer-sml-layout":"","theme-transparent-header-meta":"default","adv-header-id-meta":"","stick-header-meta":"","header-above-stick-meta":"","header-main-stick-meta":"","header-below-stick-meta":"","astra-migrate-meta-layouts":"set","ast-page-background-enabled":"default","ast-page-background-meta":{"desktop":{"background-color":"var(--ast-global-color-4)","background-image":"","background-repeat":"repeat","background-position":"center center","background-size":"auto","background-attachment":"scroll","background-type":"","background-media":"","overlay-type":"","overlay-color":"","overlay-opacity":"","overlay-gradient":""},"tablet":{"background-color":"","background-image":"","background-repeat":"repeat","background-position":"center center","background-size":"auto","background-attachment":"scroll","background-type":"","background-media":"","overlay-type":"","overlay-color":"","overlay-opacity":"","overlay-gradient":""},"mobile":{"background-color":"","background-image":"","background-repeat":"repeat","background-position":"center center","background-size":"auto","background-attachment":"scroll","background-type":"","background-media":"","overlay-type":"","overlay-color":"","overlay-opacity":"","overlay-gradient":""}},"ast-content-background-meta":{"desktop":{"background-color":"var(--ast-global-color-5)","background-image":"","background-repeat":"repeat","background-position":"center center","background-size":"auto","background-attachment":"scroll","background-type":"","background-media":"","overlay-type":"","overlay-color":"","overlay-opacity":"","overlay-gradient":""},"tablet":{"background-color":"var(--ast-global-color-5)","background-image":"","background-repeat":"repeat","background-position":"center center","background-size":"auto","background-attachment":"scroll","background-type":"","background-media":"","overlay-type":"","overlay-color":"","overlay-opacity":"","overlay-gradient":""},"mobile":{"background-color":"var(--ast-global-color-5)","background-image":"","background-repeat":"repeat","background-position":"center center","background-size":"auto","background-attachment":"scroll","background-type":"","background-media":"","overlay-type":"","overlay-color":"","overlay-opacity":"","overlay-gradient":""}}},"product_brand":[],"product_cat":[993],"product_tag":[],"class_list":{"0":"post-9409","1":"product","2":"type-product","3":"status-publish","4":"has-post-thumbnail","6":"product_cat-skotoy-tilbehor","7":"desktop-align-left","8":"tablet-align-left","9":"mobile-align-left","11":"first","12":"instock","13":"shipping-taxable","14":"purchasable","15":"product-type-simple"},"_links":{"self":[{"href":"https:\/\/keluvo.com\/no\/wp-json\/wp\/v2\/product\/9409","targetHints":{"allow":["GET"]}}],"collection":[{"href":"https:\/\/keluvo.com\/no\/wp-json\/wp\/v2\/product"}],"about":[{"href":"https:\/\/keluvo.com\/no\/wp-json\/wp\/v2\/types\/product"}],"replies":[{"embeddable":true,"href":"https:\/\/keluvo.com\/no\/wp-json\/wp\/v2\/comments?post=9409"}],"wp:featuredmedia":[{"embeddable":true,"href":"https:\/\/keluvo.com\/no\/wp-json\/wp\/v2\/media\/9405"}],"wp:attachment":[{"href":"https:\/\/keluvo.com\/no\/wp-json\/wp\/v2\/media?parent=9409"}],"wp:term":[{"taxonomy":"product_brand","embeddable":true,"href":"https:\/\/keluvo.com\/no\/wp-json\/wp\/v2\/product_brand?post=9409"},{"taxonomy":"product_cat","embeddable":true,"href":"https:\/\/keluvo.com\/no\/wp-json\/wp\/v2\/product_cat?post=9409"},{"taxonomy":"product_tag","embeddable":true,"href":"https:\/\/keluvo.com\/no\/wp-json\/wp\/v2\/product_tag?post=9409"}],"curies":[{"name":"wp","href":"https:\/\/api.w.org\/{rel}","templated":true}]}}