{"id":9394,"date":"2025-02-25T20:17:50","date_gmt":"2025-02-25T18:17:50","guid":{"rendered":"https:\/\/keluvo.com\/no\/produkt\/holdningskorrigerende-vest\/"},"modified":"2025-02-25T20:18:22","modified_gmt":"2025-02-25T18:18:22","slug":"holdningskorrigerende-vest","status":"publish","type":"product","link":"https:\/\/keluvo.com\/no\/produkt\/holdningskorrigerende-vest\/","title":{"rendered":"Holdningskorrigerende vest"},"content":{"rendered":"<h2 style=\"text-align: center\" data-start=\"0\" data-end=\"32\"><strong>St\u00f8tter En Sunn Holdning<\/strong><\/h2>\n<p style=\"text-align: center\" data-start=\"33\" data-end=\"242\">Holdningskorrigeringsvesten hjelper deg med \u00e5 rette opp rygg og skuldre for \u00e5 forbedre holdningen. Den gir sk\u00e5nsom st\u00f8tte for \u00e5 redusere slapphet og ubehag. Bruk den daglig for \u00e5 fremme en mer oppreist og selvsikker holdning.<\/p>\n<p data-start=\"33\" data-end=\"242\"><img decoding=\"async\" class=\"alignnone size-medium wp-image-11746 aligncenter\" src=\"https:\/\/keluvo.com\/template\/wp-content\/uploads\/sites\/5\/2025\/02\/S51163f7da6114b4fac6ac1096d7954adk.jpg_960x960q75.jpg_.jpeg\" alt=\"\" \/><\/p>\n<h2 style=\"text-align: center\" data-start=\"244\" data-end=\"280\"><strong>Justerbar Og Komfortabel Passform<\/strong><\/h2>\n<p style=\"text-align: center\" data-start=\"281\" data-end=\"520\">Designet med justerbare stropper, sikrer vesten en sikker og personlig passform. Det lette og pustende materialet gj\u00f8r den behagelig \u00e5 ha p\u00e5 lenge. Den passer for b\u00e5de menn og kvinner og kan brukes under kl\u00e6rne.<\/p>\n<p data-start=\"281\" data-end=\"520\"><img decoding=\"async\" class=\"alignnone size-medium wp-image-11748 aligncenter\" src=\"https:\/\/keluvo.com\/template\/wp-content\/uploads\/sites\/5\/2025\/02\/Se0a880c9d64b42a0838f387a3d0d24a7X.jpg_960x960q75.jpg_.jpeg\" alt=\"\" \/><\/p>\n","protected":false},"excerpt":{"rendered":"<p>St\u00f8tter En Sunn Holdning Holdningskorrigeringsvesten hjelper deg med \u00e5 rette opp rygg og skuldre for \u00e5 forbedre holdningen. Den gir [&hellip;]<\/p>\n","protected":false},"featured_media":9390,"comment_status":"open","ping_status":"closed","template":"","meta":{"site-sidebar-layout":"default","site-content-layout":"","ast-site-content-layout":"default","site-content-style":"default","site-sidebar-style":"default","ast-global-header-display":"","ast-banner-title-visibility":"","ast-main-header-display":"","ast-hfb-above-header-display":"","ast-hfb-below-header-display":"","ast-hfb-mobile-header-display":"","site-post-title":"","ast-breadcrumbs-content":"","ast-featured-img":"","footer-sml-layout":"","theme-transparent-header-meta":"default","adv-header-id-meta":"","stick-header-meta":"","header-above-stick-meta":"","header-main-stick-meta":"","header-below-stick-meta":"","astra-migrate-meta-layouts":"set","ast-page-background-enabled":"default","ast-page-background-meta":{"desktop":{"background-color":"var(--ast-global-color-4)","background-image":"","background-repeat":"repeat","background-position":"center center","background-size":"auto","background-attachment":"scroll","background-type":"","background-media":"","overlay-type":"","overlay-color":"","overlay-opacity":"","overlay-gradient":""},"tablet":{"background-color":"","background-image":"","background-repeat":"repeat","background-position":"center center","background-size":"auto","background-attachment":"scroll","background-type":"","background-media":"","overlay-type":"","overlay-color":"","overlay-opacity":"","overlay-gradient":""},"mobile":{"background-color":"","background-image":"","background-repeat":"repeat","background-position":"center center","background-size":"auto","background-attachment":"scroll","background-type":"","background-media":"","overlay-type":"","overlay-color":"","overlay-opacity":"","overlay-gradient":""}},"ast-content-background-meta":{"desktop":{"background-color":"var(--ast-global-color-5)","background-image":"","background-repeat":"repeat","background-position":"center center","background-size":"auto","background-attachment":"scroll","background-type":"","background-media":"","overlay-type":"","overlay-color":"","overlay-opacity":"","overlay-gradient":""},"tablet":{"background-color":"var(--ast-global-color-5)","background-image":"","background-repeat":"repeat","background-position":"center center","background-size":"auto","background-attachment":"scroll","background-type":"","background-media":"","overlay-type":"","overlay-color":"","overlay-opacity":"","overlay-gradient":""},"mobile":{"background-color":"var(--ast-global-color-5)","background-image":"","background-repeat":"repeat","background-position":"center center","background-size":"auto","background-attachment":"scroll","background-type":"","background-media":"","overlay-type":"","overlay-color":"","overlay-opacity":"","overlay-gradient":""}}},"product_brand":[],"product_cat":[991],"product_tag":[],"class_list":{"0":"post-9394","1":"product","2":"type-product","3":"status-publish","4":"has-post-thumbnail","6":"product_cat-helseprodukter","7":"pa_i26kdun3-s","8":"pa_i26kdun3-m","9":"pa_i26kdun3-l","10":"pa_i26kdun3-xl","11":"pa_i26kdun3-xxl","12":"desktop-align-left","13":"tablet-align-left","14":"mobile-align-left","16":"first","17":"instock","18":"shipping-taxable","19":"purchasable","20":"product-type-variable"},"_links":{"self":[{"href":"https:\/\/keluvo.com\/no\/wp-json\/wp\/v2\/product\/9394","targetHints":{"allow":["GET"]}}],"collection":[{"href":"https:\/\/keluvo.com\/no\/wp-json\/wp\/v2\/product"}],"about":[{"href":"https:\/\/keluvo.com\/no\/wp-json\/wp\/v2\/types\/product"}],"replies":[{"embeddable":true,"href":"https:\/\/keluvo.com\/no\/wp-json\/wp\/v2\/comments?post=9394"}],"wp:featuredmedia":[{"embeddable":true,"href":"https:\/\/keluvo.com\/no\/wp-json\/wp\/v2\/media\/9390"}],"wp:attachment":[{"href":"https:\/\/keluvo.com\/no\/wp-json\/wp\/v2\/media?parent=9394"}],"wp:term":[{"taxonomy":"product_brand","embeddable":true,"href":"https:\/\/keluvo.com\/no\/wp-json\/wp\/v2\/product_brand?post=9394"},{"taxonomy":"product_cat","embeddable":true,"href":"https:\/\/keluvo.com\/no\/wp-json\/wp\/v2\/product_cat?post=9394"},{"taxonomy":"product_tag","embeddable":true,"href":"https:\/\/keluvo.com\/no\/wp-json\/wp\/v2\/product_tag?post=9394"}],"curies":[{"name":"wp","href":"https:\/\/api.w.org\/{rel}","templated":true}]}}