{"id":9389,"date":"2025-02-25T20:16:26","date_gmt":"2025-02-25T18:16:26","guid":{"rendered":"https:\/\/keluvo.com\/no\/produkt\/serveringsbrett-for-snacks\/"},"modified":"2025-02-25T20:16:26","modified_gmt":"2025-02-25T18:16:26","slug":"serveringsbrett-for-snacks","status":"publish","type":"product","link":"https:\/\/keluvo.com\/no\/produkt\/serveringsbrett-for-snacks\/","title":{"rendered":"Serveringsbrett for snacks"},"content":{"rendered":"<h2 style=\"text-align: center\" data-start=\"0\" data-end=\"36\"><strong>Stor Kapasitet For Mange Snacks<\/strong><\/h2>\n<p style=\"text-align: center\" data-start=\"37\" data-end=\"243\">Snacksbrettet har flere rom for \u00e5 holde ulike snacks atskilt. Det er perfekt til servering av n\u00f8tter, t\u00f8rket frukt, godteri, chips og mye mer. Passer perfekt til familiesammenkomster, fester eller daglig bruk.<\/p>\n<p data-start=\"37\" data-end=\"243\"><img decoding=\"async\" class=\"alignnone size-medium wp-image-11774 aligncenter\" src=\"https:\/\/keluvo.com\/template\/wp-content\/uploads\/sites\/5\/2025\/02\/S8bbe3211e9c84cf09e5e0d86849527c0N.jpg_960x960q75.jpg_.jpeg\" alt=\"\" \/><\/p>\n<h2 style=\"text-align: center\" data-start=\"245\" data-end=\"276\"><strong>Elegant Og Unik Design<\/strong><\/h2>\n<p style=\"text-align: center\" data-start=\"277\" data-end=\"492\">Med sin vakre blomsterform gir dette serveringsbrettet en stilig touch til ethvert bord. Det kunstneriske designet gj\u00f8r det til et flott dekorativt element i hjemmet. F\u00e5s i to forskjellige modeller for \u00e5 matche din stil.<\/p>\n<p data-start=\"277\" data-end=\"492\"><img decoding=\"async\" class=\"alignnone size-medium wp-image-11777 aligncenter\" src=\"https:\/\/keluvo.com\/template\/wp-content\/uploads\/sites\/5\/2025\/02\/S65668d4f201c4a67985583595f66b1a4Z.jpg_960x960q75.jpg_.jpeg\" alt=\"\" \/><\/p>\n","protected":false},"excerpt":{"rendered":"<p>Stor Kapasitet For Mange Snacks Snacksbrettet har flere rom for \u00e5 holde ulike snacks atskilt. Det er perfekt til servering [&hellip;]<\/p>\n","protected":false},"featured_media":9385,"comment_status":"open","ping_status":"closed","template":"","meta":{"site-sidebar-layout":"default","site-content-layout":"","ast-site-content-layout":"default","site-content-style":"default","site-sidebar-style":"default","ast-global-header-display":"","ast-banner-title-visibility":"","ast-main-header-display":"","ast-hfb-above-header-display":"","ast-hfb-below-header-display":"","ast-hfb-mobile-header-display":"","site-post-title":"","ast-breadcrumbs-content":"","ast-featured-img":"","footer-sml-layout":"","theme-transparent-header-meta":"default","adv-header-id-meta":"","stick-header-meta":"","header-above-stick-meta":"","header-main-stick-meta":"","header-below-stick-meta":"","astra-migrate-meta-layouts":"set","ast-page-background-enabled":"default","ast-page-background-meta":{"desktop":{"background-color":"var(--ast-global-color-4)","background-image":"","background-repeat":"repeat","background-position":"center center","background-size":"auto","background-attachment":"scroll","background-type":"","background-media":"","overlay-type":"","overlay-color":"","overlay-opacity":"","overlay-gradient":""},"tablet":{"background-color":"","background-image":"","background-repeat":"repeat","background-position":"center center","background-size":"auto","background-attachment":"scroll","background-type":"","background-media":"","overlay-type":"","overlay-color":"","overlay-opacity":"","overlay-gradient":""},"mobile":{"background-color":"","background-image":"","background-repeat":"repeat","background-position":"center center","background-size":"auto","background-attachment":"scroll","background-type":"","background-media":"","overlay-type":"","overlay-color":"","overlay-opacity":"","overlay-gradient":""}},"ast-content-background-meta":{"desktop":{"background-color":"var(--ast-global-color-5)","background-image":"","background-repeat":"repeat","background-position":"center center","background-size":"auto","background-attachment":"scroll","background-type":"","background-media":"","overlay-type":"","overlay-color":"","overlay-opacity":"","overlay-gradient":""},"tablet":{"background-color":"var(--ast-global-color-5)","background-image":"","background-repeat":"repeat","background-position":"center center","background-size":"auto","background-attachment":"scroll","background-type":"","background-media":"","overlay-type":"","overlay-color":"","overlay-opacity":"","overlay-gradient":""},"mobile":{"background-color":"var(--ast-global-color-5)","background-image":"","background-repeat":"repeat","background-position":"center center","background-size":"auto","background-attachment":"scroll","background-type":"","background-media":"","overlay-type":"","overlay-color":"","overlay-opacity":"","overlay-gradient":""}}},"product_brand":[],"product_cat":[1001],"product_tag":[],"class_list":{"0":"post-9389","1":"product","2":"type-product","3":"status-publish","4":"has-post-thumbnail","6":"product_cat-husholdningsartikler","7":"desktop-align-left","8":"tablet-align-left","9":"mobile-align-left","11":"first","12":"instock","13":"shipping-taxable","14":"purchasable","15":"product-type-simple"},"_links":{"self":[{"href":"https:\/\/keluvo.com\/no\/wp-json\/wp\/v2\/product\/9389","targetHints":{"allow":["GET"]}}],"collection":[{"href":"https:\/\/keluvo.com\/no\/wp-json\/wp\/v2\/product"}],"about":[{"href":"https:\/\/keluvo.com\/no\/wp-json\/wp\/v2\/types\/product"}],"replies":[{"embeddable":true,"href":"https:\/\/keluvo.com\/no\/wp-json\/wp\/v2\/comments?post=9389"}],"wp:featuredmedia":[{"embeddable":true,"href":"https:\/\/keluvo.com\/no\/wp-json\/wp\/v2\/media\/9385"}],"wp:attachment":[{"href":"https:\/\/keluvo.com\/no\/wp-json\/wp\/v2\/media?parent=9389"}],"wp:term":[{"taxonomy":"product_brand","embeddable":true,"href":"https:\/\/keluvo.com\/no\/wp-json\/wp\/v2\/product_brand?post=9389"},{"taxonomy":"product_cat","embeddable":true,"href":"https:\/\/keluvo.com\/no\/wp-json\/wp\/v2\/product_cat?post=9389"},{"taxonomy":"product_tag","embeddable":true,"href":"https:\/\/keluvo.com\/no\/wp-json\/wp\/v2\/product_tag?post=9389"}],"curies":[{"name":"wp","href":"https:\/\/api.w.org\/{rel}","templated":true}]}}