{"id":9380,"date":"2025-02-25T20:14:58","date_gmt":"2025-02-25T18:14:58","guid":{"rendered":"https:\/\/keluvo.com\/no\/produkt\/slipemaskin-for-borekroner\/"},"modified":"2025-02-25T20:15:08","modified_gmt":"2025-02-25T18:15:08","slug":"slipemaskin-for-borekroner","status":"publish","type":"product","link":"https:\/\/keluvo.com\/no\/produkt\/slipemaskin-for-borekroner\/","title":{"rendered":"Slipemaskin for borekroner"},"content":{"rendered":"<h2 style=\"text-align: center\" data-start=\"0\" data-end=\"30\"><strong>Sliper Bor Raskt<\/strong><\/h2>\n<p style=\"text-align: center\" data-start=\"31\" data-end=\"236\">Borsliperen hjelper deg med \u00e5 slipe sl\u00f8ve bor p\u00e5 bare noen f\u00e5 sekunder. Den manuelle utformingen gir deg full kontroll for presis sliping. Dette verkt\u00f8yet sparer tid og holder borene klare til bruk.<\/p>\n<p data-start=\"31\" data-end=\"236\"><img decoding=\"async\" class=\"alignnone size-medium wp-image-11853 aligncenter\" src=\"https:\/\/keluvo.com\/template\/wp-content\/uploads\/sites\/5\/2025\/02\/Se6f823ee97c64df5bfab2e12efebe9a3h.jpeg\" alt=\"\" \/><\/p>\n<h2 style=\"text-align: center\" data-start=\"238\" data-end=\"270\"><strong>Fungerer Med Mange Typer Bor<\/strong><\/h2>\n<p style=\"text-align: center\" data-start=\"271\" data-end=\"496\">Denne borsliperen er egnet for sliping av bor i karbid, kobolt og h\u00f8yhastighetsst\u00e5l. Den kan enkelt h\u00e5ndtere spiralbor og andre vanlige typer. Du trenger ikke \u00e5 bytte ut gamle bits &#8211; bare slipe dem og bruke dem p\u00e5 nytt.<\/p>\n<p data-start=\"271\" data-end=\"496\"><img decoding=\"async\" class=\"alignnone size-medium wp-image-11851 aligncenter\" src=\"https:\/\/keluvo.com\/template\/wp-content\/uploads\/sites\/5\/2025\/02\/S8703710e076b48cfa9e408173a979f009.jpg_960x960q75.jpg_.jpeg\" alt=\"\" \/><\/p>\n","protected":false},"excerpt":{"rendered":"<p>Sliper Bor Raskt Borsliperen hjelper deg med \u00e5 slipe sl\u00f8ve bor p\u00e5 bare noen f\u00e5 sekunder. Den manuelle utformingen gir [&hellip;]<\/p>\n","protected":false},"featured_media":9376,"comment_status":"open","ping_status":"closed","template":"","meta":{"site-sidebar-layout":"default","site-content-layout":"","ast-site-content-layout":"default","site-content-style":"default","site-sidebar-style":"default","ast-global-header-display":"","ast-banner-title-visibility":"","ast-main-header-display":"","ast-hfb-above-header-display":"","ast-hfb-below-header-display":"","ast-hfb-mobile-header-display":"","site-post-title":"","ast-breadcrumbs-content":"","ast-featured-img":"","footer-sml-layout":"","theme-transparent-header-meta":"default","adv-header-id-meta":"","stick-header-meta":"","header-above-stick-meta":"","header-main-stick-meta":"","header-below-stick-meta":"","astra-migrate-meta-layouts":"set","ast-page-background-enabled":"default","ast-page-background-meta":{"desktop":{"background-color":"var(--ast-global-color-4)","background-image":"","background-repeat":"repeat","background-position":"center center","background-size":"auto","background-attachment":"scroll","background-type":"","background-media":"","overlay-type":"","overlay-color":"","overlay-opacity":"","overlay-gradient":""},"tablet":{"background-color":"","background-image":"","background-repeat":"repeat","background-position":"center center","background-size":"auto","background-attachment":"scroll","background-type":"","background-media":"","overlay-type":"","overlay-color":"","overlay-opacity":"","overlay-gradient":""},"mobile":{"background-color":"","background-image":"","background-repeat":"repeat","background-position":"center center","background-size":"auto","background-attachment":"scroll","background-type":"","background-media":"","overlay-type":"","overlay-color":"","overlay-opacity":"","overlay-gradient":""}},"ast-content-background-meta":{"desktop":{"background-color":"var(--ast-global-color-5)","background-image":"","background-repeat":"repeat","background-position":"center center","background-size":"auto","background-attachment":"scroll","background-type":"","background-media":"","overlay-type":"","overlay-color":"","overlay-opacity":"","overlay-gradient":""},"tablet":{"background-color":"var(--ast-global-color-5)","background-image":"","background-repeat":"repeat","background-position":"center center","background-size":"auto","background-attachment":"scroll","background-type":"","background-media":"","overlay-type":"","overlay-color":"","overlay-opacity":"","overlay-gradient":""},"mobile":{"background-color":"var(--ast-global-color-5)","background-image":"","background-repeat":"repeat","background-position":"center center","background-size":"auto","background-attachment":"scroll","background-type":"","background-media":"","overlay-type":"","overlay-color":"","overlay-opacity":"","overlay-gradient":""}}},"product_brand":[],"product_cat":[996],"product_tag":[],"class_list":{"0":"post-9380","1":"product","2":"type-product","3":"status-publish","4":"has-post-thumbnail","6":"product_cat-verktoy","7":"pa_u3sqj06z-oransje","8":"pa_u3sqj06z-svart","9":"desktop-align-left","10":"tablet-align-left","11":"mobile-align-left","13":"first","14":"instock","15":"shipping-taxable","16":"purchasable","17":"product-type-variable"},"_links":{"self":[{"href":"https:\/\/keluvo.com\/no\/wp-json\/wp\/v2\/product\/9380","targetHints":{"allow":["GET"]}}],"collection":[{"href":"https:\/\/keluvo.com\/no\/wp-json\/wp\/v2\/product"}],"about":[{"href":"https:\/\/keluvo.com\/no\/wp-json\/wp\/v2\/types\/product"}],"replies":[{"embeddable":true,"href":"https:\/\/keluvo.com\/no\/wp-json\/wp\/v2\/comments?post=9380"}],"wp:featuredmedia":[{"embeddable":true,"href":"https:\/\/keluvo.com\/no\/wp-json\/wp\/v2\/media\/9376"}],"wp:attachment":[{"href":"https:\/\/keluvo.com\/no\/wp-json\/wp\/v2\/media?parent=9380"}],"wp:term":[{"taxonomy":"product_brand","embeddable":true,"href":"https:\/\/keluvo.com\/no\/wp-json\/wp\/v2\/product_brand?post=9380"},{"taxonomy":"product_cat","embeddable":true,"href":"https:\/\/keluvo.com\/no\/wp-json\/wp\/v2\/product_cat?post=9380"},{"taxonomy":"product_tag","embeddable":true,"href":"https:\/\/keluvo.com\/no\/wp-json\/wp\/v2\/product_tag?post=9380"}],"curies":[{"name":"wp","href":"https:\/\/api.w.org\/{rel}","templated":true}]}}