{"id":9237,"date":"2025-02-18T19:24:33","date_gmt":"2025-02-18T17:24:33","guid":{"rendered":"https:\/\/keluvo.com\/no\/produkt\/racerbaneleketoy\/"},"modified":"2025-02-18T19:24:33","modified_gmt":"2025-02-18T17:24:33","slug":"racerbaneleketoy","status":"publish","type":"product","link":"https:\/\/keluvo.com\/no\/produkt\/racerbaneleketoy\/","title":{"rendered":"Racerbaneleket\u00f8y"},"content":{"rendered":"<h2 style=\"text-align: center\" data-start=\"0\" data-end=\"38\"><strong data-start=\"4\" data-end=\"36\">Fleksible Og B\u00f8yelige Baner<\/strong><\/h2>\n<p style=\"text-align: center\" data-start=\"39\" data-end=\"282\">Lekebanen har en fleksibel design som gj\u00f8r at barna kan b\u00f8ye og forme banene p\u00e5 forskjellige m\u00e5ter. Dette gj\u00f8r hvert l\u00f8p unikt og morsomt. Barna kan lage nye baner hver gang de leker, noe som holder dem engasjert i timevis.<\/p>\n<p data-start=\"39\" data-end=\"282\"><img decoding=\"async\" class=\"alignnone size-medium wp-image-11901 aligncenter\" src=\"https:\/\/keluvo.com\/template\/wp-content\/uploads\/sites\/5\/2025\/02\/6e646011-6ef6-4542-b626-80f5869e0e8d.webp\" alt=\"\" \/><\/p>\n<h2 style=\"text-align: center\" data-start=\"284\" data-end=\"319\"><strong data-start=\"288\" data-end=\"317\">Sikkert Og Slitesterkt Materiale<\/strong><\/h2>\n<p style=\"text-align: center\" data-start=\"320\" data-end=\"537\">Leken er laget av ABS-plast av h\u00f8y kvalitet og er trygg og sterk. Materialet er milj\u00f8vennlig og bygget for \u00e5 vare, noe som sikrer langvarig bruk. Foreldre kan f\u00f8le seg trygge p\u00e5 at leken oppfyller sikkerhetsstandardene.<\/p>\n<p style=\"text-align: center\" data-start=\"320\" data-end=\"537\"><img decoding=\"async\" class=\"alignnone size-medium wp-image-11905\" src=\"https:\/\/keluvo.com\/template\/wp-content\/uploads\/sites\/5\/2025\/02\/4dd300c1-2016-45cd-ab1c-740f0a398423.webp\" alt=\"\" \/><\/p>\n","protected":false},"excerpt":{"rendered":"<p>Fleksible Og B\u00f8yelige Baner Lekebanen har en fleksibel design som gj\u00f8r at barna kan b\u00f8ye og forme banene p\u00e5 forskjellige [&hellip;]<\/p>\n","protected":false},"featured_media":9233,"comment_status":"open","ping_status":"closed","template":"","meta":{"site-sidebar-layout":"default","site-content-layout":"","ast-site-content-layout":"default","site-content-style":"default","site-sidebar-style":"default","ast-global-header-display":"","ast-banner-title-visibility":"","ast-main-header-display":"","ast-hfb-above-header-display":"","ast-hfb-below-header-display":"","ast-hfb-mobile-header-display":"","site-post-title":"","ast-breadcrumbs-content":"","ast-featured-img":"","footer-sml-layout":"","theme-transparent-header-meta":"default","adv-header-id-meta":"","stick-header-meta":"","header-above-stick-meta":"","header-main-stick-meta":"","header-below-stick-meta":"","astra-migrate-meta-layouts":"set","ast-page-background-enabled":"default","ast-page-background-meta":{"desktop":{"background-color":"var(--ast-global-color-4)","background-image":"","background-repeat":"repeat","background-position":"center center","background-size":"auto","background-attachment":"scroll","background-type":"","background-media":"","overlay-type":"","overlay-color":"","overlay-opacity":"","overlay-gradient":""},"tablet":{"background-color":"","background-image":"","background-repeat":"repeat","background-position":"center center","background-size":"auto","background-attachment":"scroll","background-type":"","background-media":"","overlay-type":"","overlay-color":"","overlay-opacity":"","overlay-gradient":""},"mobile":{"background-color":"","background-image":"","background-repeat":"repeat","background-position":"center center","background-size":"auto","background-attachment":"scroll","background-type":"","background-media":"","overlay-type":"","overlay-color":"","overlay-opacity":"","overlay-gradient":""}},"ast-content-background-meta":{"desktop":{"background-color":"var(--ast-global-color-5)","background-image":"","background-repeat":"repeat","background-position":"center center","background-size":"auto","background-attachment":"scroll","background-type":"","background-media":"","overlay-type":"","overlay-color":"","overlay-opacity":"","overlay-gradient":""},"tablet":{"background-color":"var(--ast-global-color-5)","background-image":"","background-repeat":"repeat","background-position":"center center","background-size":"auto","background-attachment":"scroll","background-type":"","background-media":"","overlay-type":"","overlay-color":"","overlay-opacity":"","overlay-gradient":""},"mobile":{"background-color":"var(--ast-global-color-5)","background-image":"","background-repeat":"repeat","background-position":"center center","background-size":"auto","background-attachment":"scroll","background-type":"","background-media":"","overlay-type":"","overlay-color":"","overlay-opacity":"","overlay-gradient":""}}},"product_brand":[],"product_cat":[990],"product_tag":[],"class_list":{"0":"post-9237","1":"product","2":"type-product","3":"status-publish","4":"has-post-thumbnail","6":"product_cat-leker-barne-og-babyprodukter","7":"desktop-align-left","8":"tablet-align-left","9":"mobile-align-left","11":"first","12":"instock","13":"shipping-taxable","14":"purchasable","15":"product-type-simple"},"_links":{"self":[{"href":"https:\/\/keluvo.com\/no\/wp-json\/wp\/v2\/product\/9237","targetHints":{"allow":["GET"]}}],"collection":[{"href":"https:\/\/keluvo.com\/no\/wp-json\/wp\/v2\/product"}],"about":[{"href":"https:\/\/keluvo.com\/no\/wp-json\/wp\/v2\/types\/product"}],"replies":[{"embeddable":true,"href":"https:\/\/keluvo.com\/no\/wp-json\/wp\/v2\/comments?post=9237"}],"wp:featuredmedia":[{"embeddable":true,"href":"https:\/\/keluvo.com\/no\/wp-json\/wp\/v2\/media\/9233"}],"wp:attachment":[{"href":"https:\/\/keluvo.com\/no\/wp-json\/wp\/v2\/media?parent=9237"}],"wp:term":[{"taxonomy":"product_brand","embeddable":true,"href":"https:\/\/keluvo.com\/no\/wp-json\/wp\/v2\/product_brand?post=9237"},{"taxonomy":"product_cat","embeddable":true,"href":"https:\/\/keluvo.com\/no\/wp-json\/wp\/v2\/product_cat?post=9237"},{"taxonomy":"product_tag","embeddable":true,"href":"https:\/\/keluvo.com\/no\/wp-json\/wp\/v2\/product_tag?post=9237"}],"curies":[{"name":"wp","href":"https:\/\/api.w.org\/{rel}","templated":true}]}}